{"id":7652,"date":"2020-12-30T11:22:26","date_gmt":"2020-12-30T14:22:26","guid":{"rendered":"https:\/\/ifdc10-juj.infd.edu.ar\/sitio\/?page_id=7652"},"modified":"2024-12-18T21:27:58","modified_gmt":"2024-12-19T00:27:58","slug":"https-ifdc10-juj-infd-edu-ar-sitio-carreras-en-el-ies-no10","status":"publish","type":"page","link":"https:\/\/ifdc10-juj.infd.edu.ar\/sitio\/requisitos-para-el-ingreso\/https-ifdc10-juj-infd-edu-ar-sitio-carreras-en-el-ies-no10\/","title":{"rendered":"Ofertas carreras"},"content":{"rendered":"<h2 style=\"text-align: center;\"><strong>OFERTA EDUCATIVA DEL IES N\u00ba10 &#8211; En curso- INFORMACI\u00d3N DE CARRERAS (Click sobre cada carrera para mas informaci\u00f3n)<\/strong><\/h2>\n<h5 style=\"text-align: center;\"><div  class=\"lgc-column lgc-grid-parent lgc-grid-50 lgc-tablet-grid-50 lgc-mobile-grid-100 lgc-equal-heights \"><div  class=\"inside-grid-column\">\n<h4 style=\"text-align: center;\"><span style=\"color: #000000;\">CARRERAS DE PROFESORADO (Cuatro a\u00f1os de estudios) <\/span><\/h4>\n<ul>\n<li>\n<h5><span style=\"color: #000000;\"><a style=\"color: #000000;\" title=\"PROF. DE MATEM\u00c1TICA. Egb3 y Polim.\" href=\"https:\/\/ifdc10-juj.infd.edu.ar\/sitio\/prof-de-matematica\/\">Profesorado de Educaci\u00f3n secundaria en MATEM\u00c1TICA. Esc. Normal. Turno Vespertino &#8211;<\/a><\/span><\/h5>\n<\/li>\n<li>\n<h5><span style=\"color: #000000;\"><a style=\"color: #000000;\" title=\"CARRERA DE INGL\u00c9S.\" href=\"https:\/\/ifdc10-juj.infd.edu.ar\/sitio\/profesorado-de-ingles\/\">Profesorado de INGL\u00c9S. Esc. Normal. Turno Tarde-\u00a0<\/a><\/span><\/h5>\n<\/li>\n<li>\n<h5><span style=\"color: #000000;\"><a style=\"color: #000000;\" title=\"PROF. EN QU\u00cdMICA egb3 y Polim.\" href=\"https:\/\/ifdc10-juj.infd.edu.ar\/sitio\/prof-en-quimica\/\">Profesorado de Educacion secundaria en QU\u00cdMICA. Esc. Normal. Turno Vesperino-<\/a><\/span><\/h5>\n<\/li>\n<li>\n<h5><span style=\"color: #000000;\"><a style=\"color: #000000;\" href=\"https:\/\/ifdc10-juj.infd.edu.ar\/sitio\/prof-en-cs-de-la-administracion\/\">Profesorado de Educaci\u00f3n Secundaria en Ciencias de la Administraci\u00f3n. Esc. Prov. N\u00b04 turno vespertino-reapertura de matr\u00edcula<\/a><\/span><\/h5>\n<\/li>\n<li>\n<h5><span style=\"color: #000000;\"><a style=\"color: #000000;\" href=\"https:\/\/ifdc10-juj.infd.edu.ar\/sitio\/profesorado-de-educacion-secundaria-en-historia\/\">Profesorado de Educaci\u00f3n secundaria en Historia. Fraile Pintado. Turno Vespertino.<\/a><\/span><\/h5>\n<\/li>\n<li>\n<h5><span style=\"color: #000000;\"><a style=\"color: #000000;\" href=\"https:\/\/ifdc10-juj.infd.edu.ar\/sitio\/profesorado-de-educacion-primaria-con-orientacion-en-educacion-rural\/\">Prof. de Educaci\u00f3n Primaria con orientaci\u00f3n en Educaci\u00f3n Rural. Escuela Normal. Turno Tarde.<\/a><\/span><\/h5>\n<\/li>\n<li>\n<h5><span style=\"color: #000000;\"><a style=\"color: #000000;\" href=\"https:\/\/ifdc10-juj.infd.edu.ar\/sitio\/prof-de-educacion-especial-con-orienacion-en-ciegos-y-disminuidos-visuales\/\">Profesorado de Educaci\u00f3n Especial con orientaci\u00f3n en Ciegos y Disminuidos Visuales. Esc. Normal. Turno Tarde <\/a><\/span><\/h5>\n<\/li>\n<li>\n<h5><span style=\"color: #000000;\"><a style=\"color: #000000;\" href=\"https:\/\/ifdc10-juj.infd.edu.ar\/sitio\/profesorado-de-educacion-especial-con-orientacion-en-discapacidad-neuro-motora\/\">Profesorado de Educaci\u00f3n Especial con orientaci\u00f3n en Discapacidad Neuro Motora. Esc. Normal. Turno Tarde<\/a><\/span><\/h5>\n<\/li>\n<li>\n<h5><span style=\"color: #ccffff;\"><span style=\"color: #000000;\"><a style=\"color: #ccffff;\" href=\"https:\/\/ifdc10-juj.infd.edu.ar\/sitio\/prof-de-educacion-superior-en-ciencias-de-la-educacion\/\"><span style=\"color: #000000;\">Profesorado de Educaci\u00f3n Superior en Ciencias de la Educaci\u00f3n. Esc. Normal. Turno Tarde-2020- (5 A\u00d1OS DE ESTUDIO.<\/span><\/a><\/span><\/span><\/h5><\/li><\/ul><\/div><\/div><\/h5>\n<\/li>\n<\/ul>\n<h5><div  class=\"lgc-column lgc-grid-parent lgc-grid-50 lgc-tablet-grid-50 lgc-mobile-grid-100 lgc-equal-heights \"><div  class=\"inside-grid-column\">\n<h4 style=\"text-align: center;\"><span style=\"color: #000000;\">TECNICATURAS SUPERIORES<\/span><\/h4>\n<h6 style=\"text-align: center;\"><span style=\"color: #0000ff;\">La pre inscripci\u00f3n para las carreras de formaci\u00f3n t\u00e9cnica est\u00e1 sujeta a la<\/span> <span style=\"color: #0000ff;\">aprobaci\u00f3n por parte del Ministerio de Educaci\u00f3n, de las propuestas que se elevaron para el ciclo<\/span> <span style=\"color: #0000ff;\">lectivo 2022. Oportunamente se informar\u00e1 de las fechas de pre inscripci\u00f3n.<\/span><\/h6>\n<ul>\n<li>\n<h5><a href=\"https:\/\/ifdc10-juj.infd.edu.ar\/sitio\/tecnicatura-sup-entrenamiento-deportivo\/\" target=\"_blank\" rel=\"noopener\"><span style=\"color: #000000;\"><strong>Tecnicatura Superior en Entrenamiento Deportivo (Nueva Oferta 2022)<\/strong><\/span><\/a><\/h5>\n<\/li>\n<li>\n<h5><strong><span style=\"color: #000000;\"><a style=\"color: #000000;\" href=\"https:\/\/ifdc10-juj.infd.edu.ar\/sitio\/tecnicatura-agente-sanitario\/\" target=\"_blank\" rel=\"noopener\">Tecnicatura Superior en Agente Sanitario (Nueva Oferta 2022)<\/a><\/span><br \/><\/strong><\/h5>\n<\/li>\n<li>\n<h5><a href=\"https:\/\/ifdc10-juj.infd.edu.ar\/sitio\/tec-sup-agronomia\/\" target=\"_blank\" rel=\"noopener\"><span style=\"color: #000000;\">Tecnicatura Superior en gesti\u00f3n y producci\u00f3n agropecuaria con orientaci\u00f3n en conservaci\u00f3n de suelos y manejos de recursos h\u00eddricos. F.Pintado <\/span><\/a><\/h5>\n<\/li>\n<li>\n<h5><span style=\"color: #000000;\"><a style=\"color: #000000;\" href=\"https:\/\/ifdc10-juj.infd.edu.ar\/sitio\/tec-sup-en-adm-de-empresas\/\">Tecnicatura Superior en Administraci\u00f3n de Empresas con orientaci\u00f3n en Comercializaci\u00f3n. Fraile Pintado<\/a><\/span><\/h5>\n<\/li>\n<li>\n<h5><span style=\"color: #000000;\"><a style=\"color: #000000;\" href=\"https:\/\/ifdc10-juj.infd.edu.ar\/sitio\/tecnicatura-superior-en-gastronomia-regional-y-cultura-alimentaria\/\">Tecnicatura Superior en Cocina Regional y Cultura Alimentaria. (Inicia y pre inscribe en Agosto )<\/a><\/span><\/h5>\n<\/li>\n<li>\n<h5><span style=\"color: #000000;\"><a style=\"color: #000000;\" href=\"https:\/\/ifdc10-juj.infd.edu.ar\/sitio\/tec-sup-en-diseno-de-indumentaria\/\">Tecnicatura Superior en Dise\u00f1o de Indumentaria Regional.\u00a0 (Inicia y pre inscribe en Agosto )<\/a><\/span><\/h5>\n<\/li>\n<li>\n<h5><span style=\"color: #000000;\"><a style=\"color: #000000;\" href=\"https:\/\/ifdc10-juj.infd.edu.ar\/sitio\/tec-sup-en-tecnologia-de-los-alimentos-2020\/\">Tec. Superior en Tecnolog\u00eda de los alimentos. YUTO. Turno Vespertino. (Inicia y pre inscribe en Agosto)<\/a> <\/span><\/h5>\n<\/li>\n<\/ul>\n<h5><\/h5><\/div><\/div><\/h5>\n<h5>\u00a0<\/h5>\n<p>CARRERAS SIN NUEVOS INGRESOS- SOLO MANTIENE CURSADO DE ALUMNOS YA INGRESADOS.-<\/p>\n<ul>\n<li>\n<h5><a href=\"https:\/\/ifdc10-juj.infd.edu.ar\/sitio\/?page_id=3785&amp;preview=true\">Tecnicatura Superior en Higiene y seguridad Laboral. Sede Fraile Pintado<\/a>.<\/h5>\n<\/li>\n<li>\n<h5><a href=\"https:\/\/ifdc10-juj.infd.edu.ar\/sitio\/tecnicatura-superior-en-laboratorio-de-analisis-clinico\/\">Tec. Sup. en Laboratorio de an\u00e1lisis cl\u00ednicos. Esc. Normal. L.G.S.M. Turno Tarde.( Inicia Agosto)<\/a><\/h5>\n<\/li>\n<li>\n<h5><a href=\"https:\/\/ifdc10-juj.infd.edu.ar\/sitio\/tec-sup-en-desarrollo-de-software\/\">Tecnicatura superior en desarrollo de software. F. Pintado. Turno Vespertino<\/a><\/h5>\n<\/li>\n<\/ul>\n<h5><span style=\"color: #000000;\">CARRERAS EN PROCESO DE CIERRE.<\/span><\/h5>\n<ul>\n<li>\n<h5><span style=\"color: #000000;\"><a style=\"color: #000000;\" href=\"https:\/\/ifdc10-juj.infd.edu.ar\/sitio\/prof-de-educacion-inicial\/\">Profesorado para la Ense\u00f1anza Inicial -matr\u00edcula cerrada-<\/a><\/span><\/h5>\n<\/li>\n<li>\n<h5><span style=\"color: #000000;\"><a style=\"color: #000000;\" href=\"https:\/\/ifdc10-juj.infd.edu.ar\/sitio\/prof-para-la-ensenanza-primaria\/\">Profesorado para la Ense\u00f1anza Primaria -matr\u00edcula cerrada-<\/a><\/span><\/h5>\n<\/li>\n<li>\n<h5><span style=\"color: #000000;\"><a style=\"color: #000000;\" title=\"PROF. DE EDUCACI\u00d3N ESPECIAL.\" href=\"index.cgi?wid_item=4&amp;wid_seccion=18\">Profesorado de Educaci\u00f3n Especial con orientaci\u00f3n en sordos \/\/ con orientaci\u00f3n en dism. intelectuales. -matr\u00edcula cerrarada-<\/a><\/span><\/h5>\n<\/li>\n<li>\n<h5><span style=\"color: #000000;\">Prof. en<a style=\"color: #000000;\" href=\"https:\/\/ifdc10-juj.infd.edu.ar\/sitio\/prof-de-economia\/\">\u00a0Econom\u00eda. Finalizado. Cerrado.<\/a><\/span><\/h5>\n<\/li>\n<li>\n<h5><span style=\"color: #000000;\">Tecnicatura Superior en <a style=\"color: #000000;\" title=\"TEC. SUP. EN TURISMO\" href=\"index.cgi?wid_item=48&amp;wid_seccion=18\">Turismo. Sede Esc. Com. N\u00b04. -matr\u00edcula cerrada-<\/a><\/span><\/h5>\n<\/li>\n<li>\n<h5><span style=\"color: #000000;\">Tec. superior en Agronom\u00eda. Sede Yuto -matr\u00edcula cerrada<\/span><\/h5>\n<\/li>\n<li>\n<h5><span style=\"color: #000000;\">Tec. Sup. en Adm. de empresas orientadas a PyMEs. Sede Yuto -matr\u00edcula cerrad<a style=\"color: #000000;\" href=\"https:\/\/ifdc10-juj.infd.edu.ar\/sitio\/tec-sup-en-adm-de-empresas\/\">a-<\/a><\/span><\/h5>\n<\/li>\n<li>\n<h5><span style=\"color: #000000;\"><a style=\"color: #000000;\" href=\"https:\/\/ifdc10-juj.infd.edu.ar\/sitio\/tec-sup-en-gestion-de-la-calidad\/\">Tecnicatura Superior en gesti\u00f3n de la calidad con orientaci\u00f3n en procesos productivos y servicios. Sede F. Pintado- matr\u00edcula cerrada-<\/a><\/span><\/h5>\n<h5>\u00a0<\/h5>\n<h5 style=\"text-align: center;\"><span style=\"color: #000000;\"><a style=\"color: #000000;\" title=\"CAMPUS\" href=\"https:\/\/ifdc10-juj.infd.edu.ar\/aula\/escritorio.cgi?id_curso=#pg_MC-p-1-by-fecha-asc----&amp;pg_MAG-p-1-by-fch-asc---fav-0&amp;pg_MN-p-1-by-contenido-asc----\" target=\"_blank\" rel=\"noopener\">INGRESO A LAS AULAS VIRTUALES DE LAS CARRERAS EN EL CAMPUS<\/a><\/span><\/h5>\n<\/li>\n<\/ul>\n<h5 style=\"text-align: center;\"><span style=\"color: #000000;\"><a style=\"color: #000000;\" title=\"POST. 2015\" href=\"index.cgi?wid_seccion=22\" target=\"_blank\" rel=\"noopener\">OFERTAS DE POST\u00cdTULOS. <\/a><a style=\"color: #000000;\" title=\"Home\" href=\"index.cgi\">\/\/\u00a0\u00a0 VOLVER AL INICIO<\/a><\/span><\/h5>\n<h5>\u00a0<\/h5>\n","protected":false},"excerpt":{"rendered":"<p>OFERTA EDUCATIVA DEL IES N\u00ba10 &#8211; En curso- INFORMACI\u00d3N DE CARRERAS (Click sobre cada carrera para mas informaci\u00f3n) \u00a0 CARRERAS SIN NUEVOS INGRESOS- SOLO MANTIENE CURSADO DE ALUMNOS YA INGRESADOS.- Tecnicatura Superior en Higiene y seguridad Laboral. Sede Fraile Pintado. Tec. Sup. en Laboratorio de an\u00e1lisis cl\u00ednicos. Esc. Normal. L.G.S.M. Turno Tarde.( Inicia Agosto) Tecnicatura &#8230; <a title=\"Ofertas carreras\" class=\"read-more\" href=\"https:\/\/ifdc10-juj.infd.edu.ar\/sitio\/requisitos-para-el-ingreso\/https-ifdc10-juj-infd-edu-ar-sitio-carreras-en-el-ies-no10\/\" aria-label=\"More on Ofertas carreras\">[+]<\/a><\/p>\n","protected":false},"author":847,"featured_media":0,"parent":2240,"menu_order":0,"comment_status":"closed","ping_status":"closed","template":"","meta":[],"acf":[],"_links":{"self":[{"href":"https:\/\/ifdc10-juj.infd.edu.ar\/sitio\/wp-json\/wp\/v2\/pages\/7652"}],"collection":[{"href":"https:\/\/ifdc10-juj.infd.edu.ar\/sitio\/wp-json\/wp\/v2\/pages"}],"about":[{"href":"https:\/\/ifdc10-juj.infd.edu.ar\/sitio\/wp-json\/wp\/v2\/types\/page"}],"author":[{"embeddable":true,"href":"https:\/\/ifdc10-juj.infd.edu.ar\/sitio\/wp-json\/wp\/v2\/users\/847"}],"replies":[{"embeddable":true,"href":"https:\/\/ifdc10-juj.infd.edu.ar\/sitio\/wp-json\/wp\/v2\/comments?post=7652"}],"version-history":[{"count":97,"href":"https:\/\/ifdc10-juj.infd.edu.ar\/sitio\/wp-json\/wp\/v2\/pages\/7652\/revisions"}],"predecessor-version":[{"id":10726,"href":"https:\/\/ifdc10-juj.infd.edu.ar\/sitio\/wp-json\/wp\/v2\/pages\/7652\/revisions\/10726"}],"up":[{"embeddable":true,"href":"https:\/\/ifdc10-juj.infd.edu.ar\/sitio\/wp-json\/wp\/v2\/pages\/2240"}],"wp:attachment":[{"href":"https:\/\/ifdc10-juj.infd.edu.ar\/sitio\/wp-json\/wp\/v2\/media?parent=7652"}],"curies":[{"name":"wp","href":"https:\/\/api.w.org\/{rel}","templated":true}]}}