{"id":7250,"date":"2020-08-31T23:05:57","date_gmt":"2020-09-01T02:05:57","guid":{"rendered":"https:\/\/ifdc10-juj.infd.edu.ar\/sitio\/?page_id=7250"},"modified":"2024-10-30T10:33:05","modified_gmt":"2024-10-30T13:33:05","slug":"novedades","status":"publish","type":"page","link":"https:\/\/ifdc10-juj.infd.edu.ar\/sitio\/novedades\/","title":{"rendered":"Novedades"},"content":{"rendered":"<h1 style=\"text-align: center;\"><strong>AVISO &#8230;!!!<\/strong><\/h1>\n<p style=\"text-align: center;\"><a href=\"https:\/\/ifdc10-juj.infd.edu.ar\/sitio\/wp-content\/uploads\/2024\/05\/EDI-2024-convocatoria-TECNICATURAS.docx\">EDI-2024- convocatoria TECNICATURAS<\/a><\/p>\n<p>&nbsp;<\/p>\n<p style=\"text-align: center;\"><a href=\"https:\/\/ifdc10-juj.infd.edu.ar\/sitio\/wp-content\/uploads\/2024\/05\/PADRON-DEFINITIVO-MESAS-2024-A.xlsx\">PADRON DEFINITIVO MESAS 2024 (A)<\/a> <a href=\"https:\/\/ifdc10-juj.infd.edu.ar\/sitio\/wp-content\/uploads\/2024\/05\/EDI-2024-convocatoria-TECNICATURAS.docx\">EDI-2024- convocatoria TECNICATURAS<\/a><\/p>\n<p>&nbsp;<\/p>\n<p style=\"text-align: center;\"><img decoding=\"async\" loading=\"lazy\" class=\"alignnone size-medium wp-image-10652\" src=\"https:\/\/ifdc10-juj.infd.edu.ar\/sitio\/wp-content\/uploads\/2024\/04\/WhatsApp-Image-2024-04-11-at-10.59.10-AM-1000x940.jpeg\" alt=\"\" width=\"1000\" height=\"940\" srcset=\"https:\/\/ifdc10-juj.infd.edu.ar\/sitio\/wp-content\/uploads\/2024\/04\/WhatsApp-Image-2024-04-11-at-10.59.10-AM-1000x940.jpeg 1000w, https:\/\/ifdc10-juj.infd.edu.ar\/sitio\/wp-content\/uploads\/2024\/04\/WhatsApp-Image-2024-04-11-at-10.59.10-AM-768x722.jpeg 768w, https:\/\/ifdc10-juj.infd.edu.ar\/sitio\/wp-content\/uploads\/2024\/04\/WhatsApp-Image-2024-04-11-at-10.59.10-AM.jpeg 1080w\" sizes=\"(max-width: 1000px) 100vw, 1000px\" \/><\/p>\n<h1 style=\"text-align: center;\"><strong><img decoding=\"async\" loading=\"lazy\" class=\"size-medium wp-image-10648 aligncenter\" src=\"https:\/\/ifdc10-juj.infd.edu.ar\/sitio\/wp-content\/uploads\/2024\/03\/WhatsApp-Image-2024-03-07-at-11.17.16-PM-806x1000.jpeg\" alt=\"\" width=\"806\" height=\"1000\" srcset=\"https:\/\/ifdc10-juj.infd.edu.ar\/sitio\/wp-content\/uploads\/2024\/03\/WhatsApp-Image-2024-03-07-at-11.17.16-PM-806x1000.jpeg 806w, https:\/\/ifdc10-juj.infd.edu.ar\/sitio\/wp-content\/uploads\/2024\/03\/WhatsApp-Image-2024-03-07-at-11.17.16-PM-768x953.jpeg 768w, https:\/\/ifdc10-juj.infd.edu.ar\/sitio\/wp-content\/uploads\/2024\/03\/WhatsApp-Image-2024-03-07-at-11.17.16-PM.jpeg 1080w\" sizes=\"(max-width: 806px) 100vw, 806px\" \/><br \/><\/strong><\/h1>\n<p style=\"text-align: center;\"><img decoding=\"async\" loading=\"lazy\" class=\"alignnone size-medium wp-image-10615\" src=\"https:\/\/ifdc10-juj.infd.edu.ar\/sitio\/wp-content\/uploads\/2024\/02\/WhatsApp-Image-2024-02-15-at-9.57.08-PM-887x1000.jpeg\" alt=\"\" width=\"887\" height=\"1000\" srcset=\"https:\/\/ifdc10-juj.infd.edu.ar\/sitio\/wp-content\/uploads\/2024\/02\/WhatsApp-Image-2024-02-15-at-9.57.08-PM-887x1000.jpeg 887w, https:\/\/ifdc10-juj.infd.edu.ar\/sitio\/wp-content\/uploads\/2024\/02\/WhatsApp-Image-2024-02-15-at-9.57.08-PM-768x866.jpeg 768w, https:\/\/ifdc10-juj.infd.edu.ar\/sitio\/wp-content\/uploads\/2024\/02\/WhatsApp-Image-2024-02-15-at-9.57.08-PM.jpeg 1074w\" sizes=\"(max-width: 887px) 100vw, 887px\" \/><\/p>\n<h1>\u00a0<\/h1>\n<h1 style=\"text-align: center;\">FECHAS A CONSIDERAR<\/h1>\n<p><img decoding=\"async\" loading=\"lazy\" class=\"size-medium wp-image-10643 aligncenter\" src=\"https:\/\/ifdc10-juj.infd.edu.ar\/sitio\/wp-content\/uploads\/2024\/02\/CURSO-DE-AMBIENTACION-2024_page-0001-707x1000.jpg\" alt=\"\" width=\"707\" height=\"1000\" srcset=\"https:\/\/ifdc10-juj.infd.edu.ar\/sitio\/wp-content\/uploads\/2024\/02\/CURSO-DE-AMBIENTACION-2024_page-0001-707x1000.jpg 707w, https:\/\/ifdc10-juj.infd.edu.ar\/sitio\/wp-content\/uploads\/2024\/02\/CURSO-DE-AMBIENTACION-2024_page-0001-768x1086.jpg 768w, https:\/\/ifdc10-juj.infd.edu.ar\/sitio\/wp-content\/uploads\/2024\/02\/CURSO-DE-AMBIENTACION-2024_page-0001-1086x1536.jpg 1086w, https:\/\/ifdc10-juj.infd.edu.ar\/sitio\/wp-content\/uploads\/2024\/02\/CURSO-DE-AMBIENTACION-2024_page-0001.jpg 1241w\" sizes=\"(max-width: 707px) 100vw, 707px\" \/><!--more--><\/p>\n<p>&nbsp;<\/p>\n<h5>Atenci\u00f3n!!, PRE INCRIPCION A CARRERAS EN AGOSTO:\u00a0 ver <a href=\"https:\/\/ifdc10-juj.infd.edu.ar\/sitio\/inicio\/pre-inscripciones-requisitos\/\" target=\"_blank\" rel=\"noopener\">PRE INSCRIPCI\u00d3NES<\/a><\/h5>\n<h5>INFORMACI\u00d3N DE LAS OFERTAS OFRECIDAS:<br \/><a href=\"https:\/\/ifdc10-juj.infd.edu.ar\/sitio\/tecnicatura-agente-sanitario\/\" target=\"_blank\" rel=\"noopener\">Tecnicaturas Sup. en Agente Sanitario<\/a> &#8211;<a href=\"https:\/\/ifdc10-juj.infd.edu.ar\/sitio\/?page_id=3785&amp;preview=true\">Tecnicatura Superior en Higiene y seguridad Laboral. Sede Fraile Pintado<\/a>.\u00a0<\/h5>\n<p>LISTADO INGRESANTES A CARRERAS 2023-(Aun se est\u00e1n cargando las carreras)<\/p>\n<div  class=\"lgc-column lgc-grid-parent lgc-grid-25 lgc-tablet-grid-25 lgc-mobile-grid-100 lgc-equal-heights \"><div  class=\"inside-grid-column\"><a href=\"https:\/\/ifdc10-juj.infd.edu.ar\/sitio\/wp-content\/uploads\/2023\/03\/HISTORIA.pdf\" target=\"_blank\" rel=\"noopener\">PROF. HISTORIA<\/a><\/div><\/div><div  class=\"lgc-column lgc-grid-parent lgc-grid-25 lgc-tablet-grid-25 lgc-mobile-grid-100 lgc-equal-heights \"><div  class=\"inside-grid-column\"><a href=\"https:\/\/ifdc10-juj.infd.edu.ar\/sitio\/wp-content\/uploads\/2023\/03\/RURAL.pdf\" target=\"_blank\" rel=\"noopener\">PROF. EDUC. RURAL<\/a><\/div><\/div><div  class=\"lgc-column lgc-grid-parent lgc-grid-25 lgc-tablet-grid-25 lgc-mobile-grid-100 lgc-equal-heights \"><div  class=\"inside-grid-column\"><a href=\"https:\/\/ifdc10-juj.infd.edu.ar\/sitio\/wp-content\/uploads\/2023\/03\/CS.-de-la-EDUCACION.pdf\" target=\"_blank\" rel=\"noopener\">PROF. Cs. de la EDUCACI\u00d3N<\/a><\/div><\/div><div  class=\"lgc-column lgc-grid-parent lgc-grid-25 lgc-tablet-grid-25 lgc-mobile-grid-100 lgc-equal-heights \"><div  class=\"inside-grid-column\"><a href=\"https:\/\/ifdc10-juj.infd.edu.ar\/sitio\/wp-content\/uploads\/2023\/03\/Cs.-de-la-ADMINISTRACION.pdf\" target=\"_blank\" rel=\"noopener\">PROF. Cs. de la ADMINISTRACI\u00d3N<\/a><\/div><\/div>\n<div  class=\"lgc-column lgc-grid-parent lgc-grid-25 lgc-tablet-grid-25 lgc-mobile-grid-100 lgc-equal-heights \"><div  class=\"inside-grid-column\"><a href=\"https:\/\/ifdc10-juj.infd.edu.ar\/sitio\/wp-content\/uploads\/2023\/03\/INGRESO-MATEMATICA-2023.pdf\" target=\"_blank\" rel=\"noopener\">PROF. de MATEM\u00c1TICAS<\/a><\/div><\/div><div  class=\"lgc-column lgc-grid-parent lgc-grid-25 lgc-tablet-grid-25 lgc-mobile-grid-100 lgc-equal-heights \"><div  class=\"inside-grid-column\"><a href=\"https:\/\/ifdc10-juj.infd.edu.ar\/sitio\/wp-content\/uploads\/2023\/03\/INGLES-2023.pdf\" target=\"_blank\" rel=\"noopener\">PROF. de INGLES<\/a><\/div><\/div><div  class=\"lgc-column lgc-grid-parent lgc-grid-25 lgc-tablet-grid-25 lgc-mobile-grid-100 lgc-equal-heights \"><div  class=\"inside-grid-column\"><a href=\"https:\/\/ifdc10-juj.infd.edu.ar\/sitio\/wp-content\/uploads\/2023\/03\/NEUROMOTORA.pdf\" target=\"_blank\" rel=\"noopener\">PROF. NEUROMOTORA<\/a><\/div><\/div><div  class=\"lgc-column lgc-grid-parent lgc-grid-25 lgc-tablet-grid-25 lgc-mobile-grid-100 lgc-equal-heights \"><div  class=\"inside-grid-column\"><a href=\"https:\/\/ifdc10-juj.infd.edu.ar\/sitio\/wp-content\/uploads\/2023\/03\/TEC.-AGRONOMIA.docx.pdf\" target=\"_blank\" rel=\"noopener\">TEC. AGRONOMIA<\/a><\/div><\/div><div  class=\"lgc-column lgc-grid-parent lgc-grid-50 lgc-tablet-grid-50 lgc-mobile-grid-100 lgc-equal-heights \"><div  class=\"inside-grid-column\"><a href=\"https:\/\/ifdc10-juj.infd.edu.ar\/sitio\/wp-content\/uploads\/2023\/03\/QUIMICA.pdf\" target=\"_blank\" rel=\"noopener\">QUIMICA<\/a><\/div><\/div>\n<div  class=\"lgc-column lgc-grid-parent lgc-grid-50 lgc-tablet-grid-50 lgc-mobile-grid-100 lgc-equal-heights \"><div  class=\"inside-grid-column\"><a href=\"https:\/\/ifdc10-juj.infd.edu.ar\/sitio\/wp-content\/uploads\/2023\/03\/PROF-CIEGOS.pdf\" target=\"_blank\" rel=\"noopener\">PROF. CIEGOS Y DISM. VISUALES<\/a><\/div><\/div>\n<hr \/>\n<div  class=\"lgc-column lgc-grid-parent lgc-grid-50 lgc-tablet-grid-50 lgc-mobile-grid-100 lgc-equal-heights \"><div  class=\"inside-grid-column\"><a href=\"https:\/\/ifdc10-juj.infd.edu.ar\/sitio\/wp-content\/uploads\/2023\/09\/LISTADO-DE-ALUMNOS-INGRESANTES-2023.pdf\" target=\"_blank\" rel=\"noopener\">TEC. Ag. SANITARIO<\/a><\/div><\/div><div  class=\"lgc-column lgc-grid-parent lgc-grid-50 lgc-tablet-grid-50 lgc-mobile-grid-100 lgc-equal-heights \"><div  class=\"inside-grid-column\"><a href=\"https:\/\/ifdc10-juj.infd.edu.ar\/sitio\/wp-content\/uploads\/2023\/08\/TEC.-Hig.-y-Seg-compartir.pdf\" target=\"_blank\" rel=\"noopener\">TEC. HIGIENE y SEGURIDAD<\/a><\/div><\/div>\n<p>OFRECIMIENTOS 2023- (En carga)<\/p>\n<p>PARTE DE PRENSA OFRECIMIENTO EXTRAORDINARIO CARGOS VACANTES- 01\/12\/2022<\/p>\n<p><img decoding=\"async\" loading=\"lazy\" class=\"alignnone wp-image-9871\" src=\"https:\/\/ifdc10-juj.infd.edu.ar\/sitio\/wp-content\/uploads\/2022\/12\/WhatsApp-Image-2022-11-30-at-22.38.08-750x1000.jpeg\" alt=\"\" width=\"400\" height=\"533\" srcset=\"https:\/\/ifdc10-juj.infd.edu.ar\/sitio\/wp-content\/uploads\/2022\/12\/WhatsApp-Image-2022-11-30-at-22.38.08-750x1000.jpeg 750w, https:\/\/ifdc10-juj.infd.edu.ar\/sitio\/wp-content\/uploads\/2022\/12\/WhatsApp-Image-2022-11-30-at-22.38.08-768x1024.jpeg 768w, https:\/\/ifdc10-juj.infd.edu.ar\/sitio\/wp-content\/uploads\/2022\/12\/WhatsApp-Image-2022-11-30-at-22.38.08-1152x1536.jpeg 1152w, https:\/\/ifdc10-juj.infd.edu.ar\/sitio\/wp-content\/uploads\/2022\/12\/WhatsApp-Image-2022-11-30-at-22.38.08.jpeg 1200w\" sizes=\"(max-width: 400px) 100vw, 400px\" \/><img decoding=\"async\" loading=\"lazy\" class=\"alignright wp-image-9870\" src=\"https:\/\/ifdc10-juj.infd.edu.ar\/sitio\/wp-content\/uploads\/2022\/12\/WhatsApp-Image-2022-11-30-at-22.38.08-1-750x1000.jpeg\" alt=\"\" width=\"400\" height=\"533\" srcset=\"https:\/\/ifdc10-juj.infd.edu.ar\/sitio\/wp-content\/uploads\/2022\/12\/WhatsApp-Image-2022-11-30-at-22.38.08-1-750x1000.jpeg 750w, https:\/\/ifdc10-juj.infd.edu.ar\/sitio\/wp-content\/uploads\/2022\/12\/WhatsApp-Image-2022-11-30-at-22.38.08-1-768x1024.jpeg 768w, https:\/\/ifdc10-juj.infd.edu.ar\/sitio\/wp-content\/uploads\/2022\/12\/WhatsApp-Image-2022-11-30-at-22.38.08-1-1152x1536.jpeg 1152w, https:\/\/ifdc10-juj.infd.edu.ar\/sitio\/wp-content\/uploads\/2022\/12\/WhatsApp-Image-2022-11-30-at-22.38.08-1.jpeg 1200w\" sizes=\"(max-width: 400px) 100vw, 400px\" \/><\/p>\n<p><strong>MESA DE GESTI\u00d3N EDUCATIVA EN LIBERTADOR<\/strong>: La mesa de Gesti\u00f3n educativa atender\u00e1 diferentes consultas en Sal\u00f3n del Club Alberdi, <strong>Viernes 19 de Agosto de 08:30 a 12:00 y de 14:oo a 18:00hs.<\/strong> Tr\u00e1mites y gestiones posibles: <a href=\"https:\/\/ifdc10-juj.infd.edu.ar\/sitio\/wp-content\/uploads\/2022\/08\/gestioneduc.jpeg\" target=\"_blank\" rel=\"noopener\">VER<\/a><\/p>\n<h5>JUNIO:\u00a0<a href=\"https:\/\/ifdc10-juj.infd.edu.ar\/sitio\/wp-content\/uploads\/2021\/06\/convocatoria-de-CIPE-2021.pdf\" target=\"_blank\" rel=\"noopener\">Convocatoria CIPE 2021<\/a><\/h5>\n<h5>\u00a0<a href=\"https:\/\/ifdc10-juj.infd.edu.ar\/sitio\/wp-content\/uploads\/2021\/05\/Grupo-1-de-Residencia-del-PEP-2021.pdf\" target=\"_blank\" rel=\"noopener\">RESIDENCIA PEDAG\u00d3GICA\u00a0<\/a>Profesorado de Educaci\u00f3n Primaria (Plan Hist\u00f3rico), por ahora solo grupo 1.<\/h5>\n<p class=\"has-background has-medium-font-size\"><strong>Cursos sobre ESI para estudiantes<\/strong><\/p>\n<ul>\n<li>ESI: derechos y diversidad sexual.<\/li>\n<li>ESI: un derecho. Un desaf\u00edo. Un camino por recorrer.<\/li>\n<\/ul>\n<p><strong>Los cursos comienzan el d\u00eda 21 de septiembre<\/strong>. Constan de 6 clases quincenales, con una dedicaci\u00f3n aproximada de 6 horas semanales y un trabajo final integrador para su aprobaci\u00f3n.<\/p>\n<p>Los cursos una vez finalizados otorgan constancia de aprobaci\u00f3n. Por tratarse de cursos destinados a estudiantes en formaci\u00f3n no otorgan puntaje docente.<br \/>\nMas informaci\u00f3n en:<\/p>\n<blockquote class=\"wp-embedded-content\" data-secret=\"5oh8FihMkI\"><p><a href=\"https:\/\/red.infd.edu.ar\/estudiantes\/cursos-para-estudiantes-de-la-carrera-de-formacion-docente\/\">Cursos para estudiantes de carreras de formaci\u00f3n docente<\/a><\/p><\/blockquote>\n<p><iframe class=\"wp-embedded-content\" sandbox=\"allow-scripts\" security=\"restricted\" style=\"position: absolute; clip: rect(1px, 1px, 1px, 1px);\" title=\"\u00abCursos para estudiantes de carreras de formaci\u00f3n docente\u00bb \u2014 Instituto Nacional de Formaci\u00f3n Docente\" src=\"https:\/\/red.infd.edu.ar\/estudiantes\/cursos-para-estudiantes-de-la-carrera-de-formacion-docente\/embed\/#?secret=5oh8FihMkI\" data-secret=\"5oh8FihMkI\" width=\"600\" height=\"338\" frameborder=\"0\" marginwidth=\"0\" marginheight=\"0\" scrolling=\"no\"><\/iframe><\/p>\n","protected":false},"excerpt":{"rendered":"<p>AVISO &#8230;!!! EDI-2024- convocatoria TECNICATURAS &nbsp; PADRON DEFINITIVO MESAS 2024 (A) EDI-2024- convocatoria TECNICATURAS &nbsp; \u00a0 FECHAS A CONSIDERAR<\/p>\n","protected":false},"author":847,"featured_media":0,"parent":0,"menu_order":0,"comment_status":"closed","ping_status":"closed","template":"","meta":[],"acf":[],"_links":{"self":[{"href":"https:\/\/ifdc10-juj.infd.edu.ar\/sitio\/wp-json\/wp\/v2\/pages\/7250"}],"collection":[{"href":"https:\/\/ifdc10-juj.infd.edu.ar\/sitio\/wp-json\/wp\/v2\/pages"}],"about":[{"href":"https:\/\/ifdc10-juj.infd.edu.ar\/sitio\/wp-json\/wp\/v2\/types\/page"}],"author":[{"embeddable":true,"href":"https:\/\/ifdc10-juj.infd.edu.ar\/sitio\/wp-json\/wp\/v2\/users\/847"}],"replies":[{"embeddable":true,"href":"https:\/\/ifdc10-juj.infd.edu.ar\/sitio\/wp-json\/wp\/v2\/comments?post=7250"}],"version-history":[{"count":115,"href":"https:\/\/ifdc10-juj.infd.edu.ar\/sitio\/wp-json\/wp\/v2\/pages\/7250\/revisions"}],"predecessor-version":[{"id":10669,"href":"https:\/\/ifdc10-juj.infd.edu.ar\/sitio\/wp-json\/wp\/v2\/pages\/7250\/revisions\/10669"}],"wp:attachment":[{"href":"https:\/\/ifdc10-juj.infd.edu.ar\/sitio\/wp-json\/wp\/v2\/media?parent=7250"}],"curies":[{"name":"wp","href":"https:\/\/api.w.org\/{rel}","templated":true}]}}