{"id":7223,"date":"2020-09-01T23:36:42","date_gmt":"2020-09-02T02:36:42","guid":{"rendered":"https:\/\/ifdc10-juj.infd.edu.ar\/sitio\/?page_id=7223"},"modified":"2024-12-18T21:15:53","modified_gmt":"2024-12-19T00:15:53","slug":"pre-inscripciones-requisitos","status":"publish","type":"page","link":"https:\/\/ifdc10-juj.infd.edu.ar\/sitio\/inicio\/pre-inscripciones-requisitos\/","title":{"rendered":"Pre inscripciones-Requisitos."},"content":{"rendered":"<h5>\u00a0<\/h5>\n<h5>NUEVO PROCEDIMIENTO DE PRE INSCRIPCI\u00d3N A TRAV\u00c9S DE LA P\u00c1GINA MINISTERIAL NEXO.<\/h5>\n<p>h<a href=\"https:\/\/www.facebook.com\/share\/p\/12HPr7VNbXg\/\" target=\"_blank\" rel=\"noopener\">ttps:\/\/www.facebook.com\/share\/p\/12HPr7VNbXg\/<\/a><\/p>\n<p>&nbsp;<\/p>\n<p><img decoding=\"async\" loading=\"lazy\" class=\"alignleft wp-image-10682\" src=\"https:\/\/ifdc10-juj.infd.edu.ar\/sitio\/wp-content\/uploads\/2024\/12\/18-dic-563x1000.jpg\" alt=\"\" width=\"350\" height=\"622\" srcset=\"https:\/\/ifdc10-juj.infd.edu.ar\/sitio\/wp-content\/uploads\/2024\/12\/18-dic-563x1000.jpg 563w, https:\/\/ifdc10-juj.infd.edu.ar\/sitio\/wp-content\/uploads\/2024\/12\/18-dic-1069x1900.jpg 1069w, https:\/\/ifdc10-juj.infd.edu.ar\/sitio\/wp-content\/uploads\/2024\/12\/18-dic-768x1365.jpg 768w, https:\/\/ifdc10-juj.infd.edu.ar\/sitio\/wp-content\/uploads\/2024\/12\/18-dic-864x1536.jpg 864w, https:\/\/ifdc10-juj.infd.edu.ar\/sitio\/wp-content\/uploads\/2024\/12\/18-dic.jpg 1152w\" sizes=\"(max-width: 350px) 100vw, 350px\" \/><img decoding=\"async\" loading=\"lazy\" class=\"wp-image-10704 alignnone\" src=\"https:\/\/ifdc10-juj.infd.edu.ar\/sitio\/wp-content\/uploads\/2024\/12\/19-dic-563x1000.jpg\" alt=\"\" width=\"350\" height=\"622\" srcset=\"https:\/\/ifdc10-juj.infd.edu.ar\/sitio\/wp-content\/uploads\/2024\/12\/19-dic-563x1000.jpg 563w, https:\/\/ifdc10-juj.infd.edu.ar\/sitio\/wp-content\/uploads\/2024\/12\/19-dic-1069x1900.jpg 1069w, https:\/\/ifdc10-juj.infd.edu.ar\/sitio\/wp-content\/uploads\/2024\/12\/19-dic-768x1365.jpg 768w, https:\/\/ifdc10-juj.infd.edu.ar\/sitio\/wp-content\/uploads\/2024\/12\/19-dic-864x1536.jpg 864w, https:\/\/ifdc10-juj.infd.edu.ar\/sitio\/wp-content\/uploads\/2024\/12\/19-dic.jpg 1152w\" sizes=\"(max-width: 350px) 100vw, 350px\" \/><\/p>\n<p>\u00a0 \u00a0 \u00a0 \u00a0 \u00a0 <img decoding=\"async\" loading=\"lazy\" class=\"alignnone  wp-image-10705\" src=\"https:\/\/ifdc10-juj.infd.edu.ar\/sitio\/wp-content\/uploads\/2024\/12\/20-dic-563x1000.jpg\" alt=\"\" width=\"350\" height=\"622\" srcset=\"https:\/\/ifdc10-juj.infd.edu.ar\/sitio\/wp-content\/uploads\/2024\/12\/20-dic-563x1000.jpg 563w, https:\/\/ifdc10-juj.infd.edu.ar\/sitio\/wp-content\/uploads\/2024\/12\/20-dic-1069x1900.jpg 1069w, https:\/\/ifdc10-juj.infd.edu.ar\/sitio\/wp-content\/uploads\/2024\/12\/20-dic-768x1365.jpg 768w, https:\/\/ifdc10-juj.infd.edu.ar\/sitio\/wp-content\/uploads\/2024\/12\/20-dic-864x1536.jpg 864w, https:\/\/ifdc10-juj.infd.edu.ar\/sitio\/wp-content\/uploads\/2024\/12\/20-dic.jpg 1152w\" sizes=\"(max-width: 350px) 100vw, 350px\" \/><img decoding=\"async\" loading=\"lazy\" class=\"alignleft wp-image-10706\" src=\"https:\/\/ifdc10-juj.infd.edu.ar\/sitio\/wp-content\/uploads\/2024\/12\/21-dic-563x1000.jpg\" alt=\"\" width=\"350\" height=\"622\" srcset=\"https:\/\/ifdc10-juj.infd.edu.ar\/sitio\/wp-content\/uploads\/2024\/12\/21-dic-563x1000.jpg 563w, https:\/\/ifdc10-juj.infd.edu.ar\/sitio\/wp-content\/uploads\/2024\/12\/21-dic-1069x1900.jpg 1069w, https:\/\/ifdc10-juj.infd.edu.ar\/sitio\/wp-content\/uploads\/2024\/12\/21-dic-768x1365.jpg 768w, https:\/\/ifdc10-juj.infd.edu.ar\/sitio\/wp-content\/uploads\/2024\/12\/21-dic-864x1536.jpg 864w, https:\/\/ifdc10-juj.infd.edu.ar\/sitio\/wp-content\/uploads\/2024\/12\/21-dic.jpg 1152w\" sizes=\"(max-width: 350px) 100vw, 350px\" \/><\/p>\n<p>INICIO CICLO LECTIVO A CONFIRMAR.-<\/p>\n<p>Documentaci\u00f3n a presentar:<\/p>\n<ul>\n<li>Copia de t\u00edtulo, o constancia de t\u00edtulo en tr\u00e1mite (Nivel Secundario \u2013 Autenticado- (para la pre inscripci\u00f3n puede estar autenticado por la Instituci\u00f3n que lo emiti\u00f3)<\/li>\n<li>Testimonio de nacimiento. (Autenticado)<\/li>\n<li>Copia del DNI.<\/li>\n<li>Solicitud de inscripci\u00f3n (Adquirir en la sede de cada carrera)<\/li>\n<li>Comprobante de Inscripci\u00f3n On line (imprimir una vez completado)<\/li>\n<\/ul>\n<h5>Horario de atenci\u00f3n:<\/h5>\n<h5>Sedes Normal, Sede Fraile Pintado: 18:30 21:30 hs<br \/>Sede Comercio 4: 19:30 A 22.30 hs<\/h5>\n<p>CARTILLAS INGRESO 2025: A\u00daN NO DISPONIBLES<br \/>CURSILLOS-AMBIENTACI\u00d3N- FECHAS A CONFIRMAR<\/p>\n<p><strong>El IES N\u00ba10 tiene previsto que los aspirantes a ingresar al Instituto realicen una preparaci\u00f3n, ambientaci\u00f3n (y evaluaci\u00f3n) previa al ingreso a la Instituci\u00f3n.<\/strong><\/p>\n<p><strong>EL\u00a0<a title=\"CONSEJO DIRECTIVO 2014-2016\" href=\"https:\/\/ifdc10-juj.infd.edu.ar\/sitio\/consejo-directivo-2016-2022\/\" target=\"_blank\" rel=\"noopener\">Consejo Directivo<\/a>\u00a0ha resuelto que para ingresar a la instituci\u00f3n cada a\u00f1o el aspirante debe efectivizar previamente su pre inscripci\u00f3n.<\/strong><\/p>\n<p><strong><a href=\"https:\/\/des-juj.infd.edu.ar\/sitio\/upload\/REGIMEN_ACADEMICO_PROVINCIAL_2.pdf\">IMPORTANTE: Resoluci\u00f3n 6515-E-11: R\u00c9GIMEN ACAD\u00c9MICO PROVINCIAL. CAp.III\u00bbIngreso de alumnos\u00bb<\/a><\/strong><\/p>\n<p>Requisitos para el Ingreso-<a href=\"https:\/\/ifdc10-juj.infd.edu.ar\/sitio\/requisitos-para-el-ingreso\/\" target=\"_blank\" rel=\"noopener\">Ingreso de los alumnos.<\/a><\/p>\n<p><strong><a title=\"ingreso mayores de 25 a\u00f1os sin secundario.\" href=\"http:\/\/portal.educ.ar\/noticias\/educacion-y-sociedad\/nueva-graduada-mayor-de-25-ano.php\" target=\"_blank\" rel=\"noopener\">AVISO\u00a0<\/a>IMPORTANTE<\/strong>\u00a0:<strong>\u00a0Los mayores de 25 a\u00f1os que NO hayan terminado el secundario tambi\u00e9n pueden inscribirse para ingresar al nivel superior -ver-.<\/strong>\u00a0(Este proceso ya fue realizado en nov\/dic 2019),\u00a0debiendo comunicarse con la instituci\u00f3n a los efectos de coordinar la modalidad del examen de admisi\u00f3n. Los mismos podr\u00e1n inscribirse en las fechas establecidas.<br \/>\n<strong>(En cuanto a la modalidad de ingreso, la Ley de Educaci\u00f3n Superior, N\u00ba 24.521, establece en el cap\u00edtulo 2, art. 7 que: \u00abPara ingresar como alumno a las instituciones de nivel superior, se debe haber aprobado el nivel medio o el ciclo polimodal de ense\u00f1anza.\u00a0<em>Excepcionalmente<\/em>, los mayores de 25 a\u00f1os que no re\u00fanan esa condici\u00f3n, podr\u00e1n ingresar siempre que demuestren, a trav\u00e9s de las evaluaciones que las provincias, la Municipalidad de la Ciudad de Buenos Aires o las universidades en su caso establezcan, que tienen preparaci\u00f3n y\/o experiencia laboral acorde con los estudios que se proponen iniciar, as\u00ed como aptitudes y conocimientos suficientes para cursarlos satisfactoriamente\u00bb)<\/strong><\/p>\n","protected":false},"excerpt":{"rendered":"<p>\u00a0 NUEVO PROCEDIMIENTO DE PRE INSCRIPCI\u00d3N A TRAV\u00c9S DE LA P\u00c1GINA MINISTERIAL NEXO. https:\/\/www.facebook.com\/share\/p\/12HPr7VNbXg\/ &nbsp; \u00a0 \u00a0 \u00a0 \u00a0 \u00a0 INICIO CICLO LECTIVO A CONFIRMAR.- Documentaci\u00f3n a presentar: Copia de t\u00edtulo, o constancia de t\u00edtulo en tr\u00e1mite (Nivel Secundario \u2013 Autenticado- (para la pre inscripci\u00f3n puede estar autenticado por la Instituci\u00f3n que lo emiti\u00f3) Testimonio &#8230; <a title=\"Pre inscripciones-Requisitos.\" class=\"read-more\" href=\"https:\/\/ifdc10-juj.infd.edu.ar\/sitio\/inicio\/pre-inscripciones-requisitos\/\" aria-label=\"More on Pre inscripciones-Requisitos.\">[+]<\/a><\/p>\n","protected":false},"author":847,"featured_media":0,"parent":286,"menu_order":0,"comment_status":"closed","ping_status":"closed","template":"","meta":[],"acf":[],"_links":{"self":[{"href":"https:\/\/ifdc10-juj.infd.edu.ar\/sitio\/wp-json\/wp\/v2\/pages\/7223"}],"collection":[{"href":"https:\/\/ifdc10-juj.infd.edu.ar\/sitio\/wp-json\/wp\/v2\/pages"}],"about":[{"href":"https:\/\/ifdc10-juj.infd.edu.ar\/sitio\/wp-json\/wp\/v2\/types\/page"}],"author":[{"embeddable":true,"href":"https:\/\/ifdc10-juj.infd.edu.ar\/sitio\/wp-json\/wp\/v2\/users\/847"}],"replies":[{"embeddable":true,"href":"https:\/\/ifdc10-juj.infd.edu.ar\/sitio\/wp-json\/wp\/v2\/comments?post=7223"}],"version-history":[{"count":328,"href":"https:\/\/ifdc10-juj.infd.edu.ar\/sitio\/wp-json\/wp\/v2\/pages\/7223\/revisions"}],"predecessor-version":[{"id":10712,"href":"https:\/\/ifdc10-juj.infd.edu.ar\/sitio\/wp-json\/wp\/v2\/pages\/7223\/revisions\/10712"}],"up":[{"embeddable":true,"href":"https:\/\/ifdc10-juj.infd.edu.ar\/sitio\/wp-json\/wp\/v2\/pages\/286"}],"wp:attachment":[{"href":"https:\/\/ifdc10-juj.infd.edu.ar\/sitio\/wp-json\/wp\/v2\/media?parent=7223"}],"curies":[{"name":"wp","href":"https:\/\/api.w.org\/{rel}","templated":true}]}}