{"id":6912,"date":"2020-05-06T20:58:56","date_gmt":"2020-05-06T23:58:56","guid":{"rendered":"https:\/\/ifdc10-juj.infd.edu.ar\/sitio\/?page_id=6912"},"modified":"2023-03-08T19:41:56","modified_gmt":"2023-03-08T22:41:56","slug":"equivalencias-2020","status":"publish","type":"page","link":"https:\/\/ifdc10-juj.infd.edu.ar\/sitio\/equivalencias-2020\/","title":{"rendered":"EQUIVALENCIAS"},"content":{"rendered":"<h3 style=\"text-align: center;\"><strong>EQUIVALENCIAS-ASIMILACIONES-PASES 2023<\/strong><\/h3>\n<h3><div  class=\"lgc-column lgc-grid-parent lgc-grid-50 lgc-tablet-grid-50 lgc-mobile-grid-100 lgc-equal-heights \"><div  class=\"inside-grid-column\"><a href=\"https:\/\/ifdc10-juj.infd.edu.ar\/sitio\/wp-content\/uploads\/2023\/03\/Requisitos-Equiv-Asimil-Pases-2023.pdf\" target=\"_blank\" rel=\"noopener\">Requisitos (Leer)<\/a> <br \/><a href=\"https:\/\/ifdc10-juj.infd.edu.ar\/sitio\/wp-content\/uploads\/2023\/03\/Solicitud_Equivalencia-IES-10-2023.docx\" target=\"_blank\" rel=\"noopener\">Solicitud Equivalencia<\/a> <br \/><a href=\"https:\/\/ifdc10-juj.infd.edu.ar\/sitio\/wp-content\/uploads\/2023\/03\/Solicitud-Asimilacion-2023.docx\" target=\"_blank\" rel=\"noopener\">Solicitud Asimilaci\u00f3n<\/a><\/div><\/div> <div  class=\"lgc-column lgc-grid-parent lgc-grid-50 lgc-tablet-grid-50 lgc-mobile-grid-100 lgc-equal-heights \"><div  class=\"inside-grid-column\">Constancia Vacancia Pase<br \/><a href=\"https:\/\/ifdc10-juj.infd.edu.ar\/sitio\/wp-content\/uploads\/2023\/03\/Solicitud-de-Vacante-Pase.-2023.docx\" target=\"_blank\" rel=\"noopener\">Solicitud Vacancia Pase<\/a><\/div><\/div><\/h3>\n<hr \/>\n<hr \/>\n<p>En proceso:<\/p>\n<ul>\n<li>Desde el 06 al 17 de Marzo 2023, estar\u00e1n disponibles los FORMULARIOS de Solicitudes.-<\/li>\n<li>Desde el 20<strong> al 23-03-23 <\/strong>se habilita la instancia para presentar la documentaci\u00f3n para solicitud de <strong>Asimilaci\u00f3n 2023.<\/strong><\/li>\n<li>Desde el <strong>23-03-23 al<\/strong> 28<strong>&#8211; 04- 2023 <\/strong>se habilita la instancia para presentar documentaci\u00f3n para solicitud de<strong> Equivalencias 2023. <\/strong><\/li>\n<li>\u00a0Hasta el 28 de Abril se recepcionan la solicitud y recepci\u00f3n de <strong>Pase.<\/strong><\/li>\n<\/ul>\n","protected":false},"excerpt":{"rendered":"<p>EQUIVALENCIAS-ASIMILACIONES-PASES 2023 En proceso: Desde el 06 al 17 de Marzo 2023, estar\u00e1n disponibles los FORMULARIOS de Solicitudes.- Desde el 20 al 23-03-23 se habilita la instancia para presentar la documentaci\u00f3n para solicitud de Asimilaci\u00f3n 2023. Desde el 23-03-23 al 28&#8211; 04- 2023 se habilita la instancia para presentar documentaci\u00f3n para solicitud de Equivalencias 2023. &#8230; <a title=\"EQUIVALENCIAS\" class=\"read-more\" href=\"https:\/\/ifdc10-juj.infd.edu.ar\/sitio\/equivalencias-2020\/\" aria-label=\"More on EQUIVALENCIAS\">[+]<\/a><\/p>\n","protected":false},"author":847,"featured_media":0,"parent":0,"menu_order":0,"comment_status":"closed","ping_status":"closed","template":"","meta":[],"acf":[],"_links":{"self":[{"href":"https:\/\/ifdc10-juj.infd.edu.ar\/sitio\/wp-json\/wp\/v2\/pages\/6912"}],"collection":[{"href":"https:\/\/ifdc10-juj.infd.edu.ar\/sitio\/wp-json\/wp\/v2\/pages"}],"about":[{"href":"https:\/\/ifdc10-juj.infd.edu.ar\/sitio\/wp-json\/wp\/v2\/types\/page"}],"author":[{"embeddable":true,"href":"https:\/\/ifdc10-juj.infd.edu.ar\/sitio\/wp-json\/wp\/v2\/users\/847"}],"replies":[{"embeddable":true,"href":"https:\/\/ifdc10-juj.infd.edu.ar\/sitio\/wp-json\/wp\/v2\/comments?post=6912"}],"version-history":[{"count":41,"href":"https:\/\/ifdc10-juj.infd.edu.ar\/sitio\/wp-json\/wp\/v2\/pages\/6912\/revisions"}],"predecessor-version":[{"id":10088,"href":"https:\/\/ifdc10-juj.infd.edu.ar\/sitio\/wp-json\/wp\/v2\/pages\/6912\/revisions\/10088"}],"wp:attachment":[{"href":"https:\/\/ifdc10-juj.infd.edu.ar\/sitio\/wp-json\/wp\/v2\/media?parent=6912"}],"curies":[{"name":"wp","href":"https:\/\/api.w.org\/{rel}","templated":true}]}}