{"id":6800,"date":"2020-04-04T19:00:28","date_gmt":"2020-04-04T22:00:28","guid":{"rendered":"https:\/\/ifdc10-juj.infd.edu.ar\/sitio\/?page_id=6800"},"modified":"2023-02-23T20:44:30","modified_gmt":"2023-02-23T23:44:30","slug":"matriculacion-inscripcion","status":"publish","type":"page","link":"https:\/\/ifdc10-juj.infd.edu.ar\/sitio\/matriculacion-inscripcion\/","title":{"rendered":"MATRICULACI\u00d3N-INSCRIPCI\u00d3N"},"content":{"rendered":"<h5 style=\"text-align: center;\"><span style=\"color: #ffffff;\"><strong><a href=\"https:\/\/ifdc10-juj.infd.edu.ar\/sitio\/wp-content\/uploads\/2019\/12\/LOGO_IES_N10_2019.png\"><img decoding=\"async\" loading=\"lazy\" class=\"alignleft wp-image-5729\" src=\"https:\/\/ifdc10-juj.infd.edu.ar\/sitio\/wp-content\/uploads\/2019\/12\/LOGO_IES_N10_2019.png\" alt=\"\" width=\"205\" height=\"154\" \/><\/a><\/strong><span style=\"color: #000000;\"><strong>INSCRIPCIONES \u00a0CARRERAS del IES N\u00ba10\u00a0<\/strong><\/span><\/span><span style=\"color: #ffffff;\"><span style=\"color: #000000;\"><strong> 2023<br \/>INICIO CICLO LECTIVO 27 de MARZO<\/strong><\/span><\/span><\/h5>\n<hr \/>\n<h5>LAS INSCRIPCIONES A PRIMER A\u00d1O SE REALIZAN LUEGO DE APROBAR LA ETAPA DE AMBIENTACI\u00d3N para aspirantes a primer a\u00f1o, INICIA:\u00a0 28 de Febrero, d\u00eda Mi\u00e9rcoles 22 de Febrero estar\u00e1n disponibles los cronogramas de la ambientaci\u00f3n)\u00a0<\/h5>\n<p>PROCESO:<\/p>\n<p>INGRESANTES A PRIMER A\u00d1O: APROBADA ETAPA DE AMBIENTACI\u00d3N: COMPLETAR\u00a0 MATRICULACI\u00d3N EN SEDE DE CADA CARRERA.<\/p>\n<p><strong>INSCRIPCI\u00d3N DE ALUMNOS DE SEGUNDO A\u00d1O EN ADELANTE<\/strong>: INSCRIPCI\u00d3N A UNIDADES CURRICULARES SOLAMENTE, EN SEDE DE CADA CARRERA.<\/p>\n<p>CARTILLAS CURSILLOS<\/p>\n<p><span style=\"color: #000000;\"><a href=\"https:\/\/drive.google.com\/drive\/folders\/1J4DIh0JQ6stR7gRtORscbsOABQtE6Y5s?usp=share_link\" target=\"_blank\" rel=\"noopener\">Cartillas 2023<\/a><\/span><\/p>\n<h5><span style=\"color: #000000;\"> \u00a0<a href=\"https:\/\/drive.google.com\/drive\/folders\/1m7gvPgiaz4krIEtXCn-4WHRloTdD2pN1?usp=sharing\" target=\"_blank\" rel=\"noopener\">Cartillas 2022<\/a><\/span><\/h5>\n","protected":false},"excerpt":{"rendered":"<p>INSCRIPCIONES \u00a0CARRERAS del IES N\u00ba10\u00a0 2023INICIO CICLO LECTIVO 27 de MARZO LAS INSCRIPCIONES A PRIMER A\u00d1O SE REALIZAN LUEGO DE APROBAR LA ETAPA DE AMBIENTACI\u00d3N para aspirantes a primer a\u00f1o, INICIA:\u00a0 28 de Febrero, d\u00eda Mi\u00e9rcoles 22 de Febrero estar\u00e1n disponibles los cronogramas de la ambientaci\u00f3n)\u00a0 PROCESO: INGRESANTES A PRIMER A\u00d1O: APROBADA ETAPA DE AMBIENTACI\u00d3N: &#8230; <a title=\"MATRICULACI\u00d3N-INSCRIPCI\u00d3N\" class=\"read-more\" href=\"https:\/\/ifdc10-juj.infd.edu.ar\/sitio\/matriculacion-inscripcion\/\" aria-label=\"More on MATRICULACI\u00d3N-INSCRIPCI\u00d3N\">[+]<\/a><\/p>\n","protected":false},"author":775,"featured_media":0,"parent":0,"menu_order":0,"comment_status":"closed","ping_status":"closed","template":"","meta":[],"acf":[],"_links":{"self":[{"href":"https:\/\/ifdc10-juj.infd.edu.ar\/sitio\/wp-json\/wp\/v2\/pages\/6800"}],"collection":[{"href":"https:\/\/ifdc10-juj.infd.edu.ar\/sitio\/wp-json\/wp\/v2\/pages"}],"about":[{"href":"https:\/\/ifdc10-juj.infd.edu.ar\/sitio\/wp-json\/wp\/v2\/types\/page"}],"author":[{"embeddable":true,"href":"https:\/\/ifdc10-juj.infd.edu.ar\/sitio\/wp-json\/wp\/v2\/users\/775"}],"replies":[{"embeddable":true,"href":"https:\/\/ifdc10-juj.infd.edu.ar\/sitio\/wp-json\/wp\/v2\/comments?post=6800"}],"version-history":[{"count":147,"href":"https:\/\/ifdc10-juj.infd.edu.ar\/sitio\/wp-json\/wp\/v2\/pages\/6800\/revisions"}],"predecessor-version":[{"id":10051,"href":"https:\/\/ifdc10-juj.infd.edu.ar\/sitio\/wp-json\/wp\/v2\/pages\/6800\/revisions\/10051"}],"wp:attachment":[{"href":"https:\/\/ifdc10-juj.infd.edu.ar\/sitio\/wp-json\/wp\/v2\/media?parent=6800"}],"curies":[{"name":"wp","href":"https:\/\/api.w.org\/{rel}","templated":true}]}}