{"id":5879,"date":"2020-01-12T19:01:29","date_gmt":"2020-01-12T22:01:29","guid":{"rendered":"https:\/\/ifdc10-juj.infd.edu.ar\/sitio\/?page_id=5879"},"modified":"2023-03-20T23:36:46","modified_gmt":"2023-03-21T02:36:46","slug":"profesorado-de-educacion-secundaria-en-historia","status":"publish","type":"page","link":"https:\/\/ifdc10-juj.infd.edu.ar\/sitio\/profesorado-de-educacion-secundaria-en-historia\/","title":{"rendered":"Profesorado de educaci\u00f3n secundaria en HISTORIA."},"content":{"rendered":"<h3><strong><a href=\"https:\/\/ifdc10-juj.infd.edu.ar\/sitio\/wp-content\/uploads\/2020\/01\/2020-HISTORIA.png\"><img decoding=\"async\" loading=\"lazy\" class=\" wp-image-5832 alignleft\" src=\"https:\/\/ifdc10-juj.infd.edu.ar\/sitio\/wp-content\/uploads\/2020\/01\/2020-HISTORIA.png\" alt=\"\" width=\"435\" height=\"326\" \/><\/a><\/strong><\/h3>\n<h3 style=\"text-align: center;\"><strong>PROFESORADO de Educaci\u00f3n Secundaria en HISTORIA <\/strong><\/h3>\n<h4 style=\"text-align: center;\"><a href=\"https:\/\/ifdc10-juj.infd.edu.ar\/sitio\/wp-content\/uploads\/2019\/04\/Nueva-imagen-25.png\">SEDE: Escuela N\u00b0123. Fraile Pintado Turno vespertino<\/a><\/h4>\n<h5 style=\"text-align: center;\"><strong>Esta carrera inicia sus actividades para los ingresantes,\u00a0 en el a\u00f1o 2023, una vez finalizado el curso de ambientaci\u00f3n(<a href=\"https:\/\/drive.google.com\/file\/d\/1cIm6NErs9UhLWqSQe7OnXNuceR6tPq0I\/view?usp=share_link\" target=\"_blank\" rel=\"noopener\"> HORARIO 2023<\/a>) el que ser\u00e1 eliminatorio si los aspirantes superan el cupo.<\/strong><\/h5>\n<p style=\"text-align: center;\"><div  class=\"lgc-column lgc-grid-parent lgc-grid-33 lgc-tablet-grid-50 lgc-mobile-grid-100 lgc-equal-heights \"><div  class=\"inside-grid-column\">\n<ul>\n<li><a href=\"https:\/\/ifdc10-juj.infd.edu.ar\/sitio\/wp-content\/uploads\/2021\/12\/WhatsApp-Image-2021-12-14-at-21.52.00.jpeg\" target=\"_blank\" rel=\"noopener\"><strong><em>ESTRUCTURA CURRICULAR DE LA CARRERA.<\/em><\/strong><\/a><\/li>\n<li><strong><em> O<\/em><\/strong><strong><em>BJETIVOS. \u00c1MBITO LABORAL. TIEMPO DE ESTUDIO.\u00a0<\/em><\/strong><\/li>\n<li><a href=\"https:\/\/ifdc10-juj.infd.edu.ar\/sitio\/wp-content\/uploads\/2021\/12\/CORRELATIVIDADES-HISTORIA.pdf\" target=\"_blank\" rel=\"noopener\"><em><b>PLAN DE CORRELATIVIDADES Y REGIMEN DE ACREDITACI\u00d3N. <\/b><\/em><\/a><\/li>\n<\/ul>\n<p style=\"text-align: center;\"><\/p><\/div><\/div><div  class=\"lgc-column lgc-grid-parent lgc-grid-33 lgc-tablet-grid-50 lgc-mobile-grid-100 lgc-equal-heights \"><div  class=\"inside-grid-column\">\n<ul>\n<li><a href=\"https:\/\/docs.google.com\/forms\/d\/e\/1FAIpQLScbhbKYCWYY-tz4eau1jh8eWRV0MSTwbt6R6QySLmpEr2ujug\/viewform\" target=\"_blank\" rel=\"noopener\"><strong>SOLICITUD DE CLAVE DE INGRESO AL CAMPUS.<\/strong><\/a> S\u00f3lo para alumnado matriculado en el Instituto.<\/li><\/ul><\/div><\/div><div  class=\"lgc-column lgc-grid-parent lgc-grid-33 lgc-tablet-grid-50 lgc-mobile-grid-100 lgc-equal-heights \"><div  class=\"inside-grid-column\">\n<li>HORARIOS DE LA CARRERA: SEDE: Escuela N\u00b0123. Fraile Pintado. Turno vespertino.<a href=\"https:\/\/drive.google.com\/file\/d\/157FkQk5My7uo8x4HoSP1fCpj2zE8Pwq-\/view?usp=share_link\" target=\"_blank\" rel=\"noopener\"> CARTILLA 2023<\/a><\/li>\n<li><a href=\"https:\/\/ifdc10-juj.infd.edu.ar\/aula\/index.cgi?id_curso=242&amp;id_curso_ant=240\"><strong>ACCESO AL AULA VIRTUAL DEL\u00a0 PROFESORADO de Educaci\u00f3n Secundaria en HISTORIA<\/strong><\/a><\/li>\n\n<p style=\"text-align: center;\">Coordinador de Carrera, Prof.\u00a0 Iv\u00e1n Gonz\u00e1lez. La coordinaci\u00f3n de la carrera es elegida por\u00a0 los colegas una vez conformado el plantel docente de la misma.<\/p><\/div><\/div>\n<ul>\n<li style=\"text-align: center;\">\u00a0<strong><a title=\"MESAS DE DICIEMBRE DE 2012\" href=\"https:\/\/docs.google.com\/spreadsheet\/viewform?formkey=dGRXbjZDZUgzWlJSUndhRjJJMWJMekE6MQ#gid=0\" target=\"_blank\" rel=\"noopener\">*FORMULARIO PARA INSCRIBIRSE EN MESAS DE EXAMEN<\/a><\/strong><\/li>\n<\/ul>\n<p style=\"text-align: center;\"><strong><a title=\"CARRERAS\" href=\"https:\/\/ifdc10-juj.infd.edu.ar\/sitio\/prof-de-matematica\/index.cgi?wid_seccion=18\">VOLVER A CARRERAS <\/a>. <a title=\"Home\" href=\"https:\/\/ifdc10-juj.infd.edu.ar\/sitio\/prof-de-matematica\/index.cgi\">VOLVER AL INICIO<\/a><\/strong><\/p>\n","protected":false},"excerpt":{"rendered":"<p>PROFESORADO de Educaci\u00f3n Secundaria en HISTORIA SEDE: Escuela N\u00b0123. Fraile Pintado Turno vespertino Esta carrera inicia sus actividades para los ingresantes,\u00a0 en el a\u00f1o 2023, una vez finalizado el curso de ambientaci\u00f3n( HORARIO 2023) el que ser\u00e1 eliminatorio si los aspirantes superan el cupo. \u00a0*FORMULARIO PARA INSCRIBIRSE EN MESAS DE EXAMEN VOLVER A CARRERAS . &#8230; <a title=\"Profesorado de educaci\u00f3n secundaria en HISTORIA.\" class=\"read-more\" href=\"https:\/\/ifdc10-juj.infd.edu.ar\/sitio\/profesorado-de-educacion-secundaria-en-historia\/\" aria-label=\"More on Profesorado de educaci\u00f3n secundaria en HISTORIA.\">[+]<\/a><\/p>\n","protected":false},"author":775,"featured_media":0,"parent":0,"menu_order":0,"comment_status":"closed","ping_status":"closed","template":"","meta":[],"acf":[],"_links":{"self":[{"href":"https:\/\/ifdc10-juj.infd.edu.ar\/sitio\/wp-json\/wp\/v2\/pages\/5879"}],"collection":[{"href":"https:\/\/ifdc10-juj.infd.edu.ar\/sitio\/wp-json\/wp\/v2\/pages"}],"about":[{"href":"https:\/\/ifdc10-juj.infd.edu.ar\/sitio\/wp-json\/wp\/v2\/types\/page"}],"author":[{"embeddable":true,"href":"https:\/\/ifdc10-juj.infd.edu.ar\/sitio\/wp-json\/wp\/v2\/users\/775"}],"replies":[{"embeddable":true,"href":"https:\/\/ifdc10-juj.infd.edu.ar\/sitio\/wp-json\/wp\/v2\/comments?post=5879"}],"version-history":[{"count":24,"href":"https:\/\/ifdc10-juj.infd.edu.ar\/sitio\/wp-json\/wp\/v2\/pages\/5879\/revisions"}],"predecessor-version":[{"id":10103,"href":"https:\/\/ifdc10-juj.infd.edu.ar\/sitio\/wp-json\/wp\/v2\/pages\/5879\/revisions\/10103"}],"wp:attachment":[{"href":"https:\/\/ifdc10-juj.infd.edu.ar\/sitio\/wp-json\/wp\/v2\/media?parent=5879"}],"curies":[{"name":"wp","href":"https:\/\/api.w.org\/{rel}","templated":true}]}}