{"id":5872,"date":"2020-01-12T18:33:24","date_gmt":"2020-01-12T21:33:24","guid":{"rendered":"https:\/\/ifdc10-juj.infd.edu.ar\/sitio\/?page_id=5872"},"modified":"2023-03-20T23:50:31","modified_gmt":"2023-03-21T02:50:31","slug":"profesorado-de-educacion-especial-con-orientacion-en-discapacidad-neuro-motora","status":"publish","type":"page","link":"https:\/\/ifdc10-juj.infd.edu.ar\/sitio\/profesorado-de-educacion-especial-con-orientacion-en-discapacidad-neuro-motora\/","title":{"rendered":"Profesorado de Educaci\u00f3n Especial con orientaci\u00f3n en Discapacidad Neuro Motora. Esc. Normal. Turno Tarde -2020"},"content":{"rendered":"<h2 style=\"text-align: center;\"><strong><a href=\"https:\/\/ifdc10-juj.infd.edu.ar\/sitio\/wp-content\/uploads\/2020\/01\/2020-NEUROMOTORA.png\"><img decoding=\"async\" loading=\"lazy\" class=\"wp-image-5833 alignleft\" src=\"https:\/\/ifdc10-juj.infd.edu.ar\/sitio\/wp-content\/uploads\/2020\/01\/2020-NEUROMOTORA.png\" alt=\"\" width=\"571\" height=\"429\" \/><\/a>PROFESORADO de Educaci\u00f3n Especial con orientaci\u00f3n en DISCAPACIDAD NEUROMOTORA <\/strong><\/h2>\n<h4><a href=\"https:\/\/ifdc10-juj.infd.edu.ar\/sitio\/wp-content\/uploads\/2019\/04\/Nueva-imagen-24.png\">SEDE Escuela Normal. Lib. Gral. San Mart\u00edn. Turno tarde.<\/a><br \/>Cursando esta Carrera desde 2020.<\/p>\n<p>Esta carrera se empieza a cursar en el a\u00f1o 2023 para los nuevos ingresantes,\u00a0 una vez finalizado el curso de ambientaci\u00f3n (<a href=\"https:\/\/drive.google.com\/file\/d\/1h0-eN7hbopt1ar9Z93f4upO5SzJjjP3q\/view?usp=share_link\" target=\"_blank\" rel=\"noopener\">HORARIOS 2023<\/a>) que ser\u00e1 eliminatorio\u00a0 si los aspirantes superan el cupo.<\/h4>\n<p><b>FORMULARIO PARA LA MATRICULACI\u00d3N DEFINITIVA A LA CARRERA EN FORMATO DIGITAL (Disponible luego del periodo de Nivelaci\u00f3n, solo para\u00a0ingresantes a primer a\u00f1o)<\/b><\/p>\n<ul>\n<li>\n<h3><a href=\"https:\/\/drive.google.com\/file\/d\/15tJ_eDsMq8CxEbKUtz7suOSN4z9FzOkB\/view?usp=share_link\" target=\"_blank\" rel=\"noopener\"><strong><em>CARTILLAS DE INGRESO 2023\u00a0<\/em><\/strong><\/a><\/h3>\n<\/li>\n<li>\n<h3><a href=\"https:\/\/ifdc10-juj.infd.edu.ar\/sitio\/wp-content\/uploads\/2021\/12\/Profesorado-de-Educacion-Especial-Orientacion-en-Discapacidad-Neuro-A.pdf\" target=\"_blank\" rel=\"noopener\"><strong>ESTRUCTURA CURRICULAR DE LA CARRERA<\/strong><\/a><\/h3>\n<\/li>\n<li>\n<h3><a href=\"https:\/\/ifdc10-juj.infd.edu.ar\/sitio\/wp-content\/uploads\/2021\/12\/Neuromotora.pdf\" target=\"_blank\" rel=\"noopener\"><b><i>REGIMEN DE ACREDITACI\u00d3N Y CORRELATVIDADES<\/i><\/b><\/a><\/h3>\n<\/li>\n<li>\n<h3><a href=\"https:\/\/ifdc10-juj.infd.edu.ar\/sitio\/wp-content\/uploads\/2021\/12\/NEUROMOTORA.docx.pdf\" target=\"_blank\" rel=\"noopener\"><strong>RESOLUCIONES<\/strong><\/a><\/h3>\n<\/li>\n<\/ul>\n<p><strong><a title=\"MESAS DE DICIEMBRE DE 2012\" href=\"https:\/\/docs.google.com\/spreadsheet\/viewform?formkey=dGRXbjZDZUgzWlJSUndhRjJJMWJMekE6MQ#gid=0\" target=\"_blank\" rel=\"noopener\">FORMULARIO PARA INSCRIBIRSE EN MESAS DE EXAMEN<\/a><\/strong><\/p>\n<ul>\n<li><strong>ACCESO AL AULA VIRTUAL\u00a0<\/strong><\/li>\n<li><a href=\"https:\/\/docs.google.com\/forms\/d\/e\/1FAIpQLScbhbKYCWYY-tz4eau1jh8eWRV0MSTwbt6R6QySLmpEr2ujug\/viewform\" target=\"_blank\" rel=\"noopener\"><strong>SOLICITUD DE CLAVE DE INGRESO AL CAMPUS.<\/strong><\/a>\u00a0S\u00f3lo para el alumnado matriculado en el Instituto.[\/lgc_column]La coordinaci\u00f3n de la carrera es elegida por\u00a0 los colegas una vez conformado el plantel docente de la misma.<\/li>\n<\/ul>\n<p><strong><a title=\"CARRERAS\" href=\"https:\/\/ifdc10-juj.infd.edu.ar\/sitio\/prof-de-matematica\/index.cgi?wid_seccion=18\">VOLVER A CARRERAS\u00a0<\/a>.\u00a0<a title=\"Home\" href=\"https:\/\/ifdc10-juj.infd.edu.ar\/sitio\/prof-de-matematica\/index.cgi\">VOLVER AL INICIO<\/a><\/strong><\/p>\n<h2 style=\"text-align: center;\">\u00a0<\/h2>\n","protected":false},"excerpt":{"rendered":"<p>PROFESORADO de Educaci\u00f3n Especial con orientaci\u00f3n en DISCAPACIDAD NEUROMOTORA SEDE Escuela Normal. Lib. Gral. San Mart\u00edn. Turno tarde.Cursando esta Carrera desde 2020. Esta carrera se empieza a cursar en el a\u00f1o 2023 para los nuevos ingresantes,\u00a0 una vez finalizado el curso de ambientaci\u00f3n (HORARIOS 2023) que ser\u00e1 eliminatorio\u00a0 si los aspirantes superan el cupo. FORMULARIO &#8230; <a title=\"Profesorado de Educaci\u00f3n Especial con orientaci\u00f3n en Discapacidad Neuro Motora. Esc. Normal. Turno Tarde -2020\" class=\"read-more\" href=\"https:\/\/ifdc10-juj.infd.edu.ar\/sitio\/profesorado-de-educacion-especial-con-orientacion-en-discapacidad-neuro-motora\/\" aria-label=\"More on Profesorado de Educaci\u00f3n Especial con orientaci\u00f3n en Discapacidad Neuro Motora. Esc. Normal. Turno Tarde -2020\">[+]<\/a><\/p>\n","protected":false},"author":775,"featured_media":0,"parent":0,"menu_order":0,"comment_status":"closed","ping_status":"closed","template":"","meta":[],"acf":[],"_links":{"self":[{"href":"https:\/\/ifdc10-juj.infd.edu.ar\/sitio\/wp-json\/wp\/v2\/pages\/5872"}],"collection":[{"href":"https:\/\/ifdc10-juj.infd.edu.ar\/sitio\/wp-json\/wp\/v2\/pages"}],"about":[{"href":"https:\/\/ifdc10-juj.infd.edu.ar\/sitio\/wp-json\/wp\/v2\/types\/page"}],"author":[{"embeddable":true,"href":"https:\/\/ifdc10-juj.infd.edu.ar\/sitio\/wp-json\/wp\/v2\/users\/775"}],"replies":[{"embeddable":true,"href":"https:\/\/ifdc10-juj.infd.edu.ar\/sitio\/wp-json\/wp\/v2\/comments?post=5872"}],"version-history":[{"count":28,"href":"https:\/\/ifdc10-juj.infd.edu.ar\/sitio\/wp-json\/wp\/v2\/pages\/5872\/revisions"}],"predecessor-version":[{"id":10111,"href":"https:\/\/ifdc10-juj.infd.edu.ar\/sitio\/wp-json\/wp\/v2\/pages\/5872\/revisions\/10111"}],"wp:attachment":[{"href":"https:\/\/ifdc10-juj.infd.edu.ar\/sitio\/wp-json\/wp\/v2\/media?parent=5872"}],"curies":[{"name":"wp","href":"https:\/\/api.w.org\/{rel}","templated":true}]}}