{"id":5864,"date":"2020-01-12T18:22:52","date_gmt":"2020-01-12T21:22:52","guid":{"rendered":"https:\/\/ifdc10-juj.infd.edu.ar\/sitio\/?page_id=5864"},"modified":"2023-03-20T23:43:34","modified_gmt":"2023-03-21T02:43:34","slug":"prof-de-educacion-especial-con-orienacion-en-ciegos-y-disminuidos-visuales","status":"publish","type":"page","link":"https:\/\/ifdc10-juj.infd.edu.ar\/sitio\/prof-de-educacion-especial-con-orienacion-en-ciegos-y-disminuidos-visuales\/","title":{"rendered":"Prof. de Educaci\u00f3n Especial con Orientaci\u00f3n en Ciegos y disminuidos visuales"},"content":{"rendered":"<h3 style=\"text-align: center;\"><strong><a href=\"https:\/\/ifdc10-juj.infd.edu.ar\/sitio\/wp-content\/uploads\/2020\/01\/2020-CIEGOS.png\"><img decoding=\"async\" loading=\"lazy\" class=\"alignleft wp-image-5830\" src=\"https:\/\/ifdc10-juj.infd.edu.ar\/sitio\/wp-content\/uploads\/2020\/01\/2020-CIEGOS.png\" alt=\"\" width=\"480\" height=\"360\" \/><\/a>PROFESORADO de Educaci\u00f3n Especial con orientaci\u00f3n en CIEGOS Y DISMINUIDOS VISUALES<\/strong><\/h3>\n<h4 style=\"text-align: center;\"><a href=\"https:\/\/ifdc10-juj.infd.edu.ar\/sitio\/wp-content\/uploads\/2019\/04\/Nueva-imagen-24.png\">SEDE: Escuela Normal. Lib. Gral. San Mart\u00edn. Turno tarde.<\/a><\/h4>\n<h5 style=\"text-align: center;\">Esta carrera se empieza a cursar en el a\u00f1o 2023 para los nuevos ingresantes,\u00a0 una vez finalizado el curso de ambientaci\u00f3n (<a href=\"https:\/\/drive.google.com\/file\/d\/1QHq5p1GVQr8cFm1_b-LC61xturnahZRp\/view?usp=share_link\" target=\"_blank\" rel=\"noopener\">HORARIO<\/a>) que ser\u00e1 eliminatorio\u00a0 si los aspirantes superan el cupo.<\/h5>\n<ul>\n<li><strong>FORMULARIO PARA LA MATRICULACI\u00d3N DEFINITIVA A LA CARRERA EN FORMATO DIGITAL.(DISPONIBLE LUEGO DEL PERIODO DE NIVELACI\u00d3N: SOLO PARA INGRESANTES A PRIMER A\u00d1O &gt;&gt;&gt;&gt;IR AQU\u00cd&gt;&gt;&gt;&gt;<\/strong><\/li>\n<li><a href=\"https:\/\/drive.google.com\/file\/d\/1-tXOltq1mGXjql7eR-p_eQnAmvX2K3de\/view?usp=share_link\" target=\"_blank\" rel=\"noopener\"><strong><em>CARTILLAS DE INGRESO 2023\u00a0<\/em><\/strong><\/a><\/li>\n<li><a href=\"https:\/\/ifdc10-juj.infd.edu.ar\/sitio\/wp-content\/uploads\/2021\/12\/Profesorado-de-Educacion-Especial-Orientacion-en-Ciegos-y-Disminuidos-Visuales-A.pdf\" target=\"_blank\" rel=\"noopener\"><strong>ESTRUCTURA CURRICULAR DE LA CARRERA<\/strong><\/a><\/li>\n<li><a href=\"https:\/\/ifdc10-juj.infd.edu.ar\/sitio\/wp-content\/uploads\/2021\/12\/Ciegos-y-disminuidos-visuales.pdf\" target=\"_blank\" rel=\"noopener\"><strong><em>REGIMEN DE ACREDITACI\u00d3N Y CORRELATIVIDADES<\/em><\/strong><\/a><strong><em>.<\/em><\/strong><\/li>\n<li><a href=\"https:\/\/ifdc10-juj.infd.edu.ar\/sitio\/wp-content\/uploads\/2021\/12\/CIEGOS.pdf\" target=\"_blank\" rel=\"noopener\"><strong>RESOLUCI\u00d3N<\/strong><\/a><\/li>\n<li><strong>INGRESO AL IES n10 \u2013 2022.\/\/<\/strong><\/li>\n<\/ul>\n<p><strong><a title=\"MESAS DE DICIEMBRE DE 2012\" href=\"https:\/\/docs.google.com\/spreadsheet\/viewform?formkey=dGRXbjZDZUgzWlJSUndhRjJJMWJMekE6MQ#gid=0\" target=\"_blank\" rel=\"noopener\">FORMULARIO PARA INSCRIBIRSE EN MESAS DE EXAMEN<\/a><\/strong><\/p>\n<ul>\n<li>HORARIOS DE LA TECNICATURA: Escuela Normal. Lib. Gral. San Mart\u00edn. Turno tarde<\/li>\n<li><strong><a href=\"https:\/\/ifdc10-juj.infd.edu.ar\/aula\/index.cgi?id_curso=241&amp;id_curso_ant=240\">ACCESO AL AULA VIRTUAL DEl Prof. de Educaci\u00f3n Especial con orientaci\u00f3n en CIEGOS Y DISMINUIDOS VISUALES<\/a><\/strong><\/li>\n<li><a href=\"https:\/\/docs.google.com\/forms\/d\/e\/1FAIpQLScbhbKYCWYY-tz4eau1jh8eWRV0MSTwbt6R6QySLmpEr2ujug\/viewform\" target=\"_blank\" rel=\"noopener\"><strong>SOLICITUD DE CLAVE DE INGRESO AL CAMPUS.<\/strong><\/a> S\u00f3lo para el alumnado matriculado en el Instituto.[\/lgc_column]La coordinaci\u00f3n de la carrera es elegida por\u00a0 los colegas una vez conformado el plantel docente de la misma.<\/li>\n<\/ul>\n<p style=\"text-align: center;\"><strong><a title=\"CARRERAS\" href=\"https:\/\/ifdc10-juj.infd.edu.ar\/sitio\/prof-de-matematica\/index.cgi?wid_seccion=18\">VOLVER A CARRERAS <\/a>. <a title=\"Home\" href=\"https:\/\/ifdc10-juj.infd.edu.ar\/sitio\/prof-de-matematica\/index.cgi\">VOLVER AL INICIO<\/a><\/strong><\/p>\n","protected":false},"excerpt":{"rendered":"<p>PROFESORADO de Educaci\u00f3n Especial con orientaci\u00f3n en CIEGOS Y DISMINUIDOS VISUALES SEDE: Escuela Normal. Lib. Gral. San Mart\u00edn. Turno tarde. Esta carrera se empieza a cursar en el a\u00f1o 2023 para los nuevos ingresantes,\u00a0 una vez finalizado el curso de ambientaci\u00f3n (HORARIO) que ser\u00e1 eliminatorio\u00a0 si los aspirantes superan el cupo. FORMULARIO PARA LA MATRICULACI\u00d3N &#8230; <a title=\"Prof. de Educaci\u00f3n Especial con Orientaci\u00f3n en Ciegos y disminuidos visuales\" class=\"read-more\" href=\"https:\/\/ifdc10-juj.infd.edu.ar\/sitio\/prof-de-educacion-especial-con-orienacion-en-ciegos-y-disminuidos-visuales\/\" aria-label=\"More on Prof. de Educaci\u00f3n Especial con Orientaci\u00f3n en Ciegos y disminuidos visuales\">[+]<\/a><\/p>\n","protected":false},"author":775,"featured_media":0,"parent":0,"menu_order":0,"comment_status":"closed","ping_status":"closed","template":"","meta":[],"acf":[],"_links":{"self":[{"href":"https:\/\/ifdc10-juj.infd.edu.ar\/sitio\/wp-json\/wp\/v2\/pages\/5864"}],"collection":[{"href":"https:\/\/ifdc10-juj.infd.edu.ar\/sitio\/wp-json\/wp\/v2\/pages"}],"about":[{"href":"https:\/\/ifdc10-juj.infd.edu.ar\/sitio\/wp-json\/wp\/v2\/types\/page"}],"author":[{"embeddable":true,"href":"https:\/\/ifdc10-juj.infd.edu.ar\/sitio\/wp-json\/wp\/v2\/users\/775"}],"replies":[{"embeddable":true,"href":"https:\/\/ifdc10-juj.infd.edu.ar\/sitio\/wp-json\/wp\/v2\/comments?post=5864"}],"version-history":[{"count":18,"href":"https:\/\/ifdc10-juj.infd.edu.ar\/sitio\/wp-json\/wp\/v2\/pages\/5864\/revisions"}],"predecessor-version":[{"id":10109,"href":"https:\/\/ifdc10-juj.infd.edu.ar\/sitio\/wp-json\/wp\/v2\/pages\/5864\/revisions\/10109"}],"wp:attachment":[{"href":"https:\/\/ifdc10-juj.infd.edu.ar\/sitio\/wp-json\/wp\/v2\/media?parent=5864"}],"curies":[{"name":"wp","href":"https:\/\/api.w.org\/{rel}","templated":true}]}}