{"id":5854,"date":"2020-01-12T18:10:26","date_gmt":"2020-01-12T21:10:26","guid":{"rendered":"https:\/\/ifdc10-juj.infd.edu.ar\/sitio\/?page_id=5854"},"modified":"2023-03-20T23:53:48","modified_gmt":"2023-03-21T02:53:48","slug":"prof-de-educacion-superior-en-ciencias-de-la-educacion","status":"publish","type":"page","link":"https:\/\/ifdc10-juj.infd.edu.ar\/sitio\/prof-de-educacion-superior-en-ciencias-de-la-educacion\/","title":{"rendered":"PROF. de Educaci\u00f3n Superior en Ciencias de la Educaci\u00f3n"},"content":{"rendered":"<h3 style=\"text-align: center;\"><strong>PROFESORADO de Educaci\u00f3n <a href=\"https:\/\/ifdc10-juj.infd.edu.ar\/sitio\/wp-content\/uploads\/2020\/01\/2020-CS.-EDUCACI\u00d3N.png\"><img decoding=\"async\" loading=\"lazy\" class=\"alignleft wp-image-5831\" src=\"https:\/\/ifdc10-juj.infd.edu.ar\/sitio\/wp-content\/uploads\/2020\/01\/2020-CS.-EDUCACI\u00d3N.png\" alt=\"\" width=\"500\" height=\"375\" \/><\/a>Superior en CIENCIAS DE LA EDUCACI\u00d3N <\/strong><\/h3>\n<h4 style=\"text-align: center;\"><a href=\"https:\/\/ifdc10-juj.infd.edu.ar\/sitio\/wp-content\/uploads\/2019\/04\/Nueva-imagen-24.png\">SEDE: Escuela Normal. Lib. Gral. San Mart\u00edn. Turno tarde.<\/a><\/h4>\n<p style=\"text-align: center;\"><strong>Esta carrera se empieza a cursar en el Marzo 2023 para los nuevos ingresantes, una vez fina<\/strong><strong>lizado el curso de ambientaci\u00f3n (<a href=\"https:\/\/drive.google.com\/file\/d\/18B3iy1P_bNOZrva5h0VWVc-v2d3W6380\/view?usp=share_link\" target=\"_blank\" rel=\"noopener\">HORARIOS<\/a>) que ser\u00e1 eliminatorio si los aspirantes superan el cupo.<\/strong><div  class=\"lgc-column lgc-grid-parent lgc-grid-33 lgc-tablet-grid-50 lgc-mobile-grid-100 lgc-equal-heights \"><div  class=\"inside-grid-column\">\n<ul>\n<li><a href=\"https:\/\/ifdc10-juj.infd.edu.ar\/sitio\/wp-content\/uploads\/2021\/12\/Prof.-Cs-de-la-Educ.-A.pdf\" target=\"_blank\" rel=\"noopener\"><strong><em>ESTRUCTURA CURRICULAR DE LA CARRERA.<\/em><\/strong><\/a>\n<\/li>\n<li><strong><em><a href=\"https:\/\/ifdc10-juj.infd.edu.ar\/sitio\/wp-content\/uploads\/2021\/12\/ciencias-de-la-educ..pdf\" target=\"_blank\" rel=\"noopener\">REGIMEN DE ACREDITACI\u00d3N Y CORRELATIVIDADES.<\/a>\n<p><\/p><\/em><\/strong><\/li>\n<li><a href=\"https:\/\/ifdc10-juj.infd.edu.ar\/sitio\/wp-content\/uploads\/2021\/12\/CS-DE-LA-EDUCACION.pdf\" target=\"_blank\" rel=\"noopener\"><strong>RESOLUCION<\/strong><\/a><\/li>\n<li><strong><em> OBJETIVOS. \u00c1MBITO LABORAL. TIEMPO DE ESTUDIO <\/em><\/strong><\/li><\/ul><\/div><\/div><div  class=\"lgc-column lgc-grid-parent lgc-grid-33 lgc-tablet-grid-50 lgc-mobile-grid-100 lgc-equal-heights \"><div  class=\"inside-grid-column\">\n\n<ul>\n<li><strong>F<\/strong><strong>ORMULARIO PARA LA MATRICULACI\u00d3N DEFINITIVA A LA CARRERA EN FORMATO DIGITAL (Se habilitara luego del periodo de Nivelaci\u00f3n: SOLO PARA INGRESANTES A PRIMER A\u00d1O)<\/strong><\/li>\n<li><a href=\"https:\/\/drive.google.com\/file\/d\/171bAoLnT_CtmMIogJD8bky9pOEtzLbzP\/view?usp=share_link\" target=\"_blank\" rel=\"noopener\"><strong><em>CARTILLAS DE INGRESO 2023 <\/em><\/strong><\/a><\/li><\/ul><\/div><\/div><div  class=\"lgc-column lgc-grid-parent lgc-grid-33 lgc-tablet-grid-50 lgc-mobile-grid-100 lgc-equal-heights \"><div  class=\"inside-grid-column\">\n<li>HORARIOS DE LA CARRERA: Escuela Normal. Lib. Gral. San Mart\u00edn. Turno tarde.<\/li>\n<li style=\"text-align: center;\"><a href=\"https:\/\/ifdc10-juj.infd.edu.ar\/aula\/index.cgi?id_curso=243&amp;id_curso_ant=244\"><strong>ACCESO AL AULA VIRTUAL DEl Prof. de Cs. de la Educaci\u00f3n.<\/strong><\/a><\/li><\/div><\/div><\/li>\n<\/ul>\n<p style=\"text-align: center;\"><strong><a href=\"https:\/\/docs.google.com\/forms\/d\/e\/1FAIpQLScbhbKYCWYY-tz4eau1jh8eWRV0MSTwbt6R6QySLmpEr2ujug\/viewform\" target=\"_blank\" rel=\"noopener\">SOLICITUD DE CLAVE DE INGRESO AL CAMPUS<\/a>.<\/strong> S\u00f3lo para el alumnado matriculado en el instituto<\/p>\n<p style=\"text-align: center;\">La coordinaci\u00f3n de la carrera es elegida por\u00a0 los colegas una vez conformado el plantel docente de la misma.<\/p>\n","protected":false},"excerpt":{"rendered":"<p>PROFESORADO de Educaci\u00f3n Superior en CIENCIAS DE LA EDUCACI\u00d3N SEDE: Escuela Normal. Lib. Gral. San Mart\u00edn. Turno tarde. Esta carrera se empieza a cursar en el Marzo 2023 para los nuevos ingresantes, una vez finalizado el curso de ambientaci\u00f3n (HORARIOS) que ser\u00e1 eliminatorio si los aspirantes superan el cupo. SOLICITUD DE CLAVE DE INGRESO AL &#8230; <a title=\"PROF. de Educaci\u00f3n Superior en Ciencias de la Educaci\u00f3n\" class=\"read-more\" href=\"https:\/\/ifdc10-juj.infd.edu.ar\/sitio\/prof-de-educacion-superior-en-ciencias-de-la-educacion\/\" aria-label=\"More on PROF. de Educaci\u00f3n Superior en Ciencias de la Educaci\u00f3n\">[+]<\/a><\/p>\n","protected":false},"author":775,"featured_media":0,"parent":0,"menu_order":0,"comment_status":"closed","ping_status":"closed","template":"","meta":[],"acf":[],"_links":{"self":[{"href":"https:\/\/ifdc10-juj.infd.edu.ar\/sitio\/wp-json\/wp\/v2\/pages\/5854"}],"collection":[{"href":"https:\/\/ifdc10-juj.infd.edu.ar\/sitio\/wp-json\/wp\/v2\/pages"}],"about":[{"href":"https:\/\/ifdc10-juj.infd.edu.ar\/sitio\/wp-json\/wp\/v2\/types\/page"}],"author":[{"embeddable":true,"href":"https:\/\/ifdc10-juj.infd.edu.ar\/sitio\/wp-json\/wp\/v2\/users\/775"}],"replies":[{"embeddable":true,"href":"https:\/\/ifdc10-juj.infd.edu.ar\/sitio\/wp-json\/wp\/v2\/comments?post=5854"}],"version-history":[{"count":32,"href":"https:\/\/ifdc10-juj.infd.edu.ar\/sitio\/wp-json\/wp\/v2\/pages\/5854\/revisions"}],"predecessor-version":[{"id":10113,"href":"https:\/\/ifdc10-juj.infd.edu.ar\/sitio\/wp-json\/wp\/v2\/pages\/5854\/revisions\/10113"}],"wp:attachment":[{"href":"https:\/\/ifdc10-juj.infd.edu.ar\/sitio\/wp-json\/wp\/v2\/media?parent=5854"}],"curies":[{"name":"wp","href":"https:\/\/api.w.org\/{rel}","templated":true}]}}