{"id":5846,"date":"2020-01-12T17:46:50","date_gmt":"2020-01-12T20:46:50","guid":{"rendered":"https:\/\/ifdc10-juj.infd.edu.ar\/sitio\/?page_id=5846"},"modified":"2021-12-16T12:42:47","modified_gmt":"2021-12-16T15:42:47","slug":"tec-sup-en-desarrollo-de-software","status":"publish","type":"page","link":"https:\/\/ifdc10-juj.infd.edu.ar\/sitio\/tec-sup-en-desarrollo-de-software\/","title":{"rendered":"TEC. SUP. EN DESARROLLO DE SOFTWARE"},"content":{"rendered":"<h3 style=\"text-align: center;\"><span style=\"color: #ffffff;\"><strong>TECNICATURA SUPERIOR EN DESARROLLO DE SOFTWARE <\/strong><\/span><\/h3>\n<p style=\"text-align: center;\"><span style=\"color: #ffffff;\">SEDE: Esc. N\u00b0123. Fraile Pintado. Turno vespertino.<\/span><\/p>\n<p style=\"text-align: center;\"><span style=\"color: #ffffff;\"><strong>Esta carrera se empieza a cursar en el a\u00f1o 2020 una vez finalizado el curso de ambientaci\u00f3n del 20\/02 hasta el 11\/03 de 2020 <\/strong><\/span><\/p>\n<div  class=\"lgc-column lgc-grid-parent lgc-grid-33 lgc-tablet-grid-50 lgc-mobile-grid-100 lgc-equal-heights \"><div  class=\"inside-grid-column\"><a href=\"https:\/\/ifdc10-juj.infd.edu.ar\/sitio\/wp-content\/uploads\/2020\/01\/2020-SOFTWARE.png\"><img decoding=\"async\" loading=\"lazy\" class=\"aligncenter wp-image-5834 size-full\" src=\"https:\/\/ifdc10-juj.infd.edu.ar\/sitio\/wp-content\/uploads\/2020\/01\/2020-SOFTWARE.png\" alt=\"\" width=\"480\" height=\"360\" \/><\/a><\/div><\/div><div  class=\"lgc-column lgc-grid-parent lgc-grid-33 lgc-tablet-grid-50 lgc-mobile-grid-100 lgc-equal-heights \"><div  class=\"inside-grid-column\">\n<ul>\n<li><strong><a href=\"https:\/\/ifdc10-juj.infd.edu.ar\/sitio\/matriculacion-inscripcion\/\" target=\"_blank\" rel=\"noopener\">FORMULARIO PARA LA INSCRIPCI\u00d3N A UNIDADES CURRICULARES DE LA CARRERA EN FORMATO DIGITAL<\/a>\n<p><\/p><\/strong><\/li>\n<li><strong><a href=\"https:\/\/ifdc10-juj.infd.edu.ar\/sitio\/ingreso-2018-cartillas\/\" target=\"_NEW\" rel=\"noopener\"><em>CARTILLAS DE INGRESO 2020<\/em><\/a>\n<p><\/p><\/strong><\/li>\n<li><a href=\"https:\/\/ifdc10-juj.infd.edu.ar\/sitio\/wp-content\/uploads\/2021\/12\/ESTRUCTURA-CURRICULAR-SOFTWARE.jpeg\" target=\"_blank\" rel=\"noopener\"><strong>ESTRUCTURA CURRICULAR DE LA CARRERA<\/strong><\/a>\n<\/li>\n<li><a href=\"https:\/\/ifdc10-juj.infd.edu.ar\/sitio\/wp-content\/uploads\/2021\/12\/CORRELATIVIDADES-SOFTWARE.jpeg\" target=\"_blank\" rel=\"noopener\"><strong><em>PLAN DE ACREDITACI\u00d3N Y CORRELATIVIDADES<\/em><\/strong><\/a><\/li>\n<\/ul>\n<p><\/p><\/div><\/div><div  class=\"lgc-column lgc-grid-parent lgc-grid-33 lgc-tablet-grid-50 lgc-mobile-grid-100 lgc-equal-heights \"><div  class=\"inside-grid-column\">\n<h5><a href=\"https:\/\/ifdc10-juj.infd.edu.ar\/sitio\/requisitos-para-el-ingreso\/https-ifdc10-juj-infd-edu-ar-sitio-carreras-en-el-ies-no10\/\" target=\"_blank\" rel=\"noopener\"><strong>OFERTAS\u00a0 EDUCATIVAS DEL IES 10<\/strong><\/a><\/h5>\n<h5>\/ \u00a0 <strong><a href=\"https:\/\/ifdc10-juj.infd.edu.ar\/sitio\/ingreso-2018-cartillas\/\">CARTILLAS DE INGRESO 2020<\/a><\/strong>\u00a0 \/ <\/h5><\/div><\/div><\/h5>\n<h5 style=\"text-align: center;\">HORARIOS DE LA TECNICATURA: Escuela N\u00b0123 FRAILE PINTADO. Turno vespertino<\/h5>\n<h5 style=\"text-align: center;\"><a href=\"https:\/\/ifdc10-juj.infd.edu.ar\/aula\/index.cgi?id_curso=238&amp;id_curso_ant=242\">ACCESO AL AULA VIRTUAL DE LA T.S. EN DESARROLLO DE SOFTWARE<\/a><\/h5>\n<p style=\"text-align: center;\"><a href=\"https:\/\/docs.google.com\/forms\/d\/e\/1FAIpQLScbhbKYCWYY-tz4eau1jh8eWRV0MSTwbt6R6QySLmpEr2ujug\/closedform\"><strong>SOLICITUD DE CLAVE DE INGRESO AL CAMPUS<\/strong><\/a>. S\u00f3lo para alumnos matriculados en la instituci\u00f3n<\/p>\n<h5 style=\"text-align: center;\">El coordinaci\u00f3n de la Tecnicatura resultar\u00e1 de la elecci\u00f3n de\u00a0 los colegas una vez conformado el plantel docente de la carrera<\/h5>\n","protected":false},"excerpt":{"rendered":"<p>TECNICATURA SUPERIOR EN DESARROLLO DE SOFTWARE SEDE: Esc. N\u00b0123. Fraile Pintado. Turno vespertino. Esta carrera se empieza a cursar en el a\u00f1o 2020 una vez finalizado el curso de ambientaci\u00f3n del 20\/02 hasta el 11\/03 de 2020 HORARIOS DE LA TECNICATURA: Escuela N\u00b0123 FRAILE PINTADO. Turno vespertino ACCESO AL AULA VIRTUAL DE LA T.S. EN &#8230; <a title=\"TEC. SUP. EN DESARROLLO DE SOFTWARE\" class=\"read-more\" href=\"https:\/\/ifdc10-juj.infd.edu.ar\/sitio\/tec-sup-en-desarrollo-de-software\/\" aria-label=\"More on TEC. SUP. EN DESARROLLO DE SOFTWARE\">[+]<\/a><\/p>\n","protected":false},"author":775,"featured_media":0,"parent":0,"menu_order":0,"comment_status":"closed","ping_status":"closed","template":"","meta":[],"acf":[],"_links":{"self":[{"href":"https:\/\/ifdc10-juj.infd.edu.ar\/sitio\/wp-json\/wp\/v2\/pages\/5846"}],"collection":[{"href":"https:\/\/ifdc10-juj.infd.edu.ar\/sitio\/wp-json\/wp\/v2\/pages"}],"about":[{"href":"https:\/\/ifdc10-juj.infd.edu.ar\/sitio\/wp-json\/wp\/v2\/types\/page"}],"author":[{"embeddable":true,"href":"https:\/\/ifdc10-juj.infd.edu.ar\/sitio\/wp-json\/wp\/v2\/users\/775"}],"replies":[{"embeddable":true,"href":"https:\/\/ifdc10-juj.infd.edu.ar\/sitio\/wp-json\/wp\/v2\/comments?post=5846"}],"version-history":[{"count":10,"href":"https:\/\/ifdc10-juj.infd.edu.ar\/sitio\/wp-json\/wp\/v2\/pages\/5846\/revisions"}],"predecessor-version":[{"id":8443,"href":"https:\/\/ifdc10-juj.infd.edu.ar\/sitio\/wp-json\/wp\/v2\/pages\/5846\/revisions\/8443"}],"wp:attachment":[{"href":"https:\/\/ifdc10-juj.infd.edu.ar\/sitio\/wp-json\/wp\/v2\/media?parent=5846"}],"curies":[{"name":"wp","href":"https:\/\/api.w.org\/{rel}","templated":true}]}}