{"id":5835,"date":"2020-01-12T17:32:08","date_gmt":"2020-01-12T20:32:08","guid":{"rendered":"https:\/\/ifdc10-juj.infd.edu.ar\/sitio\/?page_id=5835"},"modified":"2023-03-21T00:25:45","modified_gmt":"2023-03-21T03:25:45","slug":"tec-sup-en-tecnologia-de-los-alimentos-2020","status":"publish","type":"page","link":"https:\/\/ifdc10-juj.infd.edu.ar\/sitio\/tec-sup-en-tecnologia-de-los-alimentos-2020\/","title":{"rendered":"TEC. SUP. EN TECNOLOG\u00cdA DE LOS ALIMENTOS. 2020."},"content":{"rendered":"<h2 style=\"text-align: center;\"><strong><a href=\"https:\/\/ifdc10-juj.infd.edu.ar\/sitio\/wp-content\/uploads\/2020\/01\/2020-ALIMNENTOS.png\"><img decoding=\"async\" loading=\"lazy\" class=\"wp-image-5829 alignleft\" src=\"https:\/\/ifdc10-juj.infd.edu.ar\/sitio\/wp-content\/uploads\/2020\/01\/2020-ALIMNENTOS.png\" alt=\"\" width=\"657\" height=\"493\" \/><\/a>TECNICATURA SUPERIOR EN TECNOLOG\u00cdA DE LOS ALIMENTOS<\/strong><\/h2>\n<h3 style=\"text-align: center;\"><a href=\"https:\/\/ifdc10-juj.infd.edu.ar\/sitio\/wp-content\/uploads\/2019\/04\/Nueva-imagen-26.png\">SEDE: Esc. Prov. de Comercio n\u00b05. YUTO.<\/a> Turno vespetino.<\/h3>\n<h4 style=\"text-align: center;\"><strong>Esta carrera se empieza a cursar este a\u00f1o una vez finalizado el curso de ambientaci\u00f3n en agosto de 2023<\/strong><\/h4>\n<p style=\"text-align: center;\"><div  class=\"lgc-column lgc-grid-parent lgc-grid-33 lgc-tablet-grid-50 lgc-mobile-grid-100 lgc-equal-heights \"><div  class=\"inside-grid-column\">\n<ul>\n<li><strong><a href=\"https:\/\/ifdc10-juj.infd.edu.ar\/sitio\/matriculacion-inscripcion\/\" target=\"_blank\" rel=\"noopener\">FORMULARIO PARA LA MATRICULACI\u00d3N DEFINITIVA A LA CARRERA EN FORMATO DIGITAL.<\/a>\u00a0<\/strong><\/li>\n<li><strong><em>CARTILLAS DE INGRESO\u00a0 en proceso<\/em><\/strong><\/li>\n<li><strong>ESTRUCTURA CURRICULAR DE LA CARRERA<\/strong><\/li>\n<li><strong><em>\u00a0Plan de correlatividades y r\u00e9gimen de acreditacion.<\/em><\/strong><\/li><\/ul><\/div><\/div><div  class=\"lgc-column lgc-grid-parent lgc-grid-33 lgc-tablet-grid-50 lgc-mobile-grid-100 lgc-equal-heights \"><div  class=\"inside-grid-column\"><strong>INGRESO AL IES n10 \u2013 2020 <span style=\"font-weight: 400;\">[<\/span>.<\/strong>\/lgc_column]<div  class=\"lgc-column lgc-grid-parent lgc-grid-33 lgc-tablet-grid-50 lgc-mobile-grid-100 lgc-equal-heights \"><div  class=\"inside-grid-column\"><\/div><\/div>\n\n<ul>\n<li>HORARIOS DE LA TECNICATURA: Escuela Provincial de Com. N\u00b05. Yuto. Turno vespertino<\/li>\n<\/ul>\n<p style=\"text-align: center;\"><a href=\"https:\/\/docs.google.com\/forms\/d\/e\/1FAIpQLScbhbKYCWYY-tz4eau1jh8eWRV0MSTwbt6R6QySLmpEr2ujug\/closedform\"><strong>SOLICITUD DE CLAVE DE INGRESO AL CAMPUS.<\/strong> <\/a>S\u00f3lo para alumnos matriculados en la instituci\u00f3n<\/p><\/div><\/div>La coordinaci\u00f3n de la Tecnicatura la eligen los colegas una vez conformado el plantel docente de la carrera.<\/p>\n","protected":false},"excerpt":{"rendered":"<p>TECNICATURA SUPERIOR EN TECNOLOG\u00cdA DE LOS ALIMENTOS SEDE: Esc. Prov. de Comercio n\u00b05. YUTO. Turno vespetino. Esta carrera se empieza a cursar este a\u00f1o una vez finalizado el curso de ambientaci\u00f3n en agosto de 2023 La coordinaci\u00f3n de la Tecnicatura la eligen los colegas una vez conformado el plantel docente de la carrera.<\/p>\n","protected":false},"author":775,"featured_media":0,"parent":0,"menu_order":0,"comment_status":"closed","ping_status":"closed","template":"","meta":[],"acf":[],"_links":{"self":[{"href":"https:\/\/ifdc10-juj.infd.edu.ar\/sitio\/wp-json\/wp\/v2\/pages\/5835"}],"collection":[{"href":"https:\/\/ifdc10-juj.infd.edu.ar\/sitio\/wp-json\/wp\/v2\/pages"}],"about":[{"href":"https:\/\/ifdc10-juj.infd.edu.ar\/sitio\/wp-json\/wp\/v2\/types\/page"}],"author":[{"embeddable":true,"href":"https:\/\/ifdc10-juj.infd.edu.ar\/sitio\/wp-json\/wp\/v2\/users\/775"}],"replies":[{"embeddable":true,"href":"https:\/\/ifdc10-juj.infd.edu.ar\/sitio\/wp-json\/wp\/v2\/comments?post=5835"}],"version-history":[{"count":27,"href":"https:\/\/ifdc10-juj.infd.edu.ar\/sitio\/wp-json\/wp\/v2\/pages\/5835\/revisions"}],"predecessor-version":[{"id":10139,"href":"https:\/\/ifdc10-juj.infd.edu.ar\/sitio\/wp-json\/wp\/v2\/pages\/5835\/revisions\/10139"}],"wp:attachment":[{"href":"https:\/\/ifdc10-juj.infd.edu.ar\/sitio\/wp-json\/wp\/v2\/media?parent=5835"}],"curies":[{"name":"wp","href":"https:\/\/api.w.org\/{rel}","templated":true}]}}