{"id":5430,"date":"2019-11-21T11:31:01","date_gmt":"2019-11-21T14:31:01","guid":{"rendered":"https:\/\/ifdc10-juj.infd.edu.ar\/sitio\/?page_id=5430"},"modified":"2019-11-23T10:20:17","modified_gmt":"2019-11-23T13:20:17","slug":"convenio-firma-de-ies","status":"publish","type":"page","link":"https:\/\/ifdc10-juj.infd.edu.ar\/sitio\/convenio-firma-de-ies\/","title":{"rendered":"TECNICATURAS. Importante firma de convenio."},"content":{"rendered":"<h4 style=\"text-align: center;\">MINISTERIO FIRMA CONVENIO DE COOPERACI\u00d3N CON IES DEL INTERIOR PARA PR\u00c1CTICAS PROFESIONALIZANTES.<\/h4>\n<figure id=\"attachment_5431\" aria-describedby=\"caption-attachment-5431\" style=\"width: 390px\" class=\"wp-caption alignleft\"><a href=\"https:\/\/ifdc10-juj.infd.edu.ar\/sitio\/wp-content\/uploads\/2019\/11\/CONVENIO-IES10.jpg\"><img decoding=\"async\" loading=\"lazy\" class=\"wp-image-5431\" src=\"https:\/\/ifdc10-juj.infd.edu.ar\/sitio\/wp-content\/uploads\/2019\/11\/CONVENIO-IES10.jpg\" alt=\"\" width=\"400\" height=\"267\" \/><\/a><figcaption id=\"caption-attachment-5431\" class=\"wp-caption-text\">El 20 de noviembre de 2019 las autoridades de los Institutos Superiores firman el convenio.<\/figcaption><\/figure>\n<figure id=\"attachment_5432\" aria-describedby=\"caption-attachment-5432\" style=\"width: 390px\" class=\"wp-caption alignright\"><a href=\"https:\/\/ifdc10-juj.infd.edu.ar\/sitio\/wp-content\/uploads\/2019\/11\/CONVENIO-IES-10.jpg\"><img decoding=\"async\" loading=\"lazy\" class=\"wp-image-5432\" src=\"https:\/\/ifdc10-juj.infd.edu.ar\/sitio\/wp-content\/uploads\/2019\/11\/CONVENIO-IES-10.jpg\" alt=\"\" width=\"400\" height=\"225\" \/><\/a><figcaption id=\"caption-attachment-5432\" class=\"wp-caption-text\">Beneficios para la Tecnictura de Gastronom\u00eda Regional y alimentaci\u00f3n saludable.del IES N\u00ba10<\/figcaption><\/figure>\n<p style=\"text-align: center;\">El Ministerio de Cultura y Turismo, suscribi\u00f3 un convenio marco de cooperaci\u00f3n para la realizaci\u00f3n de pr\u00e1cticas profesionalizantes para el \u00e1rea de Gastronom\u00eda en las Tecnicaturas de los Institutos de educaci\u00f3n superior (IES) de Libertador General San Mart\u00edn; Tilcara (Tumbaya) y El Carmen.<\/p>\n<p>Del acto de firma tomaron parte, el Ministro de Cultura y Turismo, Federico Posadas y los rectores del IES N\u00b0 10 de Libertador General San Mart\u00edn, Juan Carlos Flores; Silvia Agostini del IES N\u00b06 de El Carmen y Normando Avenda\u00f1o del IES N\u00b0 2 de (Tumbaya) sede Tilcara.<\/p>\n<p>Nuestro Rector expres\u00f3 a los medios que<em> \u00abel convenio nos abre las puertas para iniciar las pr\u00e1cticas en un \u00e1mbito muy vinculado a la actividad tur\u00edstica\u00bb <\/em>y que <em>\u00abvamos a valorar el impacto de este convenio, en tanto podamos desarrollar todas aquellas acciones y pr\u00e1cticas que plantearemos de ac\u00e1 en m\u00e1s\u00bb<br \/>\n<iframe loading=\"lazy\" src=\"https:\/\/www.youtube.com\/embed\/Ad7itnNKcAQ\" width=\"560\" height=\"315\" frameborder=\"0\" allowfullscreen=\"allowfullscreen\"><\/iframe><\/em>Este evento relevante para las instituciones superiores de la provincia fue informado por el\u00a0 <strong><a href=\"http:\/\/prensa.jujuy.gob.ar\/2019\/11\/20\/convenio-de-cooperacion-con-ies-del-interior-para-practicas-profesionalizantes\/\">sitio oficial del Ministerio<\/a><\/strong> y <strong>el <a href=\"https:\/\/www.teleaudiosa.com.ar\/locales\/2019\/11\/20\/ies-n-10-firma-convenio-por-tecnicatura-en-gastronomia-10308.html\">Canal local de Libertador<\/a><\/strong>.<\/p>\n<p style=\"text-align: right;\">Inform\u00f3: Prof. Juan C. Flores. Rector IES N\u00ba10. Edici\u00f3n web: E.T<\/p>\n","protected":false},"excerpt":{"rendered":"<p>MINISTERIO FIRMA CONVENIO DE COOPERACI\u00d3N CON IES DEL INTERIOR PARA PR\u00c1CTICAS PROFESIONALIZANTES. El Ministerio de Cultura y Turismo, suscribi\u00f3 un convenio marco de cooperaci\u00f3n para la realizaci\u00f3n de pr\u00e1cticas profesionalizantes para el \u00e1rea de Gastronom\u00eda en las Tecnicaturas de los Institutos de educaci\u00f3n superior (IES) de Libertador General San Mart\u00edn; Tilcara (Tumbaya) y El Carmen. &#8230; <a title=\"TECNICATURAS. Importante firma de convenio.\" class=\"read-more\" href=\"https:\/\/ifdc10-juj.infd.edu.ar\/sitio\/convenio-firma-de-ies\/\" aria-label=\"More on TECNICATURAS. Importante firma de convenio.\">[+]<\/a><\/p>\n","protected":false},"author":775,"featured_media":0,"parent":0,"menu_order":0,"comment_status":"closed","ping_status":"closed","template":"","meta":[],"acf":[],"_links":{"self":[{"href":"https:\/\/ifdc10-juj.infd.edu.ar\/sitio\/wp-json\/wp\/v2\/pages\/5430"}],"collection":[{"href":"https:\/\/ifdc10-juj.infd.edu.ar\/sitio\/wp-json\/wp\/v2\/pages"}],"about":[{"href":"https:\/\/ifdc10-juj.infd.edu.ar\/sitio\/wp-json\/wp\/v2\/types\/page"}],"author":[{"embeddable":true,"href":"https:\/\/ifdc10-juj.infd.edu.ar\/sitio\/wp-json\/wp\/v2\/users\/775"}],"replies":[{"embeddable":true,"href":"https:\/\/ifdc10-juj.infd.edu.ar\/sitio\/wp-json\/wp\/v2\/comments?post=5430"}],"version-history":[{"count":9,"href":"https:\/\/ifdc10-juj.infd.edu.ar\/sitio\/wp-json\/wp\/v2\/pages\/5430\/revisions"}],"predecessor-version":[{"id":5457,"href":"https:\/\/ifdc10-juj.infd.edu.ar\/sitio\/wp-json\/wp\/v2\/pages\/5430\/revisions\/5457"}],"wp:attachment":[{"href":"https:\/\/ifdc10-juj.infd.edu.ar\/sitio\/wp-json\/wp\/v2\/media?parent=5430"}],"curies":[{"name":"wp","href":"https:\/\/api.w.org\/{rel}","templated":true}]}}