{"id":5068,"date":"2019-11-05T08:46:00","date_gmt":"2019-11-05T11:46:00","guid":{"rendered":"https:\/\/ifdc10-juj.infd.edu.ar\/sitio\/?page_id=5068"},"modified":"2019-11-05T16:59:53","modified_gmt":"2019-11-05T19:59:53","slug":"ee-esp-cierre-mes-inclusion","status":"publish","type":"page","link":"https:\/\/ifdc10-juj.infd.edu.ar\/sitio\/ee-esp-cierre-mes-inclusion\/","title":{"rendered":"EE. ESPECIAL. MES DE LA INCLUSI\u00d3N. CIERRE"},"content":{"rendered":"<h4 style=\"text-align: center;\"><strong>LOS PROFESORADOS DE EDUCACI\u00d3N ESPECIAL DEL IES N\u00ba10 CERRARON EL MES DE LA INCLUSI\u00d3N EN LA PLAZA CENTRAL CON \u00abEL FESTIVAL DE LA INCLUSI\u00d3N\u00bb.<br \/>\n<\/strong><\/h4>\n<div  class=\"lgc-column lgc-grid-parent lgc-grid-33 lgc-tablet-grid-50 lgc-mobile-grid-100 lgc-equal-heights \"><div  class=\"inside-grid-column\">\n<p><figure id=\"attachment_5069\" aria-describedby=\"caption-attachment-5069\" style=\"width: 470px\" class=\"wp-caption aligncenter\"><img decoding=\"async\" loading=\"lazy\" class=\"size-full wp-image-5069\" src=\"https:\/\/ifdc10-juj.infd.edu.ar\/sitio\/wp-content\/uploads\/2019\/11\/EE.-Inclusi\u00f3n-2019.png\" alt=\"\" width=\"480\" height=\"360\" \/><figcaption id=\"caption-attachment-5069\" class=\"wp-caption-text\">En el evento se entreg\u00f3 folleter\u00eda para promocionar el profesorado de Educ. Especial en la regi\u00f3n. Las instituciones de la comunidad y del Ramal acompa\u00f1an para hacer posible la inclusi\u00f3n en todos los \u00e1mbitos.<\/figcaption><\/figure><\/p>\n<p><\/p><\/div><\/div>\n<div  class=\"lgc-column lgc-grid-parent lgc-grid-33 lgc-tablet-grid-50 lgc-mobile-grid-100 lgc-equal-heights \"><div  class=\"inside-grid-column\">El d\u00eda 31 de octubre en la Plaza central de la Ciudad de L.G.S.M las alumnas y alumnos de los profesorados de EE.EE. \u00a0 del Instituto (orientaci\u00f3n \u00abSordos e Hipoac\u00fasicos\u00bb y \u00abOrientaci\u00f3n\u00a0 disminuidos intelecturales\u00bb) se hicieron presente con sus estand para ofrecer a la comunidad y en particular a las personas con discapacidad un momento de recreaci\u00f3n y felicidad. Animaron lo que dieron en llamar \u00abfestival de la inclusi\u00f3n\u00bb. Las autoridades de la Instituci\u00f3n junto con el plantel docente de ambas carreras acompa\u00f1aron el evento. La puesta en la plaza central facilita que un sinn\u00famero de transe\u00fantes puedan participar del evento. <\/div><\/div>\n<div  class=\"lgc-column lgc-grid-parent lgc-grid-33 lgc-tablet-grid-50 lgc-mobile-grid-100 lgc-equal-heights \"><div  class=\"inside-grid-column\">\n<figure id=\"attachment_5109\" aria-describedby=\"caption-attachment-5109\" style=\"width: 470px\" class=\"wp-caption aligncenter\"><a href=\"https:\/\/ifdc10-juj.infd.edu.ar\/sitio\/wp-content\/uploads\/2019\/11\/EE-INCLUSI\u00d3N-19.png\"><img decoding=\"async\" loading=\"lazy\" class=\"size-full wp-image-5109\" src=\"https:\/\/ifdc10-juj.infd.edu.ar\/sitio\/wp-content\/uploads\/2019\/11\/EE-INCLUSI\u00d3N-19.png\" alt=\"\" width=\"480\" height=\"360\" \/><\/a><figcaption id=\"caption-attachment-5109\" class=\"wp-caption-text\">Las alumnas y alumnos se lucieron con sus producciones. En la imagen, el Vice Rector 1\u00b0 de la Sede Escuela Normal visitando el festival.<\/figcaption><\/figure>\n<p><\/p><\/div><\/div> Al ser un evento a toda la comunidad los canales locales se hacen eco y asisten a registrar el momento. <a href=\"https:\/\/www.teleaudiosa.com.ar\/salud-tiempo-libre\/2019\/11\/4\/el-mes-de-la-inclusion-finalizo-con-un-festival-por-la-inclusion-10200.html\">Aqu\u00ed te enlazamos con esa noticia<\/a> y el video que se publica en la web y la web del canal.<br \/>\n<iframe loading=\"lazy\" src=\"https:\/\/www.youtube.com\/embed\/49j_xTaogtI\" width=\"280\" height=\"260\" frameborder=\"0\" allowfullscreen=\"allowfullscreen\"><\/iframe><\/p>\n<p style=\"text-align: center;\">.<a href=\"https:\/\/ifdc10-juj.infd.edu.ar\/sitio\/wp-content\/uploads\/2019\/11\/ee17.jpeg\"><img decoding=\"async\" loading=\"lazy\" class=\" wp-image-5089 alignnone\" src=\"https:\/\/ifdc10-juj.infd.edu.ar\/sitio\/wp-content\/uploads\/2019\/11\/ee15.jpeg\" alt=\"\" width=\"292\" height=\"519\" \/><img decoding=\"async\" loading=\"lazy\" class=\" wp-image-5088 alignnone\" src=\"https:\/\/ifdc10-juj.infd.edu.ar\/sitio\/wp-content\/uploads\/2019\/11\/ee9.jpeg\" alt=\"\" width=\"293\" height=\"521\" \/><img decoding=\"async\" loading=\"lazy\" class=\" wp-image-5087 alignnone\" src=\"https:\/\/ifdc10-juj.infd.edu.ar\/sitio\/wp-content\/uploads\/2019\/11\/ee2.jpeg\" alt=\"\" width=\"293\" height=\"520\" \/><img decoding=\"async\" loading=\"lazy\" class=\"size-full wp-image-5086 alignnone\" src=\"https:\/\/ifdc10-juj.infd.edu.ar\/sitio\/wp-content\/uploads\/2019\/11\/ee21.jpeg\" alt=\"\" width=\"448\" height=\"252\" \/><img decoding=\"async\" loading=\"lazy\" class=\"size-full wp-image-5085 alignnone\" src=\"https:\/\/ifdc10-juj.infd.edu.ar\/sitio\/wp-content\/uploads\/2019\/11\/ee17.jpeg\" alt=\"\" width=\"448\" height=\"252\" \/><\/a><a href=\"https:\/\/ifdc10-juj.infd.edu.ar\/sitio\/wp-content\/uploads\/2019\/11\/ee5.jpeg\"><img decoding=\"async\" loading=\"lazy\" class=\"size-full wp-image-5084 alignnone\" src=\"https:\/\/ifdc10-juj.infd.edu.ar\/sitio\/wp-content\/uploads\/2019\/11\/ee8.jpeg\" alt=\"\" width=\"448\" height=\"252\" \/><img decoding=\"async\" loading=\"lazy\" class=\"size-full wp-image-5083 alignnone\" src=\"https:\/\/ifdc10-juj.infd.edu.ar\/sitio\/wp-content\/uploads\/2019\/11\/ee5.jpeg\" alt=\"\" width=\"448\" height=\"252\" \/><\/a><a href=\"https:\/\/ifdc10-juj.infd.edu.ar\/sitio\/wp-content\/uploads\/2019\/11\/ee10.jpeg\"><img decoding=\"async\" loading=\"lazy\" class=\"size-full wp-image-5082 alignnone\" src=\"https:\/\/ifdc10-juj.infd.edu.ar\/sitio\/wp-content\/uploads\/2019\/11\/ee4.jpeg\" alt=\"\" width=\"448\" height=\"252\" \/><\/a><a href=\"https:\/\/ifdc10-juj.infd.edu.ar\/sitio\/wp-content\/uploads\/2019\/11\/ee10.jpeg\"><img decoding=\"async\" loading=\"lazy\" class=\"size-full wp-image-5081 alignnone\" src=\"https:\/\/ifdc10-juj.infd.edu.ar\/sitio\/wp-content\/uploads\/2019\/11\/ee3.jpeg\" alt=\"\" width=\"448\" height=\"252\" \/><\/a><a href=\"https:\/\/ifdc10-juj.infd.edu.ar\/sitio\/wp-content\/uploads\/2019\/11\/ee10.jpeg\"><img decoding=\"async\" loading=\"lazy\" class=\"size-full wp-image-5094 alignnone\" src=\"https:\/\/ifdc10-juj.infd.edu.ar\/sitio\/wp-content\/uploads\/2019\/11\/ee7.jpeg\" alt=\"\" width=\"448\" height=\"252\" \/><\/a><a href=\"https:\/\/ifdc10-juj.infd.edu.ar\/sitio\/wp-content\/uploads\/2019\/11\/ee10.jpeg\"><img decoding=\"async\" loading=\"lazy\" class=\"size-medium wp-image-5095 alignnone\" src=\"https:\/\/ifdc10-juj.infd.edu.ar\/sitio\/wp-content\/uploads\/2019\/11\/ee10.jpeg\" alt=\"\" width=\"448\" height=\"252\" \/><\/a><\/p>\n","protected":false},"excerpt":{"rendered":"<p>LOS PROFESORADOS DE EDUCACI\u00d3N ESPECIAL DEL IES N\u00ba10 CERRARON EL MES DE LA INCLUSI\u00d3N EN LA PLAZA CENTRAL CON \u00abEL FESTIVAL DE LA INCLUSI\u00d3N\u00bb. Al ser un evento a toda la comunidad los canales locales se hacen eco y asisten a registrar el momento. Aqu\u00ed te enlazamos con esa noticia y el video que se &#8230; <a title=\"EE. ESPECIAL. MES DE LA INCLUSI\u00d3N. CIERRE\" class=\"read-more\" href=\"https:\/\/ifdc10-juj.infd.edu.ar\/sitio\/ee-esp-cierre-mes-inclusion\/\" aria-label=\"More on EE. ESPECIAL. MES DE LA INCLUSI\u00d3N. CIERRE\">[+]<\/a><\/p>\n","protected":false},"author":775,"featured_media":0,"parent":0,"menu_order":0,"comment_status":"closed","ping_status":"closed","template":"","meta":[],"acf":[],"_links":{"self":[{"href":"https:\/\/ifdc10-juj.infd.edu.ar\/sitio\/wp-json\/wp\/v2\/pages\/5068"}],"collection":[{"href":"https:\/\/ifdc10-juj.infd.edu.ar\/sitio\/wp-json\/wp\/v2\/pages"}],"about":[{"href":"https:\/\/ifdc10-juj.infd.edu.ar\/sitio\/wp-json\/wp\/v2\/types\/page"}],"author":[{"embeddable":true,"href":"https:\/\/ifdc10-juj.infd.edu.ar\/sitio\/wp-json\/wp\/v2\/users\/775"}],"replies":[{"embeddable":true,"href":"https:\/\/ifdc10-juj.infd.edu.ar\/sitio\/wp-json\/wp\/v2\/comments?post=5068"}],"version-history":[{"count":29,"href":"https:\/\/ifdc10-juj.infd.edu.ar\/sitio\/wp-json\/wp\/v2\/pages\/5068\/revisions"}],"predecessor-version":[{"id":5119,"href":"https:\/\/ifdc10-juj.infd.edu.ar\/sitio\/wp-json\/wp\/v2\/pages\/5068\/revisions\/5119"}],"wp:attachment":[{"href":"https:\/\/ifdc10-juj.infd.edu.ar\/sitio\/wp-json\/wp\/v2\/media?parent=5068"}],"curies":[{"name":"wp","href":"https:\/\/api.w.org\/{rel}","templated":true}]}}