{"id":4871,"date":"2019-10-17T17:26:42","date_gmt":"2019-10-17T20:26:42","guid":{"rendered":"https:\/\/ifdc10-juj.infd.edu.ar\/sitio\/?page_id=4871"},"modified":"2022-06-21T10:00:10","modified_gmt":"2022-06-21T13:00:10","slug":"noticias-de-sede-yuto","status":"publish","type":"page","link":"https:\/\/ifdc10-juj.infd.edu.ar\/sitio\/noticias-de-sede-yuto\/","title":{"rendered":"Tec. Cocina Regional"},"content":{"rendered":"<h5>Alumnos de Tercer a\u00f1o de la Tecnicatura superior de Cocina Regional y Cultura Alimentaria, Carrera dependiente del IES 10, en UC pr\u00e1cticas Cocina Internacional ofrecieron una degustaci\u00f3n de Cocina Italiana y agasajaron a los presentes.<\/h5>\n<div id=\"metaslider-id-9324\" style=\"max-width: 600px; margin: 0 auto;\" class=\"ml-slider-3-33-0 metaslider metaslider-coin metaslider-9324 ml-slider ms-theme-default\" role=\"region\" aria-roledescription=\"Slideshow\" aria-label=\"Slideshow\">\n    <div id=\"metaslider_container_9324\">\n        <div id='metaslider_9324' class='coin-slider'>\n<a href=\"javascript:void(0)\" target=\"_self\"><img src=\"https:\/\/ifdc10-juj.infd.edu.ar\/sitio\/wp-content\/uploads\/2022\/06\/WhatsApp-Image-2022-06-15-at-11.54.41-PM-1-600x350.jpeg\" height=\"350\" width=\"600\" alt=\"\" class=\"slider-9324 slide-9389\" title=\"WhatsApp Image 2022-06-15 at 11.54.41 PM (1)\" style=\"display: none;\" \/><\/a>\n<a href=\"javascript:void(0)\" target=\"_self\"><img src=\"https:\/\/ifdc10-juj.infd.edu.ar\/sitio\/wp-content\/uploads\/2022\/06\/WhatsApp-Image-2022-06-15-at-11.54.42-PM-2-600x350.jpeg\" height=\"350\" width=\"600\" alt=\"\" class=\"slider-9324 slide-9387\" title=\"WhatsApp Image 2022-06-15 at 11.54.42 PM (2)\" style=\"display: none;\" \/><\/a>\n<a href=\"javascript:void(0)\" target=\"_self\"><img src=\"https:\/\/ifdc10-juj.infd.edu.ar\/sitio\/wp-content\/uploads\/2022\/06\/WhatsApp-Image-2022-06-15-at-11.54.41-PM-600x350.jpeg\" height=\"350\" width=\"600\" alt=\"\" class=\"slider-9324 slide-9377\" title=\"WhatsApp Image 2022-06-15 at 11.54.41 PM\" style=\"display: none;\" \/><\/a>\n<a href=\"javascript:void(0)\" target=\"_self\"><img src=\"https:\/\/ifdc10-juj.infd.edu.ar\/sitio\/wp-content\/uploads\/2022\/06\/WhatsApp-Image-2022-06-15-at-11.54.43-PM-600x350.jpeg\" height=\"350\" width=\"600\" alt=\"\" class=\"slider-9324 slide-9371\" title=\"WhatsApp Image 2022-06-15 at 11.54.43 PM\" style=\"display: none;\" \/><\/a>\n<a href=\"javascript:void(0)\" target=\"_self\"><img src=\"https:\/\/ifdc10-juj.infd.edu.ar\/sitio\/wp-content\/uploads\/2022\/06\/WhatsApp-Image-2022-06-15-at-11.54.47-PM-1-600x350.jpeg\" height=\"350\" width=\"600\" alt=\"\" class=\"slider-9324 slide-9370\" title=\"WhatsApp Image 2022-06-15 at 11.54.47 PM (1)\" style=\"display: none;\" \/><\/a>\n<a href=\"javascript:void(0)\" target=\"_self\"><img src=\"https:\/\/ifdc10-juj.infd.edu.ar\/sitio\/wp-content\/uploads\/2022\/06\/WhatsApp-Image-2022-06-15-at-11.54.42-PM-2-600x350.jpeg\" height=\"350\" width=\"600\" alt=\"\" class=\"slider-9324 slide-9374\" title=\"WhatsApp Image 2022-06-15 at 11.54.42 PM (2)\" style=\"display: none;\" \/><\/a>\n<a href=\"javascript:void(0)\" target=\"_self\"><img src=\"https:\/\/ifdc10-juj.infd.edu.ar\/sitio\/wp-content\/uploads\/2022\/06\/WhatsApp-Image-2022-06-15-at-11.54.43-PM-1-600x350.jpeg\" height=\"350\" width=\"600\" alt=\"\" class=\"slider-9324 slide-9372\" title=\"WhatsApp Image 2022-06-15 at 11.54.43 PM (1)\" style=\"display: none;\" \/><\/a>\n<a href=\"javascript:void(0)\" target=\"_self\"><img src=\"https:\/\/ifdc10-juj.infd.edu.ar\/sitio\/wp-content\/uploads\/2022\/06\/WhatsApp-Image-2022-06-15-at-11.54.40-PM-2-600x350.jpeg\" height=\"350\" width=\"600\" alt=\"\" class=\"slider-9324 slide-9379\" title=\"WhatsApp Image 2022-06-15 at 11.54.40 PM (2)\" style=\"display: none;\" \/><\/a>\n<a href=\"javascript:void(0)\" target=\"_self\"><img src=\"https:\/\/ifdc10-juj.infd.edu.ar\/sitio\/wp-content\/uploads\/2022\/06\/WhatsApp-Image-2022-06-15-at-11.54.43-PM-600x350.jpeg\" height=\"350\" width=\"600\" alt=\"\" class=\"slider-9324 slide-9384\" title=\"WhatsApp Image 2022-06-15 at 11.54.43 PM\" style=\"display: none;\" \/><\/a>\n<a href=\"javascript:void(0)\" target=\"_self\"><img src=\"https:\/\/ifdc10-juj.infd.edu.ar\/sitio\/wp-content\/uploads\/2022\/06\/WhatsApp-Image-2022-06-15-at-11.54.40-PM-1-600x350.jpeg\" height=\"350\" width=\"600\" alt=\"\" class=\"slider-9324 slide-9380\" title=\"WhatsApp Image 2022-06-15 at 11.54.40 PM (1)\" style=\"display: none;\" \/><\/a>\n<a href=\"javascript:void(0)\" target=\"_self\"><img src=\"https:\/\/ifdc10-juj.infd.edu.ar\/sitio\/wp-content\/uploads\/2022\/06\/WhatsApp-Image-2022-06-15-at-11.54.42-PM-600x350.jpeg\" height=\"350\" width=\"600\" alt=\"\" class=\"slider-9324 slide-9373\" title=\"WhatsApp Image 2022-06-15 at 11.54.42 PM\" style=\"display: none;\" \/><\/a>\n<a href=\"javascript:void(0)\" target=\"_self\"><img src=\"https:\/\/ifdc10-juj.infd.edu.ar\/sitio\/wp-content\/uploads\/2022\/06\/WhatsApp-Image-2022-06-15-at-11.54.40-PM-600x350.jpeg\" height=\"350\" width=\"600\" alt=\"\" class=\"slider-9324 slide-9375\" title=\"WhatsApp Image 2022-06-15 at 11.54.40 PM\" style=\"display: none;\" \/><\/a>\n<a href=\"javascript:void(0)\" target=\"_self\"><img src=\"https:\/\/ifdc10-juj.infd.edu.ar\/sitio\/wp-content\/uploads\/2022\/06\/WhatsApp-Image-2022-06-15-at-11.54.38-PM-600x350.jpeg\" height=\"350\" width=\"600\" alt=\"\" class=\"slider-9324 slide-9382\" title=\"WhatsApp Image 2022-06-15 at 11.54.38 PM\" style=\"display: none;\" \/><\/a>\n<a href=\"javascript:void(0)\" target=\"_self\"><img src=\"https:\/\/ifdc10-juj.infd.edu.ar\/sitio\/wp-content\/uploads\/2022\/06\/WhatsApp-Image-2022-06-15-at-11.54.41-PM-1-600x350.jpeg\" height=\"350\" width=\"600\" alt=\"\" class=\"slider-9324 slide-9376\" title=\"WhatsApp Image 2022-06-15 at 11.54.41 PM (1)\" style=\"display: none;\" \/><\/a>\n<a href=\"javascript:void(0)\" target=\"_self\"><img src=\"https:\/\/ifdc10-juj.infd.edu.ar\/sitio\/wp-content\/uploads\/2022\/06\/WhatsApp-Image-2022-06-15-at-11.54.40-PM-2-600x350.jpeg\" height=\"350\" width=\"600\" alt=\"\" class=\"slider-9324 slide-9395\" title=\"WhatsApp Image 2022-06-15 at 11.54.40 PM (2)\" style=\"display: none;\" \/><\/a>\n<a href=\"javascript:void(0)\" target=\"_self\"><img src=\"https:\/\/ifdc10-juj.infd.edu.ar\/sitio\/wp-content\/uploads\/2022\/06\/WhatsApp-Image-2022-06-15-at-11.54.38-PM-600x350.jpeg\" height=\"350\" width=\"600\" alt=\"\" class=\"slider-9324 slide-9392\" title=\"WhatsApp Image 2022-06-15 at 11.54.38 PM\" style=\"display: none;\" \/><\/a>\n<a href=\"javascript:void(0)\" target=\"_self\"><img src=\"https:\/\/ifdc10-juj.infd.edu.ar\/sitio\/wp-content\/uploads\/2022\/06\/WhatsApp-Image-2022-06-15-at-11.54.39-PM-1-600x350.jpeg\" height=\"350\" width=\"600\" alt=\"\" class=\"slider-9324 slide-9381\" title=\"WhatsApp Image 2022-06-15 at 11.54.39 PM (1)\" style=\"display: none;\" \/><\/a>\n<a href=\"javascript:void(0)\" target=\"_self\"><img src=\"https:\/\/ifdc10-juj.infd.edu.ar\/sitio\/wp-content\/uploads\/2022\/06\/WhatsApp-Image-2022-06-15-at-11.54.40-PM-1-600x350.jpeg\" height=\"350\" width=\"600\" alt=\"\" class=\"slider-9324 slide-9394\" title=\"WhatsApp Image 2022-06-15 at 11.54.40 PM (1)\" style=\"display: none;\" \/><\/a>\n<a href=\"javascript:void(0)\" target=\"_self\"><img src=\"https:\/\/ifdc10-juj.infd.edu.ar\/sitio\/wp-content\/uploads\/2022\/06\/WhatsApp-Image-2022-06-15-at-11.54.40-PM-600x350.jpeg\" height=\"350\" width=\"600\" alt=\"\" class=\"slider-9324 slide-9388\" title=\"WhatsApp Image 2022-06-15 at 11.54.40 PM\" style=\"display: none;\" \/><\/a>\n<a href=\"javascript:void(0)\" target=\"_self\"><img src=\"https:\/\/ifdc10-juj.infd.edu.ar\/sitio\/wp-content\/uploads\/2022\/06\/WhatsApp-Image-2022-06-15-at-11.54.42-PM-1-600x350.jpeg\" height=\"350\" width=\"600\" alt=\"\" class=\"slider-9324 slide-9378\" title=\"WhatsApp Image 2022-06-15 at 11.54.42 PM (1)\" style=\"display: none;\" \/><\/a>\n<a href=\"javascript:void(0)\" target=\"_self\"><img src=\"https:\/\/ifdc10-juj.infd.edu.ar\/sitio\/wp-content\/uploads\/2022\/06\/WhatsApp-Image-2022-06-15-at-11.54.47-PM-1-600x350.jpeg\" height=\"350\" width=\"600\" alt=\"\" class=\"slider-9324 slide-9383\" title=\"WhatsApp Image 2022-06-15 at 11.54.47 PM (1)\" style=\"display: none;\" \/><\/a>\n        <\/div>\n        \n    <\/div>\n<\/div>\n<h5>Alumnos y docentes de la Tecnicatura de Cocina Regional, a cargo de la recepci\u00f3n en el Acto de Asunci\u00f3n de nuevas autoridades del IES 10, entre infusiones y caf\u00e9, se lucieron con la mesa dulce.<\/h5>\n<div  class=\"lgc-column lgc-grid-parent lgc-grid-50 lgc-tablet-grid-50 lgc-mobile-grid-100 lgc-equal-heights \"><div  class=\"inside-grid-column\"><div id=\"metaslider-id-9315\" style=\"max-width: 600px; margin: 0 auto;\" class=\"ml-slider-3-33-0 metaslider metaslider-coin metaslider-9315 ml-slider ms-theme-default\" role=\"region\" aria-roledescription=\"Slideshow\" aria-label=\"Slideshow\">\n    <div id=\"metaslider_container_9315\">\n        <div id='metaslider_9315' class='coin-slider'>\n<a href=\"javascript:void(0)\" target=\"_self\"><img src=\"https:\/\/ifdc10-juj.infd.edu.ar\/sitio\/wp-content\/uploads\/2022\/06\/WhatsApp-Image-2022-06-04-at-11.51.13-PM-1-600x350.jpeg\" height=\"350\" width=\"600\" alt=\"\" class=\"slider-9315 slide-9323\" title=\"WhatsApp Image 2022-06-04 at 11.51.13 PM (1)\" style=\"display: none;\" \/><\/a>\n<a href=\"javascript:void(0)\" target=\"_self\"><img src=\"https:\/\/ifdc10-juj.infd.edu.ar\/sitio\/wp-content\/uploads\/2022\/06\/WhatsApp-Image-2022-06-04-at-11.51.13-PM-600x350.jpeg\" height=\"350\" width=\"600\" alt=\"\" class=\"slider-9315 slide-9322\" title=\"WhatsApp Image 2022-06-04 at 11.51.13 PM\" style=\"display: none;\" \/><\/a>\n<a href=\"javascript:void(0)\" target=\"_self\"><img src=\"https:\/\/ifdc10-juj.infd.edu.ar\/sitio\/wp-content\/uploads\/2022\/06\/WhatsApp-Image-2022-05-30-at-8.20.46-PM-1-600x350.jpeg\" height=\"350\" width=\"600\" alt=\"\" class=\"slider-9315 slide-9319\" title=\"WhatsApp Image 2022-05-30 at 8.20.46 PM (1)\" style=\"display: none;\" \/><\/a>\n<a href=\"javascript:void(0)\" target=\"_self\"><img src=\"https:\/\/ifdc10-juj.infd.edu.ar\/sitio\/wp-content\/uploads\/2022\/06\/WhatsApp-Image-2022-05-30-at-8.20.46-PM-600x350.jpeg\" height=\"350\" width=\"600\" alt=\"\" class=\"slider-9315 slide-9318\" title=\"WhatsApp Image 2022-05-30 at 8.20.46 PM\" style=\"display: none;\" \/><\/a>\n<a href=\"javascript:void(0)\" target=\"_self\"><img src=\"https:\/\/ifdc10-juj.infd.edu.ar\/sitio\/wp-content\/uploads\/2022\/06\/WhatsApp-Image-2022-05-30-at-8.20.47-PM-1-600x350.jpeg\" height=\"350\" width=\"600\" alt=\"\" class=\"slider-9315 slide-9321\" title=\"WhatsApp Image 2022-05-30 at 8.20.47 PM (1)\" style=\"display: none;\" \/><\/a>\n<a href=\"javascript:void(0)\" target=\"_self\"><img src=\"https:\/\/ifdc10-juj.infd.edu.ar\/sitio\/wp-content\/uploads\/2022\/06\/WhatsApp-Image-2022-05-30-at-8.20.45-PM-600x350.jpeg\" height=\"350\" width=\"600\" alt=\"\" class=\"slider-9315 slide-9317\" title=\"WhatsApp Image 2022-05-30 at 8.20.45 PM\" style=\"display: none;\" \/><\/a>\n<a href=\"javascript:void(0)\" target=\"_self\"><img src=\"https:\/\/ifdc10-juj.infd.edu.ar\/sitio\/wp-content\/uploads\/2022\/06\/WhatsApp-Image-2022-05-30-at-8.20.47-PM-600x350.jpeg\" height=\"350\" width=\"600\" alt=\"\" class=\"slider-9315 slide-9320\" title=\"WhatsApp Image 2022-05-30 at 8.20.47 PM\" style=\"display: none;\" \/><\/a>\n        <\/div>\n        \n    <\/div>\n<\/div><\/div><\/div>\n<div  class=\"lgc-column lgc-grid-parent lgc-grid-50 lgc-tablet-grid-50 lgc-mobile-grid-100 lgc-equal-heights \"><div  class=\"inside-grid-column\"><div id=\"metaslider-id-9324\" style=\"max-width: 600px; margin: 0 auto;\" class=\"ml-slider-3-33-0 metaslider metaslider-coin metaslider-9324 ml-slider ms-theme-default\" role=\"region\" aria-roledescription=\"Slideshow\" aria-label=\"Slideshow\">\n    <div id=\"metaslider_container_9324\">\n        <div id='metaslider_9324' class='coin-slider'>\n<a href=\"javascript:void(0)\" target=\"_self\"><img src=\"https:\/\/ifdc10-juj.infd.edu.ar\/sitio\/wp-content\/uploads\/2022\/06\/WhatsApp-Image-2022-06-15-at-11.54.42-PM-600x350.jpeg\" height=\"350\" width=\"600\" alt=\"\" class=\"slider-9324 slide-9373\" title=\"WhatsApp Image 2022-06-15 at 11.54.42 PM\" style=\"display: none;\" \/><\/a>\n<a href=\"javascript:void(0)\" target=\"_self\"><img src=\"https:\/\/ifdc10-juj.infd.edu.ar\/sitio\/wp-content\/uploads\/2022\/06\/WhatsApp-Image-2022-06-15-at-11.54.43-PM-600x350.jpeg\" height=\"350\" width=\"600\" alt=\"\" class=\"slider-9324 slide-9384\" title=\"WhatsApp Image 2022-06-15 at 11.54.43 PM\" style=\"display: none;\" \/><\/a>\n<a href=\"javascript:void(0)\" target=\"_self\"><img src=\"https:\/\/ifdc10-juj.infd.edu.ar\/sitio\/wp-content\/uploads\/2022\/06\/WhatsApp-Image-2022-06-15-at-11.54.43-PM-600x350.jpeg\" height=\"350\" width=\"600\" alt=\"\" class=\"slider-9324 slide-9371\" title=\"WhatsApp Image 2022-06-15 at 11.54.43 PM\" style=\"display: none;\" \/><\/a>\n<a href=\"javascript:void(0)\" target=\"_self\"><img src=\"https:\/\/ifdc10-juj.infd.edu.ar\/sitio\/wp-content\/uploads\/2022\/06\/WhatsApp-Image-2022-06-15-at-11.54.40-PM-2-600x350.jpeg\" height=\"350\" width=\"600\" alt=\"\" class=\"slider-9324 slide-9395\" title=\"WhatsApp Image 2022-06-15 at 11.54.40 PM (2)\" style=\"display: none;\" \/><\/a>\n<a href=\"javascript:void(0)\" target=\"_self\"><img src=\"https:\/\/ifdc10-juj.infd.edu.ar\/sitio\/wp-content\/uploads\/2022\/06\/WhatsApp-Image-2022-06-15-at-11.54.43-PM-1-600x350.jpeg\" height=\"350\" width=\"600\" alt=\"\" class=\"slider-9324 slide-9372\" title=\"WhatsApp Image 2022-06-15 at 11.54.43 PM (1)\" style=\"display: none;\" \/><\/a>\n<a href=\"javascript:void(0)\" target=\"_self\"><img src=\"https:\/\/ifdc10-juj.infd.edu.ar\/sitio\/wp-content\/uploads\/2022\/06\/WhatsApp-Image-2022-06-15-at-11.54.40-PM-600x350.jpeg\" height=\"350\" width=\"600\" alt=\"\" class=\"slider-9324 slide-9375\" title=\"WhatsApp Image 2022-06-15 at 11.54.40 PM\" style=\"display: none;\" \/><\/a>\n<a href=\"javascript:void(0)\" target=\"_self\"><img src=\"https:\/\/ifdc10-juj.infd.edu.ar\/sitio\/wp-content\/uploads\/2022\/06\/WhatsApp-Image-2022-06-15-at-11.54.38-PM-600x350.jpeg\" height=\"350\" width=\"600\" alt=\"\" class=\"slider-9324 slide-9382\" title=\"WhatsApp Image 2022-06-15 at 11.54.38 PM\" style=\"display: none;\" \/><\/a>\n<a href=\"javascript:void(0)\" target=\"_self\"><img src=\"https:\/\/ifdc10-juj.infd.edu.ar\/sitio\/wp-content\/uploads\/2022\/06\/WhatsApp-Image-2022-06-15-at-11.54.40-PM-1-600x350.jpeg\" height=\"350\" width=\"600\" alt=\"\" class=\"slider-9324 slide-9394\" title=\"WhatsApp Image 2022-06-15 at 11.54.40 PM (1)\" style=\"display: none;\" \/><\/a>\n<a href=\"javascript:void(0)\" target=\"_self\"><img src=\"https:\/\/ifdc10-juj.infd.edu.ar\/sitio\/wp-content\/uploads\/2022\/06\/WhatsApp-Image-2022-06-15-at-11.54.47-PM-1-600x350.jpeg\" height=\"350\" width=\"600\" alt=\"\" class=\"slider-9324 slide-9370\" title=\"WhatsApp Image 2022-06-15 at 11.54.47 PM (1)\" style=\"display: none;\" \/><\/a>\n<a href=\"javascript:void(0)\" target=\"_self\"><img src=\"https:\/\/ifdc10-juj.infd.edu.ar\/sitio\/wp-content\/uploads\/2022\/06\/WhatsApp-Image-2022-06-15-at-11.54.42-PM-1-600x350.jpeg\" height=\"350\" width=\"600\" alt=\"\" class=\"slider-9324 slide-9378\" title=\"WhatsApp Image 2022-06-15 at 11.54.42 PM (1)\" style=\"display: none;\" \/><\/a>\n<a href=\"javascript:void(0)\" target=\"_self\"><img src=\"https:\/\/ifdc10-juj.infd.edu.ar\/sitio\/wp-content\/uploads\/2022\/06\/WhatsApp-Image-2022-06-15-at-11.54.41-PM-600x350.jpeg\" height=\"350\" width=\"600\" alt=\"\" class=\"slider-9324 slide-9377\" title=\"WhatsApp Image 2022-06-15 at 11.54.41 PM\" style=\"display: none;\" \/><\/a>\n<a href=\"javascript:void(0)\" target=\"_self\"><img src=\"https:\/\/ifdc10-juj.infd.edu.ar\/sitio\/wp-content\/uploads\/2022\/06\/WhatsApp-Image-2022-06-15-at-11.54.41-PM-1-600x350.jpeg\" height=\"350\" width=\"600\" alt=\"\" class=\"slider-9324 slide-9389\" title=\"WhatsApp Image 2022-06-15 at 11.54.41 PM (1)\" style=\"display: none;\" \/><\/a>\n<a href=\"javascript:void(0)\" target=\"_self\"><img src=\"https:\/\/ifdc10-juj.infd.edu.ar\/sitio\/wp-content\/uploads\/2022\/06\/WhatsApp-Image-2022-06-15-at-11.54.40-PM-2-600x350.jpeg\" height=\"350\" width=\"600\" alt=\"\" class=\"slider-9324 slide-9379\" title=\"WhatsApp Image 2022-06-15 at 11.54.40 PM (2)\" style=\"display: none;\" \/><\/a>\n<a href=\"javascript:void(0)\" target=\"_self\"><img src=\"https:\/\/ifdc10-juj.infd.edu.ar\/sitio\/wp-content\/uploads\/2022\/06\/WhatsApp-Image-2022-06-15-at-11.54.40-PM-1-600x350.jpeg\" height=\"350\" width=\"600\" alt=\"\" class=\"slider-9324 slide-9380\" title=\"WhatsApp Image 2022-06-15 at 11.54.40 PM (1)\" style=\"display: none;\" \/><\/a>\n<a href=\"javascript:void(0)\" target=\"_self\"><img src=\"https:\/\/ifdc10-juj.infd.edu.ar\/sitio\/wp-content\/uploads\/2022\/06\/WhatsApp-Image-2022-06-15-at-11.54.41-PM-1-600x350.jpeg\" height=\"350\" width=\"600\" alt=\"\" class=\"slider-9324 slide-9376\" title=\"WhatsApp Image 2022-06-15 at 11.54.41 PM (1)\" style=\"display: none;\" \/><\/a>\n<a href=\"javascript:void(0)\" target=\"_self\"><img src=\"https:\/\/ifdc10-juj.infd.edu.ar\/sitio\/wp-content\/uploads\/2022\/06\/WhatsApp-Image-2022-06-15-at-11.54.42-PM-2-600x350.jpeg\" height=\"350\" width=\"600\" alt=\"\" class=\"slider-9324 slide-9387\" title=\"WhatsApp Image 2022-06-15 at 11.54.42 PM (2)\" style=\"display: none;\" \/><\/a>\n<a href=\"javascript:void(0)\" target=\"_self\"><img src=\"https:\/\/ifdc10-juj.infd.edu.ar\/sitio\/wp-content\/uploads\/2022\/06\/WhatsApp-Image-2022-06-15-at-11.54.40-PM-600x350.jpeg\" height=\"350\" width=\"600\" alt=\"\" class=\"slider-9324 slide-9388\" title=\"WhatsApp Image 2022-06-15 at 11.54.40 PM\" style=\"display: none;\" \/><\/a>\n<a href=\"javascript:void(0)\" target=\"_self\"><img src=\"https:\/\/ifdc10-juj.infd.edu.ar\/sitio\/wp-content\/uploads\/2022\/06\/WhatsApp-Image-2022-06-15-at-11.54.42-PM-2-600x350.jpeg\" height=\"350\" width=\"600\" alt=\"\" class=\"slider-9324 slide-9374\" title=\"WhatsApp Image 2022-06-15 at 11.54.42 PM (2)\" style=\"display: none;\" \/><\/a>\n<a href=\"javascript:void(0)\" target=\"_self\"><img src=\"https:\/\/ifdc10-juj.infd.edu.ar\/sitio\/wp-content\/uploads\/2022\/06\/WhatsApp-Image-2022-06-15-at-11.54.39-PM-1-600x350.jpeg\" height=\"350\" width=\"600\" alt=\"\" class=\"slider-9324 slide-9381\" title=\"WhatsApp Image 2022-06-15 at 11.54.39 PM (1)\" style=\"display: none;\" \/><\/a>\n<a href=\"javascript:void(0)\" target=\"_self\"><img src=\"https:\/\/ifdc10-juj.infd.edu.ar\/sitio\/wp-content\/uploads\/2022\/06\/WhatsApp-Image-2022-06-15-at-11.54.38-PM-600x350.jpeg\" height=\"350\" width=\"600\" alt=\"\" class=\"slider-9324 slide-9392\" title=\"WhatsApp Image 2022-06-15 at 11.54.38 PM\" style=\"display: none;\" \/><\/a>\n<a href=\"javascript:void(0)\" target=\"_self\"><img src=\"https:\/\/ifdc10-juj.infd.edu.ar\/sitio\/wp-content\/uploads\/2022\/06\/WhatsApp-Image-2022-06-15-at-11.54.47-PM-1-600x350.jpeg\" height=\"350\" width=\"600\" alt=\"\" class=\"slider-9324 slide-9383\" title=\"WhatsApp Image 2022-06-15 at 11.54.47 PM (1)\" style=\"display: none;\" \/><\/a>\n        <\/div>\n        \n    <\/div>\n<\/div><\/div><\/div>\n","protected":false},"excerpt":{"rendered":"<p>Alumnos de Tercer a\u00f1o de la Tecnicatura superior de Cocina Regional y Cultura Alimentaria, Carrera dependiente del IES 10, en UC pr\u00e1cticas Cocina Internacional ofrecieron una degustaci\u00f3n de Cocina Italiana y agasajaron a los presentes. Alumnos y docentes de la Tecnicatura de Cocina Regional, a cargo de la recepci\u00f3n en el Acto de Asunci\u00f3n de &#8230; <a title=\"Tec. Cocina Regional\" class=\"read-more\" href=\"https:\/\/ifdc10-juj.infd.edu.ar\/sitio\/noticias-de-sede-yuto\/\" aria-label=\"More on Tec. Cocina Regional\">[+]<\/a><\/p>\n","protected":false},"author":775,"featured_media":0,"parent":0,"menu_order":0,"comment_status":"closed","ping_status":"closed","template":"","meta":[],"acf":[],"_links":{"self":[{"href":"https:\/\/ifdc10-juj.infd.edu.ar\/sitio\/wp-json\/wp\/v2\/pages\/4871"}],"collection":[{"href":"https:\/\/ifdc10-juj.infd.edu.ar\/sitio\/wp-json\/wp\/v2\/pages"}],"about":[{"href":"https:\/\/ifdc10-juj.infd.edu.ar\/sitio\/wp-json\/wp\/v2\/types\/page"}],"author":[{"embeddable":true,"href":"https:\/\/ifdc10-juj.infd.edu.ar\/sitio\/wp-json\/wp\/v2\/users\/775"}],"replies":[{"embeddable":true,"href":"https:\/\/ifdc10-juj.infd.edu.ar\/sitio\/wp-json\/wp\/v2\/comments?post=4871"}],"version-history":[{"count":22,"href":"https:\/\/ifdc10-juj.infd.edu.ar\/sitio\/wp-json\/wp\/v2\/pages\/4871\/revisions"}],"predecessor-version":[{"id":9407,"href":"https:\/\/ifdc10-juj.infd.edu.ar\/sitio\/wp-json\/wp\/v2\/pages\/4871\/revisions\/9407"}],"wp:attachment":[{"href":"https:\/\/ifdc10-juj.infd.edu.ar\/sitio\/wp-json\/wp\/v2\/media?parent=4871"}],"curies":[{"name":"wp","href":"https:\/\/api.w.org\/{rel}","templated":true}]}}