{"id":4782,"date":"2019-09-26T09:26:52","date_gmt":"2019-09-26T12:26:52","guid":{"rendered":"https:\/\/ifdc10-juj.infd.edu.ar\/sitio\/?page_id=4782"},"modified":"2019-11-23T10:52:38","modified_gmt":"2019-11-23T13:52:38","slug":"nuevas-ofertas-de-carrera-para-2020","status":"publish","type":"page","link":"https:\/\/ifdc10-juj.infd.edu.ar\/sitio\/nuevas-ofertas-de-carrera-para-2020\/","title":{"rendered":"NUEVAS OFERTAS DE CARRERA PARA 2020"},"content":{"rendered":"<h4 style=\"text-align: center;\"><span style=\"color: #ffff00;\"><a style=\"color: #ffff00;\" href=\"https:\/\/ifdc10-juj.infd.edu.ar\/sitio\/wp-content\/uploads\/2019\/09\/13383-OFERTAS-2020.pdf\">MUY IMPORTANTE. NUEVAS OFERTAS DE CARRERAS PARA 2020. Resoluci\u00f3n Ministerial N\u00b013383-19<\/a><\/span><\/h4>\n<h4 style=\"text-align: center;\"><span style=\"color: #ffff00;\"><a style=\"color: #ffff00;\" href=\"https:\/\/ifdc10-juj.infd.edu.ar\/sitio\/wp-content\/uploads\/2019\/09\/LEGAJOS-SUPERIOR.jpeg\">RESOLUCI\u00d3N N\u00ba13180-19 CONSTITUCI\u00d3N DE LEGAJOS EN NIVEL SUPERIOR.<\/a><\/span><\/h4>\n<p style=\"text-align: center;\"><span style=\"color: #ffff00;\"><a style=\"color: #ffff00;\" href=\"https:\/\/www.teleaudiosa.com.ar\/locales\/2019\/9\/12\/luego-de-la-reunion-que-mantuvieron-con-calsina-el-director-del-ies-n-10-hace-un-balance-9857.html\"><strong>REVISI\u00d3N CURRICULAR. EL EQUIPO MINISTERIAL SE REUNI\u00d3 CON LAS AUTORIDADES DEL IES N10<\/strong><\/a><\/span><\/p>\n<p style=\"text-align: center;\"><iframe loading=\"lazy\" src=\"https:\/\/www.youtube.com\/embed\/MhtiLLLs42E\" width=\"560\" height=\"315\" frameborder=\"0\" allowfullscreen=\"allowfullscreen\"><\/iframe><\/p>\n<h5 style=\"text-align: center;\"><span style=\"color: #ffff00;\"><strong>POR M\u00c1S Y MEJOR EDUCACI\u00d3N. POR M\u00c1S CARRERAS. POR LA ESTABILIDAD DOCENTE SUPERIOR. EL NIVEL SUPERIOR EST\u00c1 DE PIE.<\/strong> <a style=\"color: #ffff00;\" href=\"https:\/\/ifdc10-juj.infd.edu.ar\/sitio\/wp-content\/uploads\/2019\/09\/Dcto_Institucional_IES_N10._03-09-19.docx\">DOCUMENTO INSTITUCIONAL DE LA POSTURA DEL IES N\u00ba10 ANTE LA D.E.S.<\/a><\/span><\/h5>\n<p style=\"text-align: center;\"><a href=\"https:\/\/www.teleaudiosa.com.ar\/locales\/2019\/9\/4\/masiva-movilizacion-de-docentes-estudiantes-que-nos-garanticen-que-vamos-abrir-las-carreras-9803.html\"><span style=\"color: #ff0000;\"><strong>Masiva movilizaci\u00f3n de docentes y estudiantes: \u00abque nos garanticen que vamos a abrir las carreras\u00bb<\/strong><\/span><\/a><span style=\"color: #ff0000;\"><strong> .<\/strong><\/span> Reporte del Canal 6 de L.G.S.M.<\/p>\n<p style=\"text-align: center;\"><iframe loading=\"lazy\" src=\"https:\/\/www.youtube.com\/embed\/_xvBilNda8A\" width=\"600\" height=\"260\" frameborder=\"0\" allowfullscreen=\"allowfullscreen\"><\/iframe><\/p>\n<h6 style=\"text-align: center;\"><a href=\"https:\/\/www.teleaudiosa.com.ar\/locales\/2019\/9\/4\/masiva-movilizacion-de-docentes-estudiantes-que-nos-garanticen-que-vamos-abrir-las-carreras-9803.html\"><em><span style=\"color: #ffff00;\">\u00abTenemos que dar respuesta a toda esta Comunidad, ofrecerle a todos los j\u00f3venes de Libertador y zonas aleda\u00f1as, la oportunidad de formarse y estudiar y con esta medida no estamos pudiendo lograr estos objetivos\u00bb afirm\u00f3 el Rector del IES N\u00ba10<\/span><\/em><\/a><\/h6>\n<div  class=\"lgc-column lgc-grid-parent lgc-grid-20 lgc-tablet-grid-50 lgc-mobile-grid-100 lgc-equal-heights \"><div  class=\"inside-grid-column\">\n<figure id=\"attachment_4733\" aria-describedby=\"caption-attachment-4733\" style=\"width: 190px\" class=\"wp-caption aligncenter\"><img decoding=\"async\" loading=\"lazy\" class=\"wp-image-4733\" src=\"https:\/\/ifdc10-juj.infd.edu.ar\/sitio\/wp-content\/uploads\/2019\/09\/asamblea-_9_2019.jpg\" alt=\"\" width=\"200\" height=\"113\" srcset=\"https:\/\/ifdc10-juj.infd.edu.ar\/sitio\/wp-content\/uploads\/2019\/09\/asamblea-_9_2019.jpg 800w, https:\/\/ifdc10-juj.infd.edu.ar\/sitio\/wp-content\/uploads\/2019\/09\/asamblea-_9_2019-768x432.jpg 768w\" sizes=\"(max-width: 200px) 100vw, 200px\" \/><figcaption id=\"caption-attachment-4733\" class=\"wp-caption-text\">La mayor\u00eda de los docentes del IES N\u00ba10 reunidos para formular su desacuerdo.<\/figcaption><\/figure>\n<p><\/p><\/div><\/div><div  class=\"lgc-column lgc-grid-parent lgc-grid-20 lgc-tablet-grid-50 lgc-mobile-grid-100 lgc-equal-heights \"><div  class=\"inside-grid-column\">\n<figure id=\"attachment_4744\" aria-describedby=\"caption-attachment-4744\" style=\"width: 190px\" class=\"wp-caption aligncenter\"><img decoding=\"async\" loading=\"lazy\" class=\"wp-image-4744\" src=\"https:\/\/ifdc10-juj.infd.edu.ar\/sitio\/wp-content\/uploads\/2019\/09\/IES-2-Humahuaca-protesta.jpg\" alt=\"\" width=\"200\" height=\"102\" \/><figcaption id=\"caption-attachment-4744\" class=\"wp-caption-text\">La comunidad educativa del IES N\u00ba10 TOM\u00d3 POSTURA ante la propuesta de Educaci\u00f3n Superior de la provincia de Jujuy. Total rechazo.<\/figcaption><\/figure>\n<p><\/p><\/div><\/div><div  class=\"lgc-column lgc-grid-parent lgc-grid-20 lgc-tablet-grid-50 lgc-mobile-grid-100 lgc-equal-heights \"><div  class=\"inside-grid-column\">\n<figure id=\"attachment_4734\" aria-describedby=\"caption-attachment-4734\" style=\"width: 190px\" class=\"wp-caption aligncenter\"><img decoding=\"async\" loading=\"lazy\" class=\"wp-image-4734\" src=\"https:\/\/ifdc10-juj.infd.edu.ar\/sitio\/wp-content\/uploads\/2019\/09\/0_a_marcha.jpg\" alt=\"\" width=\"200\" height=\"113\" \/><figcaption id=\"caption-attachment-4734\" class=\"wp-caption-text\">Parece que el Gobierno de la Educaci\u00f3n se olvid\u00f3 que esto ya pas\u00f3 no hace mucho. Imagen de archivo.<\/figcaption><\/figure>\n<p><\/p><\/div><\/div><div  class=\"lgc-column lgc-grid-parent lgc-grid-20 lgc-tablet-grid-50 lgc-mobile-grid-100 lgc-equal-heights \"><div  class=\"inside-grid-column\">\n<figure id=\"attachment_4741\" aria-describedby=\"caption-attachment-4741\" style=\"width: 190px\" class=\"wp-caption aligncenter\"><img decoding=\"async\" loading=\"lazy\" class=\"wp-image-4741\" src=\"https:\/\/ifdc10-juj.infd.edu.ar\/sitio\/wp-content\/uploads\/2019\/09\/IES-3-NORMAL-JUJUY.jpg\" alt=\"\" width=\"200\" height=\"110\" \/><figcaption id=\"caption-attachment-4741\" class=\"wp-caption-text\">El alumnado de la sede Norma de Jujuy en abierta oposici\u00f3n<\/figcaption><\/figure>\n<p><\/p><\/div><\/div><div  class=\"lgc-column lgc-grid-parent lgc-grid-20 lgc-tablet-grid-50 lgc-mobile-grid-100 lgc-equal-heights \"><div  class=\"inside-grid-column\">\n<figure id=\"attachment_4740\" aria-describedby=\"caption-attachment-4740\" style=\"width: 190px\" class=\"wp-caption aligncenter\"><img decoding=\"async\" loading=\"lazy\" class=\"wp-image-4740\" src=\"https:\/\/ifdc10-juj.infd.edu.ar\/sitio\/wp-content\/uploads\/2019\/09\/TILCARA-19.jpg\" alt=\"\" width=\"200\" height=\"114\" \/><figcaption id=\"caption-attachment-4740\" class=\"wp-caption-text\">El alumnado de Tilcara recibieron a las autoridades de educaci\u00f3n en un clima m\u00e1s que tenso.<\/figcaption><\/figure>\n<p><\/p><\/div><\/div>\n<p style=\"text-align: center;\"><a href=\"https:\/\/ifdc10-juj.infd.edu.ar\/sitio\/wp-content\/uploads\/2019\/04\/AGENDA-MIN-DE-EDUC-2019-2_autoridades_cargos_personas.pdf\"><strong><iframe loading=\"lazy\" src=\"https:\/\/www.youtube.com\/embed\/GAwaLxSsYDQ\" width=\"550\" height=\"400\" frameborder=\"0\" allowfullscreen=\"allowfullscreen\"><\/iframe><\/strong><\/a><br \/>\nEdici\u00f3n web: ET<\/p>\n<p style=\"text-align: center;\">\n","protected":false},"excerpt":{"rendered":"<p>MUY IMPORTANTE. NUEVAS OFERTAS DE CARRERAS PARA 2020. Resoluci\u00f3n Ministerial N\u00b013383-19 RESOLUCI\u00d3N N\u00ba13180-19 CONSTITUCI\u00d3N DE LEGAJOS EN NIVEL SUPERIOR. REVISI\u00d3N CURRICULAR. EL EQUIPO MINISTERIAL SE REUNI\u00d3 CON LAS AUTORIDADES DEL IES N10 POR M\u00c1S Y MEJOR EDUCACI\u00d3N. POR M\u00c1S CARRERAS. POR LA ESTABILIDAD DOCENTE SUPERIOR. EL NIVEL SUPERIOR EST\u00c1 DE PIE. DOCUMENTO INSTITUCIONAL DE LA &#8230; <a title=\"NUEVAS OFERTAS DE CARRERA PARA 2020\" class=\"read-more\" href=\"https:\/\/ifdc10-juj.infd.edu.ar\/sitio\/nuevas-ofertas-de-carrera-para-2020\/\" aria-label=\"More on NUEVAS OFERTAS DE CARRERA PARA 2020\">[+]<\/a><\/p>\n","protected":false},"author":775,"featured_media":0,"parent":0,"menu_order":0,"comment_status":"closed","ping_status":"closed","template":"","meta":[],"acf":[],"_links":{"self":[{"href":"https:\/\/ifdc10-juj.infd.edu.ar\/sitio\/wp-json\/wp\/v2\/pages\/4782"}],"collection":[{"href":"https:\/\/ifdc10-juj.infd.edu.ar\/sitio\/wp-json\/wp\/v2\/pages"}],"about":[{"href":"https:\/\/ifdc10-juj.infd.edu.ar\/sitio\/wp-json\/wp\/v2\/types\/page"}],"author":[{"embeddable":true,"href":"https:\/\/ifdc10-juj.infd.edu.ar\/sitio\/wp-json\/wp\/v2\/users\/775"}],"replies":[{"embeddable":true,"href":"https:\/\/ifdc10-juj.infd.edu.ar\/sitio\/wp-json\/wp\/v2\/comments?post=4782"}],"version-history":[{"count":14,"href":"https:\/\/ifdc10-juj.infd.edu.ar\/sitio\/wp-json\/wp\/v2\/pages\/4782\/revisions"}],"predecessor-version":[{"id":5473,"href":"https:\/\/ifdc10-juj.infd.edu.ar\/sitio\/wp-json\/wp\/v2\/pages\/4782\/revisions\/5473"}],"wp:attachment":[{"href":"https:\/\/ifdc10-juj.infd.edu.ar\/sitio\/wp-json\/wp\/v2\/media?parent=4782"}],"curies":[{"name":"wp","href":"https:\/\/api.w.org\/{rel}","templated":true}]}}