{"id":4760,"date":"2019-09-08T17:47:50","date_gmt":"2019-09-08T20:47:50","guid":{"rendered":"https:\/\/ifdc10-juj.infd.edu.ar\/sitio\/?page_id=4760"},"modified":"2019-11-23T10:18:27","modified_gmt":"2019-11-23T13:18:27","slug":"constitucion-del-centro-de-estudiantes-del-ies-na10","status":"publish","type":"page","link":"https:\/\/ifdc10-juj.infd.edu.ar\/sitio\/constitucion-del-centro-de-estudiantes-del-ies-na10\/","title":{"rendered":"Constituci\u00f3n del Centro de Estudiantes del IES N\u00aa10"},"content":{"rendered":"<h2 style=\"text-align: center;\"><strong>ASAMBLEA DE ALUMNOS PARA LA CONSTITUCI\u00d3N DEL CENTRO DE ESTUDIANTES del IES N\u00ba10.<\/strong><img decoding=\"async\" loading=\"lazy\" class=\"aligncenter wp-image-4761\" src=\"https:\/\/ifdc10-juj.infd.edu.ar\/sitio\/wp-content\/uploads\/2019\/09\/CE.-Asamblea-alumnos-1000x750.jpg\" alt=\"\" width=\"717\" height=\"538\" srcset=\"https:\/\/ifdc10-juj.infd.edu.ar\/sitio\/wp-content\/uploads\/2019\/09\/CE.-Asamblea-alumnos-1000x750.jpg 1000w, https:\/\/ifdc10-juj.infd.edu.ar\/sitio\/wp-content\/uploads\/2019\/09\/CE.-Asamblea-alumnos-768x576.jpg 768w, https:\/\/ifdc10-juj.infd.edu.ar\/sitio\/wp-content\/uploads\/2019\/09\/CE.-Asamblea-alumnos.jpg 1040w\" sizes=\"(max-width: 717px) 100vw, 717px\" \/><\/h2>\n<p>El alumnado del IES N\u00b010 reunidos en asamblea el viernes 30 de agosto en el sal\u00f3n de actos de la Sede Escuela Normal iniciaron el proceso de\u00a0 conformaci\u00f3n del centro de estudiantes, <strong><a href=\"https:\/\/ifdc10-juj.infd.edu.ar\/sitio\/wp-content\/uploads\/2019\/09\/CENTRO-DE-ESTUDIANTES.-Doc.-Modelo.docx\">votando un estatuto<\/a><\/strong> que fue titulado como \u00abmodelo\u00bb. El mismo ser\u00e1 presentado en breve en la sesi\u00f3n del Consejo Directivo de la Instituci\u00f3n a los efectos\u00a0 de ser tratado para su discusi\u00f3n y probable aprobaci\u00f3n.<\/p>\n<p>M\u00e1s all\u00e1 de los avatares por lo que transcurri\u00f3 en el encuentro lo cierto es que el mismo aprob\u00f3 tal documento base para la conformacion del Centro de Estudiantes del IES N\u00ba10, hasta la fecha un hecho in\u00e9dito en la historia institucional.<\/p>\n<p style=\"text-align: right;\">Inform\u00f3: Gonzalo Medina. Consejero Estudiantil.<\/p>\n<p style=\"text-align: right;\">Edici\u00f3n web: Emilio Tomatis<\/p>\n","protected":false},"excerpt":{"rendered":"<p>ASAMBLEA DE ALUMNOS PARA LA CONSTITUCI\u00d3N DEL CENTRO DE ESTUDIANTES del IES N\u00ba10. El alumnado del IES N\u00b010 reunidos en asamblea el viernes 30 de agosto en el sal\u00f3n de actos de la Sede Escuela Normal iniciaron el proceso de\u00a0 conformaci\u00f3n del centro de estudiantes, votando un estatuto que fue titulado como \u00abmodelo\u00bb. El mismo &#8230; <a title=\"Constituci\u00f3n del Centro de Estudiantes del IES N\u00aa10\" class=\"read-more\" href=\"https:\/\/ifdc10-juj.infd.edu.ar\/sitio\/constitucion-del-centro-de-estudiantes-del-ies-na10\/\" aria-label=\"More on Constituci\u00f3n del Centro de Estudiantes del IES N\u00aa10\">[+]<\/a><\/p>\n","protected":false},"author":775,"featured_media":0,"parent":0,"menu_order":0,"comment_status":"closed","ping_status":"closed","template":"","meta":[],"acf":[],"_links":{"self":[{"href":"https:\/\/ifdc10-juj.infd.edu.ar\/sitio\/wp-json\/wp\/v2\/pages\/4760"}],"collection":[{"href":"https:\/\/ifdc10-juj.infd.edu.ar\/sitio\/wp-json\/wp\/v2\/pages"}],"about":[{"href":"https:\/\/ifdc10-juj.infd.edu.ar\/sitio\/wp-json\/wp\/v2\/types\/page"}],"author":[{"embeddable":true,"href":"https:\/\/ifdc10-juj.infd.edu.ar\/sitio\/wp-json\/wp\/v2\/users\/775"}],"replies":[{"embeddable":true,"href":"https:\/\/ifdc10-juj.infd.edu.ar\/sitio\/wp-json\/wp\/v2\/comments?post=4760"}],"version-history":[{"count":8,"href":"https:\/\/ifdc10-juj.infd.edu.ar\/sitio\/wp-json\/wp\/v2\/pages\/4760\/revisions"}],"predecessor-version":[{"id":5455,"href":"https:\/\/ifdc10-juj.infd.edu.ar\/sitio\/wp-json\/wp\/v2\/pages\/4760\/revisions\/5455"}],"wp:attachment":[{"href":"https:\/\/ifdc10-juj.infd.edu.ar\/sitio\/wp-json\/wp\/v2\/media?parent=4760"}],"curies":[{"name":"wp","href":"https:\/\/api.w.org\/{rel}","templated":true}]}}