{"id":4434,"date":"2019-06-18T18:21:52","date_gmt":"2019-06-18T21:21:52","guid":{"rendered":"https:\/\/ifdc10-juj.infd.edu.ar\/sitio\/?page_id=4434"},"modified":"2019-11-23T10:16:36","modified_gmt":"2019-11-23T13:16:36","slug":"tec-sup-en-agrononia-f-pintado","status":"publish","type":"page","link":"https:\/\/ifdc10-juj.infd.edu.ar\/sitio\/tec-sup-en-agrononia-f-pintado\/","title":{"rendered":"T.S. en AGRONON\u00cdA. F.PINTADO."},"content":{"rendered":"<h5 style=\"text-align: center;\">TEC. SUP. en GESTI\u00d3N AGROPECUARIA. Fraile Pintado. PR\u00c1CTICAS PROFESIONALIZANTES de los alumnos de la carrera.<\/h5>\n<p style=\"text-align: center;\"><div  class=\"lgc-column lgc-grid-parent lgc-grid-50 lgc-tablet-grid-50 lgc-mobile-grid-100 lgc-equal-heights \"><div  class=\"inside-grid-column\"><a href=\"https:\/\/ifdc10-juj.infd.edu.ar\/sitio\/wp-content\/uploads\/2019\/06\/FRAILE.-Pr\u00e1ct..jpg\"><img decoding=\"async\" loading=\"lazy\" class=\"aligncenter size-full wp-image-4435\" src=\"https:\/\/ifdc10-juj.infd.edu.ar\/sitio\/wp-content\/uploads\/2019\/06\/FRAILE.-Pr\u00e1ct.-profes..jpg\" alt=\"\" width=\"448\" height=\"252\" \/><img decoding=\"async\" loading=\"lazy\" class=\"aligncenter size-full wp-image-4440\" src=\"https:\/\/ifdc10-juj.infd.edu.ar\/sitio\/wp-content\/uploads\/2019\/06\/FRAILE.-Pr\u00e1ct..jpg\" alt=\"\" width=\"448\" height=\"252\" \/><\/a>\n<h6><img decoding=\"async\" loading=\"lazy\" class=\"aligncenter size-full wp-image-4448\" src=\"https:\/\/ifdc10-juj.infd.edu.ar\/sitio\/wp-content\/uploads\/2019\/06\/fraile-3.jpg\" alt=\"\" width=\"448\" height=\"252\" \/><\/h6>\n<p style=\"text-align: left;\"><strong>Este acceso al campo fue realizado el 28 de mayo de 2019 y fue reporteado por los mismos alumnos, los que est\u00e1n en el registro fotogr\u00e1fico.<\/strong> <\/p><\/div><\/div><div  class=\"lgc-column lgc-grid-parent lgc-grid-50 lgc-tablet-grid-50 lgc-mobile-grid-100 lgc-equal-heights \"><div  class=\"inside-grid-column\"><strong>Los alumnos se dirigieron a la Finca \u00abR\u00edo Negro\u00bb, Chalic\u00e1n, Pcia de Jujuy en compa\u00f1ia del profesor Ing. V\u00edctor Rueda\u00a0 a los efectos de observar el proceso de plantaci\u00f3n\u00a0 de la ca\u00f1a de az\u00facar. Se deja el registro aqu\u00ed de lo que los mismos alumnos relatan.<\/strong>\n<p><strong><em>\u00abEn la oportunidad pudimos observar el proceso. En el lugar el profesor nos explic\u00f3 los pasos que se utilizan en dicha finca para la plantaci\u00f3n manual o semi-mecanizada.<\/em><\/strong><\/p>\n<p><strong><em>En primer lugar se debe cortar la ca\u00f1a-semilla en este caso de 4 surcos y amontonar en 2 surcos centrales; realizar antes que nada el despunte o cola. Este proceso se realiza con una macheta.<\/em><\/strong><\/p>\n<p><strong><em>Cuando se hace el corte de la ca\u00f1a-semilla no debe ser alto ya que quedan los tronquer\u00edos y se pudren, se debe cortar bien abajo para que r\u00e1pidamente crezca la cepa.<\/em><\/strong><\/p>\n<p><em><a href=\"https:\/\/ifdc10-juj.infd.edu.ar\/sitio\/wp-content\/uploads\/2019\/06\/fraile4.jpg\"><img decoding=\"async\" loading=\"lazy\" class=\"aligncenter size-full wp-image-4442\" src=\"https:\/\/ifdc10-juj.infd.edu.ar\/sitio\/wp-content\/uploads\/2019\/06\/fraile4.jpg\" alt=\"\" width=\"448\" height=\"200\" \/><\/a><strong>En segundo lugar se realizan los surcos profundos bajo nivel \u00a0donde la ca\u00f1a- semilla va dispuesta en una raya individual entrecruzada. Los\u00a0\u00a0 los trozos de tallos miden de 30 a 40cm con 3 \u00a0yemas. Luego se procedi\u00f3 a realizar el tapado y regado.<\/strong><\/em><\/p>\n<p><strong><em>Por \u00faltimo el ingeniero nos dio como tarea realizar\u00a0 mediciones del tipo distancia entre surco y surco, ancho del surco, ancho de la trocha y produndidad de la tierra, tarea que llevamos a cabo prestamente\u00bb<\/em><\/strong><\/p><\/div><\/div>\n<h5 style=\"text-align: center;\">Pr\u00e1cticas Profesionalizantes Reconocimiento de las malezas en campo.<\/h5>\n<div  class=\"lgc-column lgc-grid-parent lgc-grid-50 lgc-tablet-grid-50 lgc-mobile-grid-100 lgc-equal-heights \"><div  class=\"inside-grid-column\"><a href=\"https:\/\/ifdc10-juj.infd.edu.ar\/sitio\/wp-content\/uploads\/2019\/06\/fraile-0.jpg\"><img decoding=\"async\" loading=\"lazy\" class=\"wp-image-4453 aligncenter\" src=\"https:\/\/ifdc10-juj.infd.edu.ar\/sitio\/wp-content\/uploads\/2019\/06\/fraile-0.jpg\" alt=\"\" width=\"448\" height=\"252\" \/><\/a><\/div><\/div>\n<div  class=\"lgc-column lgc-grid-parent lgc-grid-50 lgc-tablet-grid-50 lgc-mobile-grid-100 lgc-equal-heights \"><div  class=\"inside-grid-column\">\n<p><strong>Tambi\u00e9n con la gu\u00eda del profesor los alumnos de pr\u00e1cticas profesionalizantes\u00a0 accedieron al lote San Antonio, de la finca LEDESMA.SAIC a los efectos de reconocer \u00abin situ\u00bb los diferentes tipos de malezas existentes en la zona. Los alumnos realizaron la caminata por la zona y dejaron registro de las malezas que pudieron observar.<\/strong><\/p>\n<p><strong>Esta experiencia fue realizada el martes 4 de junio y de la misma se elabor\u00f3 este registro fotogr\u00e1fico.<\/strong><\/p>\n<p><\/p><\/div><\/div>\n<div  class=\"lgc-column lgc-grid-parent lgc-grid-50 lgc-tablet-grid-50 lgc-mobile-grid-100 lgc-equal-heights \"><div  class=\"inside-grid-column\"><img decoding=\"async\" loading=\"lazy\" class=\"aligncenter wp-image-4454\" src=\"https:\/\/ifdc10-juj.infd.edu.ar\/sitio\/wp-content\/uploads\/2019\/06\/fraile_0.jpg\" alt=\"\" width=\"480\" height=\"270\" \/><\/div><\/div>\n<p style=\"text-align: left;\"><div  class=\"lgc-column lgc-grid-parent lgc-grid-50 lgc-tablet-grid-50 lgc-mobile-grid-100 lgc-equal-heights \"><div  class=\"inside-grid-column\"><a href=\"https:\/\/ifdc10-juj.infd.edu.ar\/sitio\/wp-content\/uploads\/2019\/06\/fraile_01.jpg\"><img decoding=\"async\" loading=\"lazy\" class=\"aligncenter wp-image-4456\" src=\"https:\/\/ifdc10-juj.infd.edu.ar\/sitio\/wp-content\/uploads\/2019\/06\/fraile_01.jpg\" alt=\"\" width=\"540\" height=\"272\" \/><\/a><\/div><\/div> Inform\u00f3: Prof. V\u00edctor Rueda. Edici\u00f3n web E.T<\/p>\n","protected":false},"excerpt":{"rendered":"<p>TEC. SUP. en GESTI\u00d3N AGROPECUARIA. Fraile Pintado. PR\u00c1CTICAS PROFESIONALIZANTES de los alumnos de la carrera. Pr\u00e1cticas Profesionalizantes Reconocimiento de las malezas en campo. Inform\u00f3: Prof. V\u00edctor Rueda. Edici\u00f3n web E.T<\/p>\n","protected":false},"author":775,"featured_media":0,"parent":0,"menu_order":0,"comment_status":"closed","ping_status":"closed","template":"","meta":[],"acf":[],"_links":{"self":[{"href":"https:\/\/ifdc10-juj.infd.edu.ar\/sitio\/wp-json\/wp\/v2\/pages\/4434"}],"collection":[{"href":"https:\/\/ifdc10-juj.infd.edu.ar\/sitio\/wp-json\/wp\/v2\/pages"}],"about":[{"href":"https:\/\/ifdc10-juj.infd.edu.ar\/sitio\/wp-json\/wp\/v2\/types\/page"}],"author":[{"embeddable":true,"href":"https:\/\/ifdc10-juj.infd.edu.ar\/sitio\/wp-json\/wp\/v2\/users\/775"}],"replies":[{"embeddable":true,"href":"https:\/\/ifdc10-juj.infd.edu.ar\/sitio\/wp-json\/wp\/v2\/comments?post=4434"}],"version-history":[{"count":21,"href":"https:\/\/ifdc10-juj.infd.edu.ar\/sitio\/wp-json\/wp\/v2\/pages\/4434\/revisions"}],"predecessor-version":[{"id":5447,"href":"https:\/\/ifdc10-juj.infd.edu.ar\/sitio\/wp-json\/wp\/v2\/pages\/4434\/revisions\/5447"}],"wp:attachment":[{"href":"https:\/\/ifdc10-juj.infd.edu.ar\/sitio\/wp-json\/wp\/v2\/media?parent=4434"}],"curies":[{"name":"wp","href":"https:\/\/api.w.org\/{rel}","templated":true}]}}