{"id":4385,"date":"2019-06-14T19:52:45","date_gmt":"2019-06-14T22:52:45","guid":{"rendered":"https:\/\/ifdc10-juj.infd.edu.ar\/sitio\/?page_id=4385"},"modified":"2019-06-16T19:05:35","modified_gmt":"2019-06-16T22:05:35","slug":"educacion-especial-la-cotidianeidad-del-aprender-y-ensenar","status":"publish","type":"page","link":"https:\/\/ifdc10-juj.infd.edu.ar\/sitio\/educacion-especial-la-cotidianeidad-del-aprender-y-ensenar\/","title":{"rendered":"EDUCACI\u00d3N ESPECIAL. La cotidianeidad del aprender y ense\u00f1ar."},"content":{"rendered":"<h4 style=\"text-align: center;\">Un d\u00eda en la cotidianeidad de las aulas del Profesorado de Educaci\u00f3n Especial. Sede Escuela Normal.<\/h4>\n<h4 style=\"text-align: center;\">Procuramos mostrar la cotidianeidad de la tarea \u00e1ulica seg\u00fan nos lo muestran las alumnas. En este caso se trata de las alumnas de la carrera del Profesorado de Educaci\u00f3n Especial con Orientaci\u00f3n en Discapacidad Intelectual.<\/h4>\n<div  class=\"lgc-column lgc-grid-parent lgc-grid-33 lgc-tablet-grid-50 lgc-mobile-grid-100 lgc-equal-heights \"><div  class=\"inside-grid-column\">\n<p>El inter\u00e9s de los alumnos radica en que se socialicen los procesos por los cuales ellos est\u00e1n en estas primeras instancias en sus estudios superiores y sus primeras exposiciones ante sus compa\u00f1eros de estudios es de mucha significatividad pues a trav\u00e9s de ello desarrollan capacidades sustanciales para su formaci\u00f3n en el futuro ejercicio de su profesi\u00f3n.<\/p>\n<p><img decoding=\"async\" loading=\"lazy\" class=\"size-full wp-image-4392 aligncenter\" src=\"https:\/\/ifdc10-juj.infd.edu.ar\/sitio\/wp-content\/uploads\/2019\/06\/agui19.jpeg\" alt=\"\" width=\"336\" height=\"448\" \/>En esta oportunidad\u00a0 se muestran diferentes instancias de la socializaci\u00f3n en la Unidad Curricular Alfabetizaci\u00f3n Acad\u00e9mica del<br \/>\ncurso: 1\u00b0 1\u00aa\u00a0 coordinado por la Prof. Beatriz Pantoja. A partir de la pel\u00edcula \u00abEl Analfabeto\u00bb cada grupo analiz\u00f3 la importancia de la alfabetizaci\u00f3n dejando entrever en la misma c\u00f3mo influye \u00e9sta en todos los aspectos de la vida humana.<\/p>\n<p>Inform\u00f3: Alumna Prof. Silvia Aguilera.<\/p>\n<p><\/p><\/div><\/div> <div  class=\"lgc-column lgc-grid-parent lgc-grid-33 lgc-tablet-grid-50 lgc-mobile-grid-100 lgc-equal-heights \"><div  class=\"inside-grid-column\"><img decoding=\"async\" loading=\"lazy\" class=\"aligncenter size-medium wp-image-4390\" src=\"https:\/\/ifdc10-juj.infd.edu.ar\/sitio\/wp-content\/uploads\/2019\/06\/agui17.jpeg\" alt=\"\" width=\"336\" height=\"448\" \/><img decoding=\"async\" loading=\"lazy\" class=\"aligncenter size-full wp-image-4389\" src=\"https:\/\/ifdc10-juj.infd.edu.ar\/sitio\/wp-content\/uploads\/2019\/06\/agui16.jpeg\" alt=\"\" width=\"336\" height=\"448\" \/><img decoding=\"async\" loading=\"lazy\" class=\"aligncenter size-full wp-image-4392\" src=\"https:\/\/ifdc10-juj.infd.edu.ar\/sitio\/wp-content\/uploads\/2019\/06\/agui19.jpeg\" alt=\"\" width=\"336\" height=\"448\" \/> <\/div><\/div>\n<div  class=\"lgc-column lgc-grid-parent lgc-grid-33 lgc-tablet-grid-50 lgc-mobile-grid-100 lgc-equal-heights \"><div  class=\"inside-grid-column\"><img decoding=\"async\" loading=\"lazy\" class=\"aligncenter size-full wp-image-4393\" src=\"https:\/\/ifdc10-juj.infd.edu.ar\/sitio\/wp-content\/uploads\/2019\/06\/agui20.jpeg\" alt=\"\" width=\"336\" height=\"448\" \/> <img decoding=\"async\" loading=\"lazy\" class=\"aligncenter size-medium wp-image-4394\" src=\"https:\/\/ifdc10-juj.infd.edu.ar\/sitio\/wp-content\/uploads\/2019\/06\/agui22.jpeg\" alt=\"\" width=\"336\" height=\"448\" \/> <img decoding=\"async\" loading=\"lazy\" class=\"aligncenter size-medium wp-image-4395\" src=\"https:\/\/ifdc10-juj.infd.edu.ar\/sitio\/wp-content\/uploads\/2019\/06\/agui23.jpeg\" alt=\"\" width=\"336\" height=\"448\" \/><\/div><\/div>\n<div  class=\"lgc-column lgc-grid-parent lgc-grid-33 lgc-tablet-grid-50 lgc-mobile-grid-100 lgc-equal-heights \"><div  class=\"inside-grid-column\">\n<p>En l\u00ednea con lo que se mostr\u00f3 arriba, aqu\u00ed se exponen secuencias fotogr\u00e1fias de los alumnos de 1\u00ba1\u00aa de la Unidad Curricular \u00abPedagog\u00eda\u00bb en la que se ve a las alumnas exponiendo trabajos a partir de las lecturas de diferentes autores sobre el origen de la pedagog\u00eda y su epistemologia, actividad indispensable para abordar posteriormente\u00a0 las teor\u00edas de aprendizaje que les permitir\u00e1 conocer los fundamentos con los que los docente llevan a cabo su pr\u00e1ctica cotidiana.<\/p>\n<p>Dise\u00f1o web: E.S. Tomatis.<\/p>\n<p>Fotograf\u00edas: Prof. Silvia Aguilera<\/p>\n<p><img decoding=\"async\" loading=\"lazy\" class=\"aligncenter size-medium wp-image-4403\" src=\"https:\/\/ifdc10-juj.infd.edu.ar\/sitio\/wp-content\/uploads\/2019\/06\/agui2-pedag.jpeg\" alt=\"\" width=\"336\" height=\"448\" \/><\/p>\n<p><\/p><\/div><\/div> <div  class=\"lgc-column lgc-grid-parent lgc-grid-33 lgc-tablet-grid-50 lgc-mobile-grid-100 lgc-equal-heights \"><div  class=\"inside-grid-column\"><img decoding=\"async\" loading=\"lazy\" class=\"aligncenter size-full wp-image-4401\" src=\"https:\/\/ifdc10-juj.infd.edu.ar\/sitio\/wp-content\/uploads\/2019\/06\/agui4-pedag.jpeg\" alt=\"\" width=\"336\" height=\"448\" \/> <img decoding=\"async\" loading=\"lazy\" class=\"aligncenter size-medium wp-image-4402\" src=\"https:\/\/ifdc10-juj.infd.edu.ar\/sitio\/wp-content\/uploads\/2019\/06\/agui1-pedag.jpeg\" alt=\"\" width=\"336\" height=\"448\" \/> <\/div><\/div> <div  class=\"lgc-column lgc-grid-parent lgc-grid-33 lgc-tablet-grid-50 lgc-mobile-grid-100 lgc-equal-heights \"><div  class=\"inside-grid-column\"><img decoding=\"async\" loading=\"lazy\" class=\"aligncenter size-full wp-image-4404\" src=\"https:\/\/ifdc10-juj.infd.edu.ar\/sitio\/wp-content\/uploads\/2019\/06\/agui3-pedag.jpeg\" alt=\"\" width=\"448\" height=\"336\" \/> <img decoding=\"async\" loading=\"lazy\" class=\"aligncenter size-medium wp-image-4405\" src=\"https:\/\/ifdc10-juj.infd.edu.ar\/sitio\/wp-content\/uploads\/2019\/06\/agui5-pedag.jpeg\" alt=\"\" width=\"448\" height=\"252\" \/> <img decoding=\"async\" loading=\"lazy\" class=\"aligncenter size-medium wp-image-4406\" src=\"https:\/\/ifdc10-juj.infd.edu.ar\/sitio\/wp-content\/uploads\/2019\/06\/agui7-pedag.jpeg\" alt=\"\" width=\"448\" height=\"252\" \/><img decoding=\"async\" loading=\"lazy\" class=\"aligncenter size-full wp-image-4408\" src=\"https:\/\/ifdc10-juj.infd.edu.ar\/sitio\/wp-content\/uploads\/2019\/06\/agui8-pedag.jpeg\" alt=\"\" width=\"448\" height=\"252\" \/><\/div><\/div>\n","protected":false},"excerpt":{"rendered":"<p>Un d\u00eda en la cotidianeidad de las aulas del Profesorado de Educaci\u00f3n Especial. Sede Escuela Normal. Procuramos mostrar la cotidianeidad de la tarea \u00e1ulica seg\u00fan nos lo muestran las alumnas. En este caso se trata de las alumnas de la carrera del Profesorado de Educaci\u00f3n Especial con Orientaci\u00f3n en Discapacidad Intelectual.<\/p>\n","protected":false},"author":775,"featured_media":0,"parent":0,"menu_order":0,"comment_status":"closed","ping_status":"closed","template":"","meta":[],"acf":[],"_links":{"self":[{"href":"https:\/\/ifdc10-juj.infd.edu.ar\/sitio\/wp-json\/wp\/v2\/pages\/4385"}],"collection":[{"href":"https:\/\/ifdc10-juj.infd.edu.ar\/sitio\/wp-json\/wp\/v2\/pages"}],"about":[{"href":"https:\/\/ifdc10-juj.infd.edu.ar\/sitio\/wp-json\/wp\/v2\/types\/page"}],"author":[{"embeddable":true,"href":"https:\/\/ifdc10-juj.infd.edu.ar\/sitio\/wp-json\/wp\/v2\/users\/775"}],"replies":[{"embeddable":true,"href":"https:\/\/ifdc10-juj.infd.edu.ar\/sitio\/wp-json\/wp\/v2\/comments?post=4385"}],"version-history":[{"count":21,"href":"https:\/\/ifdc10-juj.infd.edu.ar\/sitio\/wp-json\/wp\/v2\/pages\/4385\/revisions"}],"predecessor-version":[{"id":4429,"href":"https:\/\/ifdc10-juj.infd.edu.ar\/sitio\/wp-json\/wp\/v2\/pages\/4385\/revisions\/4429"}],"wp:attachment":[{"href":"https:\/\/ifdc10-juj.infd.edu.ar\/sitio\/wp-json\/wp\/v2\/media?parent=4385"}],"curies":[{"name":"wp","href":"https:\/\/api.w.org\/{rel}","templated":true}]}}