{"id":4349,"date":"2019-06-07T19:01:27","date_gmt":"2019-06-07T22:01:27","guid":{"rendered":"https:\/\/ifdc10-juj.infd.edu.ar\/sitio\/?page_id=4349"},"modified":"2023-03-21T00:16:37","modified_gmt":"2023-03-21T03:16:37","slug":"tecnicatura-superior-en-gastronomia-regional-y-cultura-alimentaria","status":"publish","type":"page","link":"https:\/\/ifdc10-juj.infd.edu.ar\/sitio\/tecnicatura-superior-en-gastronomia-regional-y-cultura-alimentaria\/","title":{"rendered":"TECNICATURA SUPERIOR EN COCINA REGIONAL Y CULTURA ALIMENTARIA"},"content":{"rendered":"<h2 style=\"text-align: center;\"><strong>TECNICATURA SUPERIOR EN GASTRONOM\u00cdA REGIONAL Y CULTURA ALIMENTARIA\u00a0<\/strong><\/h2>\n<h4 style=\"text-align: center;\"><strong><span style=\"color: #800000;\"> <a href=\"https:\/\/ifdc10-juj.infd.edu.ar\/sitio\/nuevos-disenos-curriculares-de-las-carreras\/\">DISE\u00d1O CURRICULAR DE LA CARRERA<\/a> <\/span><\/strong><\/h4>\n<div  class=\"lgc-column lgc-grid-parent lgc-grid-33 lgc-tablet-grid-50 lgc-mobile-grid-100 lgc-equal-heights \"><div  class=\"inside-grid-column\"><a href=\"https:\/\/ifdc10-juj.infd.edu.ar\/sitio\/wp-content\/uploads\/2020\/01\/COCINA-REGIONAL.png\"><img decoding=\"async\" loading=\"lazy\" class=\"aligncenter wp-image-6070 size-full\" src=\"https:\/\/ifdc10-juj.infd.edu.ar\/sitio\/wp-content\/uploads\/2020\/01\/COCINA-REGIONAL.png\" alt=\"\" width=\"480\" height=\"360\" \/><\/a><\/div><\/div><div  class=\"lgc-column lgc-grid-parent lgc-grid-33 lgc-tablet-grid-50 lgc-mobile-grid-100 lgc-equal-heights \"><div  class=\"inside-grid-column\">\n<ul>\n<li><span style=\"color: #0000ff;\"><strong>FORMULARIO PARA LA MATRICULACI\u00d3N DEFINITIVA A LA CARRERA EN FORMATO DIGITAL. &gt;&gt;&gt;&gt;IR AQU\u00cd&gt;&gt;&gt;&gt;<\/strong><\/span><\/li>\n<li><span style=\"color: #333300;\"><strong><em>CARTILLAS DE INGRESO <\/em><\/strong><\/span><\/li>\n<li><span style=\"color: #333300;\"><span style=\"color: #0000ff;\"><a style=\"color: #0000ff;\" href=\"https:\/\/ifdc10-juj.infd.edu.ar\/sitio\/wp-content\/uploads\/2019\/05\/Cartilla-Gastronom\u00eda-IES10.docx\"><strong><em>OBJETIVOS. \u00c1MBITO LABORAL. TIEMPO DE ESTUDIO. <\/em><\/strong><\/a><\/span><strong><em><span style=\"color: #0000ff;\">ESTRUCTURA CURRICULAR DE LA CARRERA<\/span>. Plan de correlatividades y r\u00e9gimen de acreditacion. <\/em><\/strong><\/span><\/li>\n<\/ul>\n<p><span style=\"color: #333300;\"><\/span><\/p><\/div><\/div><div  class=\"lgc-column lgc-grid-parent lgc-grid-33 lgc-tablet-grid-50 lgc-mobile-grid-100 lgc-equal-heights \"><div  class=\"inside-grid-column\">\n<h5><span style=\"color: #333300;\"><strong>INGRESO AL IES n10 \/\/ <\/strong><span style=\"color: #0000ff;\"><a style=\"color: #0000ff;\" href=\"https:\/\/ifdc10-juj.infd.edu.ar\/sitio\/wp-content\/uploads\/2019\/03\/oferta.resoluci\u00f3n.png\"><strong>NUEVA OFERTA EDUCATIVA. \/\/NUEVAS TECNICATURAS SUPERIORES.<\/strong><\/a><\/span> <\/span><\/h5><\/div><\/div><\/span><\/h5>\n<h5 style=\"text-align: center;\"><a href=\"https:\/\/ifdc10-juj.infd.edu.ar\/sitio\/wp-content\/uploads\/2019\/08\/gastronomia.-calilegua.jpg\">HORARIOS DE LA TECNICATURA<\/a><\/h5>\n<h5 style=\"text-align: center;\"><span style=\"color: #333300;\"><a href=\"https:\/\/ifdc10-juj.infd.edu.ar\/aula\/index.cgi?id_curso=212&amp;id_curso_ant=211\">ACCESO AL AULA VIRTUAL DE LA T.S. Gastronom\u00eda Regional y&#8230;.<\/a> <\/span><\/h5>\n<p style=\"text-align: center;\"><a href=\"https:\/\/docs.google.com\/forms\/d\/e\/1FAIpQLScbhbKYCWYY-tz4eau1jh8eWRV0MSTwbt6R6QySLmpEr2ujug\/closedform\"><strong>SOLICITUD DE CLAVE DE INGRESO AL CAMPUS.<\/strong><\/a> S\u00f3lo para alumnos matriculados en a instituci\u00f3n<\/p>\n<p style=\"text-align: center;\"><span style=\"color: #333300;\"><span style=\"color: #ffff00;\">El Coordinador de la Tecnicatura es el Chef Ren\u00e9 Perez<\/span> <\/span><\/p>\n","protected":false},"excerpt":{"rendered":"<p>TECNICATURA SUPERIOR EN GASTRONOM\u00cdA REGIONAL Y CULTURA ALIMENTARIA\u00a0 DISE\u00d1O CURRICULAR DE LA CARRERA HORARIOS DE LA TECNICATURA ACCESO AL AULA VIRTUAL DE LA T.S. Gastronom\u00eda Regional y&#8230;. SOLICITUD DE CLAVE DE INGRESO AL CAMPUS. S\u00f3lo para alumnos matriculados en a instituci\u00f3n El Coordinador de la Tecnicatura es el Chef Ren\u00e9 Perez<\/p>\n","protected":false},"author":775,"featured_media":0,"parent":0,"menu_order":0,"comment_status":"closed","ping_status":"closed","template":"","meta":[],"acf":[],"_links":{"self":[{"href":"https:\/\/ifdc10-juj.infd.edu.ar\/sitio\/wp-json\/wp\/v2\/pages\/4349"}],"collection":[{"href":"https:\/\/ifdc10-juj.infd.edu.ar\/sitio\/wp-json\/wp\/v2\/pages"}],"about":[{"href":"https:\/\/ifdc10-juj.infd.edu.ar\/sitio\/wp-json\/wp\/v2\/types\/page"}],"author":[{"embeddable":true,"href":"https:\/\/ifdc10-juj.infd.edu.ar\/sitio\/wp-json\/wp\/v2\/users\/775"}],"replies":[{"embeddable":true,"href":"https:\/\/ifdc10-juj.infd.edu.ar\/sitio\/wp-json\/wp\/v2\/comments?post=4349"}],"version-history":[{"count":20,"href":"https:\/\/ifdc10-juj.infd.edu.ar\/sitio\/wp-json\/wp\/v2\/pages\/4349\/revisions"}],"predecessor-version":[{"id":10129,"href":"https:\/\/ifdc10-juj.infd.edu.ar\/sitio\/wp-json\/wp\/v2\/pages\/4349\/revisions\/10129"}],"wp:attachment":[{"href":"https:\/\/ifdc10-juj.infd.edu.ar\/sitio\/wp-json\/wp\/v2\/media?parent=4349"}],"curies":[{"name":"wp","href":"https:\/\/api.w.org\/{rel}","templated":true}]}}