{"id":3802,"date":"2019-03-29T16:36:32","date_gmt":"2019-03-29T19:36:32","guid":{"rendered":"https:\/\/ifdc10-juj.infd.edu.ar\/sitio\/?page_id=3802"},"modified":"2020-08-31T11:06:10","modified_gmt":"2020-08-31T14:06:10","slug":"tecnicatura-superior-en-laboratorio-de-analisis-clinico","status":"publish","type":"page","link":"https:\/\/ifdc10-juj.infd.edu.ar\/sitio\/tecnicatura-superior-en-laboratorio-de-analisis-clinico\/","title":{"rendered":"TECNICATURA SUPERIOR EN LABORATORIO DE AN\u00c1LISIS CL\u00cdNICO"},"content":{"rendered":"<h1 style=\"text-align: center;\">Tecnicatura Superior en Laboratorio de an\u00e1lisis cl\u00ednicos.<\/h1>\n<div  class=\"lgc-column lgc-grid-parent lgc-grid-33 lgc-tablet-grid-50 lgc-mobile-grid-100 lgc-equal-heights \"><div  class=\"inside-grid-column\">\n<p><img decoding=\"async\" loading=\"lazy\" class=\"aligncenter  wp-image-6071\" src=\"https:\/\/ifdc10-juj.infd.edu.ar\/sitio\/wp-content\/uploads\/2020\/01\/LABORATORIO-AN.CL_..png\" alt=\"\" width=\"455\" height=\"341\" \/><\/p><\/div><\/div><div  class=\"lgc-column lgc-grid-parent lgc-grid-33 lgc-tablet-grid-50 lgc-mobile-grid-100 lgc-equal-heights \"><div  class=\"inside-grid-column\">\n<h3 style=\"text-align: center;\"><a href=\"https:\/\/ifdc10-juj.infd.edu.ar\/sitio\/nuevos-disenos-curriculares-de-las-carreras\/\">Dise\u00f1o curricular de la carrera.<\/a><\/h3>\n<p><\/p><\/div><\/div>\n<div  class=\"lgc-column lgc-grid-parent lgc-grid-0 lgc-tablet-grid-0 lgc-mobile-grid-0 lgc-equal-heights \"><div  class=\"inside-grid-column\">\n\n<div  class=\"lgc-column lgc-grid-parent lgc-grid-33 lgc-tablet-grid-50 lgc-mobile-grid-100 lgc-equal-heights \"><div  class=\"inside-grid-column\"><\/div><\/div>\n<p style=\"text-align: center;\"><a href=\"https:\/\/ifdc10-juj.infd.edu.ar\/sitio\/wp-content\/uploads\/2019\/08\/laboratorio.-Normal.jpg\"><strong><span style=\"color: #000000;\">HORARIO DE LA CARRERA (cursada presencial)<\/span><\/strong><\/a><\/p>\n<p style=\"text-align: center;\"><strong><a href=\"https:\/\/ifdc10-juj.infd.edu.ar\/aula\/index.cgi?id_curso=206&amp;id_curso_ant=212\"><span style=\"color: #000000;\">ACCESO AL AULA VIRTUAL DE LA CARRERA EN EL CAMPUS<\/span><\/a><\/strong><\/p><\/div><\/div>\n<p style=\"text-align: center;\"><strong><a href=\"https:\/\/docs.google.com\/forms\/d\/e\/1FAIpQLScbhbKYCWYY-tz4eau1jh8eWRV0MSTwbt6R6QySLmpEr2ujug\/closedform\">SOLICITUD DE CLAVE DE INGRESO AL CAMPUS<\/a><\/strong>. S\u00f3lo para alumnos matriculados en la instituci\u00f3n<\/p>\n","protected":false},"excerpt":{"rendered":"<p>Tecnicatura Superior en Laboratorio de an\u00e1lisis cl\u00ednicos. SOLICITUD DE CLAVE DE INGRESO AL CAMPUS. S\u00f3lo para alumnos matriculados en la instituci\u00f3n<\/p>\n","protected":false},"author":775,"featured_media":0,"parent":0,"menu_order":0,"comment_status":"closed","ping_status":"closed","template":"","meta":[],"acf":[],"_links":{"self":[{"href":"https:\/\/ifdc10-juj.infd.edu.ar\/sitio\/wp-json\/wp\/v2\/pages\/3802"}],"collection":[{"href":"https:\/\/ifdc10-juj.infd.edu.ar\/sitio\/wp-json\/wp\/v2\/pages"}],"about":[{"href":"https:\/\/ifdc10-juj.infd.edu.ar\/sitio\/wp-json\/wp\/v2\/types\/page"}],"author":[{"embeddable":true,"href":"https:\/\/ifdc10-juj.infd.edu.ar\/sitio\/wp-json\/wp\/v2\/users\/775"}],"replies":[{"embeddable":true,"href":"https:\/\/ifdc10-juj.infd.edu.ar\/sitio\/wp-json\/wp\/v2\/comments?post=3802"}],"version-history":[{"count":17,"href":"https:\/\/ifdc10-juj.infd.edu.ar\/sitio\/wp-json\/wp\/v2\/pages\/3802\/revisions"}],"predecessor-version":[{"id":7280,"href":"https:\/\/ifdc10-juj.infd.edu.ar\/sitio\/wp-json\/wp\/v2\/pages\/3802\/revisions\/7280"}],"wp:attachment":[{"href":"https:\/\/ifdc10-juj.infd.edu.ar\/sitio\/wp-json\/wp\/v2\/media?parent=3802"}],"curies":[{"name":"wp","href":"https:\/\/api.w.org\/{rel}","templated":true}]}}