{"id":3785,"date":"2019-03-29T09:57:35","date_gmt":"2019-03-29T12:57:35","guid":{"rendered":"https:\/\/ifdc10-juj.infd.edu.ar\/sitio\/?page_id=3785"},"modified":"2021-12-16T12:05:56","modified_gmt":"2021-12-16T15:05:56","slug":"tecnicatura-superior-en-higiene-y-seguridad-laboral","status":"publish","type":"page","link":"https:\/\/ifdc10-juj.infd.edu.ar\/sitio\/tecnicatura-superior-en-higiene-y-seguridad-laboral\/","title":{"rendered":"TECNICATURA SUPERIOR EN HIGIENE Y SEGURIDAD LABORAL"},"content":{"rendered":"<div  class=\"lgc-column lgc-grid-parent lgc-grid-33 lgc-tablet-grid-50 lgc-mobile-grid-100 lgc-equal-heights \"><div  class=\"inside-grid-column\">\n<p><figure id=\"attachment_3786\" aria-describedby=\"caption-attachment-3786\" style=\"width: 438px\" class=\"wp-caption alignleft\"><img decoding=\"async\" loading=\"lazy\" class=\"size-full wp-image-3786\" src=\"https:\/\/ifdc10-juj.infd.edu.ar\/sitio\/wp-content\/uploads\/2019\/03\/TEC.-HIG.-SEGUR..jpg\" alt=\"\" width=\"448\" height=\"336\" \/><figcaption id=\"caption-attachment-3786\" class=\"wp-caption-text\">Nueva Tecnicatura que inicia sus actividades en 2019<\/figcaption><\/figure><\/p>\n<p><\/p><\/div><\/div>\n<p>&nbsp;<\/p>\n<h5><a href=\"https:\/\/ifdc10-juj.infd.edu.ar\/sitio\/matriculacion-inscripcion\/\" target=\"_blank\" rel=\"noopener\"><strong>INSCRIPCI\u00d3N ALUMNOS CURSANTES<\/strong><\/a><\/h5>\n<ul>\n<li>\n<h5><strong><em><a href=\"https:\/\/ifdc10-juj.infd.edu.ar\/sitio\/wp-content\/uploads\/2019\/02\/1-Cartilla-de-ingreso-Tecnicatura-Superior-en-Higiene-y-Seguridad-Laboral-1-2019_1-14.pdf\" target=\"_NEW\" rel=\"noopener\">OBJETIVOS. \u00c1MBITO LABORAL. TIEMPO DE ESTUDIO.<\/a><\/em><\/strong><\/h5>\n<\/li>\n<li>\n<h5><a href=\"https:\/\/ifdc10-juj.infd.edu.ar\/sitio\/wp-content\/uploads\/2021\/12\/ESTRUCTURA-SEGURIDAD-E-HIGIENE.jpeg\" target=\"_blank\" rel=\"noopener\"><strong><em>ESTRUCTURA CURRICULAR DE LA CARRERA.<\/em><\/strong><\/a><\/h5>\n<\/li>\n<li>\n<h5><strong><em>Plan de correlatividades y r\u00e9gimen de acreditacion.<\/em><\/strong><\/h5>\n<\/li>\n<\/ul>\n<h5><div  class=\"lgc-column lgc-grid-parent lgc-grid-33 lgc-tablet-grid-50 lgc-mobile-grid-100 lgc-equal-heights \"><div  class=\"inside-grid-column\"><\/div><\/div><\/h5>\n<h5 style=\"text-align: left;\"><a href=\"https:\/\/ifdc10-juj.infd.edu.ar\/aula\/index.cgi?id_curso=200\">ACCESO AL AULA VIRTUAL DE LA T.S. en HIGIENE.<\/a><\/h5>\n<h5 style=\"text-align: center;\"><a href=\"https:\/\/docs.google.com\/forms\/d\/e\/1FAIpQLScbhbKYCWYY-tz4eau1jh8eWRV0MSTwbt6R6QySLmpEr2ujug\/closedform\"><strong>SOLICITUD DE CLAVE DE INGRESO AL CAMPUS<\/strong><\/a>. S\u00f3lo para alumnos matriculados en el instituto.<\/h5>\n<h5 style=\"text-align: center;\"><em><b>La carrera tiene un COORDINADOR el cual es elegido por el voto secreto de sus colegas de carrera. El coordinador\u00a0de la carrera fue electo por cuatro a\u00f1os. <\/b><\/em>El Coordinador de la Tecnicatura es el Ing. Cristian Avilez<\/h5>\n","protected":false},"excerpt":{"rendered":"<p>&nbsp; INSCRIPCI\u00d3N ALUMNOS CURSANTES OBJETIVOS. \u00c1MBITO LABORAL. TIEMPO DE ESTUDIO. ESTRUCTURA CURRICULAR DE LA CARRERA. Plan de correlatividades y r\u00e9gimen de acreditacion. ACCESO AL AULA VIRTUAL DE LA T.S. en HIGIENE. SOLICITUD DE CLAVE DE INGRESO AL CAMPUS. S\u00f3lo para alumnos matriculados en el instituto. La carrera tiene un COORDINADOR el cual es elegido por &#8230; <a title=\"TECNICATURA SUPERIOR EN HIGIENE Y SEGURIDAD LABORAL\" class=\"read-more\" href=\"https:\/\/ifdc10-juj.infd.edu.ar\/sitio\/tecnicatura-superior-en-higiene-y-seguridad-laboral\/\" aria-label=\"More on TECNICATURA SUPERIOR EN HIGIENE Y SEGURIDAD LABORAL\">[+]<\/a><\/p>\n","protected":false},"author":775,"featured_media":0,"parent":0,"menu_order":0,"comment_status":"closed","ping_status":"closed","template":"","meta":[],"acf":[],"_links":{"self":[{"href":"https:\/\/ifdc10-juj.infd.edu.ar\/sitio\/wp-json\/wp\/v2\/pages\/3785"}],"collection":[{"href":"https:\/\/ifdc10-juj.infd.edu.ar\/sitio\/wp-json\/wp\/v2\/pages"}],"about":[{"href":"https:\/\/ifdc10-juj.infd.edu.ar\/sitio\/wp-json\/wp\/v2\/types\/page"}],"author":[{"embeddable":true,"href":"https:\/\/ifdc10-juj.infd.edu.ar\/sitio\/wp-json\/wp\/v2\/users\/775"}],"replies":[{"embeddable":true,"href":"https:\/\/ifdc10-juj.infd.edu.ar\/sitio\/wp-json\/wp\/v2\/comments?post=3785"}],"version-history":[{"count":33,"href":"https:\/\/ifdc10-juj.infd.edu.ar\/sitio\/wp-json\/wp\/v2\/pages\/3785\/revisions"}],"predecessor-version":[{"id":8432,"href":"https:\/\/ifdc10-juj.infd.edu.ar\/sitio\/wp-json\/wp\/v2\/pages\/3785\/revisions\/8432"}],"wp:attachment":[{"href":"https:\/\/ifdc10-juj.infd.edu.ar\/sitio\/wp-json\/wp\/v2\/media?parent=3785"}],"curies":[{"name":"wp","href":"https:\/\/api.w.org\/{rel}","templated":true}]}}