{"id":3028,"date":"2018-11-18T17:50:18","date_gmt":"2018-11-18T20:50:18","guid":{"rendered":"https:\/\/ifdc10-juj.infd.edu.ar\/sitio\/?page_id=3028"},"modified":"2022-06-21T14:14:20","modified_gmt":"2022-06-21T17:14:20","slug":"experiencia-enriquecedora-ee-uu-los-angeles-california-ucla","status":"publish","type":"page","link":"https:\/\/ifdc10-juj.infd.edu.ar\/sitio\/experiencia-enriquecedora-ee-uu-los-angeles-california-ucla\/","title":{"rendered":"El IES presente"},"content":{"rendered":"<h5>IES 10 PRESENTE en actos del 20 de Junio! d\u00eda de nuestra Bandera Nacional.<\/h5>\n<p style=\"text-align: center;\"><div id=\"metaslider-id-9405\" style=\"max-width: 600px; margin: 0 auto;\" class=\"ml-slider-3-33-0 metaslider metaslider-coin metaslider-9405 ml-slider ms-theme-default\" role=\"region\" aria-roledescription=\"Slideshow\" aria-label=\"Slideshow\">\n    <div id=\"metaslider_container_9405\">\n        <div id='metaslider_9405' class='coin-slider'>\n<a href=\"javascript:void(0)\" target=\"_self\"><img src=\"https:\/\/ifdc10-juj.infd.edu.ar\/sitio\/wp-content\/uploads\/2022\/06\/WhatsApp-Image-2022-06-20-at-11.48.08-AM-600x350.jpeg\" height=\"350\" width=\"600\" alt=\"\" class=\"slider-9405 slide-9414\" title=\"WhatsApp Image 2022-06-20 at 11.48.08 AM\" style=\"display: none;\" \/><\/a>\n<a href=\"javascript:void(0)\" target=\"_self\"><img src=\"https:\/\/ifdc10-juj.infd.edu.ar\/sitio\/wp-content\/uploads\/2022\/06\/WhatsApp-Image-2022-06-20-at-11.48.07-AM-e1655829981414-576x336.jpeg\" height=\"350\" width=\"600\" alt=\"\" class=\"slider-9405 slide-9413\" title=\"WhatsApp Image 2022-06-20 at 11.48.07 AM\" style=\"display: none;\" \/><\/a>\n<a href=\"javascript:void(0)\" target=\"_self\"><img src=\"https:\/\/ifdc10-juj.infd.edu.ar\/sitio\/wp-content\/uploads\/2022\/06\/WhatsApp-Image-2022-06-20-at-12.13.58-PM-e1655831446688-474x276.jpeg\" height=\"350\" width=\"600\" alt=\"\" class=\"slider-9405 slide-9417\" title=\"WhatsApp Image 2022-06-20 at 12.13.58 PM\" style=\"display: none;\" \/><\/a>\n<a href=\"javascript:void(0)\" target=\"_self\"><img src=\"https:\/\/ifdc10-juj.infd.edu.ar\/sitio\/wp-content\/uploads\/2022\/06\/WhatsApp-Image-2022-06-20-at-12.13.57-PM-600x350.jpeg\" height=\"350\" width=\"600\" alt=\"\" class=\"slider-9405 slide-9416\" title=\"WhatsApp Image 2022-06-20 at 12.13.57 PM\" style=\"display: none;\" \/><\/a>\n        <\/div>\n        \n    <\/div>\n<\/div><\/p>\n<p style=\"text-align: center;\">\u00a0<\/p>\n<h1 style=\"text-align: center;\"><span style=\"color: #ffff00;\">EXPERIENCIA ENRIQUECEDORA: EE. UU. Los \u00c1ngeles, California (UCLA)<\/span><\/h1>\n<div  class=\"lgc-column lgc-grid-parent lgc-grid-50 lgc-tablet-grid-50 lgc-mobile-grid-100 lgc-equal-heights \"><div  class=\"inside-grid-column\">\n<p style=\"text-align: center;\">El Vice Rector 2\u00ba del IES N\u00ba10 Prof. Oscar S\u00e1nchez fue becado para capacitarse en la Universidad de Los \u00c1ngeles. <a href=\"https:\/\/www.argentina.gob.ar\/noticias\/75-becarios-de-institutos-de-formacion-docente-viajan-especializarse-en-estados-unidos\">Setenta y cinco directivos de <strong>Institutos Superiores de Formaci\u00f3n Docente<\/strong> de todo el pa\u00eds participaron previamente de una orientaci\u00f3n en el <strong>Palacio Sarmiento<\/strong><\/a>, antes de\u00a0 su partida a la <strong>Universidad de Los \u00c1ngeles<\/strong>, California (UCLA), donde asistieron a cursos de especializaci\u00f3n en lengua, literatura, matem\u00e1tica y educaci\u00f3n primaria, con un enfoque orientado al desarrollo de las capacidades de liderazgo, gesti\u00f3n educativa e innovaci\u00f3n pedag\u00f3gica.<\/p>\n<div class=\"mceTemp\">\u00a0<\/div>\n<p><figure id=\"attachment_3029\" aria-describedby=\"caption-attachment-3029\" style=\"width: 438px\" class=\"wp-caption alignnone\"><a href=\"https:\/\/ifdc10-juj.infd.edu.ar\/sitio\/\" target=\"_blank\" rel=\"https:\/\/ifdc10-juj.infd.edu.ar\/sitio\/wp-content\/uploads\/2018\/11\/1\u00aa-pichi.jpg noopener\"><img decoding=\"async\" loading=\"lazy\" class=\"wp-image-3029 size-full\" src=\"https:\/\/ifdc10-juj.infd.edu.ar\/sitio\/wp-content\/uploads\/2018\/11\/1\u00aa-pichi.jpg\" alt=\"\" width=\"448\" height=\"252\" \/><\/a><figcaption id=\"caption-attachment-3029\" class=\"wp-caption-text\">El grupo de colegas de diferentes lugares de Argentina recorriendo la Universidad de Los \u00c1ngeles. EE.UU<\/figcaption><\/figure><br \/>\n<figure id=\"attachment_3034\" aria-describedby=\"caption-attachment-3034\" style=\"width: 438px\" class=\"wp-caption alignleft\"><a href=\"https:\/\/ifdc10-juj.infd.edu.ar\/sitio\/wp-content\/uploads\/2018\/11\/3\u00aa-pichi.jpg\" target=\"_blank\" rel=\"noopener\"><img decoding=\"async\" loading=\"lazy\" class=\"wp-image-3034 size-full\" src=\"https:\/\/ifdc10-juj.infd.edu.ar\/sitio\/wp-content\/uploads\/2018\/11\/3\u00aa-pichi.jpg\" alt=\"\" width=\"448\" height=\"252\" \/><\/a><figcaption id=\"caption-attachment-3034\" class=\"wp-caption-text\">El Prof. Oscar S\u00e1nchez junto a Directoras de Escuelas Primarias americanas<\/figcaption><\/figure><br \/>\n<figure id=\"attachment_3033\" aria-describedby=\"caption-attachment-3033\" style=\"width: 430px\" class=\"wp-caption alignleft\"><a href=\"https:\/\/ifdc10-juj.infd.edu.ar\/sitio\/wp-content\/uploads\/2018\/11\/2\u00aa-pichi.jpg\" target=\"_blank\" rel=\"https:\/\/ifdc10-juj.infd.edu.ar\/sitio\/wp-content\/uploads\/2018\/11\/2\u00aa-pichi.jpg noopener\"><img decoding=\"async\" loading=\"lazy\" class=\"wp-image-3033\" src=\"https:\/\/ifdc10-juj.infd.edu.ar\/sitio\/wp-content\/uploads\/2018\/11\/2\u00aa-pichi-1000x563.jpg\" alt=\"\" width=\"440\" height=\"248\" srcset=\"https:\/\/ifdc10-juj.infd.edu.ar\/sitio\/wp-content\/uploads\/2018\/11\/2\u00aa-pichi-1000x563.jpg 1000w, https:\/\/ifdc10-juj.infd.edu.ar\/sitio\/wp-content\/uploads\/2018\/11\/2\u00aa-pichi-768x432.jpg 768w, https:\/\/ifdc10-juj.infd.edu.ar\/sitio\/wp-content\/uploads\/2018\/11\/2\u00aa-pichi-1900x1070.jpg 1900w\" sizes=\"(max-width: 440px) 100vw, 440px\" \/><\/a><figcaption id=\"caption-attachment-3033\" class=\"wp-caption-text\">El Vice Rector con algunos de los referentes del Programa de la UCLA, EE.UU<\/figcaption><\/figure><br \/>\n<figure id=\"attachment_3035\" aria-describedby=\"caption-attachment-3035\" style=\"width: 438px\" class=\"wp-caption alignleft\"><a href=\"https:\/\/ifdc10-juj.infd.edu.ar\/sitio\/wp-content\/uploads\/2018\/11\/4\u00aa-pichi.jpg\" target=\"_blank\" rel=\"noopener\"><img decoding=\"async\" loading=\"lazy\" class=\"wp-image-3035 size-full\" src=\"https:\/\/ifdc10-juj.infd.edu.ar\/sitio\/wp-content\/uploads\/2018\/11\/4\u00aa-pichi.jpg\" alt=\"\" width=\"448\" height=\"252\" \/><\/a><figcaption id=\"caption-attachment-3035\" class=\"wp-caption-text\">Recepci\u00f3n del certificado por las 80 hs. de cursada y aprobaci\u00f3n del trabajo final.<\/figcaption><\/figure><br \/>\n<figure id=\"attachment_3038\" aria-describedby=\"caption-attachment-3038\" style=\"width: 438px\" class=\"wp-caption alignleft\"><a href=\"https:\/\/ifdc10-juj.infd.edu.ar\/sitio\/wp-content\/uploads\/2018\/11\/6\u00aa-pichi.jpg\" target=\"_blank\" rel=\"noopener\"><img decoding=\"async\" loading=\"lazy\" class=\"wp-image-3038 size-full\" src=\"https:\/\/ifdc10-juj.infd.edu.ar\/sitio\/wp-content\/uploads\/2018\/11\/6\u00aa-pichi.jpg\" alt=\"\" width=\"448\" height=\"252\" \/><\/a><figcaption id=\"caption-attachment-3038\" class=\"wp-caption-text\">El grupo argentino visita al administrador educativo de una escuela secundaria de la ciudad.<\/figcaption><\/figure><\/p>\n<p><\/p><\/div><\/div> <div  class=\"lgc-column lgc-grid-parent lgc-grid-50 lgc-tablet-grid-50 lgc-mobile-grid-100 lgc-equal-heights \"><div  class=\"inside-grid-column\">Las siguientes imagenes muestran la visita a otro estableciiento que tiene tres niveles\u00a0 (inicial, primario y\u00a0 secundario).\n<p><figure id=\"attachment_3036\" aria-describedby=\"caption-attachment-3036\" style=\"width: 443px\" class=\"wp-caption alignnone\"><a href=\"https:\/\/ifdc10-juj.infd.edu.ar\/sitio\/wp-content\/uploads\/2018\/11\/5\u00aa-pichi.jpg\" target=\"_blank\" rel=\"noopener\"><img decoding=\"async\" loading=\"lazy\" class=\"wp-image-3036\" src=\"https:\/\/ifdc10-juj.infd.edu.ar\/sitio\/wp-content\/uploads\/2018\/11\/5\u00aa-pichi-1000x563.jpg\" alt=\"\" width=\"453\" height=\"255\" srcset=\"https:\/\/ifdc10-juj.infd.edu.ar\/sitio\/wp-content\/uploads\/2018\/11\/5\u00aa-pichi-1000x563.jpg 1000w, https:\/\/ifdc10-juj.infd.edu.ar\/sitio\/wp-content\/uploads\/2018\/11\/5\u00aa-pichi-768x432.jpg 768w, https:\/\/ifdc10-juj.infd.edu.ar\/sitio\/wp-content\/uploads\/2018\/11\/5\u00aa-pichi-1900x1069.jpg 1900w\" sizes=\"(max-width: 453px) 100vw, 453px\" \/><\/a><figcaption id=\"caption-attachment-3036\" class=\"wp-caption-text\">Algunos de los integrantes del grupo junto al Vice Rector en mesa de trabajo.<\/figcaption><\/figure><br \/>\n<figure id=\"attachment_3041\" aria-describedby=\"caption-attachment-3041\" style=\"width: 438px\" class=\"wp-caption alignleft\"><a href=\"https:\/\/ifdc10-juj.infd.edu.ar\/sitio\/wp-content\/uploads\/2018\/11\/8\u00aa-pichi.jpg\" target=\"_blank\" rel=\"noopener\"><img decoding=\"async\" loading=\"lazy\" class=\"wp-image-3041 size-full\" src=\"https:\/\/ifdc10-juj.infd.edu.ar\/sitio\/wp-content\/uploads\/2018\/11\/8\u00aa-pichi.jpg\" alt=\"\" width=\"448\" height=\"252\" \/><\/a><figcaption id=\"caption-attachment-3041\" class=\"wp-caption-text\">Visitando el aula de Cs. Naturales de una instituci\u00f3n.<\/figcaption><\/figure><\/p>\n<p><img decoding=\"async\" loading=\"lazy\" class=\"wp-image-3042 alignleft\" src=\"https:\/\/ifdc10-juj.infd.edu.ar\/sitio\/wp-content\/uploads\/2018\/11\/10\u00aa-pichi.jpg\" alt=\"\" width=\"441\" height=\"331\" \/> <img decoding=\"async\" loading=\"lazy\" class=\"wp-image-3043 alignleft\" src=\"https:\/\/ifdc10-juj.infd.edu.ar\/sitio\/wp-content\/uploads\/2018\/11\/11\u00aa-pichi.jpg\" alt=\"\" width=\"436\" height=\"245\" \/><\/p>\n<figure id=\"attachment_3044\" aria-describedby=\"caption-attachment-3044\" style=\"width: 212px\" class=\"wp-caption alignleft\"><img decoding=\"async\" loading=\"lazy\" class=\"wp-image-3044 \" src=\"https:\/\/ifdc10-juj.infd.edu.ar\/sitio\/wp-content\/uploads\/2018\/11\/12\u00aa-pichi.jpg\" alt=\"\" width=\"222\" height=\"125\" \/><figcaption id=\"caption-attachment-3044\" class=\"wp-caption-text\">Diferentes aspectos de fachadas de los edificios escolares visitados.<\/figcaption><\/figure>\n<p><img decoding=\"async\" loading=\"lazy\" class=\"wp-image-3040 alignleft\" src=\"https:\/\/ifdc10-juj.infd.edu.ar\/sitio\/wp-content\/uploads\/2018\/11\/9\u00aa-pichi.jpg\" alt=\"\" width=\"221\" height=\"166\" \/><img decoding=\"async\" loading=\"lazy\" class=\"wp-image-3039 aligncenter\" src=\"https:\/\/ifdc10-juj.infd.edu.ar\/sitio\/wp-content\/uploads\/2018\/11\/7\u00aa-pichi.jpg\" alt=\"\" width=\"443\" height=\"249\" \/> <\/p><\/div><\/div>\n","protected":false},"excerpt":{"rendered":"<p>IES 10 PRESENTE en actos del 20 de Junio! d\u00eda de nuestra Bandera Nacional. \u00a0 EXPERIENCIA ENRIQUECEDORA: EE. UU. Los \u00c1ngeles, California (UCLA)<\/p>\n","protected":false},"author":775,"featured_media":0,"parent":0,"menu_order":0,"comment_status":"closed","ping_status":"closed","template":"","meta":[],"acf":[],"_links":{"self":[{"href":"https:\/\/ifdc10-juj.infd.edu.ar\/sitio\/wp-json\/wp\/v2\/pages\/3028"}],"collection":[{"href":"https:\/\/ifdc10-juj.infd.edu.ar\/sitio\/wp-json\/wp\/v2\/pages"}],"about":[{"href":"https:\/\/ifdc10-juj.infd.edu.ar\/sitio\/wp-json\/wp\/v2\/types\/page"}],"author":[{"embeddable":true,"href":"https:\/\/ifdc10-juj.infd.edu.ar\/sitio\/wp-json\/wp\/v2\/users\/775"}],"replies":[{"embeddable":true,"href":"https:\/\/ifdc10-juj.infd.edu.ar\/sitio\/wp-json\/wp\/v2\/comments?post=3028"}],"version-history":[{"count":20,"href":"https:\/\/ifdc10-juj.infd.edu.ar\/sitio\/wp-json\/wp\/v2\/pages\/3028\/revisions"}],"predecessor-version":[{"id":9425,"href":"https:\/\/ifdc10-juj.infd.edu.ar\/sitio\/wp-json\/wp\/v2\/pages\/3028\/revisions\/9425"}],"wp:attachment":[{"href":"https:\/\/ifdc10-juj.infd.edu.ar\/sitio\/wp-json\/wp\/v2\/media?parent=3028"}],"curies":[{"name":"wp","href":"https:\/\/api.w.org\/{rel}","templated":true}]}}