{"id":2964,"date":"2018-10-27T12:00:02","date_gmt":"2018-10-27T15:00:02","guid":{"rendered":"https:\/\/ifdc10-juj.infd.edu.ar\/sitio\/?page_id=2964"},"modified":"2023-03-21T00:00:31","modified_gmt":"2023-03-21T03:00:31","slug":"tecnicatura-agente-sanitario","status":"publish","type":"page","link":"https:\/\/ifdc10-juj.infd.edu.ar\/sitio\/tecnicatura-agente-sanitario\/","title":{"rendered":"TECN. AG. SANITARIO"},"content":{"rendered":"<div id=\"page\" class=\"site grid-container container hfeed grid-parent\">\n<div id=\"content\" class=\"site-content\">\n<div id=\"primary\" class=\"content-area grid-parent grid-100\"><main id=\"main\" class=\"site-main\"><\/p>\n<div id=\"generate-section-1\" class=\"generate-sections-container enable-parallax\" data-speed=\"6\">\n<div class=\"grid-container grid-parent generate-sections-inside-container\">\n<h4><strong>\u00a0<img decoding=\"async\" loading=\"lazy\" class=\"wp-image-8246 alignleft\" src=\"https:\/\/ifdc10-juj.infd.edu.ar\/sitio\/wp-content\/uploads\/2021\/12\/AGENTE-SANITARIO.jpg\" alt=\"\" width=\"509\" height=\"345\" \/>TECNICATURA SUPERIOR EN AGENTE SANITARIO- DURACI\u00d3N 3 A\u00d1OS<\/strong><\/h4>\n<h5>SEDE: Escuela Normal. Lib. Gral. San Mart\u00edn.\u00a0<\/h5>\n<h5><strong>Nueva Oferta 2022. Esta carrera, PARA LOS INGRESANTES, inicia sus actividades en AGOSTO 2023 una vez finalizado el curso de ambientaci\u00f3n, el que ser\u00e1 eliminatorio si los aspirantes superan el cupo.<\/strong><\/h5>\n<div class=\"lgc-column lgc-grid-parent lgc-grid-50 lgc-tablet-grid-50 lgc-mobile-grid-100 lgc-equal-heights lgc-first lgc-last\">\n<div class=\"inside-grid-column\">\n<ul>\n<li>\n<h4><a href=\"https:\/\/ifdc10-juj.infd.edu.ar\/sitio\/wp-content\/uploads\/2021\/12\/Tecnicatura-Superior-en-Agente-Sanitario-y-Promotor-de-la-Salud-A.pdf\" target=\"_blank\" rel=\"noopener\"><strong>Estructura Curricular de la Carrera.<\/strong><\/a><\/h4>\n<\/li>\n<li>\n<h4><a href=\"https:\/\/ifdc10-juj.infd.edu.ar\/sitio\/wp-content\/uploads\/2021\/12\/Tecnicatura-Superior-en-Agente-Sanitario-y-Promotor-de-la-Salud.pdf\" target=\"_blank\" rel=\"noopener\"><b>R\u00e9gimen de acreditaci\u00f3n y correlatividades<\/b><\/a><\/h4>\n<\/li>\n<li>\n<h4><strong><a href=\"https:\/\/ifdc10-juj.infd.edu.ar\/sitio\/wp-content\/uploads\/2021\/12\/AGENTE-SANITARIO.pdf\" target=\"_blank\" rel=\"noopener\">Resoluci\u00f3n<\/a><\/strong><\/h4>\n<\/li>\n<\/ul>\n<p>&nbsp;<\/p>\n<ul>\n<li><strong>PARA ACCEDER AL AULA VIRTUAL de la TECNICATURA. (Habilitada luego del periodo de nivelaci\u00f3n, ingreso)<\/strong><\/li>\n<\/ul>\n<\/div>\n<\/div>\n<div class=\"lgc-column lgc-grid-parent lgc-grid-50 lgc-tablet-grid-50 lgc-mobile-grid-100 lgc-equal-heights lgc-first lgc-last\">\n<div class=\"inside-grid-column\">\n<ul>\n<li><strong>REQUISITOS PARA MATRICULARSE EN PRIMER A\u00d1O (Link INSCRIPCIONES; se realizara una vez finalizada la etapa de cursillo\/nivelaci\u00f3n.<\/strong><strong>\u00a0\u00a0<\/strong><\/li>\n<li><strong>SOLICITUD DE CLAVE DE INGRESO AL CAMPUS.\u00a0<\/strong>S\u00f3lo para el alumnado que ingrese a la tecnicatura y se matricule en el INSTITUTO.<\/li>\n<\/ul>\n<\/div>\n<\/div>\n<p>&nbsp;<\/p>\n<p style=\"text-align: center;\"><strong><a title=\"CARRERAS\" href=\"https:\/\/ifdc10-juj.infd.edu.ar\/sitio\/prof-de-matematica\/index.cgi?wid_seccion=18\">VOLVER A CARRERAS\u00a0<\/a>.\u00a0<a title=\"Home\" href=\"https:\/\/ifdc10-juj.infd.edu.ar\/sitio\/prof-de-matematica\/index.cgi\">VOLVER AL INICIO<\/a><\/strong><\/p>\n<\/div>\n<\/div>\n<p><\/main><\/div>\n<\/div>\n<\/div>\n<div class=\"site-footer\">\n<div class=\"infd_logos\">\u00a0<\/div>\n<\/div>\n","protected":false},"excerpt":{"rendered":"<p>\u00a0TECNICATURA SUPERIOR EN AGENTE SANITARIO- DURACI\u00d3N 3 A\u00d1OS SEDE: Escuela Normal. Lib. Gral. San Mart\u00edn.\u00a0 Nueva Oferta 2022. Esta carrera, PARA LOS INGRESANTES, inicia sus actividades en AGOSTO 2023 una vez finalizado el curso de ambientaci\u00f3n, el que ser\u00e1 eliminatorio si los aspirantes superan el cupo. Estructura Curricular de la Carrera. R\u00e9gimen de acreditaci\u00f3n y &#8230; <a title=\"TECN. AG. SANITARIO\" class=\"read-more\" href=\"https:\/\/ifdc10-juj.infd.edu.ar\/sitio\/tecnicatura-agente-sanitario\/\" aria-label=\"More on TECN. AG. SANITARIO\">[+]<\/a><\/p>\n","protected":false},"author":775,"featured_media":0,"parent":0,"menu_order":0,"comment_status":"closed","ping_status":"closed","template":"","meta":[],"acf":[],"_links":{"self":[{"href":"https:\/\/ifdc10-juj.infd.edu.ar\/sitio\/wp-json\/wp\/v2\/pages\/2964"}],"collection":[{"href":"https:\/\/ifdc10-juj.infd.edu.ar\/sitio\/wp-json\/wp\/v2\/pages"}],"about":[{"href":"https:\/\/ifdc10-juj.infd.edu.ar\/sitio\/wp-json\/wp\/v2\/types\/page"}],"author":[{"embeddable":true,"href":"https:\/\/ifdc10-juj.infd.edu.ar\/sitio\/wp-json\/wp\/v2\/users\/775"}],"replies":[{"embeddable":true,"href":"https:\/\/ifdc10-juj.infd.edu.ar\/sitio\/wp-json\/wp\/v2\/comments?post=2964"}],"version-history":[{"count":19,"href":"https:\/\/ifdc10-juj.infd.edu.ar\/sitio\/wp-json\/wp\/v2\/pages\/2964\/revisions"}],"predecessor-version":[{"id":10117,"href":"https:\/\/ifdc10-juj.infd.edu.ar\/sitio\/wp-json\/wp\/v2\/pages\/2964\/revisions\/10117"}],"wp:attachment":[{"href":"https:\/\/ifdc10-juj.infd.edu.ar\/sitio\/wp-json\/wp\/v2\/media?parent=2964"}],"curies":[{"name":"wp","href":"https:\/\/api.w.org\/{rel}","templated":true}]}}