{"id":2286,"date":"2018-07-10T12:11:27","date_gmt":"2018-07-10T15:11:27","guid":{"rendered":"https:\/\/ifdc10-juj.infd.edu.ar\/sitio\/?page_id=2286"},"modified":"2020-02-03T17:47:08","modified_gmt":"2020-02-03T20:47:08","slug":"ingreso-2019","status":"publish","type":"page","link":"https:\/\/ifdc10-juj.infd.edu.ar\/sitio\/ingreso-2019\/","title":{"rendered":"INGRESO. Pre inscripciones. Curso de Ambientaci\u00f3n."},"content":{"rendered":"<p style=\"text-align: center;\"><span style=\"color: #ffff00;\"><strong><a href=\"https:\/\/ifdc10-juj.infd.edu.ar\/sitio\/wp-content\/uploads\/2019\/03\/INGRESO-2019_1.jpg\"><img decoding=\"async\" loading=\"lazy\" class=\"alignleft wp-image-3489\" src=\"https:\/\/ifdc10-juj.infd.edu.ar\/sitio\/wp-content\/uploads\/2019\/03\/INGRESO-2019_1.jpg\" alt=\"\" width=\"469\" height=\"352\" \/><\/a>INGRESO AL IES n10 &#8211; 2019.\/\/ <a style=\"color: #ffff00;\" href=\"https:\/\/ifdc10-juj.infd.edu.ar\/sitio\/wp-content\/uploads\/2019\/03\/oferta.resoluci\u00f3n.png\">NUEVA OFERTA EDUCATIVA. \/\/NUEVAS TECNICATURAS SUPERIORES.<\/a>\u00a0 \/\/ \u00a0 <a style=\"color: #ffff00;\" href=\"https:\/\/ifdc10-juj.infd.edu.ar\/sitio\/ingreso-2018-cartillas\/\">CARTILLAS DE INGRESO 2019<\/a>\u00a0 \/\/<\/strong><\/span><\/p>\n<ul>\n<li style=\"text-align: left;\"><strong><span style=\"color: #ffff00;\"><a style=\"color: #ffff00;\" href=\"https:\/\/ifdc10-juj.infd.edu.ar\/sitio\/wp-content\/uploads\/2019\/06\/0-INGRESADOS-2019.pdf\">LISTADO DE LOS ALUMNOS INGRESANTES AL IES N\u00ba10 2019.<\/a> <\/span><\/strong><\/li>\n<li style=\"text-align: left;\"><strong><span style=\"color: #ffff00;\"><a style=\"color: #ffff00;\" href=\"https:\/\/ifdc10-juj.infd.edu.ar\/sitio\/wp-content\/uploads\/2019\/03\/MATEM\u00c1TICA-de-alumnos-ingresantes.2xlsx.pdf\">Profesorado de MAT<\/a><a style=\"color: #ffff00;\" href=\"https:\/\/ifdc10-juj.infd.edu.ar\/sitio\/wp-content\/uploads\/2019\/03\/MATEM\u00c1TICA-de-alumnos-ingresantes.2xlsx.pdf\">EM\u00c0TICA <\/a>\/\/ <\/span><\/strong><\/li>\n<li style=\"text-align: left;\"><strong><span style=\"color: #ffff00;\"><a style=\"color: #ffff00;\" href=\"https:\/\/ifdc10-juj.infd.edu.ar\/sitio\/wp-content\/uploads\/2019\/04\/QU\u00cdMICA-2019.pdf\">Profesorado\u00a0<\/a><a style=\"color: #ffff00;\" href=\"https:\/\/ifdc10-juj.infd.edu.ar\/sitio\/wp-content\/uploads\/2019\/04\/QU\u00cdMICA-2019.pdf\">de QU\u00cdMICA<\/a> \/\/ <\/span><\/strong><\/li>\n<li style=\"text-align: left;\"><strong><span style=\"color: #ffff00;\"><a style=\"color: #ffff00;\" href=\"https:\/\/ifdc10-juj.infd.edu.ar\/sitio\/wp-content\/uploads\/2019\/04\/ED.-ESPECIAL.pdf\">Profe<\/a><a style=\"color: #ffff00;\" href=\"https:\/\/ifdc10-juj.infd.edu.ar\/sitio\/wp-content\/uploads\/2019\/04\/ED.-ESPECIAL.pdf\">sorado de EDUC. ESPECIAL<\/a> \/\/ <\/span><\/strong><\/li>\n<li style=\"text-align: left;\"><strong><span style=\"color: #ffff00;\">Profesorado de <a style=\"color: #ffff00;\" href=\"https:\/\/ifdc10-juj.infd.edu.ar\/sitio\/wp-content\/uploads\/2019\/04\/INGLES-2019.pdf\">INGL\u00c9S<\/a> \/\/ <\/span><\/strong><\/li>\n<li style=\"text-align: left;\"><strong><span style=\"color: #ffff00;\"><a style=\"color: #ffff00;\" href=\"https:\/\/ifdc10-juj.infd.edu.ar\/sitio\/wp-content\/uploads\/2019\/06\/HIGIENE-Y-SEG.-LAB._2019.pdf\">TEC.S<\/a><a style=\"color: #ffff00;\" href=\"https:\/\/ifdc10-juj.infd.edu.ar\/sitio\/wp-content\/uploads\/2019\/06\/HIGIENE-Y-SEG.-LAB._2019.pdf\">UP. HIGIENE y Seguridad<\/a> \/\/<\/span><\/strong><\/li>\n<li style=\"text-align: left;\"><strong><span style=\"color: #ffff00;\"> <a style=\"color: #ffff00;\" href=\"https:\/\/ifdc10-juj.infd.edu.ar\/sitio\/wp-content\/uploads\/2019\/04\/AGRONOM\u00cdA.pdf\">TEC. SUP. AGRONOM\u00cdA<\/a>\/\/ <\/span><\/strong><\/li>\n<li style=\"text-align: left;\"><strong><span style=\"color: #ffff00;\"><a style=\"color: #ffff00;\" href=\"https:\/\/ifdc10-juj.infd.edu.ar\/sitio\/wp-content\/uploads\/2019\/06\/ADM.-EMPRESA.pdf\">TEC. SUP. ADM. EMP. Fraile Pintado<\/a> \/\/\u00a0<\/span><\/strong><\/li>\n<li style=\"text-align: left;\"><strong><span style=\"color: #ffff00;\"> <a style=\"color: #ffff00;\" href=\"https:\/\/ifdc10-juj.infd.edu.ar\/sitio\/wp-content\/uploads\/2019\/06\/TEC.-DISE\u00d1-INDUM.-CALILEG..pdf\">TEC. SUP. <\/a><a style=\"color: #ffff00;\" href=\"https:\/\/ifdc10-juj.infd.edu.ar\/sitio\/wp-content\/uploads\/2019\/06\/TEC.-DISE\u00d1-INDUM.-CALILEG..pdf\">DISE\u00d1O DE INDUMENTARIA Calilegua<\/a> \/\/ <\/span><\/strong><\/li>\n<li style=\"text-align: left;\"><strong><span style=\"color: #ffff00;\"><a style=\"color: #ffff00;\" href=\"https:\/\/ifdc10-juj.infd.edu.ar\/sitio\/wp-content\/uploads\/2019\/06\/TS-Gastronom\u00eda-final-definitivo.pdf\">TEC. SUP.<\/a><a style=\"color: #ffff00;\" href=\"https:\/\/ifdc10-juj.infd.edu.ar\/sitio\/wp-content\/uploads\/2019\/06\/TS-Gastronom\u00eda-final-definitivo.pdf\">EN GASTRONOM\u00cdA REG.y C. Alimentaria Calilegua<\/a> \/\/ <\/span><\/strong><\/li>\n<li style=\"text-align: left;\"><strong><span style=\"color: #ffff00;\"><a style=\"color: #ffff00;\" href=\"https:\/\/ifdc10-juj.infd.edu.ar\/sitio\/wp-content\/uploads\/2019\/06\/TEC.-SUP.-ADM.-Pymes-yuto.pdf\">TEC. SUP. en ADM. PyMES. Yuto<\/a>\/\/<\/span><\/strong><\/li>\n<li style=\"text-align: left;\"><span style=\"color: #0000ff;\"><span style=\"color: #ff0000;\"><span style=\"color: #993366;\"><strong><span style=\"color: #ffff00;\"><a style=\"color: #ffff00;\" href=\"https:\/\/ifdc10-juj.infd.edu.ar\/sitio\/wp-content\/uploads\/2019\/06\/TS-Laboratorio-final-definitivo.pdf\">TEC. SUP. De Laboratorio de an\u00e1lisis cl\u00ednico <\/a>\/\/<\/span><\/strong><br \/>\n<\/span><\/span><\/span><\/li>\n<\/ul>\n<p style=\"text-align: center;\"><strong>EL INICIO DE CLASES SER\u00c1 UNA VEZ QUE EST\u00c9 CONFORMADO EL CUERPO DE DOCENTES DE CADA CARRERA. Contin\u00faa el proceso de clasificaci\u00f3n de los CV de los postulantes.<br \/>\n<\/strong><\/p>\n<figure id=\"attachment_3915\" aria-describedby=\"caption-attachment-3915\" style=\"width: 302px\" class=\"wp-caption alignleft\"><a href=\"https:\/\/ifdc10-juj.infd.edu.ar\/sitio\/wp-content\/uploads\/2019\/04\/REQUISITOS-2019.png\"><img decoding=\"async\" loading=\"lazy\" class=\"wp-image-3915\" src=\"https:\/\/ifdc10-juj.infd.edu.ar\/sitio\/wp-content\/uploads\/2019\/04\/REQUISITOS-2019.png\" alt=\"\" width=\"312\" height=\"234\" \/><\/a><figcaption id=\"caption-attachment-3915\" class=\"wp-caption-text\">Requisitos para la matriculaci\u00f3n definitiva en 2019.<\/figcaption><\/figure>\n<h4 style=\"text-align: center;\"><span style=\"color: #00ffff;\"><a style=\"color: #00ffff;\" href=\"https:\/\/ifdc10-juj.infd.edu.ar\/sitio\/wp-content\/uploads\/2019\/04\/REQUISITOS-2019.png\">REQUISITOS PARA LA MATRICULACI\u00d3N DEFINITIVA 2019<\/a><\/span><\/h4>\n<h4 style=\"text-align: center;\">IMPORTANTE: LOS ALUMNOS QUE INGRESARON EN 2019 DEBEN <span style=\"color: #0000ff;\"><a style=\"color: #0000ff;\" href=\"https:\/\/docs.google.com\/forms\/d\/e\/1FAIpQLSfmEttwfbctA7GB0-vrdNBU-ZUF8S4xjDAZ1K_VWfNjyU8glg\/viewform\"><span style=\"color: #00ffff;\">COMPLETAR ESTE FORMULARIO DE MATRICULACI\u00d3N DEFINITIVA.<\/span><\/a><\/span><\/h4>\n<div  class=\"lgc-column lgc-grid-parent lgc-grid-33 lgc-tablet-grid-50 lgc-mobile-grid-100 lgc-equal-heights \"><div  class=\"inside-grid-column\"><a href=\"https:\/\/ifdc10-juj.infd.edu.ar\/sitio\/wp-content\/uploads\/2019\/03\/INGRESO-2019_1.jpg\"><img decoding=\"async\" loading=\"lazy\" class=\"alignleft wp-image-3489\" src=\"https:\/\/ifdc10-juj.infd.edu.ar\/sitio\/wp-content\/uploads\/2019\/03\/INGRESO-2019_1.jpg\" alt=\"\" width=\"317\" height=\"238\" \/><\/a>\n<p><strong>Durante la semana del 12 al 15 de marzo del presente a\u00f1o se est\u00e1n llevando a cabo las finalizaciones de los cursos de ambientaci\u00f3n a las carreras que pre inscribieron alumnos para ingresar al IES N\u00ba10.<\/strong><\/p>\n<p><strong>En la sede de la Escuela Normal La carrera de Educaci\u00f3n Especial tuvo en sus aulas a m\u00e1s de 150 alumnas que se presentaron a realizar la evaluaci\u00f3n.<\/strong><a href=\"https:\/\/ifdc10-juj.infd.edu.ar\/sitio\/wp-content\/uploads\/2019\/03\/amb.esp_4.jpg\"><img decoding=\"async\" loading=\"lazy\" class=\"alignnone wp-image-3568 size-full\" src=\"https:\/\/ifdc10-juj.infd.edu.ar\/sitio\/wp-content\/uploads\/2019\/03\/amb.esp_4.jpg\" alt=\"\" width=\"448\" height=\"252\" \/><\/a><strong>Tambi\u00e9n se lleva a cabo con normalidad la finalizaci\u00f3n de la ambientaci\u00f3n del Profesorado de Qu\u00edmica.<\/strong><a href=\"https:\/\/ifdc10-juj.infd.edu.ar\/sitio\/wp-content\/uploads\/2019\/03\/qu\u00edmica.jpg\"><img decoding=\"async\" loading=\"lazy\" class=\"alignnone wp-image-3625 size-full\" src=\"https:\/\/ifdc10-juj.infd.edu.ar\/sitio\/wp-content\/uploads\/2019\/03\/qu\u00edmica.jpg\" alt=\"\" width=\"448\" height=\"252\" \/><\/a><\/p><\/div><\/div>\n<p style=\"text-align: center;\"><div  class=\"lgc-column lgc-grid-parent lgc-grid-33 lgc-tablet-grid-50 lgc-mobile-grid-100 lgc-equal-heights \"><div  class=\"inside-grid-column\">\n<p><strong>La evaluaci\u00f3n de la ambientaci\u00f3n de la carrea de Educaci\u00f3n Especial estuvo presidida por docentes que acompa\u00f1aron a sus alumnos en la evaluaci\u00f3n final.<\/strong><\/p>\n<p><strong><a href=\"https:\/\/ifdc10-juj.infd.edu.ar\/sitio\/wp-content\/uploads\/2019\/03\/amb.esp_3.jpg\"><img decoding=\"async\" loading=\"lazy\" class=\"alignnone wp-image-3567\" src=\"https:\/\/ifdc10-juj.infd.edu.ar\/sitio\/wp-content\/uploads\/2019\/03\/amb.esp_3-1000x563.jpg\" alt=\"\" width=\"455\" height=\"256\" srcset=\"https:\/\/ifdc10-juj.infd.edu.ar\/sitio\/wp-content\/uploads\/2019\/03\/amb.esp_3-1000x563.jpg 1000w, https:\/\/ifdc10-juj.infd.edu.ar\/sitio\/wp-content\/uploads\/2019\/03\/amb.esp_3-768x432.jpg 768w, https:\/\/ifdc10-juj.infd.edu.ar\/sitio\/wp-content\/uploads\/2019\/03\/amb.esp_3-1900x1069.jpg 1900w\" sizes=\"(max-width: 455px) 100vw, 455px\" \/><\/a><\/strong><\/p>\n<p><a href=\"https:\/\/ifdc10-juj.infd.edu.ar\/sitio\/wp-content\/uploads\/2019\/03\/amb.esp_2.jpg\"><img decoding=\"async\" loading=\"lazy\" class=\"alignnone wp-image-3566\" src=\"https:\/\/ifdc10-juj.infd.edu.ar\/sitio\/wp-content\/uploads\/2019\/03\/amb.esp_2-1000x563.jpg\" alt=\"\" width=\"456\" height=\"257\" srcset=\"https:\/\/ifdc10-juj.infd.edu.ar\/sitio\/wp-content\/uploads\/2019\/03\/amb.esp_2-1000x563.jpg 1000w, https:\/\/ifdc10-juj.infd.edu.ar\/sitio\/wp-content\/uploads\/2019\/03\/amb.esp_2-768x432.jpg 768w, https:\/\/ifdc10-juj.infd.edu.ar\/sitio\/wp-content\/uploads\/2019\/03\/amb.esp_2-1900x1069.jpg 1900w\" sizes=\"(max-width: 456px) 100vw, 456px\" \/><\/a><\/p>\n<p><a href=\"https:\/\/ifdc10-juj.infd.edu.ar\/sitio\/wp-content\/uploads\/2019\/03\/amb.esp_1.jpg\"><img decoding=\"async\" loading=\"lazy\" class=\"alignnone wp-image-3565\" src=\"https:\/\/ifdc10-juj.infd.edu.ar\/sitio\/wp-content\/uploads\/2019\/03\/amb.esp_1-1000x563.jpg\" alt=\"\" width=\"454\" height=\"256\" srcset=\"https:\/\/ifdc10-juj.infd.edu.ar\/sitio\/wp-content\/uploads\/2019\/03\/amb.esp_1-1000x563.jpg 1000w, https:\/\/ifdc10-juj.infd.edu.ar\/sitio\/wp-content\/uploads\/2019\/03\/amb.esp_1-768x432.jpg 768w, https:\/\/ifdc10-juj.infd.edu.ar\/sitio\/wp-content\/uploads\/2019\/03\/amb.esp_1-1900x1069.jpg 1900w\" sizes=\"(max-width: 454px) 100vw, 454px\" \/><\/a><strong>La Lic. Guti\u00e9rrez junto a la Prfo. Vaca en un grupo, la Prof. Guiberguis en otro, la prof. Blacut en un tercer grupo y en el cuarto grupo la Prof. Sosaya. Todas atendieron en la evaluaci\u00f3n a m\u00e1s de 150 alumnas\/os aspirantes.<\/strong><\/p><\/div><\/div>\n<p style=\"text-align: center;\"><div  class=\"lgc-column lgc-grid-parent lgc-grid-33 lgc-tablet-grid-50 lgc-mobile-grid-100 lgc-equal-heights \"><div  class=\"inside-grid-column\">\n<p style=\"text-align: left;\"><strong>En la sede de Fraile pintado, en tanto se contin\u00faa con la ambientaci\u00f3n. All\u00ed, la Tec. Sup. de Agronom\u00eda, con la Ing. Alicia Vigiani de coordinadora desarrolla sus \u00faltimas actividades. De igual manera en el ingreso en la Tec. Sup. de Adm. de Empresas que, como se ve la abundancia de aspirantes rebasa el aula.<\/strong><\/p>\n<p><a href=\"https:\/\/ifdc10-juj.infd.edu.ar\/sitio\/wp-content\/uploads\/2019\/03\/agro_1.jpg\"><img decoding=\"async\" loading=\"lazy\" class=\"alignnone wp-image-3586 size-full\" src=\"https:\/\/ifdc10-juj.infd.edu.ar\/sitio\/wp-content\/uploads\/2019\/03\/agro_1.jpg\" alt=\"\" width=\"448\" height=\"252\" \/><\/a><a href=\"https:\/\/ifdc10-juj.infd.edu.ar\/sitio\/wp-content\/uploads\/2019\/03\/amb.-adm.em_1.jpg\"><img decoding=\"async\" loading=\"lazy\" class=\"alignnone wp-image-3620 size-full\" src=\"https:\/\/ifdc10-juj.infd.edu.ar\/sitio\/wp-content\/uploads\/2019\/03\/amb.-adm.em_1.jpg\" alt=\"\" width=\"448\" height=\"252\" \/><\/a> <strong>En esta sede tambi\u00e9n est\u00e1n en las instancias finales los ingresantes a la Tec. de Seguridad e Higiene laboral a cargo del Ing. Cristian Avilez .<\/strong><\/p>\n<p><strong>En tanto que en la sede de la Esc. Prov. de Comercio N\u00ba4\u00a0 la carrera de matem\u00e1tica a cargo de la Lic.Liliana Tapia ya ha realizado la evaluaci\u00f3n.<\/strong><\/p>\n<figure id=\"attachment_3685\" aria-describedby=\"caption-attachment-3685\" style=\"width: 438px\" class=\"wp-caption aligncenter\"><a href=\"https:\/\/ifdc10-juj.infd.edu.ar\/sitio\/wp-content\/uploads\/2019\/03\/matem\u00e1tica_1.jpeg\"><img decoding=\"async\" loading=\"lazy\" class=\"wp-image-3685 size-full\" src=\"https:\/\/ifdc10-juj.infd.edu.ar\/sitio\/wp-content\/uploads\/2019\/03\/matem\u00e1tica_1.jpeg\" alt=\"\" width=\"448\" height=\"218\" \/><\/a><figcaption id=\"caption-attachment-3685\" class=\"wp-caption-text\">Alumnos de matem\u00e1tica evaluando. 2019<\/figcaption><\/figure>\n<p><\/p><\/div><\/div>\n<p style=\"text-align: center;\"><strong>Por su parte las\/los aspirantes del profesorado de ingl\u00e9s realizan sus \u00faltimas actividades y est\u00e1n pronto a ingresar. En breve estar\u00e1n disponibles las im\u00e1genes de las evaluaciones de ambos ingresos. En la pr\u00f3xima ampliaci\u00f3n de la noticia ya estar\u00e1n los listados de las\/los aspirantes que son ingresantes. Como fuera establecido oportunamente, en algunos cursos de ambientaci\u00f3n de alguna carrera o tecnicatura no ser\u00e1 necesario un listado de prelaci\u00f3n pues los aspirantes no sobrepasan el cupo preestablecido por carrera.<\/strong><\/p>\n<h6 style=\"text-align: right;\">Fotograf\u00eda y edici\u00f3n web: Emilio S. Tomatis. Webmaster.<\/h6>\n<p style=\"text-align: center;\"><div  class=\"lgc-column lgc-grid-parent lgc-grid-33 lgc-tablet-grid-50 lgc-mobile-grid-100 lgc-equal-heights \"><div  class=\"inside-grid-column\">\n<p><a href=\"https:\/\/ifdc10-juj.infd.edu.ar\/sitio\/wp-content\/uploads\/2019\/03\/INGRESO-2019_1.jpg\"><img decoding=\"async\" loading=\"lazy\" class=\"aligncenter wp-image-3489\" src=\"https:\/\/ifdc10-juj.infd.edu.ar\/sitio\/wp-content\/uploads\/2019\/03\/INGRESO-2019_1.jpg\" alt=\"\" width=\"334\" height=\"250\" \/><\/a><\/p>\n<p><strong>El curso de ambientaci\u00f3n para el Ingreso a todas las carreras del IES N\u00ba10 se inici\u00f3 el lunes 25 de febrero a las 19 hs. en la Esc. Prov. de Com. N\u00b04. Libertador, en el patio cubierto de dicho establecimiento.<\/strong><\/p>\n<p><strong>En la oportunidad el Rector, Prof. Juan Carlos Flores, ante m\u00e1s de 400 aspirantes dio la bienvenida a todos y present\u00f3 al equipo de conducci\u00f3n y al equipo t\u00e9cnico que lo acompa\u00f1a en la gesti\u00f3n desde 2016.<\/strong><a href=\"https:\/\/ifdc10-juj.infd.edu.ar\/sitio\/wp-content\/uploads\/2019\/03\/ingreso-2.jpg\"><img decoding=\"async\" loading=\"lazy\" class=\"alignnone wp-image-3491\" src=\"https:\/\/ifdc10-juj.infd.edu.ar\/sitio\/wp-content\/uploads\/2019\/03\/ingreso-2.jpg\" alt=\"\" width=\"330\" height=\"185\" \/><\/a><a href=\"https:\/\/ifdc10-juj.infd.edu.ar\/sitio\/wp-content\/uploads\/2019\/03\/ingreso-5.jpeg\"><img decoding=\"async\" loading=\"lazy\" class=\"alignnone wp-image-3522\" src=\"https:\/\/ifdc10-juj.infd.edu.ar\/sitio\/wp-content\/uploads\/2019\/03\/ingreso-5.jpeg\" alt=\"\" width=\"330\" height=\"247\" \/><\/a><\/p><\/div><\/div>\n<div  class=\"lgc-column lgc-grid-parent lgc-grid-33 lgc-tablet-grid-50 lgc-mobile-grid-100 lgc-equal-heights \"><div  class=\"inside-grid-column\">\n<p><strong>La Secretaria Acad\u00e9mica, Lic. Graciela del Valle Espinosa, puso en conocimiento de todos las normativas nacionales, privinciales e institucionales vigentes. Por su parte la Sec. Administrativa, Lic. Beatriz Donaire inform\u00f3 su rol en la instituci\u00f3n y encomend\u00f3 a los aspirantes a direccionar por intermediaci\u00f3n del cuerpo de preceptores todas sus solicitudes.<a href=\"https:\/\/ifdc10-juj.infd.edu.ar\/sitio\/wp-content\/uploads\/2019\/03\/ingreso-3.jpg\"><img decoding=\"async\" loading=\"lazy\" class=\"alignnone wp-image-3492\" src=\"https:\/\/ifdc10-juj.infd.edu.ar\/sitio\/wp-content\/uploads\/2019\/03\/ingreso-3.jpg\" alt=\"\" width=\"331\" height=\"257\" \/><\/a><\/strong><\/p>\n<p><strong>Seguidamente la Coord. del Departamento de Formaci\u00f3n Inicial, Prof. Eugenia Rivera, present\u00f3 las estrategias de trabajo para el curso de ambientaci\u00f3n. <a href=\"https:\/\/ifdc10-juj.infd.edu.ar\/sitio\/wp-content\/uploads\/2019\/03\/ingreso-8.jpeg\"><img decoding=\"async\" loading=\"lazy\" class=\"alignnone wp-image-3526\" src=\"https:\/\/ifdc10-juj.infd.edu.ar\/sitio\/wp-content\/uploads\/2019\/03\/ingreso-8.jpeg\" alt=\"\" width=\"329\" height=\"247\" \/><\/a>Por \u00faltimo el Coord. del Dep. de Investigaci\u00f2n, Prof. Emilio S. Tomatis, responsable de la administraci\u00f3n de la plataforma web, sitio y campus interioriz\u00f3 a los aspirantes sobre el uso de estas herramientas disponibles para todos<\/strong><\/p><\/div><\/div><\/strong><\/p>\n<p style=\"text-align: center;\"><strong><div  class=\"lgc-column lgc-grid-parent lgc-grid-33 lgc-tablet-grid-50 lgc-mobile-grid-100 lgc-equal-heights \"><div  class=\"inside-grid-column\"> Para finalizar este primer encuentro informativo, el Sr. Rector di\u00f3 la bienvenida a todos, los inst\u00f3 a esmerarse en la preparaci\u00f3n para los estudios superiores e inform\u00f3 que aquellas carreras en la que los aspirantes exceden la disponibilidad edilicia (bancos\/aulas) ser\u00e1 necesario una jerarquizaci\u00f3n de las capacidades desarrolladas para habilitar el ingreso solamente a los mejores posicionados en el escalaf\u00f3n resultante.<a href=\"https:\/\/ifdc10-juj.infd.edu.ar\/sitio\/wp-content\/uploads\/2019\/03\/ingreso-4.jpg\"><img decoding=\"async\" loading=\"lazy\" class=\"aligncenter wp-image-3493\" src=\"https:\/\/ifdc10-juj.infd.edu.ar\/sitio\/wp-content\/uploads\/2019\/03\/ingreso-4.jpg\" alt=\"\" width=\"330\" height=\"186\" \/><\/a><a href=\"https:\/\/ifdc10-juj.infd.edu.ar\/sitio\/wp-content\/uploads\/2019\/03\/ingreso-7.jpeg\"><img decoding=\"async\" loading=\"lazy\" class=\"alignnone wp-image-3525\" src=\"https:\/\/ifdc10-juj.infd.edu.ar\/sitio\/wp-content\/uploads\/2019\/03\/ingreso-7.jpeg\" alt=\"\" width=\"329\" height=\"247\" \/><\/a>\n<h6>(Las tecnicaturas superiores de la nueva oferta educativa que a\u00fan no iniciarion la ambientaci\u00f3n lo har\u00e1n una vez que el Ministerio de Educaci\u00f3n emita la Resoluci\u00f3n correspondiente de la carrera).<\/h6>\n<p style=\"text-align: right;\">Im\u00e1genes: Manu Arraya\/Eugenia Rivera.<\/p>\n<p style=\"text-align: right;\">Dise\u00f1o Web: Emilio Tomatis. <\/p><\/div><\/div>\n","protected":false},"excerpt":{"rendered":"<p>INGRESO AL IES n10 &#8211; 2019.\/\/ NUEVA OFERTA EDUCATIVA. \/\/NUEVAS TECNICATURAS SUPERIORES.\u00a0 \/\/ \u00a0 CARTILLAS DE INGRESO 2019\u00a0 \/\/ LISTADO DE LOS ALUMNOS INGRESANTES AL IES N\u00ba10 2019. Profesorado de MATEM\u00c0TICA \/\/ Profesorado\u00a0de QU\u00cdMICA \/\/ Profesorado de EDUC. ESPECIAL \/\/ Profesorado de INGL\u00c9S \/\/ TEC.SUP. HIGIENE y Seguridad \/\/ TEC. SUP. AGRONOM\u00cdA\/\/ TEC. SUP. ADM. &#8230; <a title=\"INGRESO. Pre inscripciones. Curso de Ambientaci\u00f3n.\" class=\"read-more\" href=\"https:\/\/ifdc10-juj.infd.edu.ar\/sitio\/ingreso-2019\/\" aria-label=\"More on INGRESO. Pre inscripciones. Curso de Ambientaci\u00f3n.\">[+]<\/a><\/p>\n","protected":false},"author":775,"featured_media":0,"parent":0,"menu_order":0,"comment_status":"closed","ping_status":"closed","template":"","meta":[],"acf":[],"_links":{"self":[{"href":"https:\/\/ifdc10-juj.infd.edu.ar\/sitio\/wp-json\/wp\/v2\/pages\/2286"}],"collection":[{"href":"https:\/\/ifdc10-juj.infd.edu.ar\/sitio\/wp-json\/wp\/v2\/pages"}],"about":[{"href":"https:\/\/ifdc10-juj.infd.edu.ar\/sitio\/wp-json\/wp\/v2\/types\/page"}],"author":[{"embeddable":true,"href":"https:\/\/ifdc10-juj.infd.edu.ar\/sitio\/wp-json\/wp\/v2\/users\/775"}],"replies":[{"embeddable":true,"href":"https:\/\/ifdc10-juj.infd.edu.ar\/sitio\/wp-json\/wp\/v2\/comments?post=2286"}],"version-history":[{"count":165,"href":"https:\/\/ifdc10-juj.infd.edu.ar\/sitio\/wp-json\/wp\/v2\/pages\/2286\/revisions"}],"predecessor-version":[{"id":3927,"href":"https:\/\/ifdc10-juj.infd.edu.ar\/sitio\/wp-json\/wp\/v2\/pages\/2286\/revisions\/3927"}],"wp:attachment":[{"href":"https:\/\/ifdc10-juj.infd.edu.ar\/sitio\/wp-json\/wp\/v2\/media?parent=2286"}],"curies":[{"name":"wp","href":"https:\/\/api.w.org\/{rel}","templated":true}]}}