{"id":2282,"date":"2018-07-10T12:11:26","date_gmt":"2018-07-10T15:11:26","guid":{"rendered":"https:\/\/ifdc10-juj.infd.edu.ar\/sitio\/?page_id=2282"},"modified":"2023-03-20T23:33:13","modified_gmt":"2023-03-21T02:33:13","slug":"prof-en-cs-de-la-administracion","status":"publish","type":"page","link":"https:\/\/ifdc10-juj.infd.edu.ar\/sitio\/prof-en-cs-de-la-administracion\/","title":{"rendered":"PROF. EN CS. DE LA ADMINISTRACI\u00d3N."},"content":{"rendered":"<p><a href=\"https:\/\/ifdc10-juj.infd.edu.ar\/sitio\/wp-content\/uploads\/2018\/07\/2017_cs._adm..jpg\"><img decoding=\"async\" loading=\"lazy\" class=\"alignleft\" title=\"ICONO\" src=\"https:\/\/ifdc10-juj.infd.edu.ar\/sitio\/wp-content\/uploads\/2018\/07\/2017_cs._adm..jpg\" alt=\"ICONO\" width=\"387\" height=\"291\" border=\"0\" \/><\/a><\/p>\n<h3 style=\"text-align: center;\">PROFESORADO DE EDUCACI\u00d3N SECUNDARIA EN Ciencias de la ADMINISTRACI\u00d3N.<\/h3>\n<h4 style=\"text-align: center;\"><a href=\"https:\/\/ifdc10-juj.infd.edu.ar\/sitio\/wp-content\/uploads\/2019\/04\/Nueva-imagen-24.png\">SEDE: Escuela Normal. Lib. Gral. San Mart\u00edn. Turno vespertino.<\/a><\/h4>\n<h5 style=\"text-align: center;\"><strong>Esta carrera inicia para los ingresantes, sus actividades en el a\u00f1o 2023 una vez finalizado el curso de ambientaci\u00f3n\u00a0 el que ser\u00e1 eliminatorio si los aspirantes superan el cupo.<br \/><a href=\"https:\/\/drive.google.com\/file\/d\/1YMxTOOI-HxMFDpzyIi3IAyyfjiXsMxAL\/view?usp=share_link\" target=\"_blank\" rel=\"noopener\">CARTILLAS 2023<\/a><br \/><a href=\"https:\/\/drive.google.com\/file\/d\/1PRTsRAtrVDuwigZte-yB0vNdbPjqSVkU\/view?usp=share_link\" target=\"_blank\" rel=\"noopener\">HORARIOS 2023<\/a><\/strong><\/h5>\n<div class=\"lgc-column lgc-grid-parent lgc-grid-33 lgc-tablet-grid-50 lgc-mobile-grid-100 lgc-equal-heights lgc-first\">\n<div class=\"inside-grid-column\">\n<ul>\n<li><a href=\"https:\/\/ifdc10-juj.infd.edu.ar\/sitio\/wp-content\/uploads\/2021\/12\/cs-de-la-administracion.png\" target=\"_blank\" rel=\"noopener\"><strong><em> ESTRUCTURA CURRICULAR DE LA CARRERA<\/em><\/strong><\/a><\/li>\n<li><a href=\"https:\/\/ifdc10-juj.infd.edu.ar\/aula\/index.cgi?id_curso=116\"><strong>Ingreso al AULA VIRTUAL DEL Prof. de Cs. de la Administraci\u00f3n <\/strong><\/a><strong>\/\/\u00a0 solicitar usuario y contrase\u00f1a s\u00f3lo alumnos matriculados<\/strong><\/li>\n<\/ul>\n<\/div>\n<\/div>\n<div class=\"lgc-column lgc-grid-parent lgc-grid-33 lgc-tablet-grid-50 lgc-mobile-grid-100 lgc-equal-heights \">\n<div class=\"inside-grid-column\">\n<ul>\n<li><a href=\"https:\/\/ifdc10-juj.infd.edu.ar\/sitio\/wp-content\/uploads\/2021\/12\/CUADRO-CORRELATIVIDADES-ADMINISTRACION.pdf\" target=\"_blank\" rel=\"noopener\"><strong>PLAN DE CORRELATIVIDADES.<\/strong><\/a><\/li>\n<\/ul>\n<\/div>\n<\/div>\n<div class=\"lgc-column lgc-grid-parent lgc-grid-33 lgc-tablet-grid-50 lgc-mobile-grid-100 lgc-equal-heights lgc-last\">\n<div class=\"inside-grid-column\"><strong><span data-mce-mark=\"1\">\u00a0 <\/span><\/strong><strong>La Coordinadora de la Carrera es la Prof. Juana Blacut. La coordinadora de la carrera es elegida por el voto secreto de los docentes que trabajan en ella. <\/strong><\/div>\n<\/div>\n<ul>\n<li>\u00a0<strong><a title=\"MESAS DE DICIEMBRE DE 2012\" href=\"https:\/\/docs.google.com\/spreadsheet\/viewform?formkey=dGRXbjZDZUgzWlJSUndhRjJJMWJMekE6MQ#gid=0\" target=\"_blank\" rel=\"noopener\">*FORMULARIO PARA INSCRIBIRSE EN MESAS DE EXAMEN<\/a><\/strong><\/li>\n<\/ul>\n<p style=\"text-align: center;\"><strong><a title=\"CARRERAS\" href=\"https:\/\/ifdc10-juj.infd.edu.ar\/sitio\/prof-de-matematica\/index.cgi?wid_seccion=18\">VOLVER A CARRERAS\u00a0 \/\/\u00a0<\/a> <a title=\"Home\" href=\"https:\/\/ifdc10-juj.infd.edu.ar\/sitio\/prof-de-matematica\/index.cgi\">VOLVER AL INICIO<\/a><\/strong><\/p>\n","protected":false},"excerpt":{"rendered":"<p>PROFESORADO DE EDUCACI\u00d3N SECUNDARIA EN Ciencias de la ADMINISTRACI\u00d3N. SEDE: Escuela Normal. Lib. Gral. San Mart\u00edn. Turno vespertino. Esta carrera inicia para los ingresantes, sus actividades en el a\u00f1o 2023 una vez finalizado el curso de ambientaci\u00f3n\u00a0 el que ser\u00e1 eliminatorio si los aspirantes superan el cupo.CARTILLAS 2023HORARIOS 2023 ESTRUCTURA CURRICULAR DE LA CARRERA Ingreso &#8230; <a title=\"PROF. EN CS. DE LA ADMINISTRACI\u00d3N.\" class=\"read-more\" href=\"https:\/\/ifdc10-juj.infd.edu.ar\/sitio\/prof-en-cs-de-la-administracion\/\" aria-label=\"More on PROF. EN CS. DE LA ADMINISTRACI\u00d3N.\">[+]<\/a><\/p>\n","protected":false},"author":775,"featured_media":0,"parent":0,"menu_order":0,"comment_status":"closed","ping_status":"closed","template":"","meta":[],"acf":[],"_links":{"self":[{"href":"https:\/\/ifdc10-juj.infd.edu.ar\/sitio\/wp-json\/wp\/v2\/pages\/2282"}],"collection":[{"href":"https:\/\/ifdc10-juj.infd.edu.ar\/sitio\/wp-json\/wp\/v2\/pages"}],"about":[{"href":"https:\/\/ifdc10-juj.infd.edu.ar\/sitio\/wp-json\/wp\/v2\/types\/page"}],"author":[{"embeddable":true,"href":"https:\/\/ifdc10-juj.infd.edu.ar\/sitio\/wp-json\/wp\/v2\/users\/775"}],"replies":[{"embeddable":true,"href":"https:\/\/ifdc10-juj.infd.edu.ar\/sitio\/wp-json\/wp\/v2\/comments?post=2282"}],"version-history":[{"count":14,"href":"https:\/\/ifdc10-juj.infd.edu.ar\/sitio\/wp-json\/wp\/v2\/pages\/2282\/revisions"}],"predecessor-version":[{"id":10101,"href":"https:\/\/ifdc10-juj.infd.edu.ar\/sitio\/wp-json\/wp\/v2\/pages\/2282\/revisions\/10101"}],"wp:attachment":[{"href":"https:\/\/ifdc10-juj.infd.edu.ar\/sitio\/wp-json\/wp\/v2\/media?parent=2282"}],"curies":[{"name":"wp","href":"https:\/\/api.w.org\/{rel}","templated":true}]}}