{"id":2237,"date":"2018-07-10T12:11:23","date_gmt":"2018-07-10T15:11:23","guid":{"rendered":"https:\/\/ifdc10-juj.infd.edu.ar\/sitio\/?page_id=2237"},"modified":"2021-06-04T10:55:37","modified_gmt":"2021-06-04T13:55:37","slug":"documentos-oficiales","status":"publish","type":"page","link":"https:\/\/ifdc10-juj.infd.edu.ar\/sitio\/documentos-oficiales\/","title":{"rendered":"Documentos Oficiales"},"content":{"rendered":"<h3 style=\"text-align: center;\"><span style=\"color: #000000;\"><strong>NORMATIVAS NACIONALES &#8211; PROVINCIALES &#8211; DE EDUCACI\u00d3N SUPERIOR &#8211; DEL INSTITUTO IES N\u00ba10.<\/strong><\/span><\/h3>\n<p><span style=\"color: #000000;\"><div  class=\"lgc-column lgc-grid-parent lgc-grid-33 lgc-tablet-grid-50 lgc-mobile-grid-100 lgc-equal-heights \"><div  class=\"inside-grid-column\">\n<p><strong><a href=\"http:\/\/servicios.infoleg.gob.ar\/infolegInternet\/anexos\/0-4999\/804\/norma.htm\">CONSTITUCI\u00d3N DE LA NACI\u00d3N ARGENTINA<\/a><\/strong><\/p>\n<p><strong><a href=\"https:\/\/www.legislaturajujuy.gov.ar\/docs\/constitucion_provincial.pdf\">CONSTITUCI\u00d3N DE LA PROVINCIA DE JUJUY <\/a><\/strong><\/p>\n<p><strong><a href=\"http:\/\/www.inet.edu.ar\/wp-content\/uploads\/2013\/03\/ley_de_educ_nac1.pdf\">LEY DE EDUCACI\u00d3N NACIONAL<\/a><\/strong><\/p>\n<p><strong><span data-mce-mark=\"1\"><a title=\"LEY DE EDUCACI\u00d3N PROVINCIAL\" href=\"upload\/LEY_PROVINCIAL_DE_EDUCACION.doc\" target=\"_blank\" rel=\"noopener\">LEY DE EDUCACI\u00d3N DE LA PROVINCIA DE JUJUY<\/a><\/span><\/strong><\/p>\n<p><a title=\"LEY DE EDUCACI\u00d3N SUPERIOR 24521\" href=\"upload\/LEY_DE_EDUCACION_SUPERIOR_24521.doc\" target=\"_blank\" rel=\"noopener\">LEY DE EDUCACI\u00d3N SUPERIOR 24521<\/a><\/p>\n<p><a title=\"REG. ORG. INSTITUCIONAL\" href=\"https:\/\/dl.dropbox.com\/u\/80763447\/REGLAMENTO_ORGANICO_INSTITUCIONAL_1.doc\" target=\"_blank\" rel=\"noopener\">REGLAMENTO ORG\u00c1NICO INSTITUCIONAL.<\/a><\/p>\n<p><a title=\"DOCUMENTO DE ACREDITACI\u00d3N DEL IFDC N\u00ba10\" href=\"upload\/DOCUMENTO_DE_ACREDITACION.doc\" target=\"_blank\" rel=\"noopener\">DOCUMENTO DE ACREDITACI\u00d3N DEL ISFD N\u00ba10 (2004)<\/a><\/p>\n<p><strong>DIRECCI\u00d3N DE EDUC. SUPERIOR. 2011. JUJUY<\/strong><\/p>\n<p><a href=\"https:\/\/des-juj.infd.edu.ar\/sitio\/resoluciones-de-la-secretaria-de-educacion-de-la-provincia-de-jujuy\/upload\/Resolucion_3768SE06.pdf\"><strong>GRILLA DE CLASIFICACI\u00d3N EN EDUCACI\u00d3N SUPERIOR_PARA CARRERAS DOCENTES.RES. 3768-SE 06<\/strong><\/a>.<\/p>\n<p><strong><a href=\"https:\/\/des-juj.infd.edu.ar\/sitio\/resoluciones-de-la-secretaria-de-educacion-de-la-provincia-de-jujuy\/upload\/3933se06.pdf\">\u00a0DE CLASIFICACI\u00d3N EN EDUCACI\u00d3N SUPERIOR_PARA CARRERAS T\u00c9CNICAS .RES. 3933-SE 06<\/a><\/strong><\/p><\/div><\/div>\n<div  class=\"lgc-column lgc-grid-parent lgc-grid-33 lgc-tablet-grid-50 lgc-mobile-grid-100 lgc-equal-heights \"><div  class=\"inside-grid-column\"><a title=\"dis\" href=\"index.cgi?wid_seccion=31&amp;wid_item=106\" target=\"_blank\" rel=\"noopener\"><strong>DISE\u00d1OS CURRICULARES. Se ofrecen los dise\u00f1os curriculares actualizados a 2016.<\/strong><\/a>\n<p><strong><a title=\"PLAN\" href=\"http:\/\/www.me.gov.ar\/doc_pdf\/PlanNacionalde.pdf\" target=\"_blank\" rel=\"noopener\">PLAN NACIONAL DE EDUCACI\u00d3N OBLIGATORIA Y FORMACI\u00d3N DOCENTE 2012\/2016<\/a><\/strong><\/p>\n<p><strong><a title=\"PLAN 2016-2020\" href=\"http:\/\/cedoc.infd.edu.ar\/upload\/Plan_Nacional_de_Formacion_DocenteINFDVersion_preliminar_1.pdf\" target=\"_blank\" rel=\"noopener\">PLAN NACIONAL DE FORMACI\u00d3N DOCENTE. 2016-2020<\/a><\/strong><\/p>\n<p><strong><a title=\"MEN.CFE\" href=\"http:\/\/www.me.gov.ar\/consejo\/resoluciones\/cf_resoluciones.html\" target=\"_blank\" rel=\"noopener\">CONSEJO FEDERAL DE EUCACI\u00d3N: RESOLUCIONES.<\/a>\u00a0\/\/ <a title=\"CFE. Resoluciones\" href=\"http:\/\/www.me.gov.ar\/consejo\/resoluciones\/cf_resotematico.html\" target=\"_blank\" rel=\"noopener\">Resumen tem\u00e1tico de las Resoluciones.<\/a><\/strong><\/p>\n<p><a title=\"des\" href=\"http:\/\/des.juj.infd.edu.ar\/sitio\/index.cgi?wid_seccion=18&amp;wid_item=28\" target=\"_blank\" rel=\"noopener\"><span class=\"tituloItem\">Resoluciones del Ministerio de Educaci\u00f3n de la provincia de Jujuy<\/span><\/a><\/p>\n<p><a title=\"des\" href=\"http:\/\/des.juj.infd.edu.ar\/sitio\/index.cgi?wid_seccion=18&amp;wid_item=28\" target=\"_blank\" rel=\"noopener\"><span class=\"tituloItem\">Resoluciones de la Secretaria de Educaci\u00f3n de la Provincia de Jujuy<\/span><\/a><\/p>\n<p><a title=\"4597\" href=\"upload\/RES_4597-E-15_Marco_Provincial_de_la_Practica_Profesional.pdf\" target=\"_blank\" rel=\"noopener\"><strong>\u00a04597-E-15 de la aprobaci\u00f3n del Marco Provincial de la Regulaci\u00f3n de la Pr\u00e1ctica Profesional de los Institutos de Educaci\u00f3n Superior de la Provincia<\/strong><\/a><\/p>\n<p><strong><a title=\"Home\" href=\"http:\/\/repositorio.educacion.gov.ar\/dspace\/bitstream\/handle\/123456789\/96932\/rcfe_11710%5b1%5d.pdf?sequence=1\">MARCO REGULATORIO FEDERAL PARA POST\u00cdTULOS DOCENTES.<\/a> Anexo I<\/strong><strong>. Resoluci\u00f3n CFE N\u00ba 117\/10.\u00a0 <\/strong><\/p>\n<p><strong>\u00a0<\/strong><strong>ANUARIO ESCOLAR 2021<\/strong><\/p>\n<p><\/p><\/div><\/div>\n<div  class=\"lgc-column lgc-grid-parent lgc-grid-33 lgc-tablet-grid-50 lgc-mobile-grid-100 lgc-equal-heights \"><div  class=\"inside-grid-column\">\n<p><strong><a title=\"la 201\/13\" href=\"http:\/\/www.me.gov.ar\/consejo\/resoluciones\/res13\/201-13_01.pdf\" target=\"_blank\" rel=\"noopener\">\u00a0<\/a><a title=\"la 201\/13\" href=\"http:\/\/www.me.gov.ar\/consejo\/resoluciones\/res13\/201-13_01.pdf\" target=\"_blank\" rel=\"noopener\">\u00a0CFE. Resoluci\u00f3n 201\/13. \u00abPrograma Nacional de Formaci\u00f3n Permanente\u00bb<\/a>.\/\/<a title=\"201\/13\" href=\"http:\/\/www.me.gov.ar\/consejo\/resoluciones\/res13\/201-13.pdf\" target=\"_blank\" rel=\"noopener\">Resoluci\u00f3n-considerandos.<\/a><\/strong><\/p>\n<p><strong><a title=\"ROM. Jujuy. 2014\" href=\"https:\/\/dl.dropboxusercontent.com\/u\/74879085\/2015\/ROM-Ultima_versi%C3%B3n.docx\" target=\"_blank\" rel=\"noopener\">\u00a0ROM. Reglamento Org\u00e1nico Marco. Jujuy. \u00daltima Versi\u00f3n 2014<\/a><\/strong><\/p>\n<p><strong><a title=\"DECRETO 7320. PROVINCIAL.\" href=\"upload\/7320_G_03._DECRETO_TEXTO.pdf\" target=\"_blank\" rel=\"noopener\">\u00a0DECRETO 7320-G-03.\u00a0 REGLAMENTO GENERAL DE GOBIERNO DE LOS INSTITUTOS DE EDUCACI\u00d3N SUPERIOR NO UNIVERSITARIO.(En Revisi\u00f3n)<\/a><\/strong><\/p>\n<p><a title=\"SITIO DE EDUCACI\u00d3N SUPERIOR. RES\/6815\" href=\"http:\/\/des.juj.infd.edu.ar\/sitio\/index.cgi?wid_item=123&amp;wid_seccion=18\" target=\"_blank\" rel=\"noopener\"><strong>\u00a0R\u00c9GIMEN ACAD\u00c9MICO PROVINCIAL VIGENTE. Resoluci\u00f3n N\u00b06815\/E-11<\/strong><\/a><strong> Ver tambi\u00e9n:<a title=\"REGIMEN ACAD\u00c9MICO PROVINCIAL. RES. 6815\" href=\"http:\/\/des.juj.infd.edu.ar\/sitio\/upload\/REGIMEN_ACADEMICO_PROVINCIAL.pdf\"> RESOLUCI\u00d3N 6815.<\/a><\/strong><\/p>\n<p><strong><a href=\"http:\/\/www.bnm.me.gov.ar\/giga1\/documentos\/EL002079.pdf\">NAP: N\u00daCLEOS DE APRENDIZAJES PRIORITARIOS nivel primario<\/a><\/strong><\/p>\n<p><strong><a href=\"https:\/\/www.educ.ar\/recursos\/150199\/coleccion-ncleos-de-aprendizaje-prioritarios-nap?from=51&amp;from=150033\">NAP. NIVEL SECUNDARIO.<\/a><\/strong><\/p>\n<p><a href=\"https:\/\/ifdc10-juj.infd.edu.ar\/sitio\/departamento-de-formacion-continua-y-desarrollo-profesional\/\"><strong>DESARROLLO PROFESIONAL DOCENTE: proyectos jurisdiccionales<\/strong><\/a><\/p>\n<p><strong><a href=\"http:\/\/www.bnm.me.gov.ar\/giga1\/documentos\/EL002541.pdf\">DOCUMENTO METODOL\u00d3GICO DE INVESTIGACI\u00d3N.<\/a><\/strong><\/p>\n<p><\/p><\/div><\/div>\n<p style=\"text-align: center;\"><a title=\"Home\" href=\"index.cgi\"><strong>VOLVER AL INICIO<\/strong><\/a><\/p>\n","protected":false},"excerpt":{"rendered":"<p>NORMATIVAS NACIONALES &#8211; PROVINCIALES &#8211; DE EDUCACI\u00d3N SUPERIOR &#8211; DEL INSTITUTO IES N\u00ba10. VOLVER AL INICIO<\/p>\n","protected":false},"author":775,"featured_media":0,"parent":0,"menu_order":0,"comment_status":"closed","ping_status":"closed","template":"","meta":[],"acf":[],"_links":{"self":[{"href":"https:\/\/ifdc10-juj.infd.edu.ar\/sitio\/wp-json\/wp\/v2\/pages\/2237"}],"collection":[{"href":"https:\/\/ifdc10-juj.infd.edu.ar\/sitio\/wp-json\/wp\/v2\/pages"}],"about":[{"href":"https:\/\/ifdc10-juj.infd.edu.ar\/sitio\/wp-json\/wp\/v2\/types\/page"}],"author":[{"embeddable":true,"href":"https:\/\/ifdc10-juj.infd.edu.ar\/sitio\/wp-json\/wp\/v2\/users\/775"}],"replies":[{"embeddable":true,"href":"https:\/\/ifdc10-juj.infd.edu.ar\/sitio\/wp-json\/wp\/v2\/comments?post=2237"}],"version-history":[{"count":32,"href":"https:\/\/ifdc10-juj.infd.edu.ar\/sitio\/wp-json\/wp\/v2\/pages\/2237\/revisions"}],"predecessor-version":[{"id":7949,"href":"https:\/\/ifdc10-juj.infd.edu.ar\/sitio\/wp-json\/wp\/v2\/pages\/2237\/revisions\/7949"}],"wp:attachment":[{"href":"https:\/\/ifdc10-juj.infd.edu.ar\/sitio\/wp-json\/wp\/v2\/media?parent=2237"}],"curies":[{"name":"wp","href":"https:\/\/api.w.org\/{rel}","templated":true}]}}