{"id":2231,"date":"2018-07-10T12:11:22","date_gmt":"2018-07-10T15:11:22","guid":{"rendered":"https:\/\/ifdc10-juj.infd.edu.ar\/sitio\/?page_id=2231"},"modified":"2020-01-22T17:54:36","modified_gmt":"2020-01-22T20:54:36","slug":"prof-de-economia","status":"publish","type":"page","link":"https:\/\/ifdc10-juj.infd.edu.ar\/sitio\/prof-de-economia\/","title":{"rendered":"PROF. DE ECONOM\u00cdA. Carrera cerrada. Ver nueva orientaci\u00f3n"},"content":{"rendered":"<p>&nbsp;<\/p>\n<table style=\"background-color: #cccc99; width: 700px; height: 295px; border: 3px solid #999900;\" border=\"3\" cellpadding=\"2\" align=\"center\">\n<tbody>\n<tr>\n<td colspan=\"3\">\n<h3 style=\"text-align: center;\"><a title=\"CARRERAS\" href=\"index.cgi?wid_seccion=18\" target=\"_blank\" rel=\"noopener\"><span style=\"font-size: 12pt; color: #0000ff;\">\u00a0<span style=\"font-size: 18pt; background-color: #ffff00;\">ESTA CARRERA YA SE HA CERRADO. SE ABRI\u00d3 UNA NUEVA CARRERA. VER CS. DE LA ADMINISTRACI\u00d3N. IR&gt;&gt;&gt;&gt;.<\/span><\/span><\/a><\/h3>\n<p style=\"text-align: center;\"><object data=\"http:\/\/www.pageplugins.com\/generators\/flash_glitter_text\/show.swf?message=BIENVENIDOS%20AL%20IES%2010&amp;font=http:\/\/www.pageplugins.com\/generators\/flash_glitter_text\/fonts\/plainn_lib2.swf&amp;glitter=http:\/\/www.pageplugins.com\/generators\/flash_glitter_text\/glitters\/glitter24.swf&amp;clickURL=http:\/\/www.pageplugins.com\/generators\/flash_glitter_text\/&amp;swfHeight=61&amp;swfWidth=438&amp;bevel=1&amp;shadow=1&amp;glow=1&amp;blur=0&amp;fade=0&amp;blink=0&amp;fontsize=30&amp;num=24\" type=\"application\/x-shockwave-flash\" width=\"530\" height=\"67\"><param name=\"data\" value=\"http:\/\/www.pageplugins.com\/generators\/flash_glitter_text\/show.swf?message=BIENVENIDOS%20AL%20IES%2010&amp;font=http:\/\/www.pageplugins.com\/generators\/flash_glitter_text\/fonts\/plainn_lib2.swf&amp;glitter=http:\/\/www.pageplugins.com\/generators\/flash_glitter_text\/glitters\/glitter24.swf&amp;clickURL=http:\/\/www.pageplugins.com\/generators\/flash_glitter_text\/&amp;swfHeight=61&amp;swfWidth=438&amp;bevel=1&amp;shadow=1&amp;glow=1&amp;blur=0&amp;fade=0&amp;blink=0&amp;fontsize=30&amp;num=24\" \/><param name=\"src\" value=\"http:\/\/www.pageplugins.com\/generators\/flash_glitter_text\/show.swf?message=BIENVENIDOS%20AL%20IES%2010&amp;font=http:\/\/www.pageplugins.com\/generators\/flash_glitter_text\/fonts\/plainn_lib2.swf&amp;glitter=http:\/\/www.pageplugins.com\/generators\/flash_glitter_text\/glitters\/glitter24.swf&amp;clickURL=http:\/\/www.pageplugins.com\/generators\/flash_glitter_text\/&amp;swfHeight=61&amp;swfWidth=438&amp;bevel=1&amp;shadow=1&amp;glow=1&amp;blur=0&amp;fade=0&amp;blink=0&amp;fontsize=30&amp;num=24\" \/><param name=\"wmode\" value=\"transparent\" \/><param name=\"quality\" value=\"best\" \/><\/object><\/p>\n<h3 style=\"text-align: center;\"><span style=\"font-size: 8pt;\">\u00a0<a href=\"http:\/\/youtu.be\/t-fT4IrCtlU\" target=\"_blank\" rel=\"noopener\"><strong>PROPUESTA EDUCATIVA DEL IES N\u00ba10<\/strong><\/a><\/span><\/h3>\n<p style=\"text-align: center;\"><span style=\"font-size: 8pt;\"><a title=\"INGRESO\" href=\"index.cgi?wid_seccion=32&amp;wid_item=100\" target=\"_blank\" rel=\"noopener\"><strong>ATENCI\u00d3N INGRESO 2014. LISTA DE INGRESADOS<\/strong><\/a><\/span><\/p>\n<p style=\"text-align: center;\"><span style=\"color: #ff0000; font-size: 8pt;\"><strong><a title=\"REQUISITOS\" href=\"https:\/\/dl.dropboxusercontent.com\/u\/74879085\/2014\/2014%20INGRESANTES\/requisitos%20PARA%20MATRICULARSE.pdf\" target=\"_blank\" rel=\"noopener\"><span style=\"color: #ff0000;\"><strong><span style=\"color: #ffffff;\"><span style=\"color: #ff0000;\">REQUISITOS PARA MATRICULARSE <\/span><span style=\"color: #ffff00;\"><span style=\"color: #ff0000;\">EN PRIMER A\u00d1O 2014<\/span><\/span><\/span><\/strong><\/span><\/a><\/strong><\/span><\/p>\n<p style=\"text-align: center;\"><span style=\"color: #ff0000; font-size: 10pt;\"><strong><span style=\"color: #ff0000;\"><strong><span style=\"color: #ffffff;\"><span style=\"color: #ffff00;\"><span style=\"color: #ff0000;\"><a class=\"LinkModi\" title=\"https:\/\/dl.dropboxusercontent.com\/u\/74879085\/2015\/HORARIO%20DE%20CLASES%202015\/ECONOM%C3%8DA_horario%202%C2%AA%20a%204%C2%AAprim%20cuat.pdf\" href=\"https:\/\/dl.dropboxusercontent.com\/u\/74879085\/2015\/HORARIO%20DE%20CLASES%202015\/ECONOM%C3%8DA_horario%202%C2%AA%20a%204%C2%AAprim%20cuat.pdf\" target=\"_NEW\"><span style=\"color: #800000;\"><strong><span style=\"font-size: 12pt;\"><span style=\"font-size: 8pt;\">HORARIOS DE CLASE 1\u00ba CUATRIMESTRE 2015. ver<\/span>.<\/span><\/strong><\/span><\/a><\/span><\/span><\/span><\/strong><\/span><\/strong><\/span><\/p>\n<\/td>\n<\/tr>\n<tr>\n<td colspan=\"3\">\n<h3 style=\"text-align: center;\"><span style=\"font-size: 12pt;\"><strong><span style=\"color: #ffffff;\"><span style=\"color: #000000;\"><span style=\"font-size: 12pt;\"><strong><span style=\"color: #ffffff;\"><span style=\"color: #000000;\"><img decoding=\"async\" style=\"border: 0; float: left;\" title=\"ICONO\" src=\"https:\/\/ifdc10-juj.infd.edu.ar\/sitio\/wp-content\/uploads\/2018\/07\/2017_ECONOMIA.png\" alt=\"ICONO\" border=\"0\" \/><\/span><\/span><\/strong><\/span><\/span><\/span><\/strong><\/span><\/h3>\n<h3 style=\"text-align: center;\"><span style=\"font-size: 14pt; color: #800000;\"><strong>Profesorado\u00a0 en ECONOM\u00cdA.<\/strong><\/span><\/h3>\n<h3 style=\"text-align: center;\"><span style=\"font-size: 12pt;\"><strong><span style=\"color: #ffffff;\"><span style=\"text-decoration: underline;\"><a title=\"PROF. DE ECONOM\u00cdA\" href=\"upload\/ifdc_n10._PROFESORADO_DE_ECONOMIA.EST.C.1.jpg\" target=\"_blank\" rel=\"noopener\">Estructura Curricular<\/a>. <\/span><\/span><\/strong><\/span><\/h3>\n<h3 style=\"text-align: center;\"><span style=\"font-size: 12pt;\"><strong><span style=\"color: #ffffff;\"><span style=\"text-decoration: underline;\"><a title=\"PROF. DE ECONOM\u00cdA.2\" href=\"upload\/ifdc_n10._PROFESORADO_DE_ECONOMIA.EST.C.2.jpg\" target=\"_blank\" rel=\"noopener\">Plan de estudios<\/a><\/span>.<\/span><\/strong><\/span><\/h3>\n<h3 style=\"text-align: center;\"><span style=\"color: #000000; font-size: 10pt;\"><strong>Esta carrera se cursa en la Esc. Prov. de Comercio N\u00ba 4. Y su duraci\u00f3n es de <a title=\"ECONOM\u00cdA. PROGRAMA\" href=\"upload\/img\/Nueva_imagen_2.bmp\" target=\"_blank\" rel=\"noopener\">cuatro a\u00f1os<\/a>. <\/strong><\/span><\/h3>\n<h3 style=\"text-align: center;\"><span style=\"color: #000000; font-size: 10pt;\"><strong>El Coordinador de la carrera es el Prof. Oscar S\u00e1nchez:<\/strong><\/span><\/h3>\n<h3 style=\"text-align: center;\"><span style=\"color: #000000; font-size: 10pt;\"><strong><a id=\"yui_3_2_0_14_131552558979649\" style=\"right: auto;\" href=\"mailto:oscarsa_42@yahoo.com.ar\">oscarsa_42@yahoo.com.ar<\/a><\/strong><\/span><\/h3>\n<p style=\"text-align: center;\"><span style=\"color: #000000; font-size: 10pt;\"><strong><a title=\"CORRELATIVIDADES\" href=\"https:\/\/dl.dropbox.com\/u\/74879085\/0%20CORRELATIVIDADES%20TODAS..doc\" target=\"_blank\" rel=\"noopener\">PLAN DE CORRELATIVIDADES<\/a><br \/>\n<\/strong><\/span><\/p>\n<\/td>\n<\/tr>\n<\/tbody>\n<\/table>\n<table style=\"background-color: #cccc99; border: 5px solid #999900; height: 86px; width: 700px;\" border=\"5\" align=\"center\">\n<tbody>\n<tr>\n<td style=\"text-align: center;\">\n<address><span style=\"font-size: 12pt; color: #ff0000;\"><strong><img decoding=\"async\" loading=\"lazy\" style=\"vertical-align: middle; border: 0;\" src=\"http:\/\/www.soloimagen.net\/imagenes-animadas\/Lineas\/Barra%20animada%20azul.gif\" alt=\"LINEA ANIMADA\" width=\"650\" height=\"10\" border=\"0\" \/><\/strong><\/span><\/address>\n<address><span style=\"font-size: 12pt; color: #ff0000;\"><strong><a title=\"PRE INSCRIBIRSE A 2013\" href=\"https:\/\/docs.google.com\/spreadsheet\/viewform?formkey=dDFsN2pxeHdtS2xmUDRVbDgwV0JVYXc6MQ#gid=0\" target=\"_blank\" rel=\"noopener\">FORMULARIO PARA INSCRIBIRSE AL IES N\u00ba10 PARA EL A\u00d1O LECTIVO 2014.<\/a><\/strong><\/span><\/address>\n<address><span style=\"font-size: 12pt; color: #ff0000;\"><strong><a title=\"MESAS DE DICIEMBRE DE 2012\" href=\"https:\/\/docs.google.com\/spreadsheet\/viewform?formkey=dGRXbjZDZUgzWlJSUndhRjJJMWJMekE6MQ#gid=0\" target=\"_blank\" rel=\"noopener\">FORMULARIO PARA INSCRIBIRSE EN MESAS DE 2014 <\/a><\/strong><\/span><\/address>\n<address><span style=\"font-size: 12pt; color: #ff0000;\"><strong><a title=\"INSCRIPCI\u00d3N PARA EX\u00c1MENES DE DICIEMBRE 2012\" href=\"index.cgi?wid_seccion=33\" target=\"_blank\" rel=\"noopener\">CALENDARIO DE EX\u00c1MENES DE 2014<span style=\"font-size: 12pt; color: #ff0000;\"><strong><img decoding=\"async\" loading=\"lazy\" style=\"vertical-align: middle; border: 0;\" src=\"http:\/\/www.soloimagen.net\/imagenes-animadas\/Lineas\/Barra%20animada%20azul.gif\" alt=\"LINEA ANIMADA\" width=\"650\" height=\"10\" border=\"0\" \/><\/strong><\/span><\/a><a title=\"MESAS DE DICIEMBRE DE 2012\" href=\"https:\/\/docs.google.com\/spreadsheet\/viewform?formkey=dGRXbjZDZUgzWlJSUndhRjJJMWJMekE6MQ#gid=0\" target=\"_blank\" rel=\"noopener\"><br \/>\n<\/a><\/strong><\/span><\/address>\n<p style=\"text-align: center;\"><a title=\"ECONOM\u00cdA. TRIFOLIO PROPAG. 2012\" href=\"https:\/\/dl.dropbox.com\/u\/74879085\/OSCAR%20S.%20Econom%C3%ADa.%20trifolio.pdf\" target=\"_blank\" rel=\"noopener\">\u00a0 <span style=\"font-size: 12pt;\"><strong><span style=\"font-family: book antiqua,palatino;\">Para conocer los programas de estudios de la carrera linkear el siguiente enlace:<\/span><\/strong><\/span><\/a><\/p>\n<\/td>\n<\/tr>\n<tr>\n<td>\n<p style=\"text-align: center;\"><span style=\"font-size: 12pt; color: #0000ff;\"><a title=\"AULA VIRTUAL DE ECONOM\u00cdA.\" href=\"https:\/\/ifdc10-juj.infd.edu.ar\/aula\/index.cgi?id_curso=48\" target=\"_blank\" rel=\"noopener\"><strong>AULA VIRTUAL DE ECONOM\u00cdA.<\/strong><\/a><\/span><\/p>\n<p style=\"text-align: center;\"><a title=\"INGRESO 2012. CARTILLAS\" href=\"index.cgi?wid_item=76&amp;wid_seccion=32\" target=\"_blank\" rel=\"noopener\"><strong><span style=\"font-size: 12pt;\">INGRESO. HORARIOS. CARTILLA DE INGRESO 2014<\/span><\/strong><\/a><\/p>\n<\/td>\n<\/tr>\n<\/tbody>\n<\/table>\n<p style=\"text-align: center;\"><object data=\"http:\/\/www.pageplugins.com\/generators\/flash_glitter_text\/show.swf?message=BIENVENIDOS%20AL%20IES%2010&amp;font=http:\/\/www.pageplugins.com\/generators\/flash_glitter_text\/fonts\/plainn_lib2.swf&amp;glitter=http:\/\/www.pageplugins.com\/generators\/flash_glitter_text\/glitters\/glitter24.swf&amp;clickURL=http:\/\/www.pageplugins.com\/generators\/flash_glitter_text\/&amp;swfHeight=61&amp;swfWidth=438&amp;bevel=1&amp;shadow=1&amp;glow=1&amp;blur=0&amp;fade=0&amp;blink=0&amp;fontsize=30&amp;num=24\" type=\"application\/x-shockwave-flash\" width=\"530\" height=\"67\"><param name=\"data\" value=\"http:\/\/www.pageplugins.com\/generators\/flash_glitter_text\/show.swf?message=BIENVENIDOS%20AL%20IES%2010&amp;font=http:\/\/www.pageplugins.com\/generators\/flash_glitter_text\/fonts\/plainn_lib2.swf&amp;glitter=http:\/\/www.pageplugins.com\/generators\/flash_glitter_text\/glitters\/glitter24.swf&amp;clickURL=http:\/\/www.pageplugins.com\/generators\/flash_glitter_text\/&amp;swfHeight=61&amp;swfWidth=438&amp;bevel=1&amp;shadow=1&amp;glow=1&amp;blur=0&amp;fade=0&amp;blink=0&amp;fontsize=30&amp;num=24\" \/><param name=\"src\" value=\"http:\/\/www.pageplugins.com\/generators\/flash_glitter_text\/show.swf?message=BIENVENIDOS%20AL%20IES%2010&amp;font=http:\/\/www.pageplugins.com\/generators\/flash_glitter_text\/fonts\/plainn_lib2.swf&amp;glitter=http:\/\/www.pageplugins.com\/generators\/flash_glitter_text\/glitters\/glitter24.swf&amp;clickURL=http:\/\/www.pageplugins.com\/generators\/flash_glitter_text\/&amp;swfHeight=61&amp;swfWidth=438&amp;bevel=1&amp;shadow=1&amp;glow=1&amp;blur=0&amp;fade=0&amp;blink=0&amp;fontsize=30&amp;num=24\" \/><param name=\"wmode\" value=\"transparent\" \/><param name=\"quality\" value=\"best\" \/><\/object><\/p>\n<table style=\"border-color: #a52a2a; border-width: 0px; background-color: #ffdab9; width: 597px; height: 299px;\" border=\"0\" align=\"center\">\n<tbody>\n<tr>\n<td><a title=\"En el Marco del Bicentenario de \u00c9xodo Juje\u00f1o se llev\u00f3 a cabo la 1\u00ba JORNADA.\" href=\"index.cgi?wid_news=35&amp;wAccion=news\" target=\"_blank\" rel=\"noopener\"><img decoding=\"async\" loading=\"lazy\" style=\"vertical-align: middle; display: block; margin-left: auto; margin-right: auto;\" src=\"https:\/\/ifdc10-juj.infd.edu.ar\/sitio\/wp-content\/uploads\/2018\/07\/Nueva_imagen_61.jpg\" alt=\"JORNADAS DE INVESTIGACI\u00d3N. AFICHE\" width=\"263\" height=\"195\" border=\"0\" \/><\/a><\/td>\n<td><a title=\"II EXPOCONTABLE Y 1\u00aa DE LA PRODUCCI\u00d3N.\" href=\"index.cgi?wid_news=39&amp;wAccion=news\" target=\"_blank\" rel=\"noopener\"><img decoding=\"async\" loading=\"lazy\" style=\"vertical-align: middle;\" src=\"https:\/\/ifdc10-juj.infd.edu.ar\/sitio\/wp-content\/uploads\/2018\/07\/Diapositiva1.png\" alt=\"EXPOCONTABLE 2012\" width=\"316\" height=\"236\" border=\"0\" \/><\/a><\/td>\n<\/tr>\n<\/tbody>\n<\/table>\n<p style=\"text-align: center;\"><span style=\"font-size: 14pt;\"><a title=\"CARRERAS\" href=\"index.cgi?wid_seccion=18\"><strong>VOLVER A CARRERAS <\/strong><\/a><strong>. <a title=\"Home\" href=\"index.cgi\">VOLVER AL INICIO<\/a><\/strong><\/span><\/p>\n","protected":false},"excerpt":{"rendered":"<p>&nbsp; \u00a0ESTA CARRERA YA SE HA CERRADO. SE ABRI\u00d3 UNA NUEVA CARRERA. VER CS. DE LA ADMINISTRACI\u00d3N. IR&gt;&gt;&gt;&gt;. \u00a0PROPUESTA EDUCATIVA DEL IES N\u00ba10 ATENCI\u00d3N INGRESO 2014. LISTA DE INGRESADOS REQUISITOS PARA MATRICULARSE EN PRIMER A\u00d1O 2014 HORARIOS DE CLASE 1\u00ba CUATRIMESTRE 2015. ver. Profesorado\u00a0 en ECONOM\u00cdA. Estructura Curricular. Plan de estudios. Esta carrera se cursa &#8230; <a title=\"PROF. DE ECONOM\u00cdA. Carrera cerrada. Ver nueva orientaci\u00f3n\" class=\"read-more\" href=\"https:\/\/ifdc10-juj.infd.edu.ar\/sitio\/prof-de-economia\/\" aria-label=\"More on PROF. DE ECONOM\u00cdA. Carrera cerrada. Ver nueva orientaci\u00f3n\">[+]<\/a><\/p>\n","protected":false},"author":775,"featured_media":0,"parent":0,"menu_order":0,"comment_status":"closed","ping_status":"closed","template":"","meta":[],"acf":[],"_links":{"self":[{"href":"https:\/\/ifdc10-juj.infd.edu.ar\/sitio\/wp-json\/wp\/v2\/pages\/2231"}],"collection":[{"href":"https:\/\/ifdc10-juj.infd.edu.ar\/sitio\/wp-json\/wp\/v2\/pages"}],"about":[{"href":"https:\/\/ifdc10-juj.infd.edu.ar\/sitio\/wp-json\/wp\/v2\/types\/page"}],"author":[{"embeddable":true,"href":"https:\/\/ifdc10-juj.infd.edu.ar\/sitio\/wp-json\/wp\/v2\/users\/775"}],"replies":[{"embeddable":true,"href":"https:\/\/ifdc10-juj.infd.edu.ar\/sitio\/wp-json\/wp\/v2\/comments?post=2231"}],"version-history":[{"count":3,"href":"https:\/\/ifdc10-juj.infd.edu.ar\/sitio\/wp-json\/wp\/v2\/pages\/2231\/revisions"}],"predecessor-version":[{"id":6213,"href":"https:\/\/ifdc10-juj.infd.edu.ar\/sitio\/wp-json\/wp\/v2\/pages\/2231\/revisions\/6213"}],"wp:attachment":[{"href":"https:\/\/ifdc10-juj.infd.edu.ar\/sitio\/wp-json\/wp\/v2\/media?parent=2231"}],"curies":[{"name":"wp","href":"https:\/\/api.w.org\/{rel}","templated":true}]}}