{"id":2230,"date":"2018-07-10T12:11:22","date_gmt":"2018-07-10T15:11:22","guid":{"rendered":"https:\/\/ifdc10-juj.infd.edu.ar\/sitio\/?page_id=2230"},"modified":"2023-03-20T23:11:44","modified_gmt":"2023-03-21T02:11:44","slug":"prof-de-matematica","status":"publish","type":"page","link":"https:\/\/ifdc10-juj.infd.edu.ar\/sitio\/prof-de-matematica\/","title":{"rendered":"PROF. DE MATEM\u00c1TICA."},"content":{"rendered":"<h4 style=\"text-align: center;\"><img decoding=\"async\" loading=\"lazy\" class=\"wp-image-7805  alignleft\" src=\"https:\/\/ifdc10-juj.infd.edu.ar\/sitio\/wp-content\/uploads\/2021\/02\/MATEMATICAS.jpg\" alt=\"\" width=\"257\" height=\"257\" \/>PROFESORADO DE EDUCACI\u00d3N SECUNDARIA EN MATEM\u00c1TICA<\/h4>\n<h4 style=\"text-align: center;\"><a href=\"https:\/\/ifdc10-juj.infd.edu.ar\/sitio\/wp-content\/uploads\/2019\/04\/Nueva-imagen-24.png\">SEDE: Escuela Normal. Lib. Gral. San Mart\u00edn. Turno vespertino.<\/a><\/h4>\n<h4 style=\"text-align: center;\"><strong>Esta carrera inicia sus actividades en el a\u00f1o 2023, una vez finalizado el curso de ambientaci\u00f3n, el que ser\u00e1 eliminatorio si los aspirantes superan el cupo.<\/strong><\/h4>\n<div  class=\"lgc-column lgc-grid-parent lgc-grid-33 lgc-tablet-grid-50 lgc-mobile-grid-100 lgc-equal-heights \"><div  class=\"inside-grid-column\">\n<ul>\n<li><strong><em><a href=\"https:\/\/ifdc10-juj.infd.edu.ar\/sitio\/wp-content\/uploads\/2019\/12\/Resoluci\u00f2n-y-Estructura-CyDV_estructura-curr..pdf\" target=\"_blank\" rel=\"noopener\">ESTRUCTURA CURRICULAR DE LA CARRERA<\/a><\/em><\/strong><\/li>\n<li><a href=\"https:\/\/ifdc10-juj.infd.edu.ar\/sitio\/wp-content\/uploads\/2021\/12\/2432-E-20-CORRELATIVIDADES-MATEMATICA-1.pdf\" target=\"_blank\" rel=\"noopener\"><b><i>PLAN DE CORRELATIVIDADES Y ACREDITACI\u00d3N<\/i><\/b><\/a><\/li>\n<li style=\"text-align: left;\"><a href=\"https:\/\/ifdc10-juj.infd.edu.ar\/aula\/index.cgi?id_curso=50&amp;id_curso_ant=239\"><strong>ACCESO AL AULA VIRTUAL DE LA CARRERA.<br \/><\/strong> <\/a><\/li>\n<li><strong><a href=\"https:\/\/docs.google.com\/forms\/d\/e\/1FAIpQLScbhbKYCWYY-tz4eau1jh8eWRV0MSTwbt6R6QySLmpEr2ujug\/viewform\" target=\"_blank\" rel=\"noopener\">SOLICITUD DE CLAVE DE INGRESO AL CAMPUS<\/a>.<\/strong> S\u00f3lo para el alumnado matriculado en la instituci\u00f3n.<\/li><\/ul><\/div><\/div><div  class=\"lgc-column lgc-grid-parent lgc-grid-33 lgc-tablet-grid-50 lgc-mobile-grid-100 lgc-equal-heights \"><div  class=\"inside-grid-column\">\n<li><strong>PLAN DE ESTUDIOS de orientaci\u00f3n anterior <a title=\"PROF. MATEM\u00c1TICA EST. CURRICULAR 1\" href=\"upload\/img\/Nueva_imagen_3_3.png\" target=\"_blank\" rel=\"noopener\">1<\/a> Y <a title=\"PROF. MATEM\u00c1TICA EST. CURRICULAR 2\" href=\"upload\/img\/Nueva_imagen_4_2.png\" target=\"_blank\" rel=\"noopener\">2<\/a> <\/strong><br \/><strong><span data-mce-mark=\"1\">INGRESO. HORARIOS. <\/span><\/strong><\/li>\n<li><a href=\"https:\/\/drive.google.com\/file\/d\/1P-EltrA_m_lFA4mCL_EZ4eNBwyqJoNxm\/view?usp=share_link\" target=\"_blank\" rel=\"noopener\"><strong><span data-mce-mark=\"1\">CARTILLA DE INGRESO 2023 <\/span><\/strong><\/a><\/li><\/div><\/div><div  class=\"lgc-column lgc-grid-parent lgc-grid-33 lgc-tablet-grid-50 lgc-mobile-grid-100 lgc-equal-heights \"><div  class=\"inside-grid-column\">\n<li><strong>LISTADO DE INGRESANTES A MATEM\u00c1TICA\u00a0<\/strong><\/li>\n<li><strong><span data-mce-mark=\"1\">PROGRAMAS\u00a0 (VER EN EL AULA)<\/span><\/strong><\/li>\n<li><strong><span data-mce-mark=\"1\"><a href=\"https:\/\/profesoradomatematicaies10.blogspot.com\/\" target=\"_blank\" rel=\"noopener\">MATERIAL MULTIMEDIA UTIL<\/a>\u00a0<\/span><\/strong><\/li><\/div><\/div><\/li>\n<\/ul>\n<p style=\"text-align: center;\"><strong>La Coordinadora de la Carrera es la Prof. Rita Tarifa.<\/strong><\/p>\n<p style=\"text-align: center;\"><strong><a title=\"CARRERAS\" href=\"index.cgi?wid_seccion=18\">VOLVER A CARRERAS <\/a>. <a title=\"Home\" href=\"index.cgi\">VOLVER AL INICIO<\/a><\/strong><\/p>\n","protected":false},"excerpt":{"rendered":"<p>PROFESORADO DE EDUCACI\u00d3N SECUNDARIA EN MATEM\u00c1TICA SEDE: Escuela Normal. Lib. Gral. San Mart\u00edn. Turno vespertino. Esta carrera inicia sus actividades en el a\u00f1o 2023, una vez finalizado el curso de ambientaci\u00f3n, el que ser\u00e1 eliminatorio si los aspirantes superan el cupo. La Coordinadora de la Carrera es la Prof. Rita Tarifa. VOLVER A CARRERAS . &#8230; <a title=\"PROF. DE MATEM\u00c1TICA.\" class=\"read-more\" href=\"https:\/\/ifdc10-juj.infd.edu.ar\/sitio\/prof-de-matematica\/\" aria-label=\"More on PROF. DE MATEM\u00c1TICA.\">[+]<\/a><\/p>\n","protected":false},"author":775,"featured_media":0,"parent":0,"menu_order":0,"comment_status":"closed","ping_status":"closed","template":"","meta":[],"acf":[],"_links":{"self":[{"href":"https:\/\/ifdc10-juj.infd.edu.ar\/sitio\/wp-json\/wp\/v2\/pages\/2230"}],"collection":[{"href":"https:\/\/ifdc10-juj.infd.edu.ar\/sitio\/wp-json\/wp\/v2\/pages"}],"about":[{"href":"https:\/\/ifdc10-juj.infd.edu.ar\/sitio\/wp-json\/wp\/v2\/types\/page"}],"author":[{"embeddable":true,"href":"https:\/\/ifdc10-juj.infd.edu.ar\/sitio\/wp-json\/wp\/v2\/users\/775"}],"replies":[{"embeddable":true,"href":"https:\/\/ifdc10-juj.infd.edu.ar\/sitio\/wp-json\/wp\/v2\/comments?post=2230"}],"version-history":[{"count":45,"href":"https:\/\/ifdc10-juj.infd.edu.ar\/sitio\/wp-json\/wp\/v2\/pages\/2230\/revisions"}],"predecessor-version":[{"id":10091,"href":"https:\/\/ifdc10-juj.infd.edu.ar\/sitio\/wp-json\/wp\/v2\/pages\/2230\/revisions\/10091"}],"wp:attachment":[{"href":"https:\/\/ifdc10-juj.infd.edu.ar\/sitio\/wp-json\/wp\/v2\/media?parent=2230"}],"curies":[{"name":"wp","href":"https:\/\/api.w.org\/{rel}","templated":true}]}}