{"id":2228,"date":"2018-07-10T12:11:22","date_gmt":"2018-07-10T15:11:22","guid":{"rendered":"https:\/\/ifdc10-juj.infd.edu.ar\/sitio\/?page_id=2228"},"modified":"2023-03-21T00:11:10","modified_gmt":"2023-03-21T03:11:10","slug":"tec-sup-en-adm-de-empresas","status":"publish","type":"page","link":"https:\/\/ifdc10-juj.infd.edu.ar\/sitio\/tec-sup-en-adm-de-empresas\/","title":{"rendered":"TEC. SUP. EN ADMINISTRACI\u00d2N DE EMPRESAS. SEDE YUTO"},"content":{"rendered":"<h4><strong><img decoding=\"async\" loading=\"lazy\" class=\"alignleft\" title=\"ICONO\" src=\"https:\/\/ifdc10-juj.infd.edu.ar\/sitio\/wp-content\/uploads\/2018\/07\/2017_tec._ADM._EMP..jpg\" alt=\"ICONO\" width=\"371\" height=\"278\" border=\"0\" \/><\/strong><\/h4>\n<h3 style=\"text-align: center;\"><strong>Tecnicatura Superior en Administraci\u00f3n de Empresas con orientaci\u00f3n en comercializaci\u00f3n. Fraile Pintado<\/strong><\/h3>\n<p><strong>La carrera <\/strong><strong>tiene una duraci\u00f3n de tres a\u00f1os e implica pr\u00e1cticas profesionalizantes. <\/strong> <strong>Se cursa en la localidad de F. Pintado, en la Esc. n\u00ba123&#8243;Gral. Manuel Belgrado\u00bb <\/strong><strong>en el horario de 18,30 a 23hs.<\/strong> <strong>La Coordinadora de la Carrera es la Prof. Ramona Quispe y fue elegida por el voto libre y secreto de sus colegas. La coordinaci\u00f3n dura el per\u00edodo de 4 a\u00f1os.<br \/><a href=\"https:\/\/drive.google.com\/file\/d\/1wtLJjQ-O9A3wXznN6Q3Io40_oZKybJl4\/view?usp=share_link\" target=\"_blank\" rel=\"noopener\">HORARIOS CURSILLOS 2023<\/a><br \/><a href=\"https:\/\/drive.google.com\/file\/d\/1iyqXy1jo6l0T0FS1RqHMHkijwEOvax77\/view?usp=share_link\" target=\"_blank\" rel=\"noopener\">CARTILLAS 2023<\/a><\/strong><\/p>\n<p style=\"text-align: left;\"><a href=\"https:\/\/ifdc10-juj.infd.edu.ar\/aula\/index.cgi?id_curso=49&amp;id_curso_ant=53\"><strong>ACCEDER AL AULA VIRTUAL DE LA CARRERA<\/strong><\/a><\/p>\n<p style=\"text-align: left;\"><a href=\"https:\/\/docs.google.com\/forms\/d\/e\/1FAIpQLScbhbKYCWYY-tz4eau1jh8eWRV0MSTwbt6R6QySLmpEr2ujug\/closedform\"><strong>SOLICITUD DE CLAVE DE INGRESO AL CAMPUS<\/strong><\/a><\/p>\n<p><a href=\"https:\/\/ifdc10-juj.infd.edu.ar\/sitio\/wp-content\/uploads\/2021\/12\/ESTRUCTURA-CURRICULAR-ADM.-EMPRESAS.jpeg\" target=\"_blank\" rel=\"noopener\"><strong>ESTRUCTURA CURRICULAR<\/strong><\/a><\/p>\n<p>&nbsp;<\/p>\n<hr \/>\n<p>&nbsp;<\/p>\n<h3><strong><img decoding=\"async\" loading=\"lazy\" class=\" wp-image-4464 alignleft\" src=\"https:\/\/ifdc10-juj.infd.edu.ar\/sitio\/wp-content\/uploads\/2019\/06\/YUTO.jpg\" alt=\"\" width=\"370\" height=\"278\" \/><\/strong><strong>Tecnicatura Superior en Administraci\u00f3n de Empresas con orientaci\u00f3n en Peque\u00f1as y Medianas Empresas. Yuto<\/strong><\/h3>\n<p>(<strong>ESTA CARRERA NO INSCRIBE PARA 2020)<\/strong> <strong>La carrera <\/strong><strong>tiene una duraci\u00f3n de tres a\u00f1os e incluye pr\u00e1cticas profesionalizantes. <\/strong> <strong>Se cursa en la localidad de Yuto, en la Esc. Pcial. de Comercio N\u00b05 en el horario de 18,30 a 23hs.\u00a0<\/strong><\/p>\n<p style=\"text-align: center;\"><a href=\"https:\/\/ifdc10-juj.infd.edu.ar\/aula\/index.cgi?id_curso=49&amp;id_curso_ant=53\">ACCEDER AL AULA VIRTUAL DE LA CARRERA<\/a><\/p>\n<p style=\"text-align: center;\"><a href=\"https:\/\/docs.google.com\/forms\/d\/e\/1FAIpQLScbhbKYCWYY-tz4eau1jh8eWRV0MSTwbt6R6QySLmpEr2ujug\/closedform\"><strong>SOLICITUD DE CLAVE PARA INGRESAR AL CAMPUS<\/strong><\/a><\/p>\n<hr \/>\n<p>&nbsp;<\/p>\n<p><a title=\"TEC. SUP. ADMINISTRACI\u00d3N DE EMP.\" href=\"upload\/ifdc_n10._TECNICATURA_en_ADMINISTRACION_DE_EMPRESA.jpg\" target=\"_blank\" rel=\"noopener\"><strong>OBJETIVOS, PERFIL DEL EGRESADO, EL PLAN DE ESTUDIOS Y PLAN DE CORRELATIVIDADES<\/strong><\/a><\/p>\n<h5><strong><a title=\"AULA VIRTUAL DE ADMINISTRACI\u00d3N DE EMP.\" href=\"https:\/\/ifdc10-juj.infd.edu.ar\/aula\/index.cgi?id_curso=49\" target=\"_blank\" rel=\"noopener\">&gt;&gt;AULA VIRTUAL DE ADM. DE EMPRESA&lt;&lt;<\/a>.<\/strong> <a href=\"https:\/\/ifdc10-juj.infd.edu.ar\/sitio\/nuevos-disenos-curriculares-de-las-carreras\/\">DISE\u00d1OS CURRICULARES DE AMBAS TECNICATURAS<\/a>. Algunos sitios de inter\u00e9s para los estudiantes de la carrera.<\/h5>\n<div  class=\"lgc-column lgc-grid-parent lgc-grid-20 lgc-tablet-grid-50 lgc-mobile-grid-100 lgc-equal-heights \"><div  class=\"inside-grid-column\"><a title=\"ADM. EMP. Agencia de comercializaci\u00f3n\" href=\"http:\/\/produccion.jujuy.gob.ar\/agencia-de-comercializacion\/\" target=\"_blank\" rel=\"noopener\"><strong><img decoding=\"async\" loading=\"lazy\" class=\"aligncenter\" title=\"ICONOS. ADM. EMP. Agencias de Comerecializaci\u00f3n.\" src=\"https:\/\/ifdc10-juj.infd.edu.ar\/sitio\/wp-content\/uploads\/2018\/07\/Nueva_imagen_57_2.jpg\" alt=\"ICONOS. ADM. EMP. Agencias de Comerecializaci\u00f3n.\" width=\"206\" height=\"155\" border=\"0\" \/><\/strong><\/a><strong><a href=\"http:\/\/personal.jujuy.gob.ar\/ipap\/\" target=\"_blank\" rel=\"noopener\"><img decoding=\"async\" loading=\"lazy\" class=\"aligncenter\" title=\"ICONO. ADM. EMPRESA. IPAP.\" src=\"https:\/\/ifdc10-juj.infd.edu.ar\/sitio\/wp-content\/uploads\/2018\/07\/Nueva_imagen_57_1.jpg\" alt=\"ICONO. ADM. EMPRESA. IPAP.\" width=\"206\" height=\"154\" border=\"0\" \/><\/a><\/strong><\/div><\/div><div  class=\"lgc-column lgc-grid-parent lgc-grid-20 lgc-tablet-grid-50 lgc-mobile-grid-100 lgc-equal-heights \"><div  class=\"inside-grid-column\"><a title=\"ADDM. EMP. PROG. NAC. FOMENTO A COM.\" href=\"http:\/\/www.pronafoc.com.ar\/\" target=\"_blank\" rel=\"noopener\"><img decoding=\"async\" loading=\"lazy\" class=\"aligncenter\" title=\"ADM. EMP. ANMAT\" src=\"https:\/\/ifdc10-juj.infd.edu.ar\/sitio\/wp-content\/uploads\/2018\/07\/Nueva_imagen_5_1.png\" alt=\"ADM. EMP. ANMAT\" width=\"206\" height=\"154\" border=\"0\" \/><\/a><a title=\"ADM. EMP. ANMAT. ALIMENTOS, MEDIC.\" href=\"http:\/\/www.anmat.gov.ar\/webanmat\/institucional\/ANMAT_referencia_OPS.asp\" target=\"_blank\" rel=\"noopener\"><img decoding=\"async\" loading=\"lazy\" class=\"aligncenter\" title=\"ADM. EMP. ANMAT 1\" src=\"https:\/\/ifdc10-juj.infd.edu.ar\/sitio\/wp-content\/uploads\/2018\/07\/Nueva_imagen_6_1.png\" alt=\"ADM. EMP. ANMAT 1\" width=\"207\" height=\"156\" border=\"0\" \/><\/a><\/div><\/div><div  class=\"lgc-column lgc-grid-parent lgc-grid-20 lgc-tablet-grid-50 lgc-mobile-grid-100 lgc-equal-heights \"><div  class=\"inside-grid-column\"><a title=\"ADM. EMP. Conf. arg. mediana empresa\" href=\"http:\/\/redcame.org.ar\/index.php\" target=\"_blank\" rel=\"noopener\"><img decoding=\"async\" loading=\"lazy\" class=\"aligncenter\" title=\"ADM. EMP. CAME\" src=\"https:\/\/ifdc10-juj.infd.edu.ar\/sitio\/wp-content\/uploads\/2018\/07\/Nueva_imagen_7.jpg\" alt=\"ADM. EMP. CAME\" width=\"206\" height=\"155\" border=\"0\" \/><\/a><a title=\"ADM. EMP. Mujeres empresarias de jujuy\" href=\"https:\/\/www.paginacentral.com.ar\/sociedad\/mujeres-de-jujuy-construyen-espacios-de-trabajo-conjunto\/\" target=\"_blank\" rel=\"noopener\"><img decoding=\"async\" loading=\"lazy\" class=\"aligncenter\" title=\"ADM. EMP. MUJERES EMPRESARIAS\" src=\"https:\/\/ifdc10-juj.infd.edu.ar\/sitio\/wp-content\/uploads\/2018\/07\/Nueva_imagen_7_1.jpg\" alt=\"ADM. EMP. MUJERES EMPRESARIAS\" width=\"206\" height=\"154\" border=\"0\" \/><\/a><\/div><\/div><div  class=\"lgc-column lgc-grid-parent lgc-grid-20 lgc-tablet-grid-50 lgc-mobile-grid-100 lgc-equal-heights \"><div  class=\"inside-grid-column\"><a title=\"adm. emp. consejo de la microempresa\" href=\"http:\/\/www.consejomicroempresa.gob.ar\/public\/home\/\" target=\"_blank\" rel=\"noopener\"><img decoding=\"async\" loading=\"lazy\" class=\"aligncenter\" title=\"ICONO. ADM. EMPRESA. CONSEJO DE LA MICROEMP.\" src=\"https:\/\/ifdc10-juj.infd.edu.ar\/sitio\/wp-content\/uploads\/2018\/07\/Nueva_imagen_57.jpg\" alt=\"ICONO. ADM. EMPRESA. CONSEJO DE LA MICROEMP.\" width=\"207\" height=\"155\" border=\"0\" \/><\/a><strong><a title=\"adm. emp. uni\u00f3n empres. jujuy\" href=\"https:\/\/www.facebook.com\/uejujuy\/\" target=\"_blank\" rel=\"noopener\"><img decoding=\"async\" loading=\"lazy\" class=\"aligncenter\" title=\"ADM. EMP. Uni\u00f3n EMpresarios Jujuy\" src=\"https:\/\/ifdc10-juj.infd.edu.ar\/sitio\/wp-content\/uploads\/2018\/07\/Nueva_imagen_7_2.jpg\" alt=\"ADM. EMP. Uni\u00f3n EMpresarios Jujuy\" width=\"206\" height=\"155\" border=\"0\" \/><\/a><\/strong><\/div><\/div><div  class=\"lgc-column lgc-grid-parent lgc-grid-20 lgc-tablet-grid-50 lgc-mobile-grid-100 lgc-equal-heights \"><div  class=\"inside-grid-column\"><a title=\"ADM. EMP. Mujeres empresarias de jujuy\" href=\"https:\/\/www.paginacentral.com.ar\/sociedad\/mujeres-de-jujuy-construyen-espacios-de-trabajo-conjunto\/\" target=\"_blank\" rel=\"noopener\"><img decoding=\"async\" loading=\"lazy\" class=\"aligncenter\" title=\"ADM. EMP. MUJERES EMPRESARIAS\" src=\"https:\/\/ifdc10-juj.infd.edu.ar\/sitio\/wp-content\/uploads\/2018\/07\/Nueva_imagen_7_1.jpg\" alt=\"ADM. EMP. MUJERES EMPRESARIAS\" width=\"207\" height=\"155\" border=\"0\" \/><\/a> <\/div><\/div>\n<p style=\"text-align: center;\"><a title=\"CARRERAS\" href=\"index.cgi?wid_seccion=18\"><strong>VOLVER A CARRERAS <\/strong><\/a><strong>. <a title=\"Home\" href=\"index.cgi\">VOLVER AL INICIO<\/a><\/strong><\/p>\n","protected":false},"excerpt":{"rendered":"<p>Tecnicatura Superior en Administraci\u00f3n de Empresas con orientaci\u00f3n en comercializaci\u00f3n. Fraile Pintado La carrera tiene una duraci\u00f3n de tres a\u00f1os e implica pr\u00e1cticas profesionalizantes. Se cursa en la localidad de F. Pintado, en la Esc. n\u00ba123&#8243;Gral. Manuel Belgrado\u00bb en el horario de 18,30 a 23hs. La Coordinadora de la Carrera es la Prof. Ramona Quispe &#8230; <a title=\"TEC. SUP. EN ADMINISTRACI\u00d2N DE EMPRESAS. SEDE YUTO\" class=\"read-more\" href=\"https:\/\/ifdc10-juj.infd.edu.ar\/sitio\/tec-sup-en-adm-de-empresas\/\" aria-label=\"More on TEC. SUP. EN ADMINISTRACI\u00d2N DE EMPRESAS. SEDE YUTO\">[+]<\/a><\/p>\n","protected":false},"author":775,"featured_media":0,"parent":0,"menu_order":0,"comment_status":"closed","ping_status":"closed","template":"","meta":[],"acf":[],"_links":{"self":[{"href":"https:\/\/ifdc10-juj.infd.edu.ar\/sitio\/wp-json\/wp\/v2\/pages\/2228"}],"collection":[{"href":"https:\/\/ifdc10-juj.infd.edu.ar\/sitio\/wp-json\/wp\/v2\/pages"}],"about":[{"href":"https:\/\/ifdc10-juj.infd.edu.ar\/sitio\/wp-json\/wp\/v2\/types\/page"}],"author":[{"embeddable":true,"href":"https:\/\/ifdc10-juj.infd.edu.ar\/sitio\/wp-json\/wp\/v2\/users\/775"}],"replies":[{"embeddable":true,"href":"https:\/\/ifdc10-juj.infd.edu.ar\/sitio\/wp-json\/wp\/v2\/comments?post=2228"}],"version-history":[{"count":64,"href":"https:\/\/ifdc10-juj.infd.edu.ar\/sitio\/wp-json\/wp\/v2\/pages\/2228\/revisions"}],"predecessor-version":[{"id":10125,"href":"https:\/\/ifdc10-juj.infd.edu.ar\/sitio\/wp-json\/wp\/v2\/pages\/2228\/revisions\/10125"}],"wp:attachment":[{"href":"https:\/\/ifdc10-juj.infd.edu.ar\/sitio\/wp-json\/wp\/v2\/media?parent=2228"}],"curies":[{"name":"wp","href":"https:\/\/api.w.org\/{rel}","templated":true}]}}