{"id":2222,"date":"2018-07-10T12:11:22","date_gmt":"2018-07-10T15:11:22","guid":{"rendered":"https:\/\/ifdc10-juj.infd.edu.ar\/sitio\/?page_id=2222"},"modified":"2023-03-20T23:29:35","modified_gmt":"2023-03-21T02:29:35","slug":"prof-en-quimica","status":"publish","type":"page","link":"https:\/\/ifdc10-juj.infd.edu.ar\/sitio\/prof-en-quimica\/","title":{"rendered":"PROF. EN QU\u00cdMICA"},"content":{"rendered":"<h4 style=\"text-align: center;\"><span style=\"color: #ffffff;\"><a style=\"color: #ffffff;\" href=\"https:\/\/ifdc10-juj.infd.edu.ar\/sitio\/wp-content\/uploads\/2020\/01\/quimica2020.png\"><img decoding=\"async\" loading=\"lazy\" class=\"alignleft wp-image-5967\" src=\"https:\/\/ifdc10-juj.infd.edu.ar\/sitio\/wp-content\/uploads\/2020\/01\/quimica2020.png\" alt=\"\" width=\"428\" height=\"321\" \/><\/a><strong>PROFESORADO DE EDUCACI\u00d3N SECUNDARIA EN QU\u00cdMICA<\/strong><\/span><\/h4>\n<h5 style=\"text-align: center;\"><span style=\"color: #ffffff;\"><a style=\"color: #ffffff;\" href=\"https:\/\/ifdc10-juj.infd.edu.ar\/sitio\/wp-content\/uploads\/2019\/04\/Nueva-imagen-24.png\">SEDE: Escuela Normal. Lib. Gral. San Mart\u00edn. Turno vespertino, 18,30\/23 hs.<\/a><\/span><\/h5>\n<h5 style=\"text-align: center;\"><span style=\"color: #ffffff;\"><strong>Esta carrera, PARA LOS INGRESANTES, inicia sus actividades el a\u00f1o 2023 una vez finalizado el curso de ambientaci\u00f3n, el que ser\u00e1 eliminatorio si los aspirantes superan el cupo.<\/strong><div  class=\"lgc-column lgc-grid-parent lgc-grid-50 lgc-tablet-grid-50 lgc-mobile-grid-100 lgc-equal-heights \"><div  class=\"inside-grid-column\">\n<h5><span style=\"color: #ffffff;\"><a style=\"color: #ffffff;\" href=\"https:\/\/ifdc10-juj.infd.edu.ar\/sitio\/wp-content\/uploads\/2021\/12\/Quimica-A.pdf\" target=\"_blank\" rel=\"noopener\"><strong>Estructura Curricular de la Carrera<\/strong><\/a><\/span><br \/><span style=\"color: #ffffff;\"><a style=\"color: #ffffff;\" href=\"https:\/\/ifdc10-juj.infd.edu.ar\/sitio\/wp-content\/uploads\/2021\/12\/CORRELATIVIDADES-QUIMICA.pdf\" target=\"_blank\" rel=\"noopener\"><strong>R\u00e9gimen de acreditaci\u00f3n y correlatividades<\/strong><\/a><strong><br \/><a style=\"color: #ffffff;\" href=\"https:\/\/ifdc10-juj.infd.edu.ar\/sitio\/wp-content\/uploads\/2021\/12\/QUIMICA.pdf\" target=\"_blank\" rel=\"noopener\">Resoluciones<\/a>\n<p><\/p><\/strong><strong style=\"font-size: 16px;\"><a style=\"color: #ffffff;\" href=\"https:\/\/ifdc10-juj.infd.edu.ar\/aula\/index.cgi?id_curso=51&amp;id_curso_ant=52\">PARA ACCEDER AL AULA VIRTUAL DE QU\u00cdMICA\u00a0<\/a><\/strong><span style=\"font-size: 16px;\"><\/span><\/span><\/h5><\/div><\/div><div  class=\"lgc-column lgc-grid-parent lgc-grid-50 lgc-tablet-grid-50 lgc-mobile-grid-100 lgc-equal-heights \"><div  class=\"inside-grid-column\">\n<ul>\n<li><span style=\"color: #ffffff;\"><strong>REQUISITOS PARA MATRICULARSE EN PRIMER A\u00d1O (ver en inscripci\u00f3n: SOLO PARA INGRESANTES, SE REALIZARA FINALIZADO EL PERIODO DE NIVELACI\u00d3N)\n<p><\/p><\/strong><\/span><\/li>\n<li><span style=\"color: #ffffff;\"><strong><a style=\"color: #ffffff;\" href=\"https:\/\/docs.google.com\/forms\/d\/e\/1FAIpQLScbhbKYCWYY-tz4eau1jh8eWRV0MSTwbt6R6QySLmpEr2ujug\/viewform\" target=\"_blank\" rel=\"noopener\">SOLICITUD DE CLAVE DE INGRESO AL CAMPUS<\/a>. <\/strong>S\u00f3lo para el alumnado matriculado en el INSTITUTO.<strong><\/strong><\/span><\/li><\/ul><\/div><\/div><\/strong><\/span><\/li>\n<\/ul>\n<h5><span style=\"color: #ffffff;\"><a style=\"color: #ffffff;\" href=\"https:\/\/drive.google.com\/file\/d\/1DcP07S_Y527atJiGqaQb4cHLB1HET4kU\/view?usp=share_link\" target=\"_blank\" rel=\"noopener\">CARTILLAS 2023<\/a><\/span><br \/><span style=\"color: #ffffff;\"><a style=\"color: #ffffff;\" href=\"https:\/\/drive.google.com\/file\/d\/1uI5GA0P28OylzcYQNZtQ6Bm8lxLbqily\/view?usp=share_link\" target=\"_blank\" rel=\"noopener\">HORARIOS CURSILLOS 2023<\/a><\/span><\/h5>\n<p>&nbsp;<\/p>\n<p>&nbsp;<\/p>\n<p style=\"text-align: left;\"><span style=\"color: #ffffff;\"><strong>El Coordinador de la carrera es el Profesor MARIO SANCHEZ. La coordinaci\u00f3n de una carrera se elige por el voto secreto de los profesores de la carrera y dura cuatro a\u00f1os<\/strong><\/span><\/p>\n<p style=\"text-align: center;\"><span style=\"color: #ffffff;\"><strong><a style=\"color: #ffffff;\" title=\"CARRERAS\" href=\"https:\/\/ifdc10-juj.infd.edu.ar\/sitio\/prof-de-matematica\/index.cgi?wid_seccion=18\">VOLVER A CARRERAS <\/a><\/strong><strong>. <\/strong><strong><a style=\"color: #ffffff;\" title=\"Home\" href=\"https:\/\/ifdc10-juj.infd.edu.ar\/sitio\/prof-de-matematica\/index.cgi\">VOL<\/a><\/strong><strong><a style=\"color: #ffffff;\" title=\"Home\" href=\"https:\/\/ifdc10-juj.infd.edu.ar\/sitio\/prof-de-matematica\/index.cgi\">VER AL INICIO<\/a><\/strong><\/span><\/p>\n","protected":false},"excerpt":{"rendered":"<p>PROFESORADO DE EDUCACI\u00d3N SECUNDARIA EN QU\u00cdMICA SEDE: Escuela Normal. Lib. Gral. San Mart\u00edn. Turno vespertino, 18,30\/23 hs. Esta carrera, PARA LOS INGRESANTES, inicia sus actividades el a\u00f1o 2023 una vez finalizado el curso de ambientaci\u00f3n, el que ser\u00e1 eliminatorio si los aspirantes superan el cupo. CARTILLAS 2023HORARIOS CURSILLOS 2023 &nbsp; &nbsp; El Coordinador de la &#8230; <a title=\"PROF. EN QU\u00cdMICA\" class=\"read-more\" href=\"https:\/\/ifdc10-juj.infd.edu.ar\/sitio\/prof-en-quimica\/\" aria-label=\"More on PROF. EN QU\u00cdMICA\">[+]<\/a><\/p>\n","protected":false},"author":775,"featured_media":0,"parent":0,"menu_order":0,"comment_status":"closed","ping_status":"closed","template":"","meta":[],"acf":[],"_links":{"self":[{"href":"https:\/\/ifdc10-juj.infd.edu.ar\/sitio\/wp-json\/wp\/v2\/pages\/2222"}],"collection":[{"href":"https:\/\/ifdc10-juj.infd.edu.ar\/sitio\/wp-json\/wp\/v2\/pages"}],"about":[{"href":"https:\/\/ifdc10-juj.infd.edu.ar\/sitio\/wp-json\/wp\/v2\/types\/page"}],"author":[{"embeddable":true,"href":"https:\/\/ifdc10-juj.infd.edu.ar\/sitio\/wp-json\/wp\/v2\/users\/775"}],"replies":[{"embeddable":true,"href":"https:\/\/ifdc10-juj.infd.edu.ar\/sitio\/wp-json\/wp\/v2\/comments?post=2222"}],"version-history":[{"count":59,"href":"https:\/\/ifdc10-juj.infd.edu.ar\/sitio\/wp-json\/wp\/v2\/pages\/2222\/revisions"}],"predecessor-version":[{"id":10099,"href":"https:\/\/ifdc10-juj.infd.edu.ar\/sitio\/wp-json\/wp\/v2\/pages\/2222\/revisions\/10099"}],"wp:attachment":[{"href":"https:\/\/ifdc10-juj.infd.edu.ar\/sitio\/wp-json\/wp\/v2\/media?parent=2222"}],"curies":[{"name":"wp","href":"https:\/\/api.w.org\/{rel}","templated":true}]}}