{"id":2207,"date":"2018-07-10T12:11:21","date_gmt":"2018-07-10T15:11:21","guid":{"rendered":"https:\/\/ifdc10-juj.infd.edu.ar\/sitio\/?page_id=2207"},"modified":"2020-01-22T17:47:50","modified_gmt":"2020-01-22T20:47:50","slug":"prof-de-educacion-inicial","status":"publish","type":"page","link":"https:\/\/ifdc10-juj.infd.edu.ar\/sitio\/prof-de-educacion-inicial\/","title":{"rendered":"Prof. DE EDUCACI\u00d3N INICIAL. En proceso de cierre"},"content":{"rendered":"<p style=\"text-align: center;\"><span data-mce-mark=\"1\"><strong>ESTA CARRERA NO INSCRIBE PARA NING\u00daN INGRESO.<\/strong><\/span><\/p>\n<table style=\"border: 3px solid #999900; background-color: #cccc99; width: 700px; height: 330px;\" border=\"3\" cellpadding=\"3\" align=\"center\">\n<tbody>\n<tr>\n<td style=\"background-color: #ff0000; text-align: center;\" colspan=\"2\"><span style=\"color: #ffff00; font-size: 24pt;\" data-mce-mark=\"1\"><strong><strong><strong><img decoding=\"async\" loading=\"lazy\" class=\"alignleft\" title=\"INTERACTIVA 2013\" src=\"https:\/\/ifdc10-juj.infd.edu.ar\/sitio\/wp-content\/uploads\/2018\/07\/Nueva_imagen_47_2.png\" alt=\"INTERACTIVA 2013\" width=\"248\" height=\"186\" border=\"0\" \/><a class=\"LinkModi\" href=\"index.cgi?wid_news=38&amp;wAccion=news\" target=\"_NEW\"><span class=\"LinkModi\"><img decoding=\"async\" loading=\"lazy\" class=\"alignleft\" src=\"https:\/\/ifdc10-juj.infd.edu.ar\/sitio\/wp-content\/uploads\/2018\/07\/Nueva-imagen-9.png\" alt=\"Muestra interac. 2012\" width=\"247\" height=\"186\" border=\"0\" \/><\/span><\/a><\/strong><\/strong><\/strong><\/span><\/td>\n<\/tr>\n<tr style=\"height: 25px;\">\n<td style=\"background-color: #ffff00; height: 26px; text-align: center;\" colspan=\"2\"><span style=\"color: #0000ff;\" data-mce-mark=\"1\"><span data-mce-mark=\"1\"><span data-mce-mark=\"1\"><strong><span style=\"font-size: 14pt;\"><span style=\"color: #0000ff;\" data-mce-mark=\"1\"><span data-mce-mark=\"1\"><span data-mce-mark=\"1\"><strong><span style=\"font-size: 14pt;\" data-mce-mark=\"1\"><span style=\"color: #0000ff;\" data-mce-mark=\"1\"><span data-mce-mark=\"1\"><span data-mce-mark=\"1\"><strong><span style=\"font-size: 14pt;\"><span style=\"color: #0000ff;\" data-mce-mark=\"1\"><span data-mce-mark=\"1\"><span data-mce-mark=\"1\"><strong><span style=\"font-size: 14pt;\" data-mce-mark=\"1\"><span style=\"font-size: 12pt; color: #ff0000;\"><strong><img decoding=\"async\" loading=\"lazy\" style=\"vertical-align: middle; border: 0;\" src=\"http:\/\/www.soloimagen.net\/imagenes-animadas\/Lineas\/Barra%20animada%20azul.gif\" alt=\"LINEA ANIMADA\" width=\"687\" height=\"10\" border=\"0\" \/><\/strong><\/span><\/span><\/strong><\/span><\/span><\/span><\/span><\/strong><\/span><\/span><\/span><a href=\"http:\/\/youtu.be\/t-fT4IrCtlU\" target=\"_blank\" rel=\"noopener\"><strong><span style=\"font-size: 14pt;\">PROPUESTA EDUCATIVA DEL IES N\u00ba10<\/span><\/strong><\/a><\/span><\/strong><\/span><\/span><\/span><\/span><\/strong><\/span><\/span><\/span><\/p>\n<p><span style=\"color: #0000ff;\" data-mce-mark=\"1\"><span data-mce-mark=\"1\"><span data-mce-mark=\"1\"><strong><span style=\"font-size: 14pt;\"><span style=\"color: #0000ff;\" data-mce-mark=\"1\"><span data-mce-mark=\"1\"><span data-mce-mark=\"1\"><a title=\"ING. 2016\" href=\"https:\/\/docs.google.com\/forms\/d\/1ZavejlusPnw179dxxb7SRmY2571ImT7slc2Eu_ZgiMI\/viewform\" target=\"_blank\" rel=\"noopener\"><span style=\"font-size: 14pt;\" data-mce-mark=\"1\">&gt;PRE INSCRIPCI\u00d3N INGRESO 2017. FORMULARIO&lt; <\/span><\/a><strong><span style=\"font-size: 14pt;\" data-mce-mark=\"1\">\u00a0\u00a0 CARTILLAS DE INGRESO 2017 <\/span><\/strong><\/span><\/span><\/span><\/span><\/strong><span style=\"font-size: 14pt;\"><span style=\"color: #0000ff;\" data-mce-mark=\"1\"><span data-mce-mark=\"1\"><span data-mce-mark=\"1\"><span data-mce-mark=\"1\"><br \/>\n<\/span><\/span><\/span><\/span><\/span><\/span><\/span><\/span><\/p>\n<p><span style=\"color: #0000ff;\" data-mce-mark=\"1\"><span data-mce-mark=\"1\"><span data-mce-mark=\"1\"><strong><span style=\"font-size: 14pt;\"><span style=\"color: #0000ff;\" data-mce-mark=\"1\"><span data-mce-mark=\"1\"><span data-mce-mark=\"1\"><strong><span style=\"font-size: 14pt;\" data-mce-mark=\"1\"><strong><span style=\"font-family: arial black,avant garde; font-size: 10pt;\"><a title=\"INGRESO 2012. CARTILLAS\" href=\"index.cgi?wid_item=76&amp;wid_seccion=32\" target=\"_blank\" rel=\"noopener\"><span style=\"font-family: verdana,geneva; font-size: 12pt;\"><span style=\"color: #0000ff;\" data-mce-mark=\"1\"><span data-mce-mark=\"1\"><span data-mce-mark=\"1\"><strong><span style=\"font-size: 14pt;\"><span style=\"color: #0000ff;\" data-mce-mark=\"1\"><span data-mce-mark=\"1\"><span data-mce-mark=\"1\"><strong><span style=\"font-size: 14pt;\" data-mce-mark=\"1\"><span style=\"font-size: 12pt; color: #ff0000;\"><strong><img decoding=\"async\" loading=\"lazy\" style=\"vertical-align: middle; border: 0;\" src=\"http:\/\/www.soloimagen.net\/imagenes-animadas\/Lineas\/Barra%20animada%20azul.gif\" alt=\"LINEA ANIMADA\" width=\"687\" height=\"10\" border=\"0\" \/><\/strong><\/span><\/span><\/strong><\/span><\/span><\/span><\/span><\/strong><\/span><\/span><\/span><\/span><\/a><\/span><\/strong><\/span><\/strong><\/span><\/span><\/span><\/span><\/strong><\/span><\/span><\/span><\/td>\n<\/tr>\n<tr>\n<td style=\"text-align: center;\" colspan=\"2\">\n<p style=\"text-align: center;\"><object data=\"http:\/\/www.pageplugins.com\/generators\/flash_glitter_text\/show.swf?message=BIENVENIDOS%20AL%20IES%2010&amp;font=http:\/\/www.pageplugins.com\/generators\/flash_glitter_text\/fonts\/plainn_lib2.swf&amp;glitter=http:\/\/www.pageplugins.com\/generators\/flash_glitter_text\/glitters\/glitter24.swf&amp;clickURL=http:\/\/www.pageplugins.com\/generators\/flash_glitter_text\/&amp;swfHeight=61&amp;swfWidth=438&amp;bevel=1&amp;shadow=1&amp;glow=1&amp;blur=0&amp;fade=0&amp;blink=0&amp;fontsize=30&amp;num=24\" type=\"application\/x-shockwave-flash\" width=\"633\" height=\"83\"><param name=\"data\" value=\"http:\/\/www.pageplugins.com\/generators\/flash_glitter_text\/show.swf?message=BIENVENIDOS%20AL%20IES%2010&amp;font=http:\/\/www.pageplugins.com\/generators\/flash_glitter_text\/fonts\/plainn_lib2.swf&amp;glitter=http:\/\/www.pageplugins.com\/generators\/flash_glitter_text\/glitters\/glitter24.swf&amp;clickURL=http:\/\/www.pageplugins.com\/generators\/flash_glitter_text\/&amp;swfHeight=61&amp;swfWidth=438&amp;bevel=1&amp;shadow=1&amp;glow=1&amp;blur=0&amp;fade=0&amp;blink=0&amp;fontsize=30&amp;num=24\" \/><param name=\"src\" value=\"http:\/\/www.pageplugins.com\/generators\/flash_glitter_text\/show.swf?message=BIENVENIDOS%20AL%20IES%2010&amp;font=http:\/\/www.pageplugins.com\/generators\/flash_glitter_text\/fonts\/plainn_lib2.swf&amp;glitter=http:\/\/www.pageplugins.com\/generators\/flash_glitter_text\/glitters\/glitter24.swf&amp;clickURL=http:\/\/www.pageplugins.com\/generators\/flash_glitter_text\/&amp;swfHeight=61&amp;swfWidth=438&amp;bevel=1&amp;shadow=1&amp;glow=1&amp;blur=0&amp;fade=0&amp;blink=0&amp;fontsize=30&amp;num=24\" \/><param name=\"wmode\" value=\"transparent\" \/><param name=\"quality\" value=\"best\" \/><\/object><br \/>\n<span style=\"color: #ff0000; font-size: 10pt;\"><strong><a title=\"REQUISITOS\" href=\"https:\/\/dl.dropboxusercontent.com\/u\/74879085\/2014\/2014%20INGRESANTES\/requisitos%20PARA%20MATRICULARSE.pdf\" target=\"_blank\" rel=\"noopener\"><span style=\"color: #ff0000;\"><strong><span style=\"color: #ffffff;\"><span style=\"color: #ff0000;\">REQUISITOS PARA MATRICULARSE <\/span><span style=\"color: #ffff00;\"><span style=\"color: #ff0000;\">EN PRIMER A\u00d1O<\/span><\/span><\/span><\/strong><\/span><\/a><\/strong><\/span><\/p>\n<\/td>\n<\/tr>\n<tr>\n<td style=\"text-align: center;\" colspan=\"2\"><span style=\"font-size: 10pt;\"><span style=\"color: #0000ff;\"><strong><span style=\"color: #0000ff;\" data-mce-mark=\"1\"><span data-mce-mark=\"1\"><span data-mce-mark=\"1\"><strong><span style=\"color: #0000ff;\" data-mce-mark=\"1\"><span data-mce-mark=\"1\"><span data-mce-mark=\"1\"><strong><span data-mce-mark=\"1\"><strong><span style=\"font-family: arial black,avant garde;\"><a title=\"INGRESO 2012. CARTILLAS\" href=\"index.cgi?wid_item=76&amp;wid_seccion=32\" target=\"_blank\" rel=\"noopener\"><span style=\"font-family: verdana,geneva;\">&gt;INGRESO. HORARIOS. CARTILLA DE INGRESO&lt;<\/span><\/a><\/span><\/strong><\/span><\/strong><\/span><\/span><\/span><\/strong><\/span><\/span><\/span><\/strong><\/span><\/span><\/td>\n<\/tr>\n<tr>\n<td style=\"text-align: center; background-color: #ffffff;\" colspan=\"2\"><span style=\"font-size: 10pt; color: #000000;\"><strong><span data-mce-mark=\"1\"><span data-mce-mark=\"1\"><span data-mce-mark=\"1\"><strong><span data-mce-mark=\"1\"><span data-mce-mark=\"1\"><span data-mce-mark=\"1\"><strong><span data-mce-mark=\"1\"><strong><span style=\"font-family: arial black,avant garde;\"><span style=\"font-family: verdana,geneva;\">(ANTERIORES A 2017)<\/span><\/span><\/strong><\/span><\/strong><\/span><\/span><\/span><\/strong><\/span><\/span><\/span><\/strong><\/span><\/td>\n<\/tr>\n<tr>\n<td style=\"text-align: center;\" colspan=\"2\"><span style=\"font-size: 8pt;\"><a title=\"HORARIO CLASES 2015\" href=\"https:\/\/dl.dropboxusercontent.com\/u\/74879085\/2015\/HORARIO%20DE%20CLASES%202015\/INICIAL.%20HORARIO_2015_1.pdf\" target=\"_blank\" rel=\"noopener\"><span style=\"color: #0000ff;\"><strong>&gt;HORARIO DE CLASES 2016&lt; <\/strong><\/span><\/a><span style=\"color: #0000ff;\"><strong>\u00a0\u00a0<\/strong><\/span><span style=\"color: #0000ff;\"><strong> \u00a0 &gt;<\/strong><\/span><strong><strong><a title=\"PEP. ING. 2015\" href=\"index.cgi?wid_seccion=32&amp;wid_item=104\" target=\"_blank\" rel=\"noopener\">INGRESANTES 2015. LISTADO&lt;<\/a><\/strong><\/strong><\/span><span style=\"color: #0000ff;\"><strong><span style=\"color: #0000ff; font-size: 8pt;\" data-mce-mark=\"1\"><span data-mce-mark=\"1\"><span data-mce-mark=\"1\"><strong> \u00a0 <\/strong><\/span><\/span><\/span><\/strong><\/span><\/p>\n<p><span style=\"color: #0000ff;\"><strong><span style=\"color: #0000ff; font-size: 8pt;\" data-mce-mark=\"1\"><span data-mce-mark=\"1\"><span data-mce-mark=\"1\"><strong><span style=\"color: #ff0000; font-size: 8pt;\"><strong><a title=\"REQUISITOS\" href=\"https:\/\/dl.dropboxusercontent.com\/u\/74879085\/2014\/2014%20INGRESANTES\/requisitos%20PARA%20MATRICULARSE.pdf\" target=\"_blank\" rel=\"noopener\"><span style=\"color: #ff0000;\"><strong><span style=\"color: #ffffff;\"><span style=\"color: #ff0000;\">&gt;REQUISITOS PARA MATRICULARSE <\/span><span style=\"color: #ffff00;\"><span style=\"color: #ff0000;\">EN PRIMER A\u00d1O 2015&lt;<\/span><\/span><\/span><\/strong><\/span><\/a><\/strong><\/span><\/strong><\/span><\/span><\/span><\/strong><\/span><\/td>\n<\/tr>\n<tr>\n<td style=\"text-align: left;\" colspan=\"2\"><img decoding=\"async\" loading=\"lazy\" style=\"border: 0; float: left;\" title=\"ICONO\" src=\"https:\/\/ifdc10-juj.infd.edu.ar\/sitio\/wp-content\/uploads\/2018\/07\/2017_INICIAL.jpg\" alt=\"ICONO\" width=\"467\" height=\"350\" border=\"0\" \/><span style=\"font-size: 10pt;\">Esta carrera se cursa en la localidad de Fraile Pintado en la Esc. N\u00ba123 en el horario de 18,30 a 23 hs. EL MINISTERIO DE EDUCACI\u00d3N DE LA NACI\u00d3N ARGENTINA JUNTO A OTROS ESTAMENTOS EDUCATIVOS HA ELABORADO <a title=\"DISE\u00d1OS CURRICULARES INFD. ED. INICIAL\" href=\"http:\/\/portales.educacion.gov.ar\/infd\/ensenanza-de-las-ciencias\/\" target=\"_blank\" rel=\"noopener\"><span style=\"text-decoration: underline;\"><strong><span style=\"color: #0000ff;\">EL DISE\u00d1O CURRICULAR DE LA CARRERA.<\/span><\/strong><\/span><\/a><br \/>\n<strong><a title=\"Aula de ED. INICIAL\" href=\"https:\/\/ifdc10-juj.infd.edu.ar\/aula\/index.cgi?id_curso=37\">LA CARRERA<\/a> tiene una<\/strong><strong><em><span style=\"text-decoration: underline;\"> <a title=\"DISE\u00d1O CURRICULAR DE INICIAL\" href=\"upload\/2012_DISENIO_CURRICULAR_NIVEL_INIC_1.doc\" target=\"_blank\" rel=\"noopener\">ESTRUCTURA CURRICULAR<\/a> <\/span><\/em>de cuatro a\u00f1os de duraci\u00f3n.<\/strong>Y SUS <a title=\"CORRELATIVIDADES DE INICIAL\" href=\"upload\/2012._NIVEL_INICIAL_CORRELATIVIDADES.doc\" target=\"_blank\" rel=\"noopener\">UNIDADES CURRICULARES IMPLICAN <\/a><a title=\"CORRELATIVIDADES\" href=\"https:\/\/dl.dropbox.com\/u\/74879085\/0%20CORRELATIVIDADES%20TODAS..doc\" target=\"_blank\" rel=\"noopener\"><span style=\"text-decoration: underline;\"><em><strong>PLAN DE CORRELATIVIDADES<\/strong><\/em><\/span><\/a> ENTRE UNIDADES.<br \/>\nPara los docentes y alumnos de esta carrera son muy importantes <a title=\"ACUERDOS PARA PEP E INICIAL\" href=\"upload\/Acuerdos_delc_ampo_de_la_practica_2011.doc\" target=\"_blank\" rel=\"noopener\"><strong>LOS ACUERDOS ESTABLECIDOS PARA EL CAMPO DE LA PR\u00c1CTICA PROFESIONAL<\/strong><\/a> <span style=\"font-size: 8pt;\">del a\u00f1o 2011 para ser tenidos en cuenta.<\/span><\/span><\/td>\n<\/tr>\n<tr>\n<td style=\"text-align: center;\" colspan=\"2\">\u00a0<img decoding=\"async\" loading=\"lazy\" title=\"ICONO DE PROPAGANDA 2012\" src=\"https:\/\/ifdc10-juj.infd.edu.ar\/sitio\/wp-content\/uploads\/2018\/07\/Nueva-imagen-6.png\" alt=\"ICONO DE PROPAGANDA 2012\" width=\"681\" height=\"501\" border=\"0\" \/><\/td>\n<\/tr>\n<\/tbody>\n<tbody>\n<tr style=\"height: 202.017px;\">\n<td style=\"text-align: center; height: 202.017px;\"><strong><span style=\"font-family: arial black,avant garde; font-size: 10pt;\"><span style=\"font-family: helvetica;\"><span style=\"text-decoration: underline;\"><span style=\"font-family: verdana,geneva; color: #333333; font-size: 12pt;\"><strong><img decoding=\"async\" loading=\"lazy\" style=\"vertical-align: middle;\" src=\"http:\/\/www.soloimagen.net\/imagenes-animadas\/Lineas\/Linea-99.gif\" alt=\"LINEA ANIMADA\" width=\"665\" height=\"18\" border=\"0\" \/><\/strong><\/span><\/span>Para informarse de los programas de estudio de la unidades curriculares de la carrera ir al aula virtual.<\/span><\/span><\/strong><\/p>\n<p><span style=\"color: #0000ff; font-size: 8pt;\" data-mce-mark=\"1\"><span data-mce-mark=\"1\"><span data-mce-mark=\"1\"><a title=\"2015 MATRICULAC. FORM.\" href=\"https:\/\/docs.google.com\/forms\/d\/1_w8WpE1syc8Q0Da_2k_v9eJEOs2Xwk5wZZRxSSGtpKE\/viewform\" target=\"_blank\" rel=\"noopener\"><strong>INGRESANTES 2015 : FORMULARIO PARA LA MATRICULACI\u00d3N DEFINITIVA.\u00a0<\/strong><\/a><\/span><\/span><\/span><\/p>\n<address><span style=\"font-size: 8pt; color: #ff0000;\"><strong><a title=\"MESAS DE DICIEMBRE DE 2012\" href=\"https:\/\/docs.google.com\/spreadsheet\/viewform?formkey=dGRXbjZDZUgzWlJSUndhRjJJMWJMekE6MQ#gid=0\" target=\"_blank\" rel=\"noopener\">&#8211; FORMULARIO PARA INSCRIBIRSE EN MESAS DE 2015 <\/a><\/strong><\/span><\/address>\n<address><span style=\"font-size: 8pt; color: #ff0000;\"><strong><a title=\"INSCRIPCI\u00d3N PARA EX\u00c1MENES DE DICIEMBRE 2012\" href=\"index.cgi?wid_seccion=33\" target=\"_blank\" rel=\"noopener\">&#8211; CALENDARIO DE EX\u00c1MENES DE 2015-<\/a><\/strong><\/span><span style=\"font-size: 8pt;\">\u00a0<span style=\"text-decoration: underline;\"><span style=\"font-family: arial,helvetica,sans-serif;\"><strong><a title=\"AULA VIRTUAL DE PROF. NIVEL INICIAL\" href=\"https:\/\/ifdc10-juj.infd.edu.ar\/aula\/index.cgi?id_curso=37\" target=\"_blank\" rel=\"noopener\">AULA VIRTUAL DEL PROFESORADO DE NIVEL INICIAL<\/a><\/strong><\/span><\/span><\/span><\/address>\n<p><strong><span style=\"font-family: arial black,avant garde; font-size: 10pt;\"><span style=\"font-size: 8pt;\"><a title=\"INGRESO 2012. CARTILLAS\" href=\"index.cgi?wid_item=76&amp;wid_seccion=32\" target=\"_blank\" rel=\"noopener\"><span style=\"font-family: verdana,geneva;\">INGRESO. HORARIOS. CARTILLA DE INGRESO 2014<span style=\"text-decoration: underline;\"><span style=\"font-family: verdana,geneva; color: #333333; font-size: 12pt;\"><strong><img decoding=\"async\" loading=\"lazy\" style=\"vertical-align: middle;\" src=\"http:\/\/www.soloimagen.net\/imagenes-animadas\/Lineas\/Linea-99.gif\" alt=\"LINEA ANIMADA\" width=\"673\" height=\"18\" border=\"0\" \/><\/strong><\/span><\/span><\/span><\/a><\/span><br \/>\n<\/span><\/strong><\/td>\n<\/tr>\n<\/tbody>\n<tbody>\n<tr>\n<td><a title=\"En el Marco del Bicentenario de \u00c9xodo Juje\u00f1o se llev\u00f3 a cabo la 1\u00ba JORNADA.\" href=\"index.cgi?wid_news=35&amp;wAccion=news\" target=\"_blank\" rel=\"noopener\"><img decoding=\"async\" loading=\"lazy\" style=\"vertical-align: middle; display: block; margin-left: auto; margin-right: auto;\" src=\"https:\/\/ifdc10-juj.infd.edu.ar\/sitio\/wp-content\/uploads\/2018\/07\/Nueva_imagen_61.jpg\" alt=\"JORNADAS DE INVESTIGACI\u00d3N. AFICHE\" width=\"263\" height=\"195\" border=\"0\" \/><\/a><\/td>\n<td><a title=\"II EXPOCONTABLE Y 1\u00aa DE LA PRODUCCI\u00d3N.\" href=\"index.cgi?wid_news=39&amp;wAccion=news\" target=\"_blank\" rel=\"noopener\"><img decoding=\"async\" loading=\"lazy\" style=\"vertical-align: middle;\" src=\"https:\/\/ifdc10-juj.infd.edu.ar\/sitio\/wp-content\/uploads\/2018\/07\/Diapositiva1.png\" alt=\"EXPOCONTABLE 2012\" width=\"259\" height=\"194\" border=\"0\" \/><\/a><\/td>\n<\/tr>\n<\/tbody>\n<\/table>\n<p><a title=\"CARRERAS\" href=\"index.cgi?wid_seccion=18\"><strong>VOLVER A CARRERAS <\/strong><\/a><strong>. <a title=\"Home\" href=\"index.cgi\">VOLVER AL INICIO<\/a><\/strong><\/p>\n","protected":false},"excerpt":{"rendered":"<p>ESTA CARRERA NO INSCRIBE PARA NING\u00daN INGRESO. PROPUESTA EDUCATIVA DEL IES N\u00ba10 &gt;PRE INSCRIPCI\u00d3N INGRESO 2017. FORMULARIO&lt; \u00a0\u00a0 CARTILLAS DE INGRESO 2017 REQUISITOS PARA MATRICULARSE EN PRIMER A\u00d1O &gt;INGRESO. HORARIOS. CARTILLA DE INGRESO&lt; (ANTERIORES A 2017) &gt;HORARIO DE CLASES 2016&lt; \u00a0\u00a0 \u00a0 &gt;INGRESANTES 2015. LISTADO&lt; \u00a0 &gt;REQUISITOS PARA MATRICULARSE EN PRIMER A\u00d1O 2015&lt; Esta carrera &#8230; <a title=\"Prof. DE EDUCACI\u00d3N INICIAL. En proceso de cierre\" class=\"read-more\" href=\"https:\/\/ifdc10-juj.infd.edu.ar\/sitio\/prof-de-educacion-inicial\/\" aria-label=\"More on Prof. DE EDUCACI\u00d3N INICIAL. En proceso de cierre\">[+]<\/a><\/p>\n","protected":false},"author":775,"featured_media":0,"parent":0,"menu_order":0,"comment_status":"closed","ping_status":"closed","template":"","meta":[],"acf":[],"_links":{"self":[{"href":"https:\/\/ifdc10-juj.infd.edu.ar\/sitio\/wp-json\/wp\/v2\/pages\/2207"}],"collection":[{"href":"https:\/\/ifdc10-juj.infd.edu.ar\/sitio\/wp-json\/wp\/v2\/pages"}],"about":[{"href":"https:\/\/ifdc10-juj.infd.edu.ar\/sitio\/wp-json\/wp\/v2\/types\/page"}],"author":[{"embeddable":true,"href":"https:\/\/ifdc10-juj.infd.edu.ar\/sitio\/wp-json\/wp\/v2\/users\/775"}],"replies":[{"embeddable":true,"href":"https:\/\/ifdc10-juj.infd.edu.ar\/sitio\/wp-json\/wp\/v2\/comments?post=2207"}],"version-history":[{"count":5,"href":"https:\/\/ifdc10-juj.infd.edu.ar\/sitio\/wp-json\/wp\/v2\/pages\/2207\/revisions"}],"predecessor-version":[{"id":6206,"href":"https:\/\/ifdc10-juj.infd.edu.ar\/sitio\/wp-json\/wp\/v2\/pages\/2207\/revisions\/6206"}],"wp:attachment":[{"href":"https:\/\/ifdc10-juj.infd.edu.ar\/sitio\/wp-json\/wp\/v2\/media?parent=2207"}],"curies":[{"name":"wp","href":"https:\/\/api.w.org\/{rel}","templated":true}]}}