{"id":2206,"date":"2018-07-10T12:11:21","date_gmt":"2018-07-10T15:11:21","guid":{"rendered":"https:\/\/ifdc10-juj.infd.edu.ar\/sitio\/?page_id=2206"},"modified":"2023-03-21T00:06:21","modified_gmt":"2023-03-21T03:06:21","slug":"tec-sup-agronomia","status":"publish","type":"page","link":"https:\/\/ifdc10-juj.infd.edu.ar\/sitio\/tec-sup-agronomia\/","title":{"rendered":"TEC. SUP. EN AGRONOM\u00cdA. Sede F. Pintado. Sede Yuto"},"content":{"rendered":"<h3><a href=\"https:\/\/ifdc10-juj.infd.edu.ar\/sitio\/wp-content\/uploads\/2018\/07\/2017_TEC._AGRONOM..jpg\"><img decoding=\"async\" loading=\"lazy\" class=\"alignleft\" title=\"ICONO\" src=\"https:\/\/ifdc10-juj.infd.edu.ar\/sitio\/wp-content\/uploads\/2018\/07\/2017_TEC._AGRONOM..jpg\" alt=\"ICONO\" width=\"571\" height=\"429\" border=\"0\" \/><\/a><\/h3>\n<h2 style=\"text-align: center;\"><strong>Tecnicatura Superior en Gesti\u00f3n y Producci\u00f3n Agropecuaria con orientaci\u00f3n en Conservaci\u00f3n de Suelos y Manejos de Recursos H\u00eddricos. <\/strong><\/h2>\n<h3 style=\"text-align: center;\"><a href=\"https:\/\/ifdc10-juj.infd.edu.ar\/sitio\/wp-content\/uploads\/2019\/04\/Nueva-imagen-25.png\">SEDE: Escuela N\u00b0123. Fraile Pintado. Turno vespertino.<\/a><\/h3>\n<h5 style=\"text-align: center;\"><strong>Esta carrera inicia sus actividades en Marzo 2023 una vez finalizado el curso de ambientaci\u00f3n (<a href=\"https:\/\/drive.google.com\/file\/d\/1gUURYOHcXVIwgSwelImcqwzZfGxYJTqS\/view?usp=share_link\" target=\"_blank\" rel=\"noopener\">HORARIOS<\/a>) el que ser\u00e1 eliminatorio si los aspirantes superan el cupo.<br \/><\/strong><a href=\"https:\/\/drive.google.com\/file\/d\/1bO-tiVRqNwhu7LtBlxXNXG1aClVFQEaT\/view?usp=share_link\" target=\"_blank\" rel=\"noopener\">CARTILLA 2023<\/a><\/h5>\n<ul>\n<li>\n<h4><a href=\"https:\/\/ifdc10-juj.infd.edu.ar\/sitio\/wp-content\/uploads\/2021\/12\/TEC-GESTION-AGROP..pdf\" target=\"_blank\" rel=\"noopener\"><strong>Estructura\u00a0 curricular de la carrera. <\/strong><\/a><\/h4>\n<\/li>\n<li>\n<h4><a href=\"https:\/\/ifdc10-juj.infd.edu.ar\/sitio\/wp-content\/uploads\/2021\/12\/CORRELATIV.-TEC-GEST.-AGROP..pdf\" target=\"_blank\" rel=\"noopener\"><strong>Plan de correlatividades. <\/strong><\/a><\/h4>\n<\/li>\n<\/ul>\n<p><strong>La Coordinadora de <a title=\"Datos institucionales\" href=\"index.cgi?wid_item=2&amp;wid_seccion=1\" target=\"_blank\" rel=\"noopener\">la carrera<\/a> es la Ing. Alicia Vigiani\u00a0 <\/strong><\/p>\n<p style=\"text-align: center;\"><strong><a href=\"https:\/\/docs.google.com\/forms\/d\/e\/1FAIpQLScbhbKYCWYY-tz4eau1jh8eWRV0MSTwbt6R6QySLmpEr2ujug\/viewform\" target=\"_blank\" rel=\"noopener\">SOLICITUD DE CLAVE DE INGRESO AL CAMPUS<\/a>.<\/strong> S\u00f3lo para alumnos matriculados que ingresaron luego del periodo de nivelaci\u00f3n y alumnos regulares de la Instituci\u00f3n.<\/p>\n<h4>\u00a0<\/h4>\n<p>&nbsp;<\/p>\n","protected":false},"excerpt":{"rendered":"<p>Tecnicatura Superior en Gesti\u00f3n y Producci\u00f3n Agropecuaria con orientaci\u00f3n en Conservaci\u00f3n de Suelos y Manejos de Recursos H\u00eddricos. SEDE: Escuela N\u00b0123. Fraile Pintado. Turno vespertino. Esta carrera inicia sus actividades en Marzo 2023 una vez finalizado el curso de ambientaci\u00f3n (HORARIOS) el que ser\u00e1 eliminatorio si los aspirantes superan el cupo.CARTILLA 2023 Estructura\u00a0 curricular de &#8230; <a title=\"TEC. SUP. EN AGRONOM\u00cdA. Sede F. Pintado. Sede Yuto\" class=\"read-more\" href=\"https:\/\/ifdc10-juj.infd.edu.ar\/sitio\/tec-sup-agronomia\/\" aria-label=\"More on TEC. SUP. EN AGRONOM\u00cdA. Sede F. Pintado. Sede Yuto\">[+]<\/a><\/p>\n","protected":false},"author":775,"featured_media":0,"parent":0,"menu_order":0,"comment_status":"closed","ping_status":"closed","template":"","meta":[],"acf":[],"_links":{"self":[{"href":"https:\/\/ifdc10-juj.infd.edu.ar\/sitio\/wp-json\/wp\/v2\/pages\/2206"}],"collection":[{"href":"https:\/\/ifdc10-juj.infd.edu.ar\/sitio\/wp-json\/wp\/v2\/pages"}],"about":[{"href":"https:\/\/ifdc10-juj.infd.edu.ar\/sitio\/wp-json\/wp\/v2\/types\/page"}],"author":[{"embeddable":true,"href":"https:\/\/ifdc10-juj.infd.edu.ar\/sitio\/wp-json\/wp\/v2\/users\/775"}],"replies":[{"embeddable":true,"href":"https:\/\/ifdc10-juj.infd.edu.ar\/sitio\/wp-json\/wp\/v2\/comments?post=2206"}],"version-history":[{"count":49,"href":"https:\/\/ifdc10-juj.infd.edu.ar\/sitio\/wp-json\/wp\/v2\/pages\/2206\/revisions"}],"predecessor-version":[{"id":10123,"href":"https:\/\/ifdc10-juj.infd.edu.ar\/sitio\/wp-json\/wp\/v2\/pages\/2206\/revisions\/10123"}],"wp:attachment":[{"href":"https:\/\/ifdc10-juj.infd.edu.ar\/sitio\/wp-json\/wp\/v2\/media?parent=2206"}],"curies":[{"name":"wp","href":"https:\/\/api.w.org\/{rel}","templated":true}]}}