{"id":2199,"date":"2018-07-10T12:11:20","date_gmt":"2018-07-10T15:11:20","guid":{"rendered":"https:\/\/ifdc10-juj.infd.edu.ar\/sitio\/?page_id=2199"},"modified":"2023-04-21T19:24:17","modified_gmt":"2023-04-21T22:24:17","slug":"datos-institucionales","status":"publish","type":"page","link":"https:\/\/ifdc10-juj.infd.edu.ar\/sitio\/datos-institucionales\/","title":{"rendered":"Datos de la Instituci\u00f3n."},"content":{"rendered":"<h2 style=\"text-align: center;\"><span style=\"color: #ffffff;\"><strong>SEDES. TEL\u00c9FONOS. HORARIOS DE ATENCI\u00d3N.<\/strong> <\/span><img decoding=\"async\" loading=\"lazy\" class=\"alignright\" src=\"http:\/\/www.aplicaciones.info\/dibujos\/telefani.gif\" width=\"62\" height=\"62\" border=\"0\" \/><div  class=\"lgc-column lgc-grid-parent lgc-grid-33 lgc-tablet-grid-50 lgc-mobile-grid-100 lgc-equal-heights \"><div  class=\"inside-grid-column\">\n<h4 style=\"text-align: center;\"><span style=\"color: #ffffff;\"><strong><a style=\"color: #ffffff;\" title=\"Localizaci\u00f3n Esc. Com. N\u00ba 4\" href=\"upload\/img\/Nueva_imagen_3_1.png\" target=\"_blank\" rel=\"noopener\">LIBERTADOR: Localizaci\u00f3n Escuela Pcial. de Comercio N\u00ba 4 \u2013 Belisario Rold\u00e1n S\/N\u00ba- Barrio Santa Rosa.\/\/<\/a><\/strong><strong>19.30 A 23,30 \/\/ <\/strong><strong>03886 \u2013 422209<\/strong><\/span><\/h4>\n<p><span style=\"color: #ffffff;\"><\/span><\/p><\/div><\/div><\/span><\/p>\n<h3><span style=\"color: #ffffff;\"><div  class=\"lgc-column lgc-grid-parent lgc-grid-33 lgc-tablet-grid-50 lgc-mobile-grid-100 lgc-equal-heights \"><div  class=\"inside-grid-column\"><strong><a style=\"color: #ffffff;\" title=\"Localizaci\u00f3n escuela NORMAL\" href=\"upload\/img\/Nueva_imagen_1.png\" target=\"_blank\" rel=\"noopener\">LIBERTADOR: Localizaci\u00f3n Escuela Normal \u2013 Jujuy N\u00b0 184 \u2013 Barrio Centro.\/\/<\/a><\/strong>\n<h3><span style=\"color: #ffffff;\">(16:00 A 22,30)\/\/<\/span><\/h3>\n<h3><span style=\"color: #ffffff;\"><strong>03886 \u2013 431682<\/strong><\/span><\/h3>\n<p><span style=\"color: #ffffff;\"><\/span><\/p><\/div><\/div> <div  class=\"lgc-column lgc-grid-parent lgc-grid-33 lgc-tablet-grid-50 lgc-mobile-grid-100 lgc-equal-heights \"><div  class=\"inside-grid-column\">\n<h3><span style=\"color: #ffffff;\"><strong><a style=\"color: #ffffff;\" title=\"localizaci\u00f3n Fraile Pintado\" href=\"upload\/img\/Nueva_imagen_2.png\" target=\"_blank\" rel=\"noopener\">FRAILE PINTADO: Localizaci\u00f3n Fraile Pintado \u2013 Esc. N\u00ba 123. 25 de Mayo S \/N\u00ba\u00a0 &#8211;<\/a><\/strong><\/span><\/h3>\n<h3><span style=\"color: #ffffff;\"><strong>18,30 a 22,30<\/strong><\/span><\/h3>\n<h3><span style=\"color: #ffffff;\"><strong>03886 &#8211; 480174<\/strong><\/span><\/h3>\n<p><span style=\"color: #ffffff;\"><\/span><\/p><\/div><\/div><\/span><\/p>\n<h3><span style=\"color: #ffffff;\"><strong><a style=\"color: #ffffff;\" title=\"Localizaci\u00f3n YUTO\" href=\"upload\/img\/Nueva_imagen_6.png\" target=\"_blank\" rel=\"noopener\">YUTO: Localizaci\u00f3n Esc. Prov. Com. N\u00ba 5. \/\/\u00a0<\/a><\/strong><strong>18,30 a 22,30\/\/ <\/strong><strong>03886 \u2013 431682<\/strong><\/span><\/h3>\n<h3 style=\"text-align: center;\"><span style=\"color: #ffffff;\"><a style=\"color: #ffffff;\" href=\"https:\/\/ifdc10-juj.infd.edu.ar\/sitio\/contacto-2\/\"><strong>E-mail de consultas o sugerencias.<\/strong><\/a>&#8212;<strong>SITIO WEB .URL<\/strong>: <a style=\"color: #ffffff;\" title=\"AUTORIDADES\" href=\"index.cgi?wid_seccion=17\" target=\"_blank\" rel=\"noopener\"><strong>IES N\u00ba10 LIBERTADOR.JUJUY<\/strong><\/a><\/span><\/h3>\n<h3 style=\"text-align: center;\"><span style=\"color: #ffffff;\"><a style=\"color: #ffffff;\" title=\"NUESTRO INSTITUTO\" href=\"index.cgi?wid_seccion=1\"><strong>VOLVER A EL INSTITUTO<\/strong><\/a><\/span><\/h3>\n","protected":false},"excerpt":{"rendered":"<p>SEDES. TEL\u00c9FONOS. HORARIOS DE ATENCI\u00d3N. YUTO: Localizaci\u00f3n Esc. Prov. Com. N\u00ba 5. \/\/\u00a018,30 a 22,30\/\/ 03886 \u2013 431682 E-mail de consultas o sugerencias.&#8212;SITIO WEB .URL: IES N\u00ba10 LIBERTADOR.JUJUY VOLVER A EL INSTITUTO<\/p>\n","protected":false},"author":775,"featured_media":0,"parent":0,"menu_order":0,"comment_status":"closed","ping_status":"closed","template":"","meta":[],"acf":[],"_links":{"self":[{"href":"https:\/\/ifdc10-juj.infd.edu.ar\/sitio\/wp-json\/wp\/v2\/pages\/2199"}],"collection":[{"href":"https:\/\/ifdc10-juj.infd.edu.ar\/sitio\/wp-json\/wp\/v2\/pages"}],"about":[{"href":"https:\/\/ifdc10-juj.infd.edu.ar\/sitio\/wp-json\/wp\/v2\/types\/page"}],"author":[{"embeddable":true,"href":"https:\/\/ifdc10-juj.infd.edu.ar\/sitio\/wp-json\/wp\/v2\/users\/775"}],"replies":[{"embeddable":true,"href":"https:\/\/ifdc10-juj.infd.edu.ar\/sitio\/wp-json\/wp\/v2\/comments?post=2199"}],"version-history":[{"count":17,"href":"https:\/\/ifdc10-juj.infd.edu.ar\/sitio\/wp-json\/wp\/v2\/pages\/2199\/revisions"}],"predecessor-version":[{"id":10235,"href":"https:\/\/ifdc10-juj.infd.edu.ar\/sitio\/wp-json\/wp\/v2\/pages\/2199\/revisions\/10235"}],"wp:attachment":[{"href":"https:\/\/ifdc10-juj.infd.edu.ar\/sitio\/wp-json\/wp\/v2\/media?parent=2199"}],"curies":[{"name":"wp","href":"https:\/\/api.w.org\/{rel}","templated":true}]}}