{"id":2178,"date":"2018-07-10T12:11:19","date_gmt":"2018-07-10T15:11:19","guid":{"rendered":"https:\/\/ifdc10-juj.infd.edu.ar\/sitio\/?page_id=2178"},"modified":"2021-12-14T14:41:56","modified_gmt":"2021-12-14T17:41:56","slug":"residencias-pedagogicas","status":"publish","type":"page","link":"https:\/\/ifdc10-juj.infd.edu.ar\/sitio\/residencias-pedagogicas\/","title":{"rendered":"RESIDENCIAS PEDAG\u00d3GICAS"},"content":{"rendered":"<p><span style=\"font-size: 12pt; color: #0000ff;\"><strong><img decoding=\"async\" loading=\"lazy\" class=\"alignleft\" title=\"ICONO DE RESIDENCIA\" src=\"https:\/\/ifdc10-juj.infd.edu.ar\/sitio\/wp-content\/uploads\/2018\/07\/0_A_RESIDENCIA.jpg\" alt=\"ICONO DE RESIDENCIA\" width=\"640\" height=\"479\" border=\"0\" \/><\/strong><\/span><\/p>\n<h4><span style=\"font-size: 12pt;\"><strong>Este es un espacio virtual de contacto e intercambio para la informaci\u00f3n en torno a la Residencia Pedag\u00f3gica de todas las carreras de la Instituci\u00f3n<\/strong><\/span><\/h4>\n<h5><strong><a href=\"https:\/\/ifdc10-juj.infd.edu.ar\/sitio\/documentos-oficiales\/\" target=\"_blank\" rel=\"noopener\">NORMATIVAS NACIONALES \u2013 PROVINCIALES \u2013 DE EDUCACI\u00d3N SUPERIOR \u2013 DEL INSTITUTO IES N\u00ba10<\/a><\/strong><\/h5>\n<p>REGL DE P Y R-RES 4469-E-17 MODIF MARCO PROV PRACT PROFESIONAL<\/p>\n<p><a href=\"https:\/\/ifdc10-juj.infd.edu.ar\/sitio\/wp-content\/uploads\/2021\/06\/Orientaciones-para-el-desarrollo-del-CFPP-en-el-contexto-de-la-pandemia-COVID-19-12062.docx\" target=\"_blank\" rel=\"noopener\">Orientaciones para el desarrollo del CFPP en el contexto de la pandemia COVID-19 (1)[2062]<\/a><\/p>\n<p><a href=\"https:\/\/ifdc10-juj.infd.edu.ar\/sitio\/wp-content\/uploads\/2021\/06\/Orientaciones-para-el-desarrollo-del-CFPP-en-el-contexto-de-la-pandemia-COVID-19-12062.docx\" target=\"_blank\" rel=\"noopener\">Observatorio de pra\u0301cticas educativas (OPE) Presentacio\u0301n<\/a><\/p>\n<p>&nbsp;<\/p>\n<p>&nbsp;<\/p>\n<p><a title=\"CONTACTO\" href=\"https:\/\/docs.google.com\/forms\/d\/1nLuejjP_H10PSnmKdIGEkXEQo5-KD74vBrTEiWq68_8\/viewform\" target=\"_blank\" rel=\"noopener\"><span style=\"text-decoration: underline; font-size: 12pt;\"><strong>CONTACTO PARA LOS RESIDENTES<\/strong><\/span><span style=\"text-decoration: underline; font-size: 12pt;\"><strong>.<\/strong><\/span><\/a><iframe loading=\"lazy\" src=\"https:\/\/docs.google.com\/spreadsheet\/embeddedform?formkey=dEZzRXVNY0ZHYlpsTTFuaUtkVkxYSFE6MQ&amp;wmode=transparent\" width=\"760\" height=\"920\" frameborder=\"0\" marginwidth=\"0\" marginheight=\"0\"><\/iframe><\/p>\n","protected":false},"excerpt":{"rendered":"<p>Este es un espacio virtual de contacto e intercambio para la informaci\u00f3n en torno a la Residencia Pedag\u00f3gica de todas las carreras de la Instituci\u00f3n NORMATIVAS NACIONALES \u2013 PROVINCIALES \u2013 DE EDUCACI\u00d3N SUPERIOR \u2013 DEL INSTITUTO IES N\u00ba10 REGL DE P Y R-RES 4469-E-17 MODIF MARCO PROV PRACT PROFESIONAL Orientaciones para el desarrollo del CFPP &#8230; <a title=\"RESIDENCIAS PEDAG\u00d3GICAS\" class=\"read-more\" href=\"https:\/\/ifdc10-juj.infd.edu.ar\/sitio\/residencias-pedagogicas\/\" aria-label=\"More on RESIDENCIAS PEDAG\u00d3GICAS\">[+]<\/a><\/p>\n","protected":false},"author":775,"featured_media":0,"parent":0,"menu_order":0,"comment_status":"closed","ping_status":"closed","template":"","meta":[],"acf":[],"_links":{"self":[{"href":"https:\/\/ifdc10-juj.infd.edu.ar\/sitio\/wp-json\/wp\/v2\/pages\/2178"}],"collection":[{"href":"https:\/\/ifdc10-juj.infd.edu.ar\/sitio\/wp-json\/wp\/v2\/pages"}],"about":[{"href":"https:\/\/ifdc10-juj.infd.edu.ar\/sitio\/wp-json\/wp\/v2\/types\/page"}],"author":[{"embeddable":true,"href":"https:\/\/ifdc10-juj.infd.edu.ar\/sitio\/wp-json\/wp\/v2\/users\/775"}],"replies":[{"embeddable":true,"href":"https:\/\/ifdc10-juj.infd.edu.ar\/sitio\/wp-json\/wp\/v2\/comments?post=2178"}],"version-history":[{"count":11,"href":"https:\/\/ifdc10-juj.infd.edu.ar\/sitio\/wp-json\/wp\/v2\/pages\/2178\/revisions"}],"predecessor-version":[{"id":8360,"href":"https:\/\/ifdc10-juj.infd.edu.ar\/sitio\/wp-json\/wp\/v2\/pages\/2178\/revisions\/8360"}],"wp:attachment":[{"href":"https:\/\/ifdc10-juj.infd.edu.ar\/sitio\/wp-json\/wp\/v2\/media?parent=2178"}],"curies":[{"name":"wp","href":"https:\/\/api.w.org\/{rel}","templated":true}]}}