{"id":2173,"date":"2018-07-02T21:14:30","date_gmt":"2018-07-03T00:14:30","guid":{"rendered":"https:\/\/ifdc10-juj.infd.edu.ar\/sitio\/pagina-de-los-egresados\/"},"modified":"2022-04-26T17:36:14","modified_gmt":"2022-04-26T20:36:14","slug":"pagina-de-los-egresados","status":"publish","type":"page","link":"https:\/\/ifdc10-juj.infd.edu.ar\/sitio\/pagina-de-los-egresados\/","title":{"rendered":"P\u00c1GINA DE LOS EGRESADOS"},"content":{"rendered":"<table style=\"background-color: #cccc00; width: 700px; border: 4px solid #339900;\" border=\"4\">\n<tbody>\n<tr>\n<td>\n<p style=\"text-align: center;\"><img decoding=\"async\" title=\"graduados\" src=\"https:\/\/ifdc10-juj.infd.edu.ar\/sitio\/wp-content\/uploads\/2018\/07\/graduados.png\" alt=\"graduados\" border=\"0\" \/><\/p>\n<\/td>\n<td style=\"text-align: left;\"><span style=\"font-size: 18pt;\">En los a\u00f1os de existencia de esta Instituci\u00f3n formadora son incontables los docentes que se formaron en ella.\u00a0\u00a0<span style=\"font-size: 10pt;\">(Los enlaces que se ofrecen son para que puedas acceder a informaci\u00f3n relevante y a los contactos necesarios con tu Instituci\u00f3n.) <\/span><\/span><\/td>\n<\/tr>\n<tr>\n<td style=\"text-align: center;\" colspan=\"2\">\n<table border=\"4\">\n<tbody>\n<tr>\n<td style=\"background-color: #ffff00;\" colspan=\"2\"><strong>Los egresados del IES N\u00ba10 deben acercarse a la instituci\u00f3n para INSCRIBIRSE en el padr\u00f3n electoral y as\u00ed participar de las elecciones institucionales. <a title=\"EL IES 10 TIENE NUEVAS AUTORIDADES\" href=\"index.cgi?wid_news=110&amp;wAccion=news\" target=\"_blank\" rel=\"noopener\"><span style=\"color: #0000ff;\"><span style=\"color: #0000ff;\">Pr\u00f3xima elecci\u00f3n: Mayo 2022<\/span><\/span><\/a><br \/><\/strong><\/td>\n<\/tr>\n<\/tbody>\n<\/table>\n<\/td>\n<\/tr>\n<tr>\n<td style=\"background-color: #ffffff; text-align: left; border: 1px solid #000000;\" colspan=\"2\"><a title=\"EGRESADOS\" href=\"https:\/\/ifdc10-juj.infd.edu.ar\/aula\/index.cgi?id_curso=146\" target=\"_blank\" rel=\"noopener\"><span style=\"font-family: arial black,avant garde; font-size: 14pt;\"><span style=\"color: #ff0000;\"><span style=\"color: #0000ff;\"><strong>ACCEDER AL AULA VIRTUAL DE LOS EGRESADOS. CAMPUS<\/strong><\/span><\/span><\/span><\/a><a title=\"CAMPUS\" href=\"https:\/\/ifdc10-juj.infd.edu.ar\/aula\/index.cgi?id_curso=146\" target=\"_blank\" rel=\"noopener\"><span style=\"font-family: arial black,avant garde; font-size: 14pt;\"><span style=\"color: #ff0000;\"><span style=\"color: #0000ff;\"><strong><span data-mce-mark=\"1\"><span data-mce-mark=\"1\"><span data-mce-mark=\"1\"><strong><span data-mce-mark=\"1\"><span class=\"LinkModi\"><span data-mce-mark=\"1\"><span class=\"LinkModi\" data-mce-mark=\"1\"><img decoding=\"async\" style=\"border: 0px none; float: right;\" src=\"http:\/\/www.gifandgif.es\/gifs_animados\/Flechas\/Gifs%20ANimados%20Flechas%20%2870%29.GIF\" alt=\"&gt;\" border=\"0\" \/><\/span><\/span><\/span><\/span><\/strong><\/span><\/span><\/span><\/strong><\/span><\/span><\/span><\/a><\/td>\n<\/tr>\n<tr>\n<td style=\"text-align: center;\"><span style=\"font-family: arial black,avant garde; font-size: 14pt;\"><span style=\"color: #ff0000;\"><span style=\"color: #0000ff;\"><strong>C\u00f3mo EMPADRONARME PARA VOTAR en elecciones Institucionales\u00a0<\/strong><\/span><\/span><\/span><\/td>\n<td style=\"background-color: #ffffff; text-align: left;\"><span data-mce-mark=\"1\"><span data-mce-mark=\"1\"><span data-mce-mark=\"1\"><strong><span data-mce-mark=\"1\"><strong><span class=\"LinkModi\"><span data-mce-mark=\"1\"><span class=\"LinkModi\" data-mce-mark=\"1\"><span style=\"font-size: 12pt; color: #000080;\">INSCRIBIRME\u00a0<\/span><\/span><\/span><\/span><\/strong><\/span><span data-mce-mark=\"1\"><span class=\"LinkModi\"><span data-mce-mark=\"1\"><span class=\"LinkModi\" data-mce-mark=\"1\"><img decoding=\"async\" style=\"border: 0px none; float: right;\" src=\"http:\/\/www.gifandgif.es\/gifs_animados\/Flechas\/Gifs%20ANimados%20Flechas%20%2870%29.GIF\" alt=\"&gt;\" border=\"0\" \/><\/span><\/span><\/span><\/span><span data-mce-mark=\"1\"><strong><span class=\"LinkModi\"><span data-mce-mark=\"1\"><span class=\"LinkModi\" data-mce-mark=\"1\"><br \/><\/span><\/span><\/span><\/strong><\/span><\/strong><\/span><\/span><\/span><\/td>\n<\/tr>\n<tr>\n<td style=\"text-align: center;\"><span style=\"font-family: arial black,avant garde; font-size: 14pt;\"><span style=\"color: #ff0000;\"><a title=\"CLAVE\" href=\"https:\/\/docs.google.com\/forms\/d\/1eZdJDTU_XtmARI54dOGiLWhU5J2qxipRShrjAuNDj4w\/viewform\" target=\"_blank\" rel=\"noopener\"><span style=\"color: #0000ff;\"><strong>Solicitud para acceder al CAMPUS<\/strong><\/span><\/a><br \/><\/span><\/span><\/td>\n<td style=\"background-color: #ffffff;\"><a title=\"CLAVE\" href=\"https:\/\/docs.google.com\/forms\/d\/1eZdJDTU_XtmARI54dOGiLWhU5J2qxipRShrjAuNDj4w\/viewform\" target=\"_blank\" rel=\"noopener\"><span style=\"font-size: 14pt; color: #993300;\" data-mce-mark=\"1\"><span style=\"color: #800000;\" data-mce-mark=\"1\"><strong><span style=\"color: #ff0000; font-family: arial,helvetica,sans-serif; font-size: 12pt;\" data-mce-mark=\"1\"><strong><span class=\"LinkModi\"><span style=\"font-size: 14pt; color: #993300;\" data-mce-mark=\"1\"><span class=\"LinkModi\" style=\"color: #ff0000;\" data-mce-mark=\"1\"><strong><img decoding=\"async\" loading=\"lazy\" style=\"float: right; border: 0;\" src=\"http:\/\/www.gifandgif.es\/gifs_animados\/Flechas\/Gifs%20ANimados%20Flechas%20%2870%29.GIF\" alt=\"&gt;\" width=\"58\" height=\"27\" border=\"0\" \/><\/strong><\/span><\/span><\/span><\/strong><\/span><\/strong><\/span><\/span><\/a>IR AL CONTACTO<\/td>\n<\/tr>\n<tr>\n<td style=\"text-align: center;\"><a title=\"Todas las noticias\" href=\"index.cgi?wAccion=news\" target=\"_blank\" rel=\"noopener\"><span style=\"font-family: arial black,avant garde; font-size: 14pt; color: #0000ff;\"><span style=\"color: #0000ff;\"><strong>\u00a1ATENCI\u00d3N! NOVEDADES\u00a0<\/strong><\/span><\/span><\/a><\/td>\n<td style=\"background-color: #ffffff;\"><a title=\"Todas las noticias\" href=\"index.cgi?wAccion=news\" target=\"_blank\" rel=\"noopener\"><span style=\"font-size: 14pt; color: #993300;\" data-mce-mark=\"1\"><span style=\"color: #800000;\" data-mce-mark=\"1\"><strong><span style=\"color: #ff0000; font-family: arial,helvetica,sans-serif; font-size: 12pt;\" data-mce-mark=\"1\"><strong><span class=\"LinkModi\"><span style=\"font-size: 14pt; color: #993300;\" data-mce-mark=\"1\"><span class=\"LinkModi\" style=\"color: #ff0000;\" data-mce-mark=\"1\"><strong><img decoding=\"async\" loading=\"lazy\" style=\"float: right; border: 0;\" src=\"http:\/\/www.gifandgif.es\/gifs_animados\/Flechas\/Gifs%20ANimados%20Flechas%20%2870%29.GIF\" alt=\"&gt;\" width=\"58\" height=\"27\" border=\"0\" \/><\/strong><\/span><\/span><\/span><\/strong><\/span><\/strong><\/span><\/span><\/a>IR AL CONTACTO<\/td>\n<\/tr>\n<tr>\n<td style=\"text-align: center;\"><a title=\"ITIOS\" href=\"http:\/\/www.elclubdelmaestro.com.ar\/\" target=\"_blank\" rel=\"noopener\"><span style=\"font-family: arial black,avant garde; font-size: 14pt; color: #0000ff;\"><span style=\"color: #0000ff;\"><strong>SITIOS DE INTER\u00c9S<\/strong><\/span><\/span><\/a><\/td>\n<td style=\"background-color: #ffffff;\"><a title=\"SITIOS\" href=\"http:\/\/www.elclubdelmaestro.com.ar\/\" target=\"_blank\" rel=\"noopener\"><span style=\"font-size: 14pt; color: #993300;\" data-mce-mark=\"1\"><span style=\"color: #800000;\" data-mce-mark=\"1\"><strong><span style=\"color: #ff0000; font-family: arial,helvetica,sans-serif; font-size: 12pt;\" data-mce-mark=\"1\"><strong><span class=\"LinkModi\"><span style=\"font-size: 14pt; color: #993300;\" data-mce-mark=\"1\"><span class=\"LinkModi\" style=\"color: #ff0000;\" data-mce-mark=\"1\"><strong><img decoding=\"async\" loading=\"lazy\" style=\"float: right; border: 0;\" src=\"http:\/\/www.gifandgif.es\/gifs_animados\/Flechas\/Gifs%20ANimados%20Flechas%20%2870%29.GIF\" alt=\"&gt;\" width=\"58\" height=\"27\" border=\"0\" \/><\/strong><\/span><\/span><\/span><\/strong><\/span><\/strong><\/span><\/span><\/a>IR AL CONTACTO<\/td>\n<\/tr>\n<tr>\n<td style=\"text-align: center;\"><a title=\"CONTACTO\" href=\"https:\/\/ifdc10-juj.infd.edu.ar\/aula\/index.cgi?id_curso=146\" target=\"_blank\" rel=\"noopener\"><span style=\"color: #0000ff; font-family: arial black,avant garde; font-size: 14pt;\"><strong>CONTACTO CON LOS OTROS EGRESADOS<\/strong><\/span><\/a><\/td>\n<td style=\"background-color: #ffffff;\"><a title=\"CONTACTO\" href=\"https:\/\/ifdc10-juj.infd.edu.ar\/aula\/index.cgi?id_curso=146\" target=\"_blank\" rel=\"noopener\"><span style=\"font-size: 14pt; color: #993300;\" data-mce-mark=\"1\"><span style=\"color: #800000;\" data-mce-mark=\"1\"><strong><span style=\"color: #ff0000; font-family: arial,helvetica,sans-serif; font-size: 12pt;\" data-mce-mark=\"1\"><strong><span class=\"LinkModi\"><span style=\"font-size: 14pt; color: #993300;\" data-mce-mark=\"1\"><span class=\"LinkModi\" style=\"color: #ff0000;\" data-mce-mark=\"1\"><strong><img decoding=\"async\" loading=\"lazy\" style=\"float: right; border: 0;\" src=\"http:\/\/www.gifandgif.es\/gifs_animados\/Flechas\/Gifs%20ANimados%20Flechas%20%2870%29.GIF\" alt=\"&gt;\" width=\"58\" height=\"27\" border=\"0\" \/><\/strong><\/span><\/span><\/span><\/strong><\/span><\/strong><\/span><\/span><\/a>IR AL CONTACTO<\/td>\n<\/tr>\n<tr>\n<td style=\"text-align: center;\"><a title=\"GRADUADOS CONTACTO\" href=\"https:\/\/docs.google.com\/forms\/d\/15RvmOy7y-BAQzv437hgNDU9sRaTYh1bIVoV7k5vRaKw\/viewform\" target=\"_blank\" rel=\"noopener\"><span style=\"font-family: arial black,avant garde; font-size: 14pt;\"><span style=\"color: #0000ff;\"><strong>AQU\u00cd ESPERAMOS TUS INQUIETUDES<\/strong><\/span><\/span><\/a><\/td>\n<td style=\"background-color: #ffffff;\"><a title=\"CONTACTO\" href=\"https:\/\/docs.google.com\/forms\/d\/15RvmOy7y-BAQzv437hgNDU9sRaTYh1bIVoV7k5vRaKw\/viewform\" target=\"_blank\" rel=\"noopener\"><span style=\"font-size: 14pt; color: #993300;\" data-mce-mark=\"1\"><span style=\"color: #800000;\" data-mce-mark=\"1\"><strong><span style=\"color: #ff0000; font-family: arial,helvetica,sans-serif; font-size: 12pt;\" data-mce-mark=\"1\"><strong><span class=\"LinkModi\"><span style=\"font-size: 14pt; color: #993300;\" data-mce-mark=\"1\"><span class=\"LinkModi\" style=\"color: #ff0000;\" data-mce-mark=\"1\"><strong><img decoding=\"async\" loading=\"lazy\" style=\"float: right; border: 0;\" src=\"http:\/\/www.gifandgif.es\/gifs_animados\/Flechas\/Gifs%20ANimados%20Flechas%20%2870%29.GIF\" alt=\"&gt;\" width=\"58\" height=\"27\" border=\"0\" \/><\/strong><\/span><\/span><\/span><\/strong><\/span><\/strong><\/span><\/span><\/a>IR AL CONTACTO<\/td>\n<\/tr>\n<tr>\n<td style=\"text-align: center;\"><a title=\"CONSEJO DIRECTIVO 2016-2020\" href=\"index.cgi?wid_seccion=60\" target=\"_blank\" rel=\"noopener\"><span style=\"font-family: arial black,avant garde; font-size: 14pt;\"><span style=\"color: #0000ff;\"><strong>\u00daLTIMAS ELECCIONES INSTITUCIONALES<\/strong><\/span><\/span><\/a><\/td>\n<td style=\"background-color: #ffffff;\">\u00a0IR AL CONTACTO<span style=\"font-size: 14pt; color: #993300;\" data-mce-mark=\"1\"><span style=\"color: #800000;\" data-mce-mark=\"1\"><strong><span style=\"color: #ff0000; font-family: arial,helvetica,sans-serif; font-size: 12pt;\" data-mce-mark=\"1\"><strong><span class=\"LinkModi\"><span style=\"font-size: 14pt; color: #993300;\" data-mce-mark=\"1\"><span class=\"LinkModi\" style=\"color: #ff0000;\" data-mce-mark=\"1\"><strong><img decoding=\"async\" loading=\"lazy\" style=\"float: right; border: 0;\" src=\"http:\/\/www.gifandgif.es\/gifs_animados\/Flechas\/Gifs%20ANimados%20Flechas%20%2870%29.GIF\" alt=\"&gt;\" width=\"58\" height=\"27\" border=\"0\" \/><\/strong><\/span><\/span><\/span><\/strong><\/span><\/strong><\/span><\/span><\/td>\n<\/tr>\n<tr>\n<td style=\"text-align: center;\" colspan=\"2\"><strong style=\"color: #0000ff; background-color: #ffffff;\"><span style=\"font-size: 18pt;\"><span style=\"font-size: 12pt; color: #808080;\"><a title=\"INICIO\" href=\"index.cgi\" target=\"_blank\" rel=\"noopener\"><span style=\"color: #808000;\">VOLVER al INICIO<\/span><\/a><\/span><\/span><\/strong><\/td>\n<\/tr>\n<\/tbody>\n<\/table>\n\n\n<p><\/p>\n","protected":false},"excerpt":{"rendered":"<p>En los a\u00f1os de existencia de esta Instituci\u00f3n formadora son incontables los docentes que se formaron en ella.\u00a0\u00a0(Los enlaces que se ofrecen son para que puedas acceder a informaci\u00f3n relevante y a los contactos necesarios con tu Instituci\u00f3n.) Los egresados del IES N\u00ba10 deben acercarse a la instituci\u00f3n para INSCRIBIRSE en el padr\u00f3n electoral y &#8230; <a title=\"P\u00c1GINA DE LOS EGRESADOS\" class=\"read-more\" href=\"https:\/\/ifdc10-juj.infd.edu.ar\/sitio\/pagina-de-los-egresados\/\" aria-label=\"More on P\u00c1GINA DE LOS EGRESADOS\">[+]<\/a><\/p>\n","protected":false},"author":775,"featured_media":0,"parent":0,"menu_order":0,"comment_status":"closed","ping_status":"closed","template":"","meta":[],"acf":[],"_links":{"self":[{"href":"https:\/\/ifdc10-juj.infd.edu.ar\/sitio\/wp-json\/wp\/v2\/pages\/2173"}],"collection":[{"href":"https:\/\/ifdc10-juj.infd.edu.ar\/sitio\/wp-json\/wp\/v2\/pages"}],"about":[{"href":"https:\/\/ifdc10-juj.infd.edu.ar\/sitio\/wp-json\/wp\/v2\/types\/page"}],"author":[{"embeddable":true,"href":"https:\/\/ifdc10-juj.infd.edu.ar\/sitio\/wp-json\/wp\/v2\/users\/775"}],"replies":[{"embeddable":true,"href":"https:\/\/ifdc10-juj.infd.edu.ar\/sitio\/wp-json\/wp\/v2\/comments?post=2173"}],"version-history":[{"count":1,"href":"https:\/\/ifdc10-juj.infd.edu.ar\/sitio\/wp-json\/wp\/v2\/pages\/2173\/revisions"}],"predecessor-version":[{"id":8983,"href":"https:\/\/ifdc10-juj.infd.edu.ar\/sitio\/wp-json\/wp\/v2\/pages\/2173\/revisions\/8983"}],"wp:attachment":[{"href":"https:\/\/ifdc10-juj.infd.edu.ar\/sitio\/wp-json\/wp\/v2\/media?parent=2173"}],"curies":[{"name":"wp","href":"https:\/\/api.w.org\/{rel}","templated":true}]}}