{"id":2160,"date":"2018-07-02T21:14:24","date_gmt":"2018-07-03T00:14:24","guid":{"rendered":"https:\/\/ifdc10-juj.infd.edu.ar\/sitio\/departamento-de-formacion-continua-y-desarrollo-profesional\/"},"modified":"2024-07-04T18:55:36","modified_gmt":"2024-07-04T21:55:36","slug":"departamento-de-formacion-continua-y-desarrollo-profesional","status":"publish","type":"page","link":"https:\/\/ifdc10-juj.infd.edu.ar\/sitio\/departamento-de-formacion-continua-y-desarrollo-profesional\/","title":{"rendered":"DEPARTAMENTO DE FORMACI\u00d3N CONTINUA Y DESARROLLO PROFESIONAL"},"content":{"rendered":"<h2 style=\"text-align: center;\"><a href=\"https:\/\/ifdc10-juj.infd.edu.ar\/sitio\/wp-content\/uploads\/2019\/10\/ISOLOGLO-2.-CAPACITA..png\"><img decoding=\"async\" loading=\"lazy\" class=\"wp-image-7517 alignleft\" src=\"https:\/\/ifdc10-juj.infd.edu.ar\/sitio\/wp-content\/uploads\/2020\/11\/logo-1000x1000.jpg\" alt=\"\" width=\"380\" height=\"380\" srcset=\"https:\/\/ifdc10-juj.infd.edu.ar\/sitio\/wp-content\/uploads\/2020\/11\/logo-1000x1000.jpg 1000w, https:\/\/ifdc10-juj.infd.edu.ar\/sitio\/wp-content\/uploads\/2020\/11\/logo-500x500.jpg 500w, https:\/\/ifdc10-juj.infd.edu.ar\/sitio\/wp-content\/uploads\/2020\/11\/logo-768x767.jpg 768w, https:\/\/ifdc10-juj.infd.edu.ar\/sitio\/wp-content\/uploads\/2020\/11\/logo.jpg 1031w\" sizes=\"(max-width: 380px) 100vw, 380px\" \/><\/a><\/h2>\n<h2>\u00a0<\/h2>\n<h2 style=\"text-align: center;\">DEPARTAMENTO DE FORMACI\u00d3N CONTINUA Y DESARROLLO PROFESIONAL.<\/h2>\n<p style=\"text-align: center;\"><strong>Coordinadora: Prof. NATALIA ROMERO<\/strong><\/p>\n<p style=\"text-align: center;\"><strong><a href=\"https:\/\/www.facebook.com\/desarrolloprofesional.IES10\/\">https:\/\/www.facebook.com\/desarrolloprofesional.IES10\/<\/a><\/strong><\/p>\n<p style=\"text-align: center;\">\u00a0E-mail: desarrolloprofesional.ies10@gmail.com<\/p>\n<p style=\"text-align: center;\"><strong><span data-mce-mark=\"1\"><a title=\"Home\" href=\"index.cgi\">VOLVER AL INICIO.<\/a> <\/span><\/strong><\/p>\n<h3 style=\"text-align: center;\"><div  class=\"lgc-column lgc-grid-parent lgc-grid-50 lgc-tablet-grid-50 lgc-mobile-grid-100 lgc-equal-heights \"><div  class=\"inside-grid-column\"><a href=\"https:\/\/promace.jujuy.edu.ar\/#\" target=\"_blank\" rel=\"noopener\">CURSOS PROMACE<\/a> (Con Resoluci\u00f3n Ministerial)<\/div><\/div><div  class=\"lgc-column lgc-grid-parent lgc-grid-50 lgc-tablet-grid-50 lgc-mobile-grid-100 lgc-equal-heights \"><div  class=\"inside-grid-column\"><a href=\"https:\/\/infod.educacion.gob.ar\/cursos\" target=\"_blank\" rel=\"noopener\">CURSOS INFOD<\/a> (Acciones de capacitaci\u00f3n todo el a\u00f1o)<\/div><\/div><\/h3>\n<p><img decoding=\"async\" loading=\"lazy\" class=\"wp-image-7512 alignleft\" src=\"https:\/\/ifdc10-juj.infd.edu.ar\/sitio\/wp-content\/uploads\/2020\/11\/FORM-DE-FORMADORES.jpeg\" alt=\"\" width=\"378\" height=\"323\" \/><\/p>\n<p>Se trata de una propuesta para quienes quieren formarse como capacitadores en \u00e1reas curriculares de nivel primario.<\/p>\n<p>La cursada ser\u00e1 virtual mientras duren las condiciones de aislamiento.<\/p>\n<p>Posteriormente, se realizar\u00e1n encuentros presenciales, seg\u00fan los protocolos.<\/p>\n<p>Nos encontramos inscribiendo. Si te interesa recibir mayor informaci\u00f3n comunicate al correo del Departamento.<\/p>\n<p><strong>Cupos limitados<\/strong><\/p>\n<p><img decoding=\"async\" loading=\"lazy\" class=\"wp-image-7510 alignleft\" src=\"https:\/\/ifdc10-juj.infd.edu.ar\/sitio\/wp-content\/uploads\/2020\/11\/EDUC-RURAL.jpeg\" alt=\"\" width=\"380\" height=\"323\" \/><\/p>\n<p style=\"text-align: left;\">Se trata de una propuesta especifica para profesores de educacion primaria, pensada para nuestros egresados.<\/p>\n<p>La cursada ser\u00e1 virtual y cuando las condiciones sanitarias lo permitan, se realizaran encuentros presenciales.<\/p>\n<p><strong>Cupos limitados<\/strong><\/p>\n<h3 style=\"text-align: center;\"><\/h3>\n<h3 style=\"text-align: center;\"><em><img decoding=\"async\" loading=\"lazy\" class=\"alignnone  wp-image-7565\" src=\"https:\/\/ifdc10-juj.infd.edu.ar\/sitio\/wp-content\/uploads\/2020\/11\/MEIByRURAL-Jueves-26-Nov-684x1000.jpg\" alt=\"\" width=\"346\" height=\"506\" srcset=\"https:\/\/ifdc10-juj.infd.edu.ar\/sitio\/wp-content\/uploads\/2020\/11\/MEIByRURAL-Jueves-26-Nov-684x1000.jpg 684w, https:\/\/ifdc10-juj.infd.edu.ar\/sitio\/wp-content\/uploads\/2020\/11\/MEIByRURAL-Jueves-26-Nov-768x1123.jpg 768w, https:\/\/ifdc10-juj.infd.edu.ar\/sitio\/wp-content\/uploads\/2020\/11\/MEIByRURAL-Jueves-26-Nov.jpg 875w\" sizes=\"(max-width: 346px) 100vw, 346px\" \/><\/em><\/h3>\n<h3><img decoding=\"async\" loading=\"lazy\" class=\" wp-image-7566 aligncenter\" src=\"https:\/\/ifdc10-juj.infd.edu.ar\/sitio\/wp-content\/uploads\/2020\/11\/Entrevista-con-Noem\u00ed-Gregorio-707x1000.png\" alt=\"\" width=\"346\" height=\"490\" srcset=\"https:\/\/ifdc10-juj.infd.edu.ar\/sitio\/wp-content\/uploads\/2020\/11\/Entrevista-con-Noem\u00ed-Gregorio-707x1000.png 707w, https:\/\/ifdc10-juj.infd.edu.ar\/sitio\/wp-content\/uploads\/2020\/11\/Entrevista-con-Noem\u00ed-Gregorio-768x1086.png 768w, https:\/\/ifdc10-juj.infd.edu.ar\/sitio\/wp-content\/uploads\/2020\/11\/Entrevista-con-Noem\u00ed-Gregorio-1343x1900.png 1343w, https:\/\/ifdc10-juj.infd.edu.ar\/sitio\/wp-content\/uploads\/2020\/11\/Entrevista-con-Noem\u00ed-Gregorio.png 1414w\" sizes=\"(max-width: 346px) 100vw, 346px\" \/><\/h3>\n<h3><\/h3>\n<h3 style=\"text-align: center;\"><em>INICIAMOS EL CICLO DE ENTREVISTAS SOBRE EDUCACION RURAL:<\/em><img decoding=\"async\" loading=\"lazy\" class=\"wp-image-7558 aligncenter\" src=\"https:\/\/ifdc10-juj.infd.edu.ar\/sitio\/wp-content\/uploads\/2020\/11\/Pink-and-Purple-Campaign-Flyers-707x1000.png\" alt=\"\" width=\"346\" height=\"489\" srcset=\"https:\/\/ifdc10-juj.infd.edu.ar\/sitio\/wp-content\/uploads\/2020\/11\/Pink-and-Purple-Campaign-Flyers-707x1000.png 707w, https:\/\/ifdc10-juj.infd.edu.ar\/sitio\/wp-content\/uploads\/2020\/11\/Pink-and-Purple-Campaign-Flyers-768x1086.png 768w, https:\/\/ifdc10-juj.infd.edu.ar\/sitio\/wp-content\/uploads\/2020\/11\/Pink-and-Purple-Campaign-Flyers-1343x1900.png 1343w, https:\/\/ifdc10-juj.infd.edu.ar\/sitio\/wp-content\/uploads\/2020\/11\/Pink-and-Purple-Campaign-Flyers.png 1414w\" sizes=\"(max-width: 346px) 100vw, 346px\" \/><\/h3>\n","protected":false},"excerpt":{"rendered":"<p>\u00a0 DEPARTAMENTO DE FORMACI\u00d3N CONTINUA Y DESARROLLO PROFESIONAL. Coordinadora: Prof. NATALIA ROMERO https:\/\/www.facebook.com\/desarrolloprofesional.IES10\/ \u00a0E-mail: desarrolloprofesional.ies10@gmail.com VOLVER AL INICIO. Se trata de una propuesta para quienes quieren formarse como capacitadores en \u00e1reas curriculares de nivel primario. La cursada ser\u00e1 virtual mientras duren las condiciones de aislamiento. Posteriormente, se realizar\u00e1n encuentros presenciales, seg\u00fan los protocolos. Nos encontramos &#8230; <a title=\"DEPARTAMENTO DE FORMACI\u00d3N CONTINUA Y DESARROLLO PROFESIONAL\" class=\"read-more\" href=\"https:\/\/ifdc10-juj.infd.edu.ar\/sitio\/departamento-de-formacion-continua-y-desarrollo-profesional\/\" aria-label=\"More on DEPARTAMENTO DE FORMACI\u00d3N CONTINUA Y DESARROLLO PROFESIONAL\">[+]<\/a><\/p>\n","protected":false},"author":775,"featured_media":0,"parent":0,"menu_order":0,"comment_status":"closed","ping_status":"closed","template":"","meta":[],"acf":[],"_links":{"self":[{"href":"https:\/\/ifdc10-juj.infd.edu.ar\/sitio\/wp-json\/wp\/v2\/pages\/2160"}],"collection":[{"href":"https:\/\/ifdc10-juj.infd.edu.ar\/sitio\/wp-json\/wp\/v2\/pages"}],"about":[{"href":"https:\/\/ifdc10-juj.infd.edu.ar\/sitio\/wp-json\/wp\/v2\/types\/page"}],"author":[{"embeddable":true,"href":"https:\/\/ifdc10-juj.infd.edu.ar\/sitio\/wp-json\/wp\/v2\/users\/775"}],"replies":[{"embeddable":true,"href":"https:\/\/ifdc10-juj.infd.edu.ar\/sitio\/wp-json\/wp\/v2\/comments?post=2160"}],"version-history":[{"count":52,"href":"https:\/\/ifdc10-juj.infd.edu.ar\/sitio\/wp-json\/wp\/v2\/pages\/2160\/revisions"}],"predecessor-version":[{"id":10665,"href":"https:\/\/ifdc10-juj.infd.edu.ar\/sitio\/wp-json\/wp\/v2\/pages\/2160\/revisions\/10665"}],"wp:attachment":[{"href":"https:\/\/ifdc10-juj.infd.edu.ar\/sitio\/wp-json\/wp\/v2\/media?parent=2160"}],"curies":[{"name":"wp","href":"https:\/\/api.w.org\/{rel}","templated":true}]}}