{"id":2155,"date":"2018-07-02T21:14:21","date_gmt":"2018-07-03T00:14:21","guid":{"rendered":"https:\/\/ifdc10-juj.infd.edu.ar\/sitio\/carreras-en-el-ies-no10\/"},"modified":"2022-12-12T08:59:35","modified_gmt":"2022-12-12T11:59:35","slug":"https-ifdc10-juj-infd-edu-ar-sitio-requisitos-para-el-ingreso-https-ifdc10-juj-infd-edu-ar-sitio-carreras-en-el-ies-no10","status":"publish","type":"page","link":"https:\/\/ifdc10-juj.infd.edu.ar\/sitio\/https-ifdc10-juj-infd-edu-ar-sitio-requisitos-para-el-ingreso-https-ifdc10-juj-infd-edu-ar-sitio-carreras-en-el-ies-no10\/","title":{"rendered":"TODAS LAS CARRERAS DEL IES N\u00ba10 EN LAS 5 SEDES"},"content":{"rendered":"<div id=\"generate-section-1\" class=\"generate-sections-container\">\n<div class=\"grid-container grid-parent generate-sections-inside-container\">\n<h3>OFERTAS EDUCATIVAS periodo 2023<\/h3>\n<p><img decoding=\"async\" loading=\"lazy\" class=\"size-full wp-image-9845 aligncenter\" src=\"https:\/\/ifdc10-juj.infd.edu.ar\/sitio\/wp-content\/uploads\/2022\/11\/carreras-23-1.png\" alt=\"\" width=\"912\" height=\"520\" srcset=\"https:\/\/ifdc10-juj.infd.edu.ar\/sitio\/wp-content\/uploads\/2022\/11\/carreras-23-1.png 912w, https:\/\/ifdc10-juj.infd.edu.ar\/sitio\/wp-content\/uploads\/2022\/11\/carreras-23-1-768x438.png 768w\" sizes=\"(max-width: 912px) 100vw, 912px\" \/><\/p>\n<h4><strong>ATENCI\u00d3N!!!!:<\/strong><\/h4>\n<ul>\n<li><strong>TECNICATURA SUP. EN TECNOLOGIA DE LOS ALIMENTOS (PRE INSC. EN AGOSTO 2022) (Finalizado)<\/strong><\/li>\n<li><strong>TECNICATURA SUP.\u00a0 EN DISE\u00d1O DE INDUMENTARIA REGIONAL (PRE INSC. EN AGOSTO 2022)(Finalizado)<\/strong><\/li>\n<li><strong>TECNICTURA SUP. EN COCINA REGIONAL (<\/strong><strong><strong>PRE-INSC. EN AGOSTO 2022)(Finalizado)<\/strong><\/strong><br \/>\n<hr \/>\n<\/li>\n<\/ul>\n<p>&nbsp;<\/p>\n<\/div>\n<\/div>\n<div id=\"generate-section-3\" class=\"generate-sections-container\">\n<div class=\"grid-container grid-parent generate-sections-inside-container\">\n<h2><strong>OFERTA EDUCATIVA DEL IES N\u00ba10 \u2013 En curso- INFORMACI\u00d3N DE CARRERAS (Click sobre cada carrera para mas informaci\u00f3n)<\/strong><\/h2>\n<div class=\"lgc-column lgc-grid-parent lgc-grid-50 lgc-tablet-grid-50 lgc-mobile-grid-100 lgc-equal-heights lgc-first\">\n<div class=\"inside-grid-column\">\n<h4>CARRERAS DE PROFESORADO (Cuatro a\u00f1os de estudios)<\/h4>\n<ul>\n<li>\n<h5><a title=\"PROF. DE MATEM\u00c1TICA. Egb3 y Polim.\" href=\"https:\/\/ifdc10-juj.infd.edu.ar\/sitio\/prof-de-matematica\/\">Profesorado de Educaci\u00f3n secundaria en MATEM\u00c1TICA. Esc. Normal. Turno Vespertino \u2013<\/a><\/h5>\n<\/li>\n<li>\n<h5><a title=\"CARRERA DE INGL\u00c9S.\" href=\"https:\/\/ifdc10-juj.infd.edu.ar\/sitio\/profesorado-de-ingles\/\">Profesorado de INGL\u00c9S. Esc. Normal. Turno Tarde-\u00a0<\/a><\/h5>\n<\/li>\n<li>\n<h5><a title=\"PROF. EN QU\u00cdMICA egb3 y Polim.\" href=\"https:\/\/ifdc10-juj.infd.edu.ar\/sitio\/prof-en-quimica\/\">Profesorado de Educacion secundaria en QU\u00cdMICA. Esc. Normal. Turno Vesperino-<\/a><\/h5>\n<\/li>\n<li>\n<h5><a href=\"https:\/\/ifdc10-juj.infd.edu.ar\/sitio\/prof-en-cs-de-la-administracion\/\">Profesorado de Educaci\u00f3n Secundaria en Ciencias de la Administraci\u00f3n. Esc. Prov. N\u00b04 turno vespertino-reapertura de matr\u00edcula<\/a><\/h5>\n<\/li>\n<li>\n<h5><a href=\"https:\/\/ifdc10-juj.infd.edu.ar\/sitio\/profesorado-de-educacion-secundaria-en-historia\/\">Profesorado de Educaci\u00f3n secundaria en Historia. Fraile Pintado. Turno Vespertino.<\/a><\/h5>\n<\/li>\n<li>\n<h5><a href=\"https:\/\/ifdc10-juj.infd.edu.ar\/sitio\/profesorado-de-educacion-primaria-con-orientacion-en-educacion-rural\/\">Prof. de Educaci\u00f3n Primaria con orientaci\u00f3n en Educaci\u00f3n Rural. Escuela Normal. Turno Tarde.<\/a><\/h5>\n<\/li>\n<li>\n<h5><a href=\"https:\/\/ifdc10-juj.infd.edu.ar\/sitio\/prof-de-educacion-especial-con-orienacion-en-ciegos-y-disminuidos-visuales\/\">Profesorado de Educaci\u00f3n Especial con orientaci\u00f3n en Ciegos y Disminuidos Visuales. Esc. Normal. Turno Tarde<\/a><\/h5>\n<\/li>\n<li>\n<h5><a href=\"https:\/\/ifdc10-juj.infd.edu.ar\/sitio\/profesorado-de-educacion-especial-con-orientacion-en-discapacidad-neuro-motora\/\">Profesorado de Educaci\u00f3n Especial con orientaci\u00f3n en Discapacidad Neuro Motora. Esc. Normal. Turno Tarde<\/a><\/h5>\n<\/li>\n<li>\n<h5><a href=\"https:\/\/ifdc10-juj.infd.edu.ar\/sitio\/prof-de-educacion-superior-en-ciencias-de-la-educacion\/\">Profesorado de Educaci\u00f3n Superior en Ciencias de la Educaci\u00f3n. Esc. Normal. Turno Tarde-2020- (5 A\u00d1OS DE ESTUDIO.<\/a><\/h5>\n<\/li>\n<\/ul>\n<\/div>\n<\/div>\n<div class=\"lgc-column lgc-grid-parent lgc-grid-50 lgc-tablet-grid-50 lgc-mobile-grid-100 lgc-equal-heights lgc-last\">\n<div class=\"inside-grid-column\">\n<h4>TECNICATURAS SUPERIORES<\/h4>\n<h6>La pre inscripci\u00f3n para las carreras de formaci\u00f3n t\u00e9cnica est\u00e1 sujeta a la\u00a0aprobaci\u00f3n por parte del Ministerio de Educaci\u00f3n, de las propuestas que se elevaron para el ciclo\u00a0lectivo 2022. Oportunamente se informar\u00e1 de las fechas de pre inscripci\u00f3n.<\/h6>\n<ul>\n<li>\n<h5><a href=\"https:\/\/ifdc10-juj.infd.edu.ar\/sitio\/tecnicatura-sup-entrenamiento-deportivo\/\" target=\"_blank\" rel=\"noopener\"><strong>Tecnicatura Superior en Entrenamiento Deportivo (Nueva Oferta 2022)<\/strong><\/a><\/h5>\n<\/li>\n<li>\n<h5><strong><a href=\"https:\/\/ifdc10-juj.infd.edu.ar\/sitio\/tecnicatura-agente-sanitario\/\" target=\"_blank\" rel=\"noopener\">Tecnicatura Superior en Agente Sanitario (Nueva Oferta 2022)<\/a><br \/><\/strong><\/h5>\n<\/li>\n<li>\n<h5><a href=\"https:\/\/ifdc10-juj.infd.edu.ar\/sitio\/tec-sup-agronomia\/\" target=\"_blank\" rel=\"noopener\">Tecnicatura Superior en gesti\u00f3n y producci\u00f3n agropecuaria con orientaci\u00f3n en conservaci\u00f3n de suelos y manejos de recursos h\u00eddricos. F.Pintado<\/a><\/h5>\n<\/li>\n<li>\n<h5><a href=\"https:\/\/ifdc10-juj.infd.edu.ar\/sitio\/tec-sup-en-adm-de-empresas\/\">Tecnicatura Superior en Administraci\u00f3n de Empresas con orientaci\u00f3n en Comercializaci\u00f3n. Fraile Pintado<\/a><\/h5>\n<\/li>\n<li>\n<h5><a href=\"https:\/\/ifdc10-juj.infd.edu.ar\/sitio\/tecnicatura-superior-en-gastronomia-regional-y-cultura-alimentaria\/\">Tecnicatura Superior en Cocina Regional y Cultura Alimentaria. (Inicia y pre inscribe en Agosto )<\/a><\/h5>\n<\/li>\n<li>\n<h5><a href=\"https:\/\/ifdc10-juj.infd.edu.ar\/sitio\/tec-sup-en-diseno-de-indumentaria\/\">Tecnicatura Superior en Dise\u00f1o de Indumentaria Regional.\u00a0 (Inicia y pre inscribe en Agosto )<\/a><\/h5>\n<\/li>\n<li>\n<h5><a href=\"https:\/\/ifdc10-juj.infd.edu.ar\/sitio\/tec-sup-en-tecnologia-de-los-alimentos-2020\/\">Tec. Superior en Tecnolog\u00eda de los alimentos. YUTO. Turno Vespertino. (Inicia y pre inscribe en Agosto)<\/a><\/h5>\n<\/li>\n<\/ul>\n<h5><span style=\"font-size: 16px;\">CARRERAS SIN NUEVOS INGRESOS- SOLO MANTIENE CURSADO DE ALUMNOS YA INGRESADOS.-<\/span><\/h5>\n<\/div>\n<\/div>\n<\/div>\n<\/div>\n<div id=\"generate-section-4\" class=\"generate-sections-container\">\n<div class=\"grid-container grid-parent generate-sections-inside-container\">\n<ul>\n<li>\n<h5><a href=\"https:\/\/ifdc10-juj.infd.edu.ar\/sitio\/?page_id=3785&amp;preview=true\">Tecnicatura Superior en Higiene y seguridad Laboral. Sede Fraile Pintado<\/a>.<\/h5>\n<\/li>\n<li>\n<h5><a href=\"https:\/\/ifdc10-juj.infd.edu.ar\/sitio\/tecnicatura-superior-en-laboratorio-de-analisis-clinico\/\">Tec. Sup. en Laboratorio de an\u00e1lisis cl\u00ednicos. Esc. Normal. L.G.S.M. Turno Tarde.( Inicia Agosto)<\/a><\/h5>\n<\/li>\n<li>\n<h5><a href=\"https:\/\/ifdc10-juj.infd.edu.ar\/sitio\/tec-sup-en-desarrollo-de-software\/\">Tecnicatura superior en desarrollo de software. F. Pintado. Turno Vespertino<\/a><\/h5>\n<\/li>\n<\/ul>\n<\/div>\n<\/div>\n","protected":false},"excerpt":{"rendered":"<p>OFERTAS EDUCATIVAS periodo 2023 ATENCI\u00d3N!!!!: TECNICATURA SUP. EN TECNOLOGIA DE LOS ALIMENTOS (PRE INSC. EN AGOSTO 2022) (Finalizado) TECNICATURA SUP.\u00a0 EN DISE\u00d1O DE INDUMENTARIA REGIONAL (PRE INSC. EN AGOSTO 2022)(Finalizado) TECNICTURA SUP. EN COCINA REGIONAL (PRE-INSC. EN AGOSTO 2022)(Finalizado) &nbsp; OFERTA EDUCATIVA DEL IES N\u00ba10 \u2013 En curso- INFORMACI\u00d3N DE CARRERAS (Click sobre cada carrera &#8230; <a title=\"TODAS LAS CARRERAS DEL IES N\u00ba10 EN LAS 5 SEDES\" class=\"read-more\" href=\"https:\/\/ifdc10-juj.infd.edu.ar\/sitio\/https-ifdc10-juj-infd-edu-ar-sitio-requisitos-para-el-ingreso-https-ifdc10-juj-infd-edu-ar-sitio-carreras-en-el-ies-no10\/\" aria-label=\"More on TODAS LAS CARRERAS DEL IES N\u00ba10 EN LAS 5 SEDES\">[+]<\/a><\/p>\n","protected":false},"author":775,"featured_media":0,"parent":0,"menu_order":0,"comment_status":"closed","ping_status":"closed","template":"","meta":[],"acf":[],"_links":{"self":[{"href":"https:\/\/ifdc10-juj.infd.edu.ar\/sitio\/wp-json\/wp\/v2\/pages\/2155"}],"collection":[{"href":"https:\/\/ifdc10-juj.infd.edu.ar\/sitio\/wp-json\/wp\/v2\/pages"}],"about":[{"href":"https:\/\/ifdc10-juj.infd.edu.ar\/sitio\/wp-json\/wp\/v2\/types\/page"}],"author":[{"embeddable":true,"href":"https:\/\/ifdc10-juj.infd.edu.ar\/sitio\/wp-json\/wp\/v2\/users\/775"}],"replies":[{"embeddable":true,"href":"https:\/\/ifdc10-juj.infd.edu.ar\/sitio\/wp-json\/wp\/v2\/comments?post=2155"}],"version-history":[{"count":82,"href":"https:\/\/ifdc10-juj.infd.edu.ar\/sitio\/wp-json\/wp\/v2\/pages\/2155\/revisions"}],"predecessor-version":[{"id":9897,"href":"https:\/\/ifdc10-juj.infd.edu.ar\/sitio\/wp-json\/wp\/v2\/pages\/2155\/revisions\/9897"}],"wp:attachment":[{"href":"https:\/\/ifdc10-juj.infd.edu.ar\/sitio\/wp-json\/wp\/v2\/media?parent=2155"}],"curies":[{"name":"wp","href":"https:\/\/api.w.org\/{rel}","templated":true}]}}