{"id":2147,"date":"2018-07-02T21:14:18","date_gmt":"2018-07-03T00:14:18","guid":{"rendered":"https:\/\/ifdc10-juj.infd.edu.ar\/sitio\/nuestro-instituto\/"},"modified":"2025-03-27T20:40:14","modified_gmt":"2025-03-27T23:40:14","slug":"nuestro-instituto","status":"publish","type":"page","link":"https:\/\/ifdc10-juj.infd.edu.ar\/sitio\/nuestro-instituto\/","title":{"rendered":"NUESTRO INSTITUTO"},"content":{"rendered":"<h2 style=\"text-align: center;\"><span style=\"color: #ff0000;\"><strong><span style=\"color: #ffff00;\"><span style=\"color: #ffffff;\">NUESTRO INSTITUTO. AUTORIDADES. ESTRUCTURA. DATOS INSTITUCIONALES. DOCENTES. HISTORIA INSTITUCIONAL.<\/span><a href=\"https:\/\/ifdc10-juj.infd.edu.ar\/sitio\/wp-content\/uploads\/2018\/07\/Nueva_imagen_34.png\"><img decoding=\"async\" loading=\"lazy\" class=\"aligncenter\" title=\"MAPA SATELITAL DE LIBERTADOR\" src=\"https:\/\/ifdc10-juj.infd.edu.ar\/sitio\/wp-content\/uploads\/2018\/07\/Nueva_imagen_34.png\" alt=\"MAPA SATELITAL DE LIBERTADOR\" width=\"332\" height=\"249\" border=\"0\" \/><\/a><\/span><\/strong><\/span><\/h2>\n<p style=\"text-align: center;\"><span style=\"color: #ffffff;\"><strong>El Instituto <\/strong><strong>de Educaci\u00f3n Superior<\/strong><strong> N\u00ba10 es una Instituci\u00f3n Educativa de Nivel Superior que depende del Nivel Superior de la Provincia y<\/strong><strong> del Instituto Nacional de Formaci\u00f3n Docente (INFD) del Ministerio de Educaci\u00f3n de la Naci\u00f3n. Es una Instituci\u00f3n de gesti\u00f3n P\u00fablica. La sede del funcionamiento de la Rector\u00eda se encuentra en la Ciudad de Libertador General San Mart\u00edn, Departamento de Ledesma, Pcia. de Jujuy, en la regi\u00f3n geogr\u00e1fica de las Yungas Juje\u00f1as. El Instituto tiene 5 sedes. <\/strong><\/span><\/p>\n<ul>\n<li><span style=\"color: #ccffcc;\"><strong><a style=\"color: #ccffcc;\" title=\"AUTORIDADES\" href=\"index.cgi?wid_seccion=17\">AUTORIDADES DEL IES N\u00ba10- <\/a><\/strong><\/span><\/li>\n<li><span style=\"color: #ccffcc;\"><strong><a style=\"color: #ccffcc;\" title=\"Estructura Organizacional. Consejo Directivo\" href=\"index.cgi?wid_item=21&amp;wid_seccion=1\">ESTRUCTURA ORGANIZACIONAL\u00a0\u00a0<\/a><\/strong><\/span><\/li>\n<li><span style=\"color: #ccffcc;\"><strong><a style=\"color: #ccffcc;\" title=\"Datos institucionales\" href=\"index.cgi?wid_item=2&amp;wid_seccion=1\">DATOS INSTITUCIONALES <\/a><\/strong><\/span><\/li>\n<li><span style=\"color: #ccffcc;\"><strong><a style=\"color: #ccffcc;\" title=\"Docentes\" href=\"index.cgi?wid_item=3&amp;wid_seccion=1\">DOCENTES DEL INSTITUTO<\/a><\/strong><\/span><\/li>\n<li><span style=\"color: #ccffcc;\"><strong><a style=\"color: #ccffcc;\" title=\"Historia\" href=\"index.cgi?wid_item=9&amp;wid_seccion=1\">HISTORIA DE LA INSTITUCI\u00d3N<\/a><\/strong><\/span><\/li>\n<\/ul>\n<p><span style=\"color: #ffff00;\"><div  class=\"lgc-column lgc-grid-parent lgc-grid-20 lgc-tablet-grid-50 lgc-mobile-grid-100 lgc-equal-heights \"><div  class=\"inside-grid-column\"><a style=\"color: #ffff00;\" href=\"https:\/\/ifdc10-juj.infd.edu.ar\/sitio\/wp-content\/uploads\/2019\/04\/Nueva-imagen-26.png\"><img decoding=\"async\" loading=\"lazy\" class=\"wp-image-4015 \" src=\"https:\/\/ifdc10-juj.infd.edu.ar\/sitio\/wp-content\/uploads\/2019\/04\/Nueva-imagen-26.png\" alt=\"\" width=\"310\" height=\"233\" \/><\/a> <span style=\"color: #ccffcc;\"><strong>Sede L.G.S.M Esc. Prov. Com.n\u00ba5. YUTO<\/strong>\u00a0 <\/span><\/div><\/div><\/span><\/span><span style=\"color: #ccffcc;\"> <div  class=\"lgc-column lgc-grid-parent lgc-grid-20 lgc-tablet-grid-50 lgc-mobile-grid-100 lgc-equal-heights \"><div  class=\"inside-grid-column\">\n<figure id=\"attachment_4012\" aria-describedby=\"caption-attachment-4012\" style=\"width: 353px\" class=\"wp-caption aligncenter\"><a style=\"color: #ffff00;\" href=\"https:\/\/ifdc10-juj.infd.edu.ar\/sitio\/wp-content\/uploads\/2019\/04\/Nueva-imagen-24.png\"><img decoding=\"async\" loading=\"lazy\" class=\"wp-image-4012\" src=\"https:\/\/ifdc10-juj.infd.edu.ar\/sitio\/wp-content\/uploads\/2019\/04\/Nueva-imagen-24.png\" alt=\"\" width=\"363\" height=\"273\" \/><\/a><figcaption id=\"caption-attachment-4012\" class=\"wp-caption-text\"><span style=\"color: #ccffcc;\"><strong>SedeL.G.S.M Escuela Normal. L.G.S.M<\/strong><\/span><\/figcaption><\/figure>\n<p><span style=\"color: #ccffcc;\"><\/span><\/p><\/div><\/div> <div  class=\"lgc-column lgc-grid-parent lgc-grid-20 lgc-tablet-grid-50 lgc-mobile-grid-100 lgc-equal-heights \"><div  class=\"inside-grid-column\">\n<figure id=\"attachment_4011\" aria-describedby=\"caption-attachment-4011\" style=\"width: 327px\" class=\"wp-caption aligncenter\"><a style=\"color: #ffff00;\" href=\"https:\/\/ifdc10-juj.infd.edu.ar\/sitio\/wp-content\/uploads\/2019\/04\/Nueva-imagen-23.png\"><img decoding=\"async\" loading=\"lazy\" class=\"wp-image-4011 \" src=\"https:\/\/ifdc10-juj.infd.edu.ar\/sitio\/wp-content\/uploads\/2019\/04\/Nueva-imagen-23.png\" alt=\"\" width=\"337\" height=\"253\" \/><\/a><figcaption id=\"caption-attachment-4011\" class=\"wp-caption-text\"><span style=\"color: #ccffcc;\"><strong>Sede L.G.S.M. Esc. Prov. de Comercio N\u00ba 4.<\/strong><\/span><\/figcaption><\/figure>\n<p><span style=\"color: #ccffcc;\"><\/span><\/p><\/div><\/div> <\/span><span style=\"color: #ffff00;\"><span style=\"color: #ccffcc;\"><div  class=\"lgc-column lgc-grid-parent lgc-grid-20 lgc-tablet-grid-50 lgc-mobile-grid-100 lgc-equal-heights \"><div  class=\"inside-grid-column\"><a style=\"color: #ffff00;\" href=\"https:\/\/ifdc10-juj.infd.edu.ar\/sitio\/wp-content\/uploads\/2019\/04\/Nueva-imagen-25.png\"><img decoding=\"async\" loading=\"lazy\" class=\"wp-image-4013 aligncenter\" src=\"https:\/\/ifdc10-juj.infd.edu.ar\/sitio\/wp-content\/uploads\/2019\/04\/Nueva-imagen-25.png\" alt=\"\" width=\"311\" height=\"234\" \/><\/a><span style=\"color: #ccffcc;\"><strong>Sede Esc. N\u00ba123. Fraile<\/strong> <strong>Pintado<\/strong><\/span><\/div><\/div><div  class=\"lgc-column lgc-grid-parent lgc-grid-20 lgc-tablet-grid-50 lgc-mobile-grid-100 lgc-equal-heights \"><div  class=\"inside-grid-column\">\n<figure id=\"attachment_4982\" aria-describedby=\"caption-attachment-4982\" style=\"width: 329px\" class=\"wp-caption aligncenter\"><a style=\"color: #ffff00;\" href=\"https:\/\/ifdc10-juj.infd.edu.ar\/sitio\/wp-content\/uploads\/2019\/10\/SEDE-CALILEGUA.png\"><img decoding=\"async\" loading=\"lazy\" class=\" wp-image-4982\" src=\"https:\/\/ifdc10-juj.infd.edu.ar\/sitio\/wp-content\/uploads\/2019\/10\/SEDE-CALILEGUA.png\" alt=\"\" width=\"339\" height=\"254\" \/><\/a><figcaption id=\"caption-attachment-4982\" class=\"wp-caption-text\"><span style=\"color: #ffff00;\"><strong>Sede Calilegua. Bach. N\u00b07 Calilegua<\/strong><\/span><\/figcaption><\/figure>\n<p><span style=\"color: #ffff00;\"><\/span><\/p><\/div><\/div><\/span><\/p>\n<p style=\"text-align: center;\"><span style=\"color: #ffff00;\"><strong><a style=\"color: #ffff00;\" title=\"Home\" href=\"index.cgi\">VOLVER AL INICIO<\/a><\/strong><\/span><\/p>\n<p><strong><img decoding=\"async\" loading=\"lazy\" class=\"alignleft\" title=\"SEDE NORMAL\" src=\"https:\/\/ifdc10-juj.infd.edu.ar\/sitio\/wp-content\/uploads\/2018\/07\/NORMAL_SI_1.jpg\" alt=\"SEDE NORMAL\" width=\"880\" height=\"315\" border=\"0\" \/><a title=\"SEDE FRAILE PINTADO\" href=\"upload\/img\/Nueva%20imagen%20%2825%29.png\" target=\"_blank\" rel=\"noopener\"><img decoding=\"async\" loading=\"lazy\" class=\"alignleft\" title=\"F\" src=\"https:\/\/ifdc10-juj.infd.edu.ar\/sitio\/wp-content\/uploads\/2018\/07\/sede_FP.jpg\" alt=\"F\" width=\"594\" height=\"312\" border=\"0\" \/><\/a><\/strong><\/p>\n","protected":false},"excerpt":{"rendered":"<p>NUESTRO INSTITUTO. AUTORIDADES. ESTRUCTURA. DATOS INSTITUCIONALES. DOCENTES. HISTORIA INSTITUCIONAL. El Instituto de Educaci\u00f3n Superior N\u00ba10 es una Instituci\u00f3n Educativa de Nivel Superior que depende del Nivel Superior de la Provincia y del Instituto Nacional de Formaci\u00f3n Docente (INFD) del Ministerio de Educaci\u00f3n de la Naci\u00f3n. Es una Instituci\u00f3n de gesti\u00f3n P\u00fablica. La sede del funcionamiento &#8230; <a title=\"NUESTRO INSTITUTO\" class=\"read-more\" href=\"https:\/\/ifdc10-juj.infd.edu.ar\/sitio\/nuestro-instituto\/\" aria-label=\"More on NUESTRO INSTITUTO\">[+]<\/a><\/p>\n","protected":false},"author":775,"featured_media":0,"parent":0,"menu_order":0,"comment_status":"closed","ping_status":"closed","template":"","meta":[],"acf":[],"_links":{"self":[{"href":"https:\/\/ifdc10-juj.infd.edu.ar\/sitio\/wp-json\/wp\/v2\/pages\/2147"}],"collection":[{"href":"https:\/\/ifdc10-juj.infd.edu.ar\/sitio\/wp-json\/wp\/v2\/pages"}],"about":[{"href":"https:\/\/ifdc10-juj.infd.edu.ar\/sitio\/wp-json\/wp\/v2\/types\/page"}],"author":[{"embeddable":true,"href":"https:\/\/ifdc10-juj.infd.edu.ar\/sitio\/wp-json\/wp\/v2\/users\/775"}],"replies":[{"embeddable":true,"href":"https:\/\/ifdc10-juj.infd.edu.ar\/sitio\/wp-json\/wp\/v2\/comments?post=2147"}],"version-history":[{"count":55,"href":"https:\/\/ifdc10-juj.infd.edu.ar\/sitio\/wp-json\/wp\/v2\/pages\/2147\/revisions"}],"predecessor-version":[{"id":10861,"href":"https:\/\/ifdc10-juj.infd.edu.ar\/sitio\/wp-json\/wp\/v2\/pages\/2147\/revisions\/10861"}],"wp:attachment":[{"href":"https:\/\/ifdc10-juj.infd.edu.ar\/sitio\/wp-json\/wp\/v2\/media?parent=2147"}],"curies":[{"name":"wp","href":"https:\/\/api.w.org\/{rel}","templated":true}]}}